{"id":891,"date":"2020-04-17T06:13:52","date_gmt":"2020-04-17T06:13:52","guid":{"rendered":"https:\/\/zimllc.wpengine.com\/?page_id=891"},"modified":"2024-08-27T18:55:39","modified_gmt":"2024-08-27T18:55:39","slug":"ready-to-press-powder","status":"publish","type":"page","link":"https:\/\/zim-llc.com\/vi\/powders\/ready-to-press-powder\/","title":{"rendered":"S\u1eb5n s\u00e0ng \u0111\u1ec3 \u00e9p b\u1ed9t"},"content":{"rendered":"<div class=\"fusion-fullwidth fullwidth-box fusion-builder-row-1 fusion-flex-container has-pattern-background has-mask-background nonhundred-percent-fullwidth non-hundred-percent-height-scrolling\" style=\"--awb-border-radius-top-left:0px;--awb-border-radius-top-right:0px;--awb-border-radius-bottom-right:0px;--awb-border-radius-bottom-left:0px;--awb-padding-right:0px;--awb-background-image:linear-gradient(180deg, #0000 0%,#0000 100%);--awb-flex-wrap:wrap;\" ><div class=\"fusion-builder-row fusion-row fusion-flex-align-items-flex-start fusion-flex-content-wrap\" style=\"max-width:1248px;margin-left: calc(-4% \/ 2 );margin-right: calc(-4% \/ 2 );\"><div class=\"fusion-layout-column fusion_builder_column fusion-builder-column-0 fusion_builder_column_2_3 2_3 fusion-flex-column\" style=\"--awb-bg-size:cover;--awb-width-large:66.6666666667%;--awb-margin-top-large:0px;--awb-spacing-right-large:2.88%;--awb-margin-bottom-large:0px;--awb-spacing-left-large:2.88%;--awb-width-medium:66.6666666667%;--awb-order-medium:0;--awb-spacing-right-medium:2.88%;--awb-spacing-left-medium:2.88%;--awb-width-small:100%;--awb-order-small:0;--awb-spacing-right-small:1.92%;--awb-spacing-left-small:1.92%;\" data-scroll-devices=\"small-visibility,medium-visibility,large-visibility\"><div class=\"fusion-column-wrapper fusion-column-has-shadow fusion-flex-justify-content-flex-start fusion-content-layout-column\"><div class=\"fusion-text fusion-text-1\"><h1>S\u1eb5n s\u00e0ng \u0111\u1ec3 \u00e9p b\u1ed9t<\/h1>\n<p>ZGCC s\u1eed d\u1ee5ng quy tr\u00ecnh s\u1ea3n xu\u1ea5t parafin pha t\u1ea1p ti\u00ean ti\u1ebfn nh\u1ea5t \u0111\u1ec3 s\u1ea3n xu\u1ea5t b\u1ed9t S\u1eb5n s\u00e0ng \u0111\u1ec3 \u00e9p (RTP) (ho\u1eb7c B\u1ed9t lo\u1ea1i cacbua xi m\u0103ng). B\u1ed9t RTP c\u00f3 kh\u1ea3 n\u0103ng ch\u1ea3y tuy\u1ec7t v\u1eddi \u0111\u1ec3 s\u1eed d\u1ee5ng l\u00e0m nguy\u00ean li\u1ec7u th\u00f4 \u0111\u1ec3 s\u1ea3n xu\u1ea5t c\u00e1c b\u1ed9 ph\u1eadn cacbua xi m\u0103ng. T\u1eeb n\u0103m 1967, ZGCC \u0111\u00e3 b\u1eaft \u0111\u1ea7u thi\u1ebft k\u1ebf v\u00e0 s\u1ea3n xu\u1ea5t theo y\u00eau c\u1ea7u b\u1ed9t s\u1eb5n c\u00f3 Cobalt v\u00e0 Niken l\u00e0m ch\u1ea5t k\u1ebft d\u00ednh b\u1eb1ng c\u00e1ch th\u00eam TiC, TaC v\u00e0 Ti \u0111\u1ec3 c\u00f3 \u0111\u01b0\u1ee3c hi\u1ec7u su\u1ea5t v\u01b0\u1ee3t tr\u1ed9i.<\/p>\n<p>Nh\u1edd c\u00f3 nhi\u1ec1u k\u00edch c\u1ee1 cacbua vonfram kh\u00e1c nhau, ch\u00fang t\u00f4i c\u00f3 th\u1ec3 s\u1ea3n xu\u1ea5t h\u00e0ng ch\u1ee5c lo\u1ea1i v\u1edbi k\u00edch c\u1ee1 h\u1ea1t v\u00e0 c\u00f4ng th\u1ee9c kh\u00e1c nhau. Hi\u1ec7n t\u1ea1i ch\u00fang t\u00f4i c\u00f3 b\u1ea3y d\u00f2ng s\u1ea3n ph\u1ea9m bao g\u1ed3m YG, YT, YW, ZP, ZM, ZK, ZN \u0111\u1ec3 b\u1ea1n l\u1ef1a ch\u1ecdn.<\/p>\n<p class=\"translation-block\">\u0110\u1ec3 bi\u1ebft th\u00eam chi ti\u1ebft, xin vui l\u00f2ng <strong><a href=\"https:\/\/zim-llc.com\/vi\/contact-us\/\" target=\"_self\">li\u00ean h\u1ec7 v\u1edbi ch\u00fang t\u00f4i<\/a><\/strong> ho\u1eb7c xem <a href=\"https:\/\/zim-llc.com\/vi\/resources\/\" target=\"_self\"><strong>danh m\u1ee5c c\u1ee7a ch\u00fang t\u00f4i.<\/strong><\/a><\/p>\n<p><strong>Quy tr\u00ecnh s\u1ea3n xu\u1ea5t:<br \/>\n<\/strong>phun v\u00e0 l\u00e0m kh\u00f4<\/p>\n<p><strong>C\u00f4ng su\u1ea5t h\u00e0ng n\u0103m:<br \/>\n<\/strong>4.000 t\u1ea5n\/n\u0103m<\/p>\n<p><strong>V\u1ebb b\u1ec1 ngo\u00e0i:<br \/>\n<\/strong>b\u1ed9t m\u00e0u x\u00e1m h\u1ea1t h\u00ecnh c\u1ea7u<\/p>\n<p><strong>K\u00edch c\u1ee1: <\/strong>-200mesh<\/p>\n<p><strong>\u1ee8ng d\u1ee5ng:<br \/>\n<\/strong>B\u1ed9t RTP c\u00f3 h\u00ecnh th\u00e1i h\u00ecnh c\u1ea7u tuy\u1ec7t v\u1eddi, kh\u1ea3 n\u0103ng ch\u1ea3y ho\u00e0n h\u1ea3o v\u00e0 \u0111\u1ed9 \u1ea9m c\u00f2n l\u1ea1i t\u1ed1i thi\u1ec3u. N\u00f3 l\u00e0 lo\u1ea1i b\u1ed9t l\u00fd t\u01b0\u1edfng \u0111\u1ec3 ch\u1ebf t\u1ea1o c\u00e1c b\u1ed9 ph\u1eadn cacbua xi m\u0103ng h\u1ea1ng nh\u1ea5t, ch\u1eb3ng h\u1ea1n nh\u01b0 d\u1ee5ng c\u1ee5 c\u1eaft nguy\u00ean kh\u1ed1i, b\u1ed9 ph\u1eadn cacbua ch\u00ednh x\u00e1c, b\u1ed9 ph\u1eadn m\u00e0i m\u00f2n v\u00e0 d\u1ee5ng c\u1ee5 h\u1ea1 c\u1ea5p.<\/p>\n<\/div><\/div><\/div><div class=\"fusion-layout-column fusion_builder_column fusion-builder-column-1 fusion_builder_column_1_4 1_4 fusion-flex-column\" style=\"--awb-bg-size:cover;--awb-width-large:25%;--awb-margin-top-large:0px;--awb-spacing-right-large:7.68%;--awb-margin-bottom-large:0px;--awb-spacing-left-large:7.68%;--awb-width-medium:25%;--awb-order-medium:0;--awb-spacing-right-medium:7.68%;--awb-spacing-left-medium:7.68%;--awb-width-small:100%;--awb-order-small:0;--awb-spacing-right-small:1.92%;--awb-spacing-left-small:1.92%;\" data-scroll-devices=\"small-visibility,medium-visibility,large-visibility\"><div class=\"fusion-column-wrapper fusion-column-has-shadow fusion-flex-justify-content-flex-start fusion-content-layout-column\"><div class=\"fusion-separator fusion-full-width-sep\" style=\"align-self: center;margin-left: auto;margin-right: auto;margin-bottom:20px;width:100%;\"><\/div><div class=\"fusion-text fusion-text-2\">\n\t\t<div id=\"wppdfemb-frame-container-0\" style=\"-webkit-overflow-scrolling:auto;\">\n\t\t\t<iframe src=\"https:\/\/zim-llc.com\/vi\/?url=https:\/\/zim-llc.com\/wp-content\/uploads\/2020\/07\/ZigongRTPpowder.pdf&#038;toolbarfixed=on&#038;index=1&#038;pdfID=0\"\n\t\t\t\tid=\"wppdf-emb-iframe-0\"\n\t\t\t\tdata-pdf-index=\"1\"\n\t\t\t\tclass=\"pdfembed-iframe nonfullscreen\"\n\t\t\t\tstyle=\"border:none;width:100%;max-width:250px;min-height:350px\"\n\t\t\t\tscrolling=\"yes\">\n\t\t\t<\/iframe>\n\t\t<\/div>\n\n\t\t\n<\/div><\/div><\/div><\/div><\/div>","protected":false},"excerpt":{"rendered":"","protected":false},"author":4,"featured_media":0,"parent":871,"menu_order":5,"comment_status":"closed","ping_status":"closed","template":"","meta":{"footnotes":""},"class_list":["post-891","page","type-page","status-publish","hentry"],"yoast_head":"<!-- This site is optimized with the Yoast SEO plugin v27.4 - https:\/\/yoast.com\/product\/yoast-seo-wordpress\/ -->\n<title>Ready to Press Powder - Zigong International Marketing, LLC<\/title>\n<meta name=\"description\" content=\"ZGCC uses the most advanced doping paraffine production process to produce the Ready To Press (RTP) powder (or Cemented Carbide Grade Powder)\" \/>\n<meta name=\"robots\" content=\"index, follow, max-snippet:-1, max-image-preview:large, max-video-preview:-1\" \/>\n<link rel=\"canonical\" href=\"http:\/\/zim-llc.com\/vi\/powders\/ready-to-press-powder\/\" \/>\n<meta property=\"og:locale\" content=\"vi_VN\" \/>\n<meta property=\"og:type\" content=\"article\" \/>\n<meta property=\"og:title\" content=\"Ready to Press Powder - Zigong International Marketing, LLC\" \/>\n<meta property=\"og:description\" content=\"ZGCC uses the most advanced doping paraffine production process to produce the Ready To Press (RTP) powder (or Cemented Carbide Grade Powder)\" \/>\n<meta property=\"og:url\" content=\"http:\/\/zim-llc.com\/vi\/powders\/ready-to-press-powder\/\" \/>\n<meta property=\"og:site_name\" content=\"Zigong International Marketing, LLC\" \/>\n<meta property=\"article:modified_time\" content=\"2024-08-27T18:55:39+00:00\" \/>\n<meta name=\"twitter:card\" content=\"summary_large_image\" \/>\n<meta name=\"twitter:label1\" content=\"\u01af\u1edbc t\u00ednh th\u1eddi gian \u0111\u1ecdc\" \/>\n\t<meta name=\"twitter:data1\" content=\"1 ph\u00fat\" \/>\n<script type=\"application\/ld+json\" class=\"yoast-schema-graph\">{\"@context\":\"https:\\\/\\\/schema.org\",\"@graph\":[{\"@type\":\"WebPage\",\"@id\":\"http:\\\/\\\/zim-llc.com\\\/lv\\\/powders\\\/ready-to-press-powder\\\/\",\"url\":\"http:\\\/\\\/zim-llc.com\\\/lv\\\/powders\\\/ready-to-press-powder\\\/\",\"name\":\"Ready to Press Powder - Zigong International Marketing, LLC\",\"isPartOf\":{\"@id\":\"http:\\\/\\\/zim-llc.com\\\/ta\\\/#website\"},\"datePublished\":\"2020-04-17T06:13:52+00:00\",\"dateModified\":\"2024-08-27T18:55:39+00:00\",\"description\":\"ZGCC uses the most advanced doping paraffine production process to produce the Ready To Press (RTP) powder (or Cemented Carbide Grade Powder)\",\"breadcrumb\":{\"@id\":\"http:\\\/\\\/zim-llc.com\\\/lv\\\/powders\\\/ready-to-press-powder\\\/#breadcrumb\"},\"inLanguage\":\"vi\",\"potentialAction\":[{\"@type\":\"ReadAction\",\"target\":[\"http:\\\/\\\/zim-llc.com\\\/lv\\\/powders\\\/ready-to-press-powder\\\/\"]}]},{\"@type\":\"BreadcrumbList\",\"@id\":\"http:\\\/\\\/zim-llc.com\\\/lv\\\/powders\\\/ready-to-press-powder\\\/#breadcrumb\",\"itemListElement\":[{\"@type\":\"ListItem\",\"position\":1,\"name\":\"Home\",\"item\":\"https:\\\/\\\/zim-llc.com\\\/en\\\/\"},{\"@type\":\"ListItem\",\"position\":2,\"name\":\"Powders\",\"item\":\"https:\\\/\\\/zim-llc.com\\\/en\\\/powders\\\/\"},{\"@type\":\"ListItem\",\"position\":3,\"name\":\"Ready to Press Powder\"}]},{\"@type\":\"WebSite\",\"@id\":\"http:\\\/\\\/zim-llc.com\\\/ta\\\/#website\",\"url\":\"http:\\\/\\\/zim-llc.com\\\/ta\\\/\",\"name\":\"Zigong International Marketing, LLC\",\"description\":\"\",\"publisher\":{\"@id\":\"http:\\\/\\\/zim-llc.com\\\/ta\\\/#organization\"},\"potentialAction\":[{\"@type\":\"SearchAction\",\"target\":{\"@type\":\"EntryPoint\",\"urlTemplate\":\"http:\\\/\\\/zim-llc.com\\\/ta\\\/?s={search_term_string}\"},\"query-input\":{\"@type\":\"PropertyValueSpecification\",\"valueRequired\":true,\"valueName\":\"search_term_string\"}}],\"inLanguage\":\"vi\"},{\"@type\":\"Organization\",\"@id\":\"http:\\\/\\\/zim-llc.com\\\/ta\\\/#organization\",\"name\":\"Zigong International Marketing LLC\",\"url\":\"http:\\\/\\\/zim-llc.com\\\/ta\\\/\",\"logo\":{\"@type\":\"ImageObject\",\"inLanguage\":\"vi\",\"@id\":\"http:\\\/\\\/zim-llc.com\\\/ta\\\/#\\\/schema\\\/logo\\\/image\\\/\",\"url\":\"https:\\\/\\\/zim-llc.com\\\/wp-content\\\/uploads\\\/2020\\\/06\\\/6-23-logo-c.jpg\",\"contentUrl\":\"https:\\\/\\\/zim-llc.com\\\/wp-content\\\/uploads\\\/2020\\\/06\\\/6-23-logo-c.jpg\",\"width\":201,\"height\":90,\"caption\":\"Zigong International Marketing LLC\"},\"image\":{\"@id\":\"http:\\\/\\\/zim-llc.com\\\/ta\\\/#\\\/schema\\\/logo\\\/image\\\/\"}}]}<\/script>\n<!-- \/ Yoast SEO plugin. -->","yoast_head_json":{"title":"Ready to Press Powder - Zigong International Marketing, LLC","description":"ZGCC uses the most advanced doping paraffine production process to produce the Ready To Press (RTP) powder (or Cemented Carbide Grade Powder)","robots":{"index":"index","follow":"follow","max-snippet":"max-snippet:-1","max-image-preview":"max-image-preview:large","max-video-preview":"max-video-preview:-1"},"canonical":"http:\/\/zim-llc.com\/vi\/powders\/ready-to-press-powder\/","og_locale":"vi_VN","og_type":"article","og_title":"Ready to Press Powder - Zigong International Marketing, LLC","og_description":"ZGCC uses the most advanced doping paraffine production process to produce the Ready To Press (RTP) powder (or Cemented Carbide Grade Powder)","og_url":"http:\/\/zim-llc.com\/vi\/powders\/ready-to-press-powder\/","og_site_name":"Zigong International Marketing, LLC","article_modified_time":"2024-08-27T18:55:39+00:00","twitter_card":"summary_large_image","twitter_misc":{"\u01af\u1edbc t\u00ednh th\u1eddi gian \u0111\u1ecdc":"1 ph\u00fat"},"schema":{"@context":"https:\/\/schema.org","@graph":[{"@type":"WebPage","@id":"http:\/\/zim-llc.com\/lv\/powders\/ready-to-press-powder\/","url":"http:\/\/zim-llc.com\/lv\/powders\/ready-to-press-powder\/","name":"Ready to Press Powder - Zigong International Marketing, LLC","isPartOf":{"@id":"http:\/\/zim-llc.com\/ta\/#website"},"datePublished":"2020-04-17T06:13:52+00:00","dateModified":"2024-08-27T18:55:39+00:00","description":"ZGCC uses the most advanced doping paraffine production process to produce the Ready To Press (RTP) powder (or Cemented Carbide Grade Powder)","breadcrumb":{"@id":"http:\/\/zim-llc.com\/lv\/powders\/ready-to-press-powder\/#breadcrumb"},"inLanguage":"vi","potentialAction":[{"@type":"ReadAction","target":["http:\/\/zim-llc.com\/lv\/powders\/ready-to-press-powder\/"]}]},{"@type":"BreadcrumbList","@id":"http:\/\/zim-llc.com\/lv\/powders\/ready-to-press-powder\/#breadcrumb","itemListElement":[{"@type":"ListItem","position":1,"name":"Home","item":"https:\/\/zim-llc.com\/en\/"},{"@type":"ListItem","position":2,"name":"Powders","item":"https:\/\/zim-llc.com\/en\/powders\/"},{"@type":"ListItem","position":3,"name":"Ready to Press Powder"}]},{"@type":"WebSite","@id":"http:\/\/zim-llc.com\/ta\/#website","url":"http:\/\/zim-llc.com\/ta\/","name":"Ti\u1ebfp th\u1ecb qu\u1ed1c t\u1ebf Zigong, LLC","description":"","publisher":{"@id":"http:\/\/zim-llc.com\/ta\/#organization"},"potentialAction":[{"@type":"SearchAction","target":{"@type":"EntryPoint","urlTemplate":"http:\/\/zim-llc.com\/ta\/?s={search_term_string}"},"query-input":{"@type":"PropertyValueSpecification","valueRequired":true,"valueName":"search_term_string"}}],"inLanguage":"vi"},{"@type":"Organization","@id":"http:\/\/zim-llc.com\/ta\/#organization","name":"C\u00f4ng ty TNHH Ti\u1ebfp th\u1ecb Qu\u1ed1c t\u1ebf Zigong","url":"http:\/\/zim-llc.com\/ta\/","logo":{"@type":"ImageObject","inLanguage":"vi","@id":"http:\/\/zim-llc.com\/ta\/#\/schema\/logo\/image\/","url":"https:\/\/zim-llc.com\/wp-content\/uploads\/2020\/06\/6-23-logo-c.jpg","contentUrl":"https:\/\/zim-llc.com\/wp-content\/uploads\/2020\/06\/6-23-logo-c.jpg","width":201,"height":90,"caption":"Zigong International Marketing LLC"},"image":{"@id":"http:\/\/zim-llc.com\/ta\/#\/schema\/logo\/image\/"}}]}},"_links":{"self":[{"href":"https:\/\/zim-llc.com\/vi\/wp-json\/wp\/v2\/pages\/891","targetHints":{"allow":["GET"]}}],"collection":[{"href":"https:\/\/zim-llc.com\/vi\/wp-json\/wp\/v2\/pages"}],"about":[{"href":"https:\/\/zim-llc.com\/vi\/wp-json\/wp\/v2\/types\/page"}],"author":[{"embeddable":true,"href":"https:\/\/zim-llc.com\/vi\/wp-json\/wp\/v2\/users\/4"}],"replies":[{"embeddable":true,"href":"https:\/\/zim-llc.com\/vi\/wp-json\/wp\/v2\/comments?post=891"}],"version-history":[{"count":0,"href":"https:\/\/zim-llc.com\/vi\/wp-json\/wp\/v2\/pages\/891\/revisions"}],"up":[{"embeddable":true,"href":"https:\/\/zim-llc.com\/vi\/wp-json\/wp\/v2\/pages\/871"}],"wp:attachment":[{"href":"https:\/\/zim-llc.com\/vi\/wp-json\/wp\/v2\/media?parent=891"}],"curies":[{"name":"wp","href":"https:\/\/api.w.org\/{rel}","templated":true}]}}