{"id":4033,"date":"2022-12-16T01:54:17","date_gmt":"2022-12-16T01:54:17","guid":{"rendered":"https:\/\/zimllc.wpengine.com\/?page_id=4033"},"modified":"2024-05-13T19:09:12","modified_gmt":"2024-05-13T19:09:12","slug":"fecrmo-alloyed-wear-resistance-flux-cored-wire","status":"publish","type":"page","link":"https:\/\/zim-llc.com\/vi\/fecrmo-alloyed-wear-resistance-flux-cored-wire\/","title":{"rendered":"D\u00e2y l\u00f5i t\u1eeb th\u00f4ng ch\u1ed1ng m\u00e0i m\u00f2n h\u1ee3p kim FeCrMo"},"content":{"rendered":"<div class=\"fusion-fullwidth fullwidth-box fusion-builder-row-1 fusion-flex-container has-pattern-background has-mask-background nonhundred-percent-fullwidth non-hundred-percent-height-scrolling\" style=\"--awb-border-radius-top-left:0px;--awb-border-radius-top-right:0px;--awb-border-radius-bottom-right:0px;--awb-border-radius-bottom-left:0px;--awb-padding-left:60px;--awb-background-image:linear-gradient(180deg, #0000 0%,#0000 100%);--awb-flex-wrap:wrap;\" ><div class=\"fusion-builder-row fusion-row fusion-flex-align-items-flex-start fusion-flex-content-wrap\" style=\"max-width:1248px;margin-left: calc(-4% \/ 2 );margin-right: calc(-4% \/ 2 );\"><div class=\"fusion-layout-column fusion_builder_column fusion-builder-column-0 fusion_builder_column_3_4 3_4 fusion-flex-column\" style=\"--awb-bg-size:cover;--awb-width-large:75%;--awb-margin-top-large:0px;--awb-spacing-right-large:2.56%;--awb-margin-bottom-large:0px;--awb-spacing-left-large:2.56%;--awb-width-medium:75%;--awb-spacing-right-medium:2.56%;--awb-spacing-left-medium:2.56%;--awb-width-small:100%;--awb-spacing-right-small:1.92%;--awb-spacing-left-small:1.92%;\"><div class=\"fusion-column-wrapper fusion-flex-justify-content-flex-start fusion-content-layout-column\"><div class=\"fusion-text fusion-text-1\"><p style=\"text-align: left;\"><a href=\"https:\/\/zim-llc.com\/vi\/hardfacing-materials\/welding-rod-wire-rope\/\">\u2190 Quay l\u1ea1i<\/a><\/p>\n<h2>D\u00e2y l\u00f5i t\u1eeb th\u00f4ng ch\u1ed1ng m\u00e0i m\u00f2n h\u1ee3p kim FeCrMo<\/h2>\n<ul>\n<li>C\u00e1c lo\u1ea1i b\u1ed9t h\u1ee3p kim g\u1ed1c s\u1eaft (nh\u01b0 Cr, Mo,\u2026) \u0111\u01b0\u1ee3c \u0111\u1ed5 v\u00e0o d\u1ea3i th\u00e9p sau \u0111\u00f3 \u0111\u01b0\u1ee3c u\u1ed1n v\u00e0 k\u00e9o th\u00e0nh c\u00e1c s\u1ee3i d\u00e2y h\u00e0n c\u00f3 \u0111\u01b0\u1eddng k\u00ednh kh\u00e1c nhau.<\/li>\n<li>Kim lo\u1ea1i l\u1eafng \u0111\u1ecdng l\u00e0 h\u1ee3p kim cr\u00f4m cao c\u00f3 \u0111\u1ed9 d\u1ebbo dai, ch\u1ed1ng n\u1ee9t, ch\u1ed1ng bong tr\u00f3c, ch\u1ecbu nhi\u1ec7t cao v\u00e0 ch\u1ed1ng m\u00e0i m\u00f2n cao sau khi \u0111\u00f4ng c\u1ee9ng. Ch\u1ea5t li\u1ec7u d\u1ec5 \u0111\u00e1nh b\u00f3ng v\u00e0 kh\u00f4ng th\u1ec3 gia c\u00f4ng.<\/li>\n<li>\u0110\u01b0\u1ee3c s\u1eed d\u1ee5ng \u0111\u1ec3 s\u1eeda ch\u1eefa v\u00e0 t\u00e1i ch\u1ebf c\u00e1c cu\u1ed9n m\u00e1y nghi\u1ec1n, c\u00e1nh tay g\u00f5, b\u00faa, cu\u1ed1c, c\u00e1nh qu\u1ea1t, c\u00e1nh qu\u1ea1t, t\u1ea5m ch\u1eafn, l\u1edbp l\u00f3t, v.v.<\/li>\n<\/ul>\n<p><span style=\"font-size: 11pt;\"><span style=\"font-family: 'Calibri',sans-serif;\"><strong>Th\u00e0nh ph\u1ea7n h\u00f3a h\u1ecdc <\/strong><\/span><\/span><\/p>\n<table class=\"MsoTableGrid\" style=\"border-collapse: collapse; border: none; width: 900px;\" cellspacing=\"0\">\n<tbody>\n<tr>\n<td style=\"background-color: #2f5496; height: 27px; width: 120px; border: 1px solid black;\">\n<p style=\"text-align: center;\"><span style=\"font-size: 11pt;\"><span style=\"font-family: 'Calibri',sans-serif;\"><strong><span style=\"color: white;\">C\u1ea5p<\/span><\/strong><\/span><\/span><\/p>\n<\/td>\n<td style=\"background-color: #2f5496; border-bottom: 1px solid black; border-left: none; border-right: 1px solid black; border-top: 1px solid black; height: 27px; width: 300px;\">\n<p style=\"text-align: center;\"><span style=\"font-size: 11pt;\"><span style=\"font-family: 'Calibri',sans-serif;\"><strong><span style=\"color: white;\">Giai \u0111o\u1ea1n c\u1ee9ng<\/span><\/strong><\/span><\/span><\/p>\n<\/td>\n<td style=\"background-color: #2f5496; border-bottom: 1px solid black; border-left: none; border-right: 1px solid black; border-top: 1px solid black; height: 27px; width: 204px;\">\n<p style=\"text-align: center;\"><span style=\"font-size: 11pt;\"><span style=\"font-family: 'Calibri',sans-serif;\"><strong><span style=\"color: white;\">B<\/span><\/strong><strong><span style=\"color: white;\">T\u00f4i<\/span><span style=\"color: white;\">v\u1eadt li\u1ec7u t\u00ecm ki\u1ebfm<\/span><\/strong><\/span><\/span><\/p>\n<\/td>\n<\/tr>\n<tr>\n<td style=\"border-bottom: 1px solid black; border-left: 1px solid black; border-right: 1px solid black; border-top: none; height: 26px; width: 120px;\">\n<p style=\"text-align: center;\"><span style=\"font-size: 11pt;\"><span style=\"font-family: 'Calibri',sans-serif;\"><strong>ZTC63<\/strong><\/span><\/span><\/p>\n<\/td>\n<td style=\"border-bottom: 1px solid black; border-left: none; border-right: 1px solid black; border-top: none; height: 26px; width: 300px;\">\n<p style=\"text-align: center;\"><span style=\"font-size: 11pt;\"><span style=\"font-family: 'Calibri',sans-serif;\"><strong>H\u1ee3p kim Chrome g\u1ed1c s\u1eaft <\/strong><\/span><\/span><\/p>\n<\/td>\n<td style=\"border-bottom: 1px solid black; border-left: none; border-right: 1px solid black; border-top: none; height: 26px; width: 204px;\">\n<p style=\"text-align: center;\"><span style=\"font-size: 11pt;\"><span style=\"font-family: 'Calibri',sans-serif;\"><strong>Th\u00e9p nh\u1eb9<\/strong><\/span><\/span><\/p>\n<\/td>\n<\/tr>\n<\/tbody>\n<\/table>\n<p><span style=\"font-size: 11pt;\"><span style=\"font-family: 'Calibri',sans-serif;\"><strong><br \/>\nS\u1ef1 ch\u1ec9 r\u00f5<\/strong><\/span><\/span><\/p>\n<table class=\"MsoTableGrid\" style=\"border-collapse: collapse; border: none; width: 900px;\" cellspacing=\"\">\n<tbody>\n<tr>\n<td style=\"background-color: #2f5496; vertical-align: top; width: 208px; border: 1px solid black;\">\n<p style=\"text-align: center;\"><span style=\"font-size: 11pt;\"><span style=\"font-family: 'Calibri',sans-serif;\"><strong><span style=\"color: white;\">C\u1ea5p<\/span><\/strong><\/span><\/span><\/p>\n<\/td>\n<td style=\"background-color: #2f5496; border-bottom: 1px solid black; border-left: none; border-right: 1px solid black; border-top: 1px solid black; vertical-align: top; width: 208px;\">\n<p style=\"text-align: center;\"><span style=\"font-size: 11pt;\"><span style=\"font-family: 'Calibri',sans-serif;\"><strong><span style=\"color: white;\">K\u00edch th\u01b0\u1edbc (mm)<\/span><\/strong><\/span><\/span><\/p>\n<\/td>\n<td style=\"background-color: #2f5496; border-bottom: 1px solid black; border-left: none; border-right: 1px solid black; border-top: 1px solid black; vertical-align: top; width: 208px;\">\n<p style=\"text-align: center;\"><span style=\"font-size: 11pt;\"><span style=\"font-family: 'Calibri',sans-serif;\"><strong><span style=\"color: white;\">\u0110\u1ed9 c\u1ee9ng l\u1edbp ph\u1ee7 (HRC)<\/span><\/strong><\/span><\/span><\/p>\n<\/td>\n<\/tr>\n<tr>\n<td style=\"border-bottom: 1px solid black; border-left: 1px solid black; border-right: 1px solid black; border-top: none; vertical-align: top; width: 208px;\">\n<p style=\"text-align: center;\"><span style=\"font-size: 11pt;\"><span style=\"font-family: 'Calibri',sans-serif;\"><strong>ZTC63A1<\/strong><\/span><\/span><\/p>\n<\/td>\n<td style=\"border-bottom: 1px solid black; border-left: none; border-right: 1px solid black; border-top: none; vertical-align: top; width: 208px;\">\n<p style=\"text-align: center;\"><span style=\"font-size: 11pt;\"><span style=\"font-family: 'Calibri',sans-serif;\"><strong>\u00d81.6<\/strong><\/span><\/span><\/p>\n<\/td>\n<td style=\"border-bottom: 1px solid black; border-left: none; border-right: 1px solid black; border-top: none; vertical-align: top; width: 208px;\">\n<p style=\"text-align: center;\"><span style=\"font-size: 11pt;\"><span style=\"font-family: 'Calibri',sans-serif;\"><strong>HRC <\/strong><strong>\u2265 55<\/strong><\/span><\/span><\/p>\n<\/td>\n<\/tr>\n<tr>\n<td style=\"border-bottom: 1px solid black; border-left: 1px solid black; border-right: 1px solid black; border-top: none; vertical-align: top; width: 208px;\">\n<p style=\"text-align: center;\"><span style=\"font-size: 11pt;\"><span style=\"font-family: 'Calibri',sans-serif;\"><strong>ZTC63A2<\/strong><\/span><\/span><\/p>\n<\/td>\n<td style=\"border-bottom: 1px solid black; border-left: none; border-right: 1px solid black; border-top: none; vertical-align: top; width: 208px;\">\n<p style=\"text-align: center;\"><span style=\"font-size: 11pt;\"><span style=\"font-family: 'Calibri',sans-serif;\"><strong>\u00d82.0<\/strong><\/span><\/span><\/p>\n<\/td>\n<td style=\"border-bottom: 1px solid black; border-left: none; border-right: 1px solid black; border-top: none; vertical-align: top; width: 208px;\">\n<p style=\"text-align: center;\"><span style=\"font-size: 11pt;\"><span style=\"font-family: 'Calibri',sans-serif;\"><strong>HRC <\/strong><strong>\u2265 55<\/strong><\/span><\/span><\/p>\n<\/td>\n<\/tr>\n<tr>\n<td style=\"border-bottom: 1px solid black; border-left: 1px solid black; border-right: 1px solid black; border-top: none; vertical-align: top; width: 208px;\">\n<p style=\"text-align: center;\"><span style=\"font-size: 11pt;\"><span style=\"font-family: 'Calibri',sans-serif;\"><strong>ZTC63A3<\/strong><\/span><\/span><\/p>\n<\/td>\n<td style=\"border-bottom: 1px solid black; border-left: none; border-right: 1px solid black; border-top: none; vertical-align: top; width: 208px;\">\n<p style=\"text-align: center;\"><span style=\"font-size: 11pt;\"><span style=\"font-family: 'Calibri',sans-serif;\"><strong>\u00d82.4<\/strong><\/span><\/span><\/p>\n<\/td>\n<td style=\"border-bottom: 1px solid black; border-left: none; border-right: 1px solid black; border-top: none; vertical-align: top; width: 208px;\">\n<p style=\"text-align: center;\"><span style=\"font-size: 11pt;\"><span style=\"font-family: 'Calibri',sans-serif;\"><strong>HRC <\/strong><strong>\u2265 55<\/strong><\/span><\/span><\/p>\n<\/td>\n<\/tr>\n<tr>\n<td style=\"border-bottom: 1px solid black; border-left: 1px solid black; border-right: 1px solid black; border-top: none; vertical-align: top; width: 208px;\">\n<p style=\"text-align: center;\"><span style=\"font-size: 11pt;\"><span style=\"font-family: 'Calibri',sans-serif;\"><strong>ZTC63A4<\/strong><\/span><\/span><\/p>\n<\/td>\n<td style=\"border-bottom: 1px solid black; border-left: none; border-right: 1px solid black; border-top: none; vertical-align: top; width: 208px;\">\n<p style=\"text-align: center;\"><span style=\"font-size: 11pt;\"><span style=\"font-family: 'Calibri',sans-serif;\"><strong>\u00d83.2<\/strong><\/span><\/span><\/p>\n<\/td>\n<td style=\"border-bottom: 1px solid black; border-left: none; border-right: 1px solid black; border-top: none; vertical-align: top; width: 208px;\">\n<p style=\"text-align: center;\"><span style=\"font-size: 11pt;\"><span style=\"font-family: 'Calibri',sans-serif;\"><strong>HRC <\/strong><strong>\u2265 55<\/strong><\/span><\/span><\/p>\n<\/td>\n<\/tr>\n<tr>\n<td style=\"border-bottom: 1px solid black; border-left: 1px solid black; border-right: 1px solid black; border-top: none; vertical-align: top; width: 208px;\">\n<p style=\"text-align: center;\"><span style=\"font-size: 11pt;\"><span style=\"font-family: 'Calibri',sans-serif;\"><strong>ZTC63A5<\/strong><\/span><\/span><\/p>\n<\/td>\n<td style=\"border-bottom: 1px solid black; border-left: none; border-right: 1px solid black; border-top: none; vertical-align: top; width: 208px;\">\n<p style=\"text-align: center;\"><span style=\"font-size: 11pt;\"><span style=\"font-family: 'Calibri',sans-serif;\"><strong>\u00d84.0<\/strong><\/span><\/span><\/p>\n<\/td>\n<td style=\"border-bottom: 1px solid black; border-left: none; border-right: 1px solid black; border-top: none; vertical-align: top; width: 208px;\">\n<p style=\"text-align: center;\"><span style=\"font-size: 11pt;\"><span style=\"font-family: 'Calibri',sans-serif;\"><strong>HRC <\/strong><strong>\u2265 55<\/strong><\/span><\/span><\/p>\n<\/td>\n<\/tr>\n<\/tbody>\n<\/table>\n<p><span style=\"font-size: 11pt;\"><span style=\"font-family: 'Calibri',sans-serif;\">*: Ch\u00fang t\u00f4i c\u00f3 th\u1ec3 \u0111i\u1ec1u ch\u1ec9nh c\u00e1c pha c\u1ee9ng v\u00e0 k\u00edch c\u1ee1 kh\u00e1c nhau cho c\u00e1c \u1ee9ng d\u1ee5ng kh\u00e1c nhau.<\/span><\/span><\/p>\n<\/div><\/div><\/div><\/div><\/div>","protected":false},"excerpt":{"rendered":"","protected":false},"author":2,"featured_media":0,"parent":0,"menu_order":1,"comment_status":"closed","ping_status":"closed","template":"","meta":{"footnotes":""},"class_list":["post-4033","page","type-page","status-publish","hentry"],"yoast_head":"<!-- This site is optimized with the Yoast SEO plugin v27.3 - https:\/\/yoast.com\/product\/yoast-seo-wordpress\/ -->\n<title>FeCrMo Alloyed Wear Resistance Flux Cored Wire - Zigong International Marketing, LLC<\/title>\n<meta name=\"description\" content=\"We manufacture three types of cast Tungsten Carbide powder.\" \/>\n<meta name=\"robots\" content=\"index, follow, max-snippet:-1, max-image-preview:large, max-video-preview:-1\" \/>\n<link rel=\"canonical\" href=\"https:\/\/zim-llc.com\/vi\/fecrmo-alloyed-wear-resistance-flux-cored-wire\/\" \/>\n<meta property=\"og:locale\" content=\"vi_VN\" \/>\n<meta property=\"og:type\" content=\"article\" \/>\n<meta property=\"og:title\" content=\"FeCrMo Alloyed Wear Resistance Flux Cored Wire - Zigong International Marketing, LLC\" \/>\n<meta property=\"og:description\" content=\"We manufacture three types of cast Tungsten Carbide powder.\" \/>\n<meta property=\"og:url\" content=\"https:\/\/zim-llc.com\/vi\/fecrmo-alloyed-wear-resistance-flux-cored-wire\/\" \/>\n<meta property=\"og:site_name\" content=\"Zigong International Marketing, LLC\" \/>\n<meta property=\"article:modified_time\" content=\"2024-05-13T19:09:12+00:00\" \/>\n<meta name=\"twitter:card\" content=\"summary_large_image\" \/>\n<meta name=\"twitter:label1\" content=\"\u01af\u1edbc t\u00ednh th\u1eddi gian \u0111\u1ecdc\" \/>\n\t<meta name=\"twitter:data1\" content=\"1 ph\u00fat\" \/>\n<script type=\"application\/ld+json\" class=\"yoast-schema-graph\">{\"@context\":\"https:\\\/\\\/schema.org\",\"@graph\":[{\"@type\":\"WebPage\",\"@id\":\"https:\\\/\\\/zim-llc.com\\\/mr\\\/fecrmo-alloyed-wear-resistance-flux-cored-wire\\\/\",\"url\":\"https:\\\/\\\/zim-llc.com\\\/mr\\\/fecrmo-alloyed-wear-resistance-flux-cored-wire\\\/\",\"name\":\"FeCrMo Alloyed Wear Resistance Flux Cored Wire - Zigong International Marketing, LLC\",\"isPartOf\":{\"@id\":\"http:\\\/\\\/zim-llc.com\\\/id\\\/#website\"},\"datePublished\":\"2022-12-16T01:54:17+00:00\",\"dateModified\":\"2024-05-13T19:09:12+00:00\",\"description\":\"We manufacture three types of cast Tungsten Carbide powder.\",\"breadcrumb\":{\"@id\":\"https:\\\/\\\/zim-llc.com\\\/mr\\\/fecrmo-alloyed-wear-resistance-flux-cored-wire\\\/#breadcrumb\"},\"inLanguage\":\"vi\",\"potentialAction\":[{\"@type\":\"ReadAction\",\"target\":[\"https:\\\/\\\/zim-llc.com\\\/mr\\\/fecrmo-alloyed-wear-resistance-flux-cored-wire\\\/\"]}]},{\"@type\":\"BreadcrumbList\",\"@id\":\"https:\\\/\\\/zim-llc.com\\\/mr\\\/fecrmo-alloyed-wear-resistance-flux-cored-wire\\\/#breadcrumb\",\"itemListElement\":[{\"@type\":\"ListItem\",\"position\":1,\"name\":\"Home\",\"item\":\"http:\\\/\\\/zim-llc.com\\\/id\\\/\"},{\"@type\":\"ListItem\",\"position\":2,\"name\":\"FeCrMo Alloyed Wear Resistance Flux Cored Wire\"}]},{\"@type\":\"WebSite\",\"@id\":\"http:\\\/\\\/zim-llc.com\\\/id\\\/#website\",\"url\":\"http:\\\/\\\/zim-llc.com\\\/id\\\/\",\"name\":\"Zigong International Marketing, LLC\",\"description\":\"\",\"publisher\":{\"@id\":\"http:\\\/\\\/zim-llc.com\\\/id\\\/#organization\"},\"potentialAction\":[{\"@type\":\"SearchAction\",\"target\":{\"@type\":\"EntryPoint\",\"urlTemplate\":\"http:\\\/\\\/zim-llc.com\\\/id\\\/?s={search_term_string}\"},\"query-input\":{\"@type\":\"PropertyValueSpecification\",\"valueRequired\":true,\"valueName\":\"search_term_string\"}}],\"inLanguage\":\"vi\"},{\"@type\":\"Organization\",\"@id\":\"http:\\\/\\\/zim-llc.com\\\/id\\\/#organization\",\"name\":\"Zigong International Marketing LLC\",\"url\":\"http:\\\/\\\/zim-llc.com\\\/id\\\/\",\"logo\":{\"@type\":\"ImageObject\",\"inLanguage\":\"vi\",\"@id\":\"http:\\\/\\\/zim-llc.com\\\/id\\\/#\\\/schema\\\/logo\\\/image\\\/\",\"url\":\"https:\\\/\\\/zim-llc.com\\\/wp-content\\\/uploads\\\/2020\\\/06\\\/6-23-logo-c.jpg\",\"contentUrl\":\"https:\\\/\\\/zim-llc.com\\\/wp-content\\\/uploads\\\/2020\\\/06\\\/6-23-logo-c.jpg\",\"width\":201,\"height\":90,\"caption\":\"Zigong International Marketing LLC\"},\"image\":{\"@id\":\"http:\\\/\\\/zim-llc.com\\\/id\\\/#\\\/schema\\\/logo\\\/image\\\/\"}}]}<\/script>\n<!-- \/ Yoast SEO plugin. -->","yoast_head_json":{"title":"FeCrMo Alloyed Wear Resistance Flux Cored Wire - Zigong International Marketing, LLC","description":"We manufacture three types of cast Tungsten Carbide powder.","robots":{"index":"index","follow":"follow","max-snippet":"max-snippet:-1","max-image-preview":"max-image-preview:large","max-video-preview":"max-video-preview:-1"},"canonical":"https:\/\/zim-llc.com\/vi\/fecrmo-alloyed-wear-resistance-flux-cored-wire\/","og_locale":"vi_VN","og_type":"article","og_title":"FeCrMo Alloyed Wear Resistance Flux Cored Wire - Zigong International Marketing, LLC","og_description":"We manufacture three types of cast Tungsten Carbide powder.","og_url":"https:\/\/zim-llc.com\/vi\/fecrmo-alloyed-wear-resistance-flux-cored-wire\/","og_site_name":"Zigong International Marketing, LLC","article_modified_time":"2024-05-13T19:09:12+00:00","twitter_card":"summary_large_image","twitter_misc":{"\u01af\u1edbc t\u00ednh th\u1eddi gian \u0111\u1ecdc":"1 ph\u00fat"},"schema":{"@context":"https:\/\/schema.org","@graph":[{"@type":"WebPage","@id":"https:\/\/zim-llc.com\/mr\/fecrmo-alloyed-wear-resistance-flux-cored-wire\/","url":"https:\/\/zim-llc.com\/mr\/fecrmo-alloyed-wear-resistance-flux-cored-wire\/","name":"FeCrMo Alloyed Wear Resistance Flux Cored Wire - Zigong International Marketing, LLC","isPartOf":{"@id":"http:\/\/zim-llc.com\/id\/#website"},"datePublished":"2022-12-16T01:54:17+00:00","dateModified":"2024-05-13T19:09:12+00:00","description":"We manufacture three types of cast Tungsten Carbide powder.","breadcrumb":{"@id":"https:\/\/zim-llc.com\/mr\/fecrmo-alloyed-wear-resistance-flux-cored-wire\/#breadcrumb"},"inLanguage":"vi","potentialAction":[{"@type":"ReadAction","target":["https:\/\/zim-llc.com\/mr\/fecrmo-alloyed-wear-resistance-flux-cored-wire\/"]}]},{"@type":"BreadcrumbList","@id":"https:\/\/zim-llc.com\/mr\/fecrmo-alloyed-wear-resistance-flux-cored-wire\/#breadcrumb","itemListElement":[{"@type":"ListItem","position":1,"name":"Home","item":"http:\/\/zim-llc.com\/id\/"},{"@type":"ListItem","position":2,"name":"FeCrMo Alloyed Wear Resistance Flux Cored Wire"}]},{"@type":"WebSite","@id":"http:\/\/zim-llc.com\/id\/#website","url":"http:\/\/zim-llc.com\/id\/","name":"Ti\u1ebfp th\u1ecb qu\u1ed1c t\u1ebf Zigong, LLC","description":"","publisher":{"@id":"http:\/\/zim-llc.com\/id\/#organization"},"potentialAction":[{"@type":"SearchAction","target":{"@type":"EntryPoint","urlTemplate":"http:\/\/zim-llc.com\/id\/?s={search_term_string}"},"query-input":{"@type":"PropertyValueSpecification","valueRequired":true,"valueName":"search_term_string"}}],"inLanguage":"vi"},{"@type":"Organization","@id":"http:\/\/zim-llc.com\/id\/#organization","name":"C\u00f4ng ty TNHH Ti\u1ebfp th\u1ecb Qu\u1ed1c t\u1ebf Zigong","url":"http:\/\/zim-llc.com\/id\/","logo":{"@type":"ImageObject","inLanguage":"vi","@id":"http:\/\/zim-llc.com\/id\/#\/schema\/logo\/image\/","url":"https:\/\/zim-llc.com\/wp-content\/uploads\/2020\/06\/6-23-logo-c.jpg","contentUrl":"https:\/\/zim-llc.com\/wp-content\/uploads\/2020\/06\/6-23-logo-c.jpg","width":201,"height":90,"caption":"Zigong International Marketing LLC"},"image":{"@id":"http:\/\/zim-llc.com\/id\/#\/schema\/logo\/image\/"}}]}},"_links":{"self":[{"href":"https:\/\/zim-llc.com\/vi\/wp-json\/wp\/v2\/pages\/4033","targetHints":{"allow":["GET"]}}],"collection":[{"href":"https:\/\/zim-llc.com\/vi\/wp-json\/wp\/v2\/pages"}],"about":[{"href":"https:\/\/zim-llc.com\/vi\/wp-json\/wp\/v2\/types\/page"}],"author":[{"embeddable":true,"href":"https:\/\/zim-llc.com\/vi\/wp-json\/wp\/v2\/users\/2"}],"replies":[{"embeddable":true,"href":"https:\/\/zim-llc.com\/vi\/wp-json\/wp\/v2\/comments?post=4033"}],"version-history":[{"count":0,"href":"https:\/\/zim-llc.com\/vi\/wp-json\/wp\/v2\/pages\/4033\/revisions"}],"wp:attachment":[{"href":"https:\/\/zim-llc.com\/vi\/wp-json\/wp\/v2\/media?parent=4033"}],"curies":[{"name":"wp","href":"https:\/\/api.w.org\/{rel}","templated":true}]}}