{"id":3721,"date":"2022-12-12T19:15:28","date_gmt":"2022-12-12T19:15:28","guid":{"rendered":"https:\/\/zimllc.wpengine.com\/?page_id=3721"},"modified":"2024-04-24T15:45:46","modified_gmt":"2024-04-24T15:45:46","slug":"premixed-powder","status":"publish","type":"page","link":"https:\/\/zim-llc.com\/vi\/hardfacing-materials\/premixed-powder\/","title":{"rendered":"B\u1ed9t tr\u1ed9n s\u1eb5n"},"content":{"rendered":"<div class=\"fusion-fullwidth fullwidth-box fusion-builder-row-1 fusion-flex-container has-pattern-background has-mask-background nonhundred-percent-fullwidth non-hundred-percent-height-scrolling\" style=\"--awb-border-color:#0000;--awb-border-radius-top-left:0px;--awb-border-radius-top-right:0px;--awb-border-radius-bottom-right:0px;--awb-border-radius-bottom-left:0px;--awb-padding-left:60px;--awb-background-color:#0000;--awb-background-image:linear-gradient(180deg, #0000 0%,#0000 100%);--awb-flex-wrap:wrap;\" ><div class=\"fusion-builder-row fusion-row fusion-flex-align-items-flex-start fusion-flex-content-wrap\" style=\"max-width:1248px;margin-left: calc(-4% \/ 2 );margin-right: calc(-4% \/ 2 );\"><div class=\"fusion-layout-column fusion_builder_column fusion-builder-column-0 fusion_builder_column_2_3 2_3 fusion-flex-column\" style=\"--awb-bg-size:cover;--awb-width-large:66.6666666667%;--awb-margin-top-large:0px;--awb-spacing-right-large:4.32%;--awb-margin-bottom-large:0px;--awb-spacing-left-large:2.88%;--awb-width-medium:66.6666666667%;--awb-spacing-right-medium:4.32%;--awb-spacing-left-medium:2.88%;--awb-width-small:100%;--awb-spacing-right-small:1.92%;--awb-spacing-left-small:1.92%;\"><div class=\"fusion-column-wrapper fusion-flex-justify-content-flex-start fusion-content-layout-column\"><div class=\"fusion-text fusion-text-1\"><h1>B\u1ed9t tr\u1ed9n s\u1eb5n<\/h1>\n<p>B\u1ed9t tr\u1ed9n s\u1eb5n l\u00e0 v\u1eadt li\u1ec7u \u0111\u01b0\u1ee3c pha tr\u1ed9n v\u1edbi v\u1eadt li\u1ec7u l\u00e0m c\u1ee9ng cacbua vonfram v\u00e0 b\u1ed9t h\u1ee3p kim g\u1ed1c Niken \u0111\u01b0\u1ee3c s\u1eed d\u1ee5ng r\u1ed9ng r\u00e3i \u0111\u1ec3 h\u00e0n H\u1ed3 quang chuy\u1ec3n plasma (PTA), T\u1ea5m \u1ed1p laze v\u00e0 Phun ng\u1ecdn l\u1eeda.<\/p>\n<p>V\u1eadt li\u1ec7u l\u00e0m c\u1ee9ng cacbua vonfram bao g\u1ed3m b\u1ed9t cacbua vonfram \u0111\u00fac, b\u1ed9t cacbua vonfram tinh th\u1ec3 v\u0129 m\u00f4, b\u1ed9t cacbua vonfram \u0111\u00fac h\u00ecnh c\u1ea7u v\u00e0 h\u1ea1t coban cacbua vonfram nghi\u1ec1n. M\u1ed9t ho\u1eb7c nhi\u1ec1u cacbua vonfram \u0111\u01b0\u1ee3c s\u1eed d\u1ee5ng l\u00e0m pha c\u1ee9ng. C\u00e1c h\u1ee3p kim g\u1ed1c niken c\u00f3 th\u00e0nh ph\u1ea7n h\u00f3a h\u1ecdc, \u0111\u1ed9 c\u1ee9ng v\u00e0 k\u00edch th\u01b0\u1edbc h\u1ea1t kh\u00e1c nhau c\u00f3 s\u1eb5n \u0111\u1ec3 l\u1ef1a ch\u1ecdn.<\/p>\n<p>Ch\u00fang t\u00f4i c\u0169ng c\u00f3 th\u1ec3 \u0111i\u1ec1u ch\u1ec9nh c\u00e1c k\u1ebft h\u1ee3p b\u1ed9t tr\u1ed9n s\u1eb5n kh\u00e1c nhau theo th\u00f4ng s\u1ed1 k\u1ef9 thu\u1eadt v\u00e0 \u1ee9ng d\u1ee5ng c\u1ee7a b\u1ea1n. Xin \u0111\u1eebng ng\u1ea7n ng\u1ea1i li\u00ean h\u1ec7 v\u1edbi ch\u00fang t\u00f4i \u0111\u1ec3 t\u00ecm hi\u1ec3u th\u00eam chi ti\u1ebft.<\/p>\n<p>C\u00f4ng su\u1ea5t h\u00e0ng n\u0103m: 300 t\u1ea5n\/n\u0103m<\/p>\n<p><a href=\"https:\/\/zim-llc.com\/vi\/cast-tungsten-carbide-nickel-based-alloy-powder-for-pta\/\">\u2192 B\u1ed9t h\u1ee3p kim g\u1ed1c niken cacbua \u0111\u00fac cho PTA, t\u1ea5m \u1ed1p laze v\u00e0 phun l\u1eeda<\/a><\/p>\n<p><a href=\"https:\/\/zim-llc.com\/vi\/macrocrystalline-tungsten-carbide-nickel-based-alloy-powder-for-pta\/\">\u2192 B\u1ed9t h\u1ee3p kim d\u1ef1a tr\u00ean tinh th\u1ec3 vonfram Carbice Nicel cho PTA, t\u1ea5m \u1ed1p laze v\u00e0 phun l\u1eeda<\/a><\/p>\n<p><a href=\"https:\/\/zim-llc.com\/vi\/spherical-cast-tungsten-carbide-nickel-based-alloy-powder\/\">\u2192 B\u1ed9t h\u1ee3p kim g\u1ed1c Nicel cacbua \u0111\u00fac h\u00ecnh c\u1ea7u cho PTA, t\u1ea5m \u1ed1p laze v\u00e0 phun l\u1eeda<\/a><\/p>\n<\/div><\/div><\/div><div class=\"fusion-layout-column fusion_builder_column fusion-builder-column-1 fusion_builder_column_1_3 1_3 fusion-flex-column\" style=\"--awb-bg-size:cover;--awb-width-large:33.3333333333%;--awb-margin-top-large:0px;--awb-spacing-right-large:5.76%;--awb-margin-bottom-large:0px;--awb-spacing-left-large:2.88%;--awb-width-medium:33.3333333333%;--awb-spacing-right-medium:5.76%;--awb-spacing-left-medium:2.88%;--awb-width-small:100%;--awb-spacing-right-small:1.92%;--awb-spacing-left-small:1.92%;\"><div class=\"fusion-column-wrapper fusion-flex-justify-content-flex-start fusion-content-layout-column\"><div class=\"fusion-image-element\" style=\"text-align:center;--awb-caption-title-font-family:var(--h2_typography-font-family);--awb-caption-title-font-weight:var(--h2_typography-font-weight);--awb-caption-title-font-style:var(--h2_typography-font-style);--awb-caption-title-size:var(--h2_typography-font-size);--awb-caption-title-transform:var(--h2_typography-text-transform);--awb-caption-title-line-height:var(--h2_typography-line-height);--awb-caption-title-letter-spacing:var(--h2_typography-letter-spacing);\"><span class=\"fusion-imageframe imageframe-none imageframe-1 hover-type-none\"><img decoding=\"async\" width=\"600\" height=\"600\" title=\"H\u00ecnh c\u1ea7u-\u0110\u00fac-vonfram-cacbua-Niken-h\u1ee3p kim-b\u1ed9t-cho-PTA-2\" src=\"https:\/\/zim-llc.com\/wp-content\/uploads\/2022\/12\/Spherical-Cast-tungsten-carbide-Nickel-based-alloy-powder-for-PTA-2.jpg\" alt class=\"img-responsive wp-image-3969\" srcset=\"https:\/\/zim-llc.com\/wp-content\/uploads\/2022\/12\/Spherical-Cast-tungsten-carbide-Nickel-based-alloy-powder-for-PTA-2-150x150.jpg 150w, https:\/\/zim-llc.com\/wp-content\/uploads\/2022\/12\/Spherical-Cast-tungsten-carbide-Nickel-based-alloy-powder-for-PTA-2-300x300.jpg 300w, https:\/\/zim-llc.com\/wp-content\/uploads\/2022\/12\/Spherical-Cast-tungsten-carbide-Nickel-based-alloy-powder-for-PTA-2-350x350.jpg 350w, https:\/\/zim-llc.com\/wp-content\/uploads\/2022\/12\/Spherical-Cast-tungsten-carbide-Nickel-based-alloy-powder-for-PTA-2.jpg 600w\" sizes=\"(max-width: 600px) 100vw, 600px\" \/><\/span><\/div><\/div><\/div><\/div><\/div>","protected":false},"excerpt":{"rendered":"","protected":false},"author":2,"featured_media":0,"parent":877,"menu_order":7,"comment_status":"closed","ping_status":"closed","template":"","meta":{"footnotes":""},"class_list":["post-3721","page","type-page","status-publish","hentry"],"yoast_head":"<!-- This site is optimized with the Yoast SEO plugin v27.4 - https:\/\/yoast.com\/product\/yoast-seo-wordpress\/ -->\n<title>Premixed Powder - Zigong International Marketing, LLC<\/title>\n<meta name=\"description\" content=\"We manufacture three types of cast Tungsten Carbide powder.\" \/>\n<meta name=\"robots\" content=\"index, follow, max-snippet:-1, max-image-preview:large, max-video-preview:-1\" \/>\n<link rel=\"canonical\" href=\"https:\/\/zim-llc.com\/vi\/hardfacing-materials\/premixed-powder\/\" \/>\n<meta property=\"og:locale\" content=\"vi_VN\" \/>\n<meta property=\"og:type\" content=\"article\" \/>\n<meta property=\"og:title\" content=\"Premixed Powder - Zigong International Marketing, LLC\" \/>\n<meta property=\"og:description\" content=\"We manufacture three types of cast Tungsten Carbide powder.\" \/>\n<meta property=\"og:url\" content=\"https:\/\/zim-llc.com\/vi\/hardfacing-materials\/premixed-powder\/\" \/>\n<meta property=\"og:site_name\" content=\"Zigong International Marketing, LLC\" \/>\n<meta property=\"article:modified_time\" content=\"2024-04-24T15:45:46+00:00\" \/>\n<meta name=\"twitter:card\" content=\"summary_large_image\" \/>\n<meta name=\"twitter:label1\" content=\"\u01af\u1edbc t\u00ednh th\u1eddi gian \u0111\u1ecdc\" \/>\n\t<meta name=\"twitter:data1\" content=\"1 ph\u00fat\" \/>\n<script type=\"application\/ld+json\" class=\"yoast-schema-graph\">{\"@context\":\"https:\\\/\\\/schema.org\",\"@graph\":[{\"@type\":\"WebPage\",\"@id\":\"https:\\\/\\\/zim-llc.com\\\/en\\\/hardfacing-materials\\\/premixed-powder\\\/\",\"url\":\"https:\\\/\\\/zim-llc.com\\\/en\\\/hardfacing-materials\\\/premixed-powder\\\/\",\"name\":\"Premixed Powder - Zigong International Marketing, LLC\",\"isPartOf\":{\"@id\":\"https:\\\/\\\/zim-llc.com\\\/da\\\/#website\"},\"datePublished\":\"2022-12-12T19:15:28+00:00\",\"dateModified\":\"2024-04-24T15:45:46+00:00\",\"description\":\"We manufacture three types of cast Tungsten Carbide powder.\",\"breadcrumb\":{\"@id\":\"https:\\\/\\\/zim-llc.com\\\/en\\\/hardfacing-materials\\\/premixed-powder\\\/#breadcrumb\"},\"inLanguage\":\"vi\",\"potentialAction\":[{\"@type\":\"ReadAction\",\"target\":[\"https:\\\/\\\/zim-llc.com\\\/en\\\/hardfacing-materials\\\/premixed-powder\\\/\"]}]},{\"@type\":\"BreadcrumbList\",\"@id\":\"https:\\\/\\\/zim-llc.com\\\/en\\\/hardfacing-materials\\\/premixed-powder\\\/#breadcrumb\",\"itemListElement\":[{\"@type\":\"ListItem\",\"position\":1,\"name\":\"Home\",\"item\":\"http:\\\/\\\/zim-llc.com\\\/ar\\\/\"},{\"@type\":\"ListItem\",\"position\":2,\"name\":\"Hardfacing Materials\",\"item\":\"http:\\\/\\\/zim-llc.com\\\/eo\\\/hardfacing-materials\\\/\"},{\"@type\":\"ListItem\",\"position\":3,\"name\":\"Premixed Powder\"}]},{\"@type\":\"WebSite\",\"@id\":\"https:\\\/\\\/zim-llc.com\\\/da\\\/#website\",\"url\":\"https:\\\/\\\/zim-llc.com\\\/da\\\/\",\"name\":\"Zigong International Marketing, LLC\",\"description\":\"\",\"publisher\":{\"@id\":\"https:\\\/\\\/zim-llc.com\\\/da\\\/#organization\"},\"potentialAction\":[{\"@type\":\"SearchAction\",\"target\":{\"@type\":\"EntryPoint\",\"urlTemplate\":\"https:\\\/\\\/zim-llc.com\\\/da\\\/?s={search_term_string}\"},\"query-input\":{\"@type\":\"PropertyValueSpecification\",\"valueRequired\":true,\"valueName\":\"search_term_string\"}}],\"inLanguage\":\"vi\"},{\"@type\":\"Organization\",\"@id\":\"https:\\\/\\\/zim-llc.com\\\/da\\\/#organization\",\"name\":\"Zigong International Marketing LLC\",\"url\":\"https:\\\/\\\/zim-llc.com\\\/da\\\/\",\"logo\":{\"@type\":\"ImageObject\",\"inLanguage\":\"vi\",\"@id\":\"https:\\\/\\\/zim-llc.com\\\/da\\\/#\\\/schema\\\/logo\\\/image\\\/\",\"url\":\"https:\\\/\\\/zim-llc.com\\\/wp-content\\\/uploads\\\/2020\\\/06\\\/6-23-logo-c.jpg\",\"contentUrl\":\"https:\\\/\\\/zim-llc.com\\\/wp-content\\\/uploads\\\/2020\\\/06\\\/6-23-logo-c.jpg\",\"width\":201,\"height\":90,\"caption\":\"Zigong International Marketing LLC\"},\"image\":{\"@id\":\"https:\\\/\\\/zim-llc.com\\\/da\\\/#\\\/schema\\\/logo\\\/image\\\/\"}}]}<\/script>\n<!-- \/ Yoast SEO plugin. -->","yoast_head_json":{"title":"Premixed Powder - Zigong International Marketing, LLC","description":"We manufacture three types of cast Tungsten Carbide powder.","robots":{"index":"index","follow":"follow","max-snippet":"max-snippet:-1","max-image-preview":"max-image-preview:large","max-video-preview":"max-video-preview:-1"},"canonical":"https:\/\/zim-llc.com\/vi\/hardfacing-materials\/premixed-powder\/","og_locale":"vi_VN","og_type":"article","og_title":"Premixed Powder - Zigong International Marketing, LLC","og_description":"We manufacture three types of cast Tungsten Carbide powder.","og_url":"https:\/\/zim-llc.com\/vi\/hardfacing-materials\/premixed-powder\/","og_site_name":"Zigong International Marketing, LLC","article_modified_time":"2024-04-24T15:45:46+00:00","twitter_card":"summary_large_image","twitter_misc":{"\u01af\u1edbc t\u00ednh th\u1eddi gian \u0111\u1ecdc":"1 ph\u00fat"},"schema":{"@context":"https:\/\/schema.org","@graph":[{"@type":"WebPage","@id":"https:\/\/zim-llc.com\/en\/hardfacing-materials\/premixed-powder\/","url":"https:\/\/zim-llc.com\/en\/hardfacing-materials\/premixed-powder\/","name":"Premixed Powder - Zigong International Marketing, LLC","isPartOf":{"@id":"https:\/\/zim-llc.com\/da\/#website"},"datePublished":"2022-12-12T19:15:28+00:00","dateModified":"2024-04-24T15:45:46+00:00","description":"We manufacture three types of cast Tungsten Carbide powder.","breadcrumb":{"@id":"https:\/\/zim-llc.com\/en\/hardfacing-materials\/premixed-powder\/#breadcrumb"},"inLanguage":"vi","potentialAction":[{"@type":"ReadAction","target":["https:\/\/zim-llc.com\/en\/hardfacing-materials\/premixed-powder\/"]}]},{"@type":"BreadcrumbList","@id":"https:\/\/zim-llc.com\/en\/hardfacing-materials\/premixed-powder\/#breadcrumb","itemListElement":[{"@type":"ListItem","position":1,"name":"Home","item":"http:\/\/zim-llc.com\/ar\/"},{"@type":"ListItem","position":2,"name":"Hardfacing Materials","item":"http:\/\/zim-llc.com\/eo\/hardfacing-materials\/"},{"@type":"ListItem","position":3,"name":"Premixed Powder"}]},{"@type":"WebSite","@id":"https:\/\/zim-llc.com\/da\/#website","url":"https:\/\/zim-llc.com\/da\/","name":"Ti\u1ebfp th\u1ecb qu\u1ed1c t\u1ebf Zigong, LLC","description":"","publisher":{"@id":"https:\/\/zim-llc.com\/da\/#organization"},"potentialAction":[{"@type":"SearchAction","target":{"@type":"EntryPoint","urlTemplate":"https:\/\/zim-llc.com\/da\/?s={search_term_string}"},"query-input":{"@type":"PropertyValueSpecification","valueRequired":true,"valueName":"search_term_string"}}],"inLanguage":"vi"},{"@type":"Organization","@id":"https:\/\/zim-llc.com\/da\/#organization","name":"C\u00f4ng ty TNHH Ti\u1ebfp th\u1ecb Qu\u1ed1c t\u1ebf Zigong","url":"https:\/\/zim-llc.com\/da\/","logo":{"@type":"ImageObject","inLanguage":"vi","@id":"https:\/\/zim-llc.com\/da\/#\/schema\/logo\/image\/","url":"https:\/\/zim-llc.com\/wp-content\/uploads\/2020\/06\/6-23-logo-c.jpg","contentUrl":"https:\/\/zim-llc.com\/wp-content\/uploads\/2020\/06\/6-23-logo-c.jpg","width":201,"height":90,"caption":"Zigong International Marketing LLC"},"image":{"@id":"https:\/\/zim-llc.com\/da\/#\/schema\/logo\/image\/"}}]}},"_links":{"self":[{"href":"https:\/\/zim-llc.com\/vi\/wp-json\/wp\/v2\/pages\/3721","targetHints":{"allow":["GET"]}}],"collection":[{"href":"https:\/\/zim-llc.com\/vi\/wp-json\/wp\/v2\/pages"}],"about":[{"href":"https:\/\/zim-llc.com\/vi\/wp-json\/wp\/v2\/types\/page"}],"author":[{"embeddable":true,"href":"https:\/\/zim-llc.com\/vi\/wp-json\/wp\/v2\/users\/2"}],"replies":[{"embeddable":true,"href":"https:\/\/zim-llc.com\/vi\/wp-json\/wp\/v2\/comments?post=3721"}],"version-history":[{"count":0,"href":"https:\/\/zim-llc.com\/vi\/wp-json\/wp\/v2\/pages\/3721\/revisions"}],"up":[{"embeddable":true,"href":"https:\/\/zim-llc.com\/vi\/wp-json\/wp\/v2\/pages\/877"}],"wp:attachment":[{"href":"https:\/\/zim-llc.com\/vi\/wp-json\/wp\/v2\/media?parent=3721"}],"curies":[{"name":"wp","href":"https:\/\/api.w.org\/{rel}","templated":true}]}}