{"id":891,"date":"2020-04-17T06:13:52","date_gmt":"2020-04-17T06:13:52","guid":{"rendered":"https:\/\/zimllc.wpengine.com\/?page_id=891"},"modified":"2024-08-27T18:55:39","modified_gmt":"2024-08-27T18:55:39","slug":"ready-to-press-powder","status":"publish","type":"page","link":"https:\/\/zim-llc.com\/uz\/powders\/ready-to-press-powder\/","title":{"rendered":"Bosishga tayyor kukun"},"content":{"rendered":"<div class=\"fusion-fullwidth fullwidth-box fusion-builder-row-1 fusion-flex-container has-pattern-background has-mask-background nonhundred-percent-fullwidth non-hundred-percent-height-scrolling\" style=\"--awb-border-radius-top-left:0px;--awb-border-radius-top-right:0px;--awb-border-radius-bottom-right:0px;--awb-border-radius-bottom-left:0px;--awb-padding-right:0px;--awb-background-image:linear-gradient(180deg, #0000 0%,#0000 100%);--awb-flex-wrap:wrap;\" ><div class=\"fusion-builder-row fusion-row fusion-flex-align-items-flex-start fusion-flex-content-wrap\" style=\"max-width:1248px;margin-left: calc(-4% \/ 2 );margin-right: calc(-4% \/ 2 );\"><div class=\"fusion-layout-column fusion_builder_column fusion-builder-column-0 fusion_builder_column_2_3 2_3 fusion-flex-column\" style=\"--awb-bg-size:cover;--awb-width-large:66.6666666667%;--awb-margin-top-large:0px;--awb-spacing-right-large:2.88%;--awb-margin-bottom-large:0px;--awb-spacing-left-large:2.88%;--awb-width-medium:66.6666666667%;--awb-order-medium:0;--awb-spacing-right-medium:2.88%;--awb-spacing-left-medium:2.88%;--awb-width-small:100%;--awb-order-small:0;--awb-spacing-right-small:1.92%;--awb-spacing-left-small:1.92%;\" data-scroll-devices=\"small-visibility,medium-visibility,large-visibility\"><div class=\"fusion-column-wrapper fusion-column-has-shadow fusion-flex-justify-content-flex-start fusion-content-layout-column\"><div class=\"fusion-text fusion-text-1\"><h1>Bosishga tayyor kukun<\/h1>\n<p>ZGCC Presishga tayyor (RTP) kukunini (yoki tsementlangan karbid darajasidagi kukun) ishlab chiqarish uchun eng ilg&#039;or doping parafin ishlab chiqarish jarayonidan foydalanadi. RTP kukuni sementlangan karbid qismlarini ishlab chiqarish uchun xom ashyo sifatida foydalanish uchun ajoyib oqimga ega. 1967 yildan beri ZGCC yuqori samaradorlikka erishish uchun TiC, TaC va Ti qo&#039;shib, bog&#039;lovchi sifatida Kobalt va Nikel bilan presslash kukunini loyihalash va ishlab chiqarishni boshladi.<\/p>\n<p>Tungsten Carbide o&#039;lchamlarining keng assortimenti tufayli biz turli xil don o&#039;lchamlari va formulalari bilan o&#039;nlab navlarni ishlab chiqarishimiz mumkin. Endi bizda YG, YT, YW, ZP, ZM, ZK, ZN kabi yettita seriya bor, ulardan birini tanlashingiz mumkin.<\/p>\n<p class=\"translation-block\">Qo&#039;shimcha ma&#039;lumot olish uchun <strong><a href=\"https:\/\/zim-llc.com\/uz\/contact-us\/\" target=\"_self\">biz bilan bog&#039;laning<\/a><\/strong> yoki <a href=\"https:\/\/zim-llc.com\/uz\/resources\/\" target=\"_self\"><strong>katalogimizni ko&#039;rib chiqing.<\/strong><\/a><\/p>\n<p><strong>Ishlab chiqarish jarayoni:<br \/>\n<\/strong>p\u00fcsk\u00fcrt\u00fcn va quriting<\/p>\n<p><strong>Yillik quvvati:<br \/>\n<\/strong>Yiliga 4000 tonna<\/p>\n<p><strong>Tashqi ko&#039;rinishi:<br \/>\n<\/strong>sharsimon zarrachalar kulrang kukun<\/p>\n<p><strong>Hajmi: <\/strong>-200 mesh<\/p>\n<p><strong>Ilova:<br \/>\n<\/strong>RTP kukuni mukammal sferik morfologiyaga, mukammal oqimga va minimal qoldiq namlikka ega. Bu qattiq kesish asboblari, nozik karbid qismlari, eskirish qismlari va teshik asboblari kabi birinchi darajali tsementlangan karbid qismlarini tayyorlash uchun ideal toifadagi kukun.<\/p>\n<\/div><\/div><\/div><div class=\"fusion-layout-column fusion_builder_column fusion-builder-column-1 fusion_builder_column_1_4 1_4 fusion-flex-column\" style=\"--awb-bg-size:cover;--awb-width-large:25%;--awb-margin-top-large:0px;--awb-spacing-right-large:7.68%;--awb-margin-bottom-large:0px;--awb-spacing-left-large:7.68%;--awb-width-medium:25%;--awb-order-medium:0;--awb-spacing-right-medium:7.68%;--awb-spacing-left-medium:7.68%;--awb-width-small:100%;--awb-order-small:0;--awb-spacing-right-small:1.92%;--awb-spacing-left-small:1.92%;\" data-scroll-devices=\"small-visibility,medium-visibility,large-visibility\"><div class=\"fusion-column-wrapper fusion-column-has-shadow fusion-flex-justify-content-flex-start fusion-content-layout-column\"><div class=\"fusion-separator fusion-full-width-sep\" style=\"align-self: center;margin-left: auto;margin-right: auto;margin-bottom:20px;width:100%;\"><\/div><div class=\"fusion-text fusion-text-2\">\n\t\t<div id=\"wppdfemb-frame-container-0\" style=\"-webkit-overflow-scrolling:auto;\">\n\t\t\t<iframe src=\"https:\/\/zim-llc.com\/uz\/?url=https:\/\/zim-llc.com\/wp-content\/uploads\/2020\/07\/ZigongRTPpowder.pdf&#038;toolbarfixed=on&#038;index=1&#038;pdfID=0\"\n\t\t\t\tid=\"wppdf-emb-iframe-0\"\n\t\t\t\tdata-pdf-index=\"1\"\n\t\t\t\tclass=\"pdfembed-iframe nonfullscreen\"\n\t\t\t\tstyle=\"border:none;width:100%;max-width:250px;min-height:350px\"\n\t\t\t\tscrolling=\"yes\">\n\t\t\t<\/iframe>\n\t\t<\/div>\n\n\t\t\n<\/div><\/div><\/div><\/div><\/div>","protected":false},"excerpt":{"rendered":"","protected":false},"author":4,"featured_media":0,"parent":871,"menu_order":5,"comment_status":"closed","ping_status":"closed","template":"","meta":{"footnotes":""},"class_list":["post-891","page","type-page","status-publish","hentry"],"yoast_head":"<!-- This site is optimized with the Yoast SEO plugin v27.4 - https:\/\/yoast.com\/product\/yoast-seo-wordpress\/ -->\n<title>Ready to Press Powder - Zigong International Marketing, LLC<\/title>\n<meta name=\"description\" content=\"ZGCC uses the most advanced doping paraffine production process to produce the Ready To Press (RTP) powder (or Cemented Carbide Grade Powder)\" \/>\n<meta name=\"robots\" content=\"index, follow, max-snippet:-1, max-image-preview:large, max-video-preview:-1\" \/>\n<link rel=\"canonical\" href=\"http:\/\/zim-llc.com\/uz\/powders\/ready-to-press-powder\/\" \/>\n<meta property=\"og:locale\" content=\"uz_UZ\" \/>\n<meta property=\"og:type\" content=\"article\" \/>\n<meta property=\"og:title\" content=\"Ready to Press Powder - Zigong International Marketing, LLC\" \/>\n<meta property=\"og:description\" content=\"ZGCC uses the most advanced doping paraffine production process to produce the Ready To Press (RTP) powder (or Cemented Carbide Grade Powder)\" \/>\n<meta property=\"og:url\" content=\"http:\/\/zim-llc.com\/uz\/powders\/ready-to-press-powder\/\" \/>\n<meta property=\"og:site_name\" content=\"Zigong International Marketing, LLC\" \/>\n<meta property=\"article:modified_time\" content=\"2024-08-27T18:55:39+00:00\" \/>\n<meta name=\"twitter:card\" content=\"summary_large_image\" \/>\n<meta name=\"twitter:label1\" content=\"Est. reading time\" \/>\n\t<meta name=\"twitter:data1\" content=\"1 daqiqa\" \/>\n<script type=\"application\/ld+json\" class=\"yoast-schema-graph\">{\"@context\":\"https:\\\/\\\/schema.org\",\"@graph\":[{\"@type\":\"WebPage\",\"@id\":\"http:\\\/\\\/zim-llc.com\\\/lv\\\/powders\\\/ready-to-press-powder\\\/\",\"url\":\"http:\\\/\\\/zim-llc.com\\\/lv\\\/powders\\\/ready-to-press-powder\\\/\",\"name\":\"Ready to Press Powder - Zigong International Marketing, LLC\",\"isPartOf\":{\"@id\":\"http:\\\/\\\/zim-llc.com\\\/ta\\\/#website\"},\"datePublished\":\"2020-04-17T06:13:52+00:00\",\"dateModified\":\"2024-08-27T18:55:39+00:00\",\"description\":\"ZGCC uses the most advanced doping paraffine production process to produce the Ready To Press (RTP) powder (or Cemented Carbide Grade Powder)\",\"breadcrumb\":{\"@id\":\"http:\\\/\\\/zim-llc.com\\\/lv\\\/powders\\\/ready-to-press-powder\\\/#breadcrumb\"},\"inLanguage\":\"uz-UZ\",\"potentialAction\":[{\"@type\":\"ReadAction\",\"target\":[\"http:\\\/\\\/zim-llc.com\\\/lv\\\/powders\\\/ready-to-press-powder\\\/\"]}]},{\"@type\":\"BreadcrumbList\",\"@id\":\"http:\\\/\\\/zim-llc.com\\\/lv\\\/powders\\\/ready-to-press-powder\\\/#breadcrumb\",\"itemListElement\":[{\"@type\":\"ListItem\",\"position\":1,\"name\":\"Home\",\"item\":\"https:\\\/\\\/zim-llc.com\\\/en\\\/\"},{\"@type\":\"ListItem\",\"position\":2,\"name\":\"Powders\",\"item\":\"https:\\\/\\\/zim-llc.com\\\/en\\\/powders\\\/\"},{\"@type\":\"ListItem\",\"position\":3,\"name\":\"Ready to Press Powder\"}]},{\"@type\":\"WebSite\",\"@id\":\"http:\\\/\\\/zim-llc.com\\\/ta\\\/#website\",\"url\":\"http:\\\/\\\/zim-llc.com\\\/ta\\\/\",\"name\":\"Zigong International Marketing, LLC\",\"description\":\"\",\"publisher\":{\"@id\":\"http:\\\/\\\/zim-llc.com\\\/ta\\\/#organization\"},\"potentialAction\":[{\"@type\":\"SearchAction\",\"target\":{\"@type\":\"EntryPoint\",\"urlTemplate\":\"http:\\\/\\\/zim-llc.com\\\/ta\\\/?s={search_term_string}\"},\"query-input\":{\"@type\":\"PropertyValueSpecification\",\"valueRequired\":true,\"valueName\":\"search_term_string\"}}],\"inLanguage\":\"uz-UZ\"},{\"@type\":\"Organization\",\"@id\":\"http:\\\/\\\/zim-llc.com\\\/ta\\\/#organization\",\"name\":\"Zigong International Marketing LLC\",\"url\":\"http:\\\/\\\/zim-llc.com\\\/ta\\\/\",\"logo\":{\"@type\":\"ImageObject\",\"inLanguage\":\"uz-UZ\",\"@id\":\"http:\\\/\\\/zim-llc.com\\\/ta\\\/#\\\/schema\\\/logo\\\/image\\\/\",\"url\":\"https:\\\/\\\/zim-llc.com\\\/wp-content\\\/uploads\\\/2020\\\/06\\\/6-23-logo-c.jpg\",\"contentUrl\":\"https:\\\/\\\/zim-llc.com\\\/wp-content\\\/uploads\\\/2020\\\/06\\\/6-23-logo-c.jpg\",\"width\":201,\"height\":90,\"caption\":\"Zigong International Marketing LLC\"},\"image\":{\"@id\":\"http:\\\/\\\/zim-llc.com\\\/ta\\\/#\\\/schema\\\/logo\\\/image\\\/\"}}]}<\/script>\n<!-- \/ Yoast SEO plugin. -->","yoast_head_json":{"title":"Ready to Press Powder - Zigong International Marketing, LLC","description":"ZGCC uses the most advanced doping paraffine production process to produce the Ready To Press (RTP) powder (or Cemented Carbide Grade Powder)","robots":{"index":"index","follow":"follow","max-snippet":"max-snippet:-1","max-image-preview":"max-image-preview:large","max-video-preview":"max-video-preview:-1"},"canonical":"http:\/\/zim-llc.com\/uz\/powders\/ready-to-press-powder\/","og_locale":"uz_UZ","og_type":"article","og_title":"Ready to Press Powder - Zigong International Marketing, LLC","og_description":"ZGCC uses the most advanced doping paraffine production process to produce the Ready To Press (RTP) powder (or Cemented Carbide Grade Powder)","og_url":"http:\/\/zim-llc.com\/uz\/powders\/ready-to-press-powder\/","og_site_name":"Zigong International Marketing, LLC","article_modified_time":"2024-08-27T18:55:39+00:00","twitter_card":"summary_large_image","twitter_misc":{"Est. reading time":"1 daqiqa"},"schema":{"@context":"https:\/\/schema.org","@graph":[{"@type":"WebPage","@id":"http:\/\/zim-llc.com\/lv\/powders\/ready-to-press-powder\/","url":"http:\/\/zim-llc.com\/lv\/powders\/ready-to-press-powder\/","name":"Ready to Press Powder - Zigong International Marketing, LLC","isPartOf":{"@id":"http:\/\/zim-llc.com\/ta\/#website"},"datePublished":"2020-04-17T06:13:52+00:00","dateModified":"2024-08-27T18:55:39+00:00","description":"ZGCC uses the most advanced doping paraffine production process to produce the Ready To Press (RTP) powder (or Cemented Carbide Grade Powder)","breadcrumb":{"@id":"http:\/\/zim-llc.com\/lv\/powders\/ready-to-press-powder\/#breadcrumb"},"inLanguage":"uz-UZ","potentialAction":[{"@type":"ReadAction","target":["http:\/\/zim-llc.com\/lv\/powders\/ready-to-press-powder\/"]}]},{"@type":"BreadcrumbList","@id":"http:\/\/zim-llc.com\/lv\/powders\/ready-to-press-powder\/#breadcrumb","itemListElement":[{"@type":"ListItem","position":1,"name":"Home","item":"https:\/\/zim-llc.com\/en\/"},{"@type":"ListItem","position":2,"name":"Powders","item":"https:\/\/zim-llc.com\/en\/powders\/"},{"@type":"ListItem","position":3,"name":"Ready to Press Powder"}]},{"@type":"WebSite","@id":"http:\/\/zim-llc.com\/ta\/#website","url":"http:\/\/zim-llc.com\/ta\/","name":"Zigong International Marketing, LLC","description":"","publisher":{"@id":"http:\/\/zim-llc.com\/ta\/#organization"},"potentialAction":[{"@type":"SearchAction","target":{"@type":"EntryPoint","urlTemplate":"http:\/\/zim-llc.com\/ta\/?s={search_term_string}"},"query-input":{"@type":"PropertyValueSpecification","valueRequired":true,"valueName":"search_term_string"}}],"inLanguage":"uz-UZ"},{"@type":"Organization","@id":"http:\/\/zim-llc.com\/ta\/#organization","name":"Zigong International Marketing MChJ","url":"http:\/\/zim-llc.com\/ta\/","logo":{"@type":"ImageObject","inLanguage":"uz-UZ","@id":"http:\/\/zim-llc.com\/ta\/#\/schema\/logo\/image\/","url":"https:\/\/zim-llc.com\/wp-content\/uploads\/2020\/06\/6-23-logo-c.jpg","contentUrl":"https:\/\/zim-llc.com\/wp-content\/uploads\/2020\/06\/6-23-logo-c.jpg","width":201,"height":90,"caption":"Zigong International Marketing LLC"},"image":{"@id":"http:\/\/zim-llc.com\/ta\/#\/schema\/logo\/image\/"}}]}},"_links":{"self":[{"href":"https:\/\/zim-llc.com\/uz\/wp-json\/wp\/v2\/pages\/891","targetHints":{"allow":["GET"]}}],"collection":[{"href":"https:\/\/zim-llc.com\/uz\/wp-json\/wp\/v2\/pages"}],"about":[{"href":"https:\/\/zim-llc.com\/uz\/wp-json\/wp\/v2\/types\/page"}],"author":[{"embeddable":true,"href":"https:\/\/zim-llc.com\/uz\/wp-json\/wp\/v2\/users\/4"}],"replies":[{"embeddable":true,"href":"https:\/\/zim-llc.com\/uz\/wp-json\/wp\/v2\/comments?post=891"}],"version-history":[{"count":0,"href":"https:\/\/zim-llc.com\/uz\/wp-json\/wp\/v2\/pages\/891\/revisions"}],"up":[{"embeddable":true,"href":"https:\/\/zim-llc.com\/uz\/wp-json\/wp\/v2\/pages\/871"}],"wp:attachment":[{"href":"https:\/\/zim-llc.com\/uz\/wp-json\/wp\/v2\/media?parent=891"}],"curies":[{"name":"wp","href":"https:\/\/api.w.org\/{rel}","templated":true}]}}