{"id":1258,"date":"2020-06-30T16:21:58","date_gmt":"2020-06-30T16:21:58","guid":{"rendered":"https:\/\/zimllc.wpengine.com\/?page_id=1258"},"modified":"2024-08-27T18:57:35","modified_gmt":"2024-08-27T18:57:35","slug":"cemented-carbide-for-mining-2","status":"publish","type":"page","link":"https:\/\/zim-llc.com\/tr\/cemented-carbides\/cemented-carbide-for-mining-2\/","title":{"rendered":"Madencilik i\u00e7in \u00c7imentolu Karb\u00fcr U\u00e7lar"},"content":{"rendered":"<div class=\"fusion-fullwidth fullwidth-box fusion-builder-row-1 fusion-flex-container has-pattern-background has-mask-background nonhundred-percent-fullwidth non-hundred-percent-height-scrolling\" style=\"--awb-border-radius-top-left:0px;--awb-border-radius-top-right:0px;--awb-border-radius-bottom-right:0px;--awb-border-radius-bottom-left:0px;--awb-padding-right:0px;--awb-padding-left:60px;--awb-background-image:linear-gradient(180deg, #0000 0%,#0000 100%);--awb-flex-wrap:wrap;\" ><div class=\"fusion-builder-row fusion-row fusion-flex-align-items-flex-start fusion-flex-content-wrap\" style=\"max-width:1248px;margin-left: calc(-4% \/ 2 );margin-right: calc(-4% \/ 2 );\"><div class=\"fusion-layout-column fusion_builder_column fusion-builder-column-0 fusion_builder_column_2_3 2_3 fusion-flex-column\" style=\"--awb-bg-size:cover;--awb-width-large:66.6666666667%;--awb-margin-top-large:0px;--awb-spacing-right-large:2.88%;--awb-margin-bottom-large:0px;--awb-spacing-left-large:2.88%;--awb-width-medium:66.6666666667%;--awb-order-medium:0;--awb-spacing-right-medium:2.88%;--awb-spacing-left-medium:2.88%;--awb-width-small:100%;--awb-order-small:0;--awb-spacing-right-small:1.92%;--awb-spacing-left-small:1.92%;\" data-scroll-devices=\"small-visibility,medium-visibility,large-visibility\"><div class=\"fusion-column-wrapper fusion-column-has-shadow fusion-flex-justify-content-flex-start fusion-content-layout-column\"><div class=\"fusion-text fusion-text-1\"><h1>Madencilik i\u00e7in \u00c7imentolu Karb\u00fcr U\u00e7lar<\/h1>\n<p>Tungsten Karb\u00fcrler \u00e7o\u011funlukla \u00e7e\u015fitli madencilik ve in\u015faat ara\u00e7lar\u0131 yapmak i\u00e7in \u00e7\u0131kar\u0131l\u0131r. Madencilik, m\u00fchendislik in\u015faat\u0131, yol in\u015faat\u0131 ve di\u011fer bir\u00e7ok alanda yayg\u0131n olarak kullan\u0131l\u0131rlar.<\/p>\n<p><strong>Frezeleme i\u00e7in Karb\u00fcr U\u00e7lar:<\/strong><\/p>\n<p>Bu tip u\u00e7lar b\u00fcy\u00fck t\u00fcketimli kaya kesme ve frezeleme i\u015flerinde kullan\u0131l\u0131r.<br \/>\n\u2022 Yol frezeleme i\u00e7in karb\u00fcr u\u00e7lar<br \/>\n\u2022 D\u00f6ner matkap te\u00e7hizat\u0131 i\u00e7in karb\u00fcr u\u00e7lar<br \/>\n\u2022 K\u00f6m\u00fcr madencili\u011fi i\u00e7in karb\u00fcr u\u00e7lar\u0131<br \/>\n\u2022 T\u00fcnelleme i\u00e7in karb\u00fcr u\u00e7lar<br \/>\n\u2022 Hendek kazma i\u00e7in karb\u00fcr u\u00e7lar<\/p>\n<p><strong>Delme i\u00e7in Karb\u00fcr U\u00e7lar:<\/strong><\/p>\n<p>Bu t\u00fcr u\u00e7lar, kayada delik a\u00e7mak i\u00e7in darbeli matkapla birlikte kullan\u0131l\u0131r.<br \/>\n\u2022 Kaya delme i\u00e7in karb\u00fcr u\u00e7lar<br \/>\n\u2022 Maden delme i\u00e7in karb\u00fcr u\u00e7lar<br \/>\n\u2022 \u00dc\u00e7 konili u\u00e7lar i\u00e7in karb\u00fcr u\u00e7lar<br \/>\n\u2022 Kaya delme u\u00e7lar\u0131 i\u00e7in karb\u00fcr u\u00e7lar<br \/>\n\u2022 Petrol sondaj\u0131 i\u00e7in karb\u00fcr u\u00e7lar \u00fc\u00e7 konili u\u00e7lar<\/p>\n<p><strong>Elmas alt tabaka<\/strong><br \/>\n\u2022 Jeolojik Arama \u0130\u00e7in Karb\u00fcr U\u00e7lar\u0131<\/p>\n<\/div><\/div><\/div><div class=\"fusion-layout-column fusion_builder_column fusion-builder-column-1 fusion_builder_column_1_4 1_4 fusion-flex-column\" style=\"--awb-bg-size:cover;--awb-width-large:25%;--awb-margin-top-large:0px;--awb-spacing-right-large:7.68%;--awb-margin-bottom-large:0px;--awb-spacing-left-large:7.68%;--awb-width-medium:25%;--awb-order-medium:0;--awb-spacing-right-medium:7.68%;--awb-spacing-left-medium:7.68%;--awb-width-small:100%;--awb-order-small:0;--awb-spacing-right-small:1.92%;--awb-spacing-left-small:1.92%;\" data-scroll-devices=\"small-visibility,medium-visibility,large-visibility\"><div class=\"fusion-column-wrapper fusion-column-has-shadow fusion-flex-justify-content-flex-start fusion-content-layout-column\"><div class=\"fusion-separator fusion-full-width-sep\" style=\"align-self: center;margin-left: auto;margin-right: auto;margin-bottom:20px;width:100%;\"><\/div><div class=\"fusion-text fusion-text-2\">\n\t\t<div id=\"wppdfemb-frame-container-0\" style=\"-webkit-overflow-scrolling:auto;\">\n\t\t\t<iframe src=\"https:\/\/zim-llc.com\/tr\/?url=https:\/\/zim-llc.com\/wp-content\/uploads\/2024\/04\/Mining-Carbide-2016.pdf&#038;toolbarfixed=on&#038;index=1&#038;pdfID=0\"\n\t\t\t\tid=\"wppdf-emb-iframe-0\"\n\t\t\t\tdata-pdf-index=\"1\"\n\t\t\t\tclass=\"pdfembed-iframe nonfullscreen\"\n\t\t\t\tstyle=\"border:none;width:100%;max-width:250px;min-height:350px\"\n\t\t\t\tscrolling=\"yes\">\n\t\t\t<\/iframe>\n\t\t<\/div>\n\n\t\t\n<\/div><\/div><\/div><\/div><\/div>","protected":false},"excerpt":{"rendered":"","protected":false},"author":4,"featured_media":0,"parent":873,"menu_order":4,"comment_status":"closed","ping_status":"closed","template":"","meta":{"footnotes":""},"class_list":["post-1258","page","type-page","status-publish","hentry"],"yoast_head":"<!-- This site is optimized with the Yoast SEO plugin v27.3 - https:\/\/yoast.com\/product\/yoast-seo-wordpress\/ -->\n<title>Cemented Carbide Inserts for Mining - Zigong International Marketing, LLC<\/title>\n<meta name=\"description\" content=\"Tungsten Carbides are mainly mined for making various mining and construction tools.\" \/>\n<meta name=\"robots\" content=\"index, follow, max-snippet:-1, max-image-preview:large, max-video-preview:-1\" \/>\n<link rel=\"canonical\" href=\"https:\/\/zim-llc.com\/tr\/cemented-carbides\/cemented-carbide-for-mining-2\/\" \/>\n<meta property=\"og:locale\" content=\"tr_TR\" \/>\n<meta property=\"og:type\" content=\"article\" \/>\n<meta property=\"og:title\" content=\"Cemented Carbide Inserts for Mining - Zigong International Marketing, LLC\" \/>\n<meta property=\"og:description\" content=\"Tungsten Carbides are mainly mined for making various mining and construction tools.\" \/>\n<meta property=\"og:url\" content=\"https:\/\/zim-llc.com\/tr\/cemented-carbides\/cemented-carbide-for-mining-2\/\" \/>\n<meta property=\"og:site_name\" content=\"Zigong International Marketing, LLC\" \/>\n<meta property=\"article:modified_time\" content=\"2024-08-27T18:57:35+00:00\" \/>\n<meta name=\"twitter:card\" content=\"summary_large_image\" \/>\n<meta name=\"twitter:label1\" content=\"Tahmini okuma s\u00fcresi\" \/>\n\t<meta name=\"twitter:data1\" content=\"1 dakika\" \/>\n<script type=\"application\/ld+json\" class=\"yoast-schema-graph\">{\"@context\":\"https:\\\/\\\/schema.org\",\"@graph\":[{\"@type\":\"WebPage\",\"@id\":\"https:\\\/\\\/zim-llc.com\\\/te\\\/cemented-carbides\\\/cemented-carbide-for-mining-2\\\/\",\"url\":\"https:\\\/\\\/zim-llc.com\\\/te\\\/cemented-carbides\\\/cemented-carbide-for-mining-2\\\/\",\"name\":\"Cemented Carbide Inserts for Mining - Zigong International Marketing, LLC\",\"isPartOf\":{\"@id\":\"https:\\\/\\\/zim-llc.com\\\/vi\\\/#website\"},\"datePublished\":\"2020-06-30T16:21:58+00:00\",\"dateModified\":\"2024-08-27T18:57:35+00:00\",\"description\":\"Tungsten Carbides are mainly mined for making various mining and construction tools.\",\"breadcrumb\":{\"@id\":\"https:\\\/\\\/zim-llc.com\\\/te\\\/cemented-carbides\\\/cemented-carbide-for-mining-2\\\/#breadcrumb\"},\"inLanguage\":\"tr\",\"potentialAction\":[{\"@type\":\"ReadAction\",\"target\":[\"https:\\\/\\\/zim-llc.com\\\/te\\\/cemented-carbides\\\/cemented-carbide-for-mining-2\\\/\"]}]},{\"@type\":\"BreadcrumbList\",\"@id\":\"https:\\\/\\\/zim-llc.com\\\/te\\\/cemented-carbides\\\/cemented-carbide-for-mining-2\\\/#breadcrumb\",\"itemListElement\":[{\"@type\":\"ListItem\",\"position\":1,\"name\":\"Home\",\"item\":\"https:\\\/\\\/zim-llc.com\\\/sv\\\/\"},{\"@type\":\"ListItem\",\"position\":2,\"name\":\"Cemented Carbides\",\"item\":\"https:\\\/\\\/zim-llc.com\\\/el\\\/cemented-carbides\\\/\"},{\"@type\":\"ListItem\",\"position\":3,\"name\":\"Cemented Carbide Inserts for Mining\"}]},{\"@type\":\"WebSite\",\"@id\":\"https:\\\/\\\/zim-llc.com\\\/vi\\\/#website\",\"url\":\"https:\\\/\\\/zim-llc.com\\\/vi\\\/\",\"name\":\"Zigong International Marketing, LLC\",\"description\":\"\",\"publisher\":{\"@id\":\"https:\\\/\\\/zim-llc.com\\\/vi\\\/#organization\"},\"potentialAction\":[{\"@type\":\"SearchAction\",\"target\":{\"@type\":\"EntryPoint\",\"urlTemplate\":\"https:\\\/\\\/zim-llc.com\\\/vi\\\/?s={search_term_string}\"},\"query-input\":{\"@type\":\"PropertyValueSpecification\",\"valueRequired\":true,\"valueName\":\"search_term_string\"}}],\"inLanguage\":\"tr\"},{\"@type\":\"Organization\",\"@id\":\"https:\\\/\\\/zim-llc.com\\\/vi\\\/#organization\",\"name\":\"Zigong International Marketing LLC\",\"url\":\"https:\\\/\\\/zim-llc.com\\\/vi\\\/\",\"logo\":{\"@type\":\"ImageObject\",\"inLanguage\":\"tr\",\"@id\":\"https:\\\/\\\/zim-llc.com\\\/vi\\\/#\\\/schema\\\/logo\\\/image\\\/\",\"url\":\"https:\\\/\\\/zim-llc.com\\\/wp-content\\\/uploads\\\/2020\\\/06\\\/6-23-logo-c.jpg\",\"contentUrl\":\"https:\\\/\\\/zim-llc.com\\\/wp-content\\\/uploads\\\/2020\\\/06\\\/6-23-logo-c.jpg\",\"width\":201,\"height\":90,\"caption\":\"Zigong International Marketing LLC\"},\"image\":{\"@id\":\"https:\\\/\\\/zim-llc.com\\\/vi\\\/#\\\/schema\\\/logo\\\/image\\\/\"}}]}<\/script>\n<!-- \/ Yoast SEO plugin. -->","yoast_head_json":{"title":"Cemented Carbide Inserts for Mining - Zigong International Marketing, LLC","description":"Tungsten Carbides are mainly mined for making various mining and construction tools.","robots":{"index":"index","follow":"follow","max-snippet":"max-snippet:-1","max-image-preview":"max-image-preview:large","max-video-preview":"max-video-preview:-1"},"canonical":"https:\/\/zim-llc.com\/tr\/cemented-carbides\/cemented-carbide-for-mining-2\/","og_locale":"tr_TR","og_type":"article","og_title":"Cemented Carbide Inserts for Mining - Zigong International Marketing, LLC","og_description":"Tungsten Carbides are mainly mined for making various mining and construction tools.","og_url":"https:\/\/zim-llc.com\/tr\/cemented-carbides\/cemented-carbide-for-mining-2\/","og_site_name":"Zigong International Marketing, LLC","article_modified_time":"2024-08-27T18:57:35+00:00","twitter_card":"summary_large_image","twitter_misc":{"Tahmini okuma s\u00fcresi":"1 dakika"},"schema":{"@context":"https:\/\/schema.org","@graph":[{"@type":"WebPage","@id":"https:\/\/zim-llc.com\/te\/cemented-carbides\/cemented-carbide-for-mining-2\/","url":"https:\/\/zim-llc.com\/te\/cemented-carbides\/cemented-carbide-for-mining-2\/","name":"Cemented Carbide Inserts for Mining - Zigong International Marketing, LLC","isPartOf":{"@id":"https:\/\/zim-llc.com\/vi\/#website"},"datePublished":"2020-06-30T16:21:58+00:00","dateModified":"2024-08-27T18:57:35+00:00","description":"Tungsten Carbides are mainly mined for making various mining and construction tools.","breadcrumb":{"@id":"https:\/\/zim-llc.com\/te\/cemented-carbides\/cemented-carbide-for-mining-2\/#breadcrumb"},"inLanguage":"tr","potentialAction":[{"@type":"ReadAction","target":["https:\/\/zim-llc.com\/te\/cemented-carbides\/cemented-carbide-for-mining-2\/"]}]},{"@type":"BreadcrumbList","@id":"https:\/\/zim-llc.com\/te\/cemented-carbides\/cemented-carbide-for-mining-2\/#breadcrumb","itemListElement":[{"@type":"ListItem","position":1,"name":"Home","item":"https:\/\/zim-llc.com\/sv\/"},{"@type":"ListItem","position":2,"name":"Cemented Carbides","item":"https:\/\/zim-llc.com\/el\/cemented-carbides\/"},{"@type":"ListItem","position":3,"name":"Cemented Carbide Inserts for Mining"}]},{"@type":"WebSite","@id":"https:\/\/zim-llc.com\/vi\/#website","url":"https:\/\/zim-llc.com\/vi\/","name":"Zigong International Marketing, LLC","description":"","publisher":{"@id":"https:\/\/zim-llc.com\/vi\/#organization"},"potentialAction":[{"@type":"SearchAction","target":{"@type":"EntryPoint","urlTemplate":"https:\/\/zim-llc.com\/vi\/?s={search_term_string}"},"query-input":{"@type":"PropertyValueSpecification","valueRequired":true,"valueName":"search_term_string"}}],"inLanguage":"tr"},{"@type":"Organization","@id":"https:\/\/zim-llc.com\/vi\/#organization","name":"Zigong Uluslararas\u0131 Pazarlama LLC","url":"https:\/\/zim-llc.com\/vi\/","logo":{"@type":"ImageObject","inLanguage":"tr","@id":"https:\/\/zim-llc.com\/vi\/#\/schema\/logo\/image\/","url":"https:\/\/zim-llc.com\/wp-content\/uploads\/2020\/06\/6-23-logo-c.jpg","contentUrl":"https:\/\/zim-llc.com\/wp-content\/uploads\/2020\/06\/6-23-logo-c.jpg","width":201,"height":90,"caption":"Zigong International Marketing LLC"},"image":{"@id":"https:\/\/zim-llc.com\/vi\/#\/schema\/logo\/image\/"}}]}},"_links":{"self":[{"href":"https:\/\/zim-llc.com\/tr\/wp-json\/wp\/v2\/pages\/1258","targetHints":{"allow":["GET"]}}],"collection":[{"href":"https:\/\/zim-llc.com\/tr\/wp-json\/wp\/v2\/pages"}],"about":[{"href":"https:\/\/zim-llc.com\/tr\/wp-json\/wp\/v2\/types\/page"}],"author":[{"embeddable":true,"href":"https:\/\/zim-llc.com\/tr\/wp-json\/wp\/v2\/users\/4"}],"replies":[{"embeddable":true,"href":"https:\/\/zim-llc.com\/tr\/wp-json\/wp\/v2\/comments?post=1258"}],"version-history":[{"count":0,"href":"https:\/\/zim-llc.com\/tr\/wp-json\/wp\/v2\/pages\/1258\/revisions"}],"up":[{"embeddable":true,"href":"https:\/\/zim-llc.com\/tr\/wp-json\/wp\/v2\/pages\/873"}],"wp:attachment":[{"href":"https:\/\/zim-llc.com\/tr\/wp-json\/wp\/v2\/media?parent=1258"}],"curies":[{"name":"wp","href":"https:\/\/api.w.org\/{rel}","templated":true}]}}