{"id":861,"date":"2017-04-17T05:44:39","date_gmt":"2017-04-17T05:44:39","guid":{"rendered":"https:\/\/zimllc.wpengine.com\/?page_id=861"},"modified":"2024-04-12T02:57:15","modified_gmt":"2024-04-12T02:57:15","slug":"who-we-are","status":"publish","type":"page","link":"https:\/\/zim-llc.com\/sv\/about\/who-we-are\/","title":{"rendered":"Vilka vi \u00e4r"},"content":{"rendered":"<div class=\"fusion-fullwidth fullwidth-box fusion-builder-row-1 fusion-flex-container has-pattern-background has-mask-background nonhundred-percent-fullwidth non-hundred-percent-height-scrolling\" style=\"--awb-border-radius-top-left:0px;--awb-border-radius-top-right:0px;--awb-border-radius-bottom-right:0px;--awb-border-radius-bottom-left:0px;--awb-background-image:linear-gradient(180deg, #0000 0%,#0000 100%);--awb-flex-wrap:wrap;\" ><div class=\"fusion-builder-row fusion-row fusion-flex-align-items-flex-start fusion-flex-content-wrap\" style=\"max-width:1248px;margin-left: calc(-4% \/ 2 );margin-right: calc(-4% \/ 2 );\"><div class=\"fusion-layout-column fusion_builder_column fusion-builder-column-0 fusion_builder_column_3_4 3_4 fusion-flex-column\" style=\"--awb-padding-left:60px;--awb-bg-size:cover;--awb-width-large:75%;--awb-margin-top-large:0px;--awb-spacing-right-large:2.56%;--awb-margin-bottom-large:0px;--awb-spacing-left-large:2.56%;--awb-width-medium:75%;--awb-order-medium:0;--awb-spacing-right-medium:2.56%;--awb-spacing-left-medium:2.56%;--awb-width-small:100%;--awb-order-small:0;--awb-spacing-right-small:1.92%;--awb-spacing-left-small:1.92%;\" data-scroll-devices=\"small-visibility,medium-visibility,large-visibility\"><div class=\"fusion-column-wrapper fusion-column-has-shadow fusion-flex-justify-content-flex-start fusion-content-layout-column\"><div class=\"fusion-text fusion-text-1\"><h1>Vilka vi \u00e4r<\/h1>\n<p class=\"translation-block\"><span style=\"color: #af2828\">\u2192<\/span> Zigong International Marketing \u00e4r ett dotterbolag till Zigong Cemented Carbide Co., Ltd.<\/p>\n<p class=\"translation-block\"><span style=\"color: #af2828\">\u2192<\/span> ZGCC \u00e4r en k\u00e4rnmedlem i China Minmetals Group, som \u00e4r ett av v\u00e4rldens 500 fr\u00e4msta f\u00f6retag.<\/p>\n<p class=\"translation-block\"><span style=\"color: #af2828\">\u2192<\/span> Det var det f\u00f6rsta hemdesignade och byggda storskaliga tillverkningsf\u00f6retaget f\u00f6r h\u00e5rdmetall i Kina.<\/p>\n<p class=\"translation-block\"><span style=\"color: #af2828\">\u2192<\/span> Vi \u00e4r en p\u00e5litlig leverant\u00f6r av h\u00e5rdbel\u00e4ggningsmaterial med avancerad v\u00e4rldsniv\u00e5 och deras applikationstj\u00e4nster.<\/p>\n<p class=\"translation-block\"><span style=\"color: #af2828\">\u2192<\/span> ZGCC har en ledande position inom tillverkaren av volfram- och molybdenprodukter i Kina.<\/p>\n<h2>Kundservice<\/h2>\n<p class=\"translation-block\"><span style=\"color: #af2828\">\u2192<\/span> <strong>SUPPORT:<\/strong> V\u00e5rt professionella s\u00e4ljteam och tekniska serviceteam h\u00e5ller kontakten med v\u00e5ra kunder. Vi tillhandah\u00e5ller n\u00f6dv\u00e4ndig support f\u00f6r att m\u00f6ta dina specifika produktkrav.<\/p>\n<p class=\"translation-block\"><span style=\"color: #af2828\">\u2192<\/span> <strong>LAGER:<\/strong> Vi f\u00f6rvarar n\u00f6dv\u00e4ndiga lager och vi har distributionscenter p\u00e5 alla huvudmarknader f\u00f6r att ge v\u00e5ra kunder en snabb v\u00e4ndning.<\/p>\n<p class=\"translation-block\"><span style=\"color: #af2828\">\u2192<\/span> <strong>FRAMG\u00c5NG + TILLV\u00c4XT:<\/strong> V\u00e5ra olika nyckelkunder spelar en viktig roll inom alla globala ekonomiska omr\u00e5den. Vi arbetar med dig f\u00f6r att hj\u00e4lpa dig att v\u00e4xa ditt f\u00f6retag.<strong><br><\/strong><\/p>\n<h2>Vad vi tillhandah\u00e5ller till v\u00e5ra kunder<\/h2>\n<p><em><strong>V\u00e5ra kunder \u00e4r v\u00e5rt fokus. Vi str\u00e4var efter att etablera l\u00e5ngsiktiga relationer med v\u00e5ra kunder och att g\u00f6ra ZGCC\/ZIM till deras f\u00f6rstahandsval f\u00f6r v\u00e5ra produkter.<\/strong><\/em><\/p>\n<p>V\u00e5rt uppdrag \u00e4r att f\u00f6rse v\u00e5ra kunder med kvalitetsprodukter och service. Vi samarbetar med v\u00e5ra kunder f\u00f6r att hj\u00e4lpa dem att n\u00e5 sina m\u00e5l och st\u00f6dja hela tillverkningsprocessen. Som ett ansvarsfullt f\u00f6retag arbetar vi f\u00f6r att maximera din aff\u00e4rspotential och aff\u00e4rsm\u00e5l. V\u00e5ra m\u00e5l \u00e4r att bli den ledande tillverkaren och leverant\u00f6ren av allt material av h\u00e5rdmetall, volfram och molybden artiklar globalt under ledning av China Minmentals Group.<\/p>\n<p>Vi utm\u00e4rker oss genom att g\u00f6ra ZGCC till en ledande leverant\u00f6r av vetenskapliga och forskningsm\u00e4ssiga framsteg inom det nya materialomr\u00e5det, och vi beh\u00e5ller ZGCC som en kvalificerad leverant\u00f6r av effektiva l\u00f6sningar till v\u00e5ra kunder. Vi ser fram\u00e5t och str\u00e4var efter framtida framsteg och str\u00e4var st\u00e4ndigt efter att beh\u00e5lla v\u00e5r ledande position inom h\u00e5rdmetall, h\u00e5rdmetall, volfram- och molybdenprodukter och deras marknad. V\u00e5r framtida framg\u00e5ng vilar p\u00e5 den grund som byggts av v\u00e5ra anst\u00e4llda. Vi anstr\u00e4nger oss f\u00f6r att skapa en milj\u00f6 d\u00e4r de kan uppn\u00e5 sina m\u00e5l och bel\u00f6na sina framg\u00e5ngar. Vi beh\u00e5ller ocks\u00e5 ZGCC som ett f\u00f6retag som har ett starkt socialt ansvar gentemot v\u00e5rt samh\u00e4lle.<\/p>\n<\/div><\/div><\/div><\/div><\/div>","protected":false},"excerpt":{"rendered":"","protected":false},"author":4,"featured_media":0,"parent":815,"menu_order":2,"comment_status":"closed","ping_status":"closed","template":"","meta":{"footnotes":""},"class_list":["post-861","page","type-page","status-publish","hentry"],"yoast_head":"<!-- This site is optimized with the Yoast SEO plugin v27.3 - https:\/\/yoast.com\/product\/yoast-seo-wordpress\/ -->\n<title>Who We Are - Zigong International Marketing, LLC<\/title>\n<meta name=\"description\" content=\"Zigong International Marketing is a subsidiary of Zignong Cemented Carbide Co., Ltd. Core member of China Minmentals Group.\" \/>\n<meta name=\"robots\" content=\"index, follow, max-snippet:-1, max-image-preview:large, max-video-preview:-1\" \/>\n<link rel=\"canonical\" href=\"https:\/\/zim-llc.com\/sv\/about\/who-we-are\/\" \/>\n<meta property=\"og:locale\" content=\"sv_SE\" \/>\n<meta property=\"og:type\" content=\"article\" \/>\n<meta property=\"og:title\" content=\"Who We Are - Zigong International Marketing, LLC\" \/>\n<meta property=\"og:description\" content=\"Zigong International Marketing is a subsidiary of Zignong Cemented Carbide Co., Ltd. Core member of China Minmentals Group.\" \/>\n<meta property=\"og:url\" content=\"https:\/\/zim-llc.com\/sv\/about\/who-we-are\/\" \/>\n<meta property=\"og:site_name\" content=\"Zigong International Marketing, LLC\" \/>\n<meta property=\"article:modified_time\" content=\"2024-04-12T02:57:15+00:00\" \/>\n<meta name=\"twitter:card\" content=\"summary_large_image\" \/>\n<meta name=\"twitter:label1\" content=\"Ber\u00e4knad l\u00e4stid\" \/>\n\t<meta name=\"twitter:data1\" content=\"4 minuter\" \/>\n<script type=\"application\/ld+json\" class=\"yoast-schema-graph\">{\"@context\":\"https:\\\/\\\/schema.org\",\"@graph\":[{\"@type\":\"WebPage\",\"@id\":\"https:\\\/\\\/zim-llc.com\\\/pa\\\/about\\\/who-we-are\\\/\",\"url\":\"https:\\\/\\\/zim-llc.com\\\/pa\\\/about\\\/who-we-are\\\/\",\"name\":\"Who We Are - Zigong International Marketing, LLC\",\"isPartOf\":{\"@id\":\"http:\\\/\\\/zim-llc.com\\\/id\\\/#website\"},\"datePublished\":\"2017-04-17T05:44:39+00:00\",\"dateModified\":\"2024-04-12T02:57:15+00:00\",\"description\":\"Zigong International Marketing is a subsidiary of Zignong Cemented Carbide Co., Ltd. Core member of China Minmentals Group.\",\"breadcrumb\":{\"@id\":\"https:\\\/\\\/zim-llc.com\\\/pa\\\/about\\\/who-we-are\\\/#breadcrumb\"},\"inLanguage\":\"sv-SE\",\"potentialAction\":[{\"@type\":\"ReadAction\",\"target\":[\"https:\\\/\\\/zim-llc.com\\\/pa\\\/about\\\/who-we-are\\\/\"]}]},{\"@type\":\"BreadcrumbList\",\"@id\":\"https:\\\/\\\/zim-llc.com\\\/pa\\\/about\\\/who-we-are\\\/#breadcrumb\",\"itemListElement\":[{\"@type\":\"ListItem\",\"position\":1,\"name\":\"Home\",\"item\":\"http:\\\/\\\/zim-llc.com\\\/id\\\/\"},{\"@type\":\"ListItem\",\"position\":2,\"name\":\"About\",\"item\":\"http:\\\/\\\/zim-llc.com\\\/id\\\/about\\\/\"},{\"@type\":\"ListItem\",\"position\":3,\"name\":\"Who We Are\"}]},{\"@type\":\"WebSite\",\"@id\":\"http:\\\/\\\/zim-llc.com\\\/id\\\/#website\",\"url\":\"http:\\\/\\\/zim-llc.com\\\/id\\\/\",\"name\":\"Zigong International Marketing, LLC\",\"description\":\"\",\"publisher\":{\"@id\":\"http:\\\/\\\/zim-llc.com\\\/id\\\/#organization\"},\"potentialAction\":[{\"@type\":\"SearchAction\",\"target\":{\"@type\":\"EntryPoint\",\"urlTemplate\":\"http:\\\/\\\/zim-llc.com\\\/id\\\/?s={search_term_string}\"},\"query-input\":{\"@type\":\"PropertyValueSpecification\",\"valueRequired\":true,\"valueName\":\"search_term_string\"}}],\"inLanguage\":\"sv-SE\"},{\"@type\":\"Organization\",\"@id\":\"http:\\\/\\\/zim-llc.com\\\/id\\\/#organization\",\"name\":\"Zigong International Marketing LLC\",\"url\":\"http:\\\/\\\/zim-llc.com\\\/id\\\/\",\"logo\":{\"@type\":\"ImageObject\",\"inLanguage\":\"sv-SE\",\"@id\":\"http:\\\/\\\/zim-llc.com\\\/id\\\/#\\\/schema\\\/logo\\\/image\\\/\",\"url\":\"https:\\\/\\\/zim-llc.com\\\/wp-content\\\/uploads\\\/2020\\\/06\\\/6-23-logo-c.jpg\",\"contentUrl\":\"https:\\\/\\\/zim-llc.com\\\/wp-content\\\/uploads\\\/2020\\\/06\\\/6-23-logo-c.jpg\",\"width\":201,\"height\":90,\"caption\":\"Zigong International Marketing LLC\"},\"image\":{\"@id\":\"http:\\\/\\\/zim-llc.com\\\/id\\\/#\\\/schema\\\/logo\\\/image\\\/\"}}]}<\/script>\n<!-- \/ Yoast SEO plugin. -->","yoast_head_json":{"title":"Who We Are - Zigong International Marketing, LLC","description":"Zigong International Marketing is a subsidiary of Zignong Cemented Carbide Co., Ltd. Core member of China Minmentals Group.","robots":{"index":"index","follow":"follow","max-snippet":"max-snippet:-1","max-image-preview":"max-image-preview:large","max-video-preview":"max-video-preview:-1"},"canonical":"https:\/\/zim-llc.com\/sv\/about\/who-we-are\/","og_locale":"sv_SE","og_type":"article","og_title":"Who We Are - Zigong International Marketing, LLC","og_description":"Zigong International Marketing is a subsidiary of Zignong Cemented Carbide Co., Ltd. Core member of China Minmentals Group.","og_url":"https:\/\/zim-llc.com\/sv\/about\/who-we-are\/","og_site_name":"Zigong International Marketing, LLC","article_modified_time":"2024-04-12T02:57:15+00:00","twitter_card":"summary_large_image","twitter_misc":{"Ber\u00e4knad l\u00e4stid":"4 minuter"},"schema":{"@context":"https:\/\/schema.org","@graph":[{"@type":"WebPage","@id":"https:\/\/zim-llc.com\/pa\/about\/who-we-are\/","url":"https:\/\/zim-llc.com\/pa\/about\/who-we-are\/","name":"Who We Are - Zigong International Marketing, LLC","isPartOf":{"@id":"http:\/\/zim-llc.com\/id\/#website"},"datePublished":"2017-04-17T05:44:39+00:00","dateModified":"2024-04-12T02:57:15+00:00","description":"Zigong International Marketing is a subsidiary of Zignong Cemented Carbide Co., Ltd. Core member of China Minmentals Group.","breadcrumb":{"@id":"https:\/\/zim-llc.com\/pa\/about\/who-we-are\/#breadcrumb"},"inLanguage":"sv-SE","potentialAction":[{"@type":"ReadAction","target":["https:\/\/zim-llc.com\/pa\/about\/who-we-are\/"]}]},{"@type":"BreadcrumbList","@id":"https:\/\/zim-llc.com\/pa\/about\/who-we-are\/#breadcrumb","itemListElement":[{"@type":"ListItem","position":1,"name":"Home","item":"http:\/\/zim-llc.com\/id\/"},{"@type":"ListItem","position":2,"name":"About","item":"http:\/\/zim-llc.com\/id\/about\/"},{"@type":"ListItem","position":3,"name":"Who We Are"}]},{"@type":"WebSite","@id":"http:\/\/zim-llc.com\/id\/#website","url":"http:\/\/zim-llc.com\/id\/","name":"Zigong International Marketing, LLC","description":"","publisher":{"@id":"http:\/\/zim-llc.com\/id\/#organization"},"potentialAction":[{"@type":"SearchAction","target":{"@type":"EntryPoint","urlTemplate":"http:\/\/zim-llc.com\/id\/?s={search_term_string}"},"query-input":{"@type":"PropertyValueSpecification","valueRequired":true,"valueName":"search_term_string"}}],"inLanguage":"sv-SE"},{"@type":"Organization","@id":"http:\/\/zim-llc.com\/id\/#organization","name":"Zigong International Marketing LLC","url":"http:\/\/zim-llc.com\/id\/","logo":{"@type":"ImageObject","inLanguage":"sv-SE","@id":"http:\/\/zim-llc.com\/id\/#\/schema\/logo\/image\/","url":"https:\/\/zim-llc.com\/wp-content\/uploads\/2020\/06\/6-23-logo-c.jpg","contentUrl":"https:\/\/zim-llc.com\/wp-content\/uploads\/2020\/06\/6-23-logo-c.jpg","width":201,"height":90,"caption":"Zigong International Marketing LLC"},"image":{"@id":"http:\/\/zim-llc.com\/id\/#\/schema\/logo\/image\/"}}]}},"_links":{"self":[{"href":"https:\/\/zim-llc.com\/sv\/wp-json\/wp\/v2\/pages\/861","targetHints":{"allow":["GET"]}}],"collection":[{"href":"https:\/\/zim-llc.com\/sv\/wp-json\/wp\/v2\/pages"}],"about":[{"href":"https:\/\/zim-llc.com\/sv\/wp-json\/wp\/v2\/types\/page"}],"author":[{"embeddable":true,"href":"https:\/\/zim-llc.com\/sv\/wp-json\/wp\/v2\/users\/4"}],"replies":[{"embeddable":true,"href":"https:\/\/zim-llc.com\/sv\/wp-json\/wp\/v2\/comments?post=861"}],"version-history":[{"count":0,"href":"https:\/\/zim-llc.com\/sv\/wp-json\/wp\/v2\/pages\/861\/revisions"}],"up":[{"embeddable":true,"href":"https:\/\/zim-llc.com\/sv\/wp-json\/wp\/v2\/pages\/815"}],"wp:attachment":[{"href":"https:\/\/zim-llc.com\/sv\/wp-json\/wp\/v2\/media?parent=861"}],"curies":[{"name":"wp","href":"https:\/\/api.w.org\/{rel}","templated":true}]}}