{"id":922,"date":"2017-04-17T06:23:24","date_gmt":"2017-04-17T06:23:24","guid":{"rendered":"https:\/\/zimllc.wpengine.com\/?page_id=922"},"modified":"2024-04-24T16:07:00","modified_gmt":"2024-04-24T16:07:00","slug":"matrix-powder-for-pdc-drill-bits","status":"publish","type":"page","link":"https:\/\/zim-llc.com\/sq\/hardfacing-materials\/matrix-powder-for-pdc-drill-bits\/","title":{"rendered":"Pluhur matric\u00eb p\u00ebr copa shpuese PDC"},"content":{"rendered":"<div class=\"fusion-fullwidth fullwidth-box fusion-builder-row-1 fusion-flex-container has-pattern-background has-mask-background nonhundred-percent-fullwidth non-hundred-percent-height-scrolling\" style=\"--awb-border-color:#0000;--awb-border-radius-top-left:0px;--awb-border-radius-top-right:0px;--awb-border-radius-bottom-right:0px;--awb-border-radius-bottom-left:0px;--awb-padding-left:60px;--awb-background-color:#0000;--awb-background-image:linear-gradient(180deg, #0000 0%,#0000 100%);--awb-flex-wrap:wrap;\" ><div class=\"fusion-builder-row fusion-row fusion-flex-align-items-flex-start fusion-flex-content-wrap\" style=\"max-width:1248px;margin-left: calc(-4% \/ 2 );margin-right: calc(-4% \/ 2 );\"><div class=\"fusion-layout-column fusion_builder_column fusion-builder-column-0 fusion_builder_column_2_3 2_3 fusion-flex-column\" style=\"--awb-bg-size:cover;--awb-width-large:66.6666666667%;--awb-margin-top-large:0px;--awb-spacing-right-large:4.32%;--awb-margin-bottom-large:0px;--awb-spacing-left-large:2.88%;--awb-width-medium:66.6666666667%;--awb-spacing-right-medium:4.32%;--awb-spacing-left-medium:2.88%;--awb-width-small:100%;--awb-spacing-right-small:1.92%;--awb-spacing-left-small:1.92%;\"><div class=\"fusion-column-wrapper fusion-flex-justify-content-flex-start fusion-content-layout-column\"><div class=\"fusion-text fusion-text-1\"><h1>Pluhur matric\u00eb p\u00ebr produktet e copave t\u00eb st\u00ebrvitjes PDC<\/h1>\n<p>Pluhuri i matric\u00ebs PDC p\u00ebrdoret p\u00ebr prodhimin e copave t\u00eb matric\u00ebs PDC. Kombinime t\u00eb ndryshme t\u00eb pluhurit t\u00eb karabit t\u00eb tungstenit t\u00eb derdhur, pluhur karabit tungsteni makrokristalor, pluhur karabit tungsteni t\u00eb derdhur sferik, pluhuri i grimcuar WC-Co dhe fishek\u00ebve t\u00eb karabit t\u00eb \u00e7imentuar p\u00ebrdoren si faza t\u00eb v\u00ebshtira p\u00ebr t&#039;u p\u00ebrzier me pluhurin e nikelit dhe lidhjet e tjera. Pluhuri i matric\u00ebs ka rezistenc\u00eb t\u00eb shk\u00eblqyer t\u00eb kombinuar ndaj konsumit, rezistenc\u00eb ndaj g\u00ebrryerjes dhe rezistenc\u00eb ndaj korrozionit, forc\u00eb t\u00ebrthore t\u00eb k\u00ebputjes. Ju lutemi mos hezitoni t\u00eb na kontaktoni p\u00ebr t\u00eb m\u00ebsuar m\u00eb shum\u00eb detaje.<\/p>\n<p>Kapaciteti vjetor: 300 ton\u00eb metrik\u00eb\/vit<\/p>\n<p><a href=\"https:\/\/zim-llc.com\/sq\/hardfacing-materials\/matrix-powder-for-pdc-drill-bits\/ztc71-series-matrix-powders-for-pdc-bits\/\">\u2192 Pluhurat matric\u00eb t\u00eb Seris\u00eb ZTC71 p\u00ebr bit PDC<\/a><\/p>\n<p><a href=\"https:\/\/zim-llc.com\/sq\/hardfacing-materials\/matrix-powder-for-pdc-drill-bits\/ztc72-series-matrix-powders-for-pdc-bits\/\">\u2192 Pluhurat matric\u00eb t\u00eb Seris\u00eb ZTC72 p\u00ebr bit PDC<\/a><\/p>\n<\/div><\/div><\/div><div class=\"fusion-layout-column fusion_builder_column fusion-builder-column-1 fusion_builder_column_1_3 1_3 fusion-flex-column\" style=\"--awb-bg-size:cover;--awb-width-large:33.3333333333%;--awb-margin-top-large:0px;--awb-spacing-right-large:5.76%;--awb-margin-bottom-large:0px;--awb-spacing-left-large:2.88%;--awb-width-medium:33.3333333333%;--awb-spacing-right-medium:5.76%;--awb-spacing-left-medium:2.88%;--awb-width-small:100%;--awb-spacing-right-small:1.92%;--awb-spacing-left-small:1.92%;\"><div class=\"fusion-column-wrapper fusion-flex-justify-content-flex-start fusion-content-layout-column\"><div class=\"fusion-image-element\" style=\"text-align:center;--awb-caption-title-font-family:var(--h2_typography-font-family);--awb-caption-title-font-weight:var(--h2_typography-font-weight);--awb-caption-title-font-style:var(--h2_typography-font-style);--awb-caption-title-size:var(--h2_typography-font-size);--awb-caption-title-transform:var(--h2_typography-text-transform);--awb-caption-title-line-height:var(--h2_typography-line-height);--awb-caption-title-letter-spacing:var(--h2_typography-letter-spacing);\"><span class=\"fusion-imageframe imageframe-none imageframe-1 hover-type-none\"><img decoding=\"async\" width=\"600\" height=\"600\" title=\"matrica-powders-for-pdc-bits-2-4\" src=\"https:\/\/zim-llc.com\/wp-content\/uploads\/2022\/12\/matrix-powders-for-pdc-bits-2-4.jpg\" alt class=\"img-responsive wp-image-3956\" srcset=\"https:\/\/zim-llc.com\/wp-content\/uploads\/2022\/12\/matrix-powders-for-pdc-bits-2-4-150x150.jpg 150w, https:\/\/zim-llc.com\/wp-content\/uploads\/2022\/12\/matrix-powders-for-pdc-bits-2-4-300x300.jpg 300w, https:\/\/zim-llc.com\/wp-content\/uploads\/2022\/12\/matrix-powders-for-pdc-bits-2-4-350x350.jpg 350w, https:\/\/zim-llc.com\/wp-content\/uploads\/2022\/12\/matrix-powders-for-pdc-bits-2-4.jpg 600w\" sizes=\"(max-width: 600px) 100vw, 600px\" \/><\/span><\/div><\/div><\/div><\/div><\/div>","protected":false},"excerpt":{"rendered":"","protected":false},"author":4,"featured_media":0,"parent":877,"menu_order":6,"comment_status":"closed","ping_status":"closed","template":"","meta":{"footnotes":""},"class_list":["post-922","page","type-page","status-publish","hentry"],"yoast_head":"<!-- This site is optimized with the Yoast SEO plugin v27.5 - https:\/\/yoast.com\/product\/yoast-seo-wordpress\/ -->\n<title>Matrix Powder for PDC Drill Bits - Zigong International Marketing, LLC<\/title>\n<meta name=\"description\" content=\"Matrix Powder for PDC Drill Bits\" \/>\n<meta name=\"robots\" content=\"index, follow, max-snippet:-1, max-image-preview:large, max-video-preview:-1\" \/>\n<link rel=\"canonical\" href=\"https:\/\/zim-llc.com\/sq\/hardfacing-materials\/matrix-powder-for-pdc-drill-bits\/\" \/>\n<meta property=\"og:locale\" content=\"sq_AL\" \/>\n<meta property=\"og:type\" content=\"article\" \/>\n<meta property=\"og:title\" content=\"Matrix Powder for PDC Drill Bits - Zigong International Marketing, LLC\" \/>\n<meta property=\"og:description\" content=\"Matrix Powder for PDC Drill Bits\" \/>\n<meta property=\"og:url\" content=\"https:\/\/zim-llc.com\/sq\/hardfacing-materials\/matrix-powder-for-pdc-drill-bits\/\" \/>\n<meta property=\"og:site_name\" content=\"Zigong International Marketing, LLC\" \/>\n<meta property=\"article:modified_time\" content=\"2024-04-24T16:07:00+00:00\" \/>\n<meta name=\"twitter:card\" content=\"summary_large_image\" \/>\n<meta name=\"twitter:label1\" content=\"Est. reading time\" \/>\n\t<meta name=\"twitter:data1\" content=\"1 minut\u00eb\" \/>\n<script type=\"application\/ld+json\" class=\"yoast-schema-graph\">{\"@context\":\"https:\\\/\\\/schema.org\",\"@graph\":[{\"@type\":\"WebPage\",\"@id\":\"https:\\\/\\\/zim-llc.com\\\/gl\\\/hardfacing-materials\\\/matrix-powder-for-pdc-drill-bits\\\/\",\"url\":\"https:\\\/\\\/zim-llc.com\\\/gl\\\/hardfacing-materials\\\/matrix-powder-for-pdc-drill-bits\\\/\",\"name\":\"Matrix Powder for PDC Drill Bits - Zigong International Marketing, LLC\",\"isPartOf\":{\"@id\":\"http:\\\/\\\/zim-llc.com\\\/lt\\\/#website\"},\"datePublished\":\"2017-04-17T06:23:24+00:00\",\"dateModified\":\"2024-04-24T16:07:00+00:00\",\"description\":\"Matrix Powder for PDC Drill Bits\",\"breadcrumb\":{\"@id\":\"https:\\\/\\\/zim-llc.com\\\/gl\\\/hardfacing-materials\\\/matrix-powder-for-pdc-drill-bits\\\/#breadcrumb\"},\"inLanguage\":\"sq\",\"potentialAction\":[{\"@type\":\"ReadAction\",\"target\":[\"https:\\\/\\\/zim-llc.com\\\/gl\\\/hardfacing-materials\\\/matrix-powder-for-pdc-drill-bits\\\/\"]}]},{\"@type\":\"BreadcrumbList\",\"@id\":\"https:\\\/\\\/zim-llc.com\\\/gl\\\/hardfacing-materials\\\/matrix-powder-for-pdc-drill-bits\\\/#breadcrumb\",\"itemListElement\":[{\"@type\":\"ListItem\",\"position\":1,\"name\":\"Home\",\"item\":\"http:\\\/\\\/zim-llc.com\\\/lt\\\/\"},{\"@type\":\"ListItem\",\"position\":2,\"name\":\"Hardfacing Materials\",\"item\":\"https:\\\/\\\/zim-llc.com\\\/gl\\\/hardfacing-materials\\\/\"},{\"@type\":\"ListItem\",\"position\":3,\"name\":\"Matrix Powder for PDC Drill Bits\"}]},{\"@type\":\"WebSite\",\"@id\":\"http:\\\/\\\/zim-llc.com\\\/lt\\\/#website\",\"url\":\"http:\\\/\\\/zim-llc.com\\\/lt\\\/\",\"name\":\"Zigong International Marketing, LLC\",\"description\":\"\",\"publisher\":{\"@id\":\"http:\\\/\\\/zim-llc.com\\\/lt\\\/#organization\"},\"potentialAction\":[{\"@type\":\"SearchAction\",\"target\":{\"@type\":\"EntryPoint\",\"urlTemplate\":\"http:\\\/\\\/zim-llc.com\\\/lt\\\/?s={search_term_string}\"},\"query-input\":{\"@type\":\"PropertyValueSpecification\",\"valueRequired\":true,\"valueName\":\"search_term_string\"}}],\"inLanguage\":\"sq\"},{\"@type\":\"Organization\",\"@id\":\"http:\\\/\\\/zim-llc.com\\\/lt\\\/#organization\",\"name\":\"Zigong International Marketing LLC\",\"url\":\"http:\\\/\\\/zim-llc.com\\\/lt\\\/\",\"logo\":{\"@type\":\"ImageObject\",\"inLanguage\":\"sq\",\"@id\":\"http:\\\/\\\/zim-llc.com\\\/lt\\\/#\\\/schema\\\/logo\\\/image\\\/\",\"url\":\"https:\\\/\\\/zim-llc.com\\\/wp-content\\\/uploads\\\/2020\\\/06\\\/6-23-logo-c.jpg\",\"contentUrl\":\"https:\\\/\\\/zim-llc.com\\\/wp-content\\\/uploads\\\/2020\\\/06\\\/6-23-logo-c.jpg\",\"width\":201,\"height\":90,\"caption\":\"Zigong International Marketing LLC\"},\"image\":{\"@id\":\"http:\\\/\\\/zim-llc.com\\\/lt\\\/#\\\/schema\\\/logo\\\/image\\\/\"}}]}<\/script>\n<!-- \/ Yoast SEO plugin. -->","yoast_head_json":{"title":"Matrix Powder for PDC Drill Bits - Zigong International Marketing, LLC","description":"Pluhur matric\u00eb p\u00ebr copa shpuese PDC","robots":{"index":"index","follow":"follow","max-snippet":"max-snippet:-1","max-image-preview":"max-image-preview:large","max-video-preview":"max-video-preview:-1"},"canonical":"https:\/\/zim-llc.com\/sq\/hardfacing-materials\/matrix-powder-for-pdc-drill-bits\/","og_locale":"sq_AL","og_type":"article","og_title":"Matrix Powder for PDC Drill Bits - Zigong International Marketing, LLC","og_description":"Matrix Powder for PDC Drill Bits","og_url":"https:\/\/zim-llc.com\/sq\/hardfacing-materials\/matrix-powder-for-pdc-drill-bits\/","og_site_name":"Zigong International Marketing, LLC","article_modified_time":"2024-04-24T16:07:00+00:00","twitter_card":"summary_large_image","twitter_misc":{"Est. reading time":"1 minut\u00eb"},"schema":{"@context":"https:\/\/schema.org","@graph":[{"@type":"WebPage","@id":"https:\/\/zim-llc.com\/gl\/hardfacing-materials\/matrix-powder-for-pdc-drill-bits\/","url":"https:\/\/zim-llc.com\/gl\/hardfacing-materials\/matrix-powder-for-pdc-drill-bits\/","name":"Matrix Powder for PDC Drill Bits - Zigong International Marketing, LLC","isPartOf":{"@id":"http:\/\/zim-llc.com\/lt\/#website"},"datePublished":"2017-04-17T06:23:24+00:00","dateModified":"2024-04-24T16:07:00+00:00","description":"Pluhur matric\u00eb p\u00ebr copa shpuese PDC","breadcrumb":{"@id":"https:\/\/zim-llc.com\/gl\/hardfacing-materials\/matrix-powder-for-pdc-drill-bits\/#breadcrumb"},"inLanguage":"sq","potentialAction":[{"@type":"ReadAction","target":["https:\/\/zim-llc.com\/gl\/hardfacing-materials\/matrix-powder-for-pdc-drill-bits\/"]}]},{"@type":"BreadcrumbList","@id":"https:\/\/zim-llc.com\/gl\/hardfacing-materials\/matrix-powder-for-pdc-drill-bits\/#breadcrumb","itemListElement":[{"@type":"ListItem","position":1,"name":"Home","item":"http:\/\/zim-llc.com\/lt\/"},{"@type":"ListItem","position":2,"name":"Hardfacing Materials","item":"https:\/\/zim-llc.com\/gl\/hardfacing-materials\/"},{"@type":"ListItem","position":3,"name":"Matrix Powder for PDC Drill Bits"}]},{"@type":"WebSite","@id":"http:\/\/zim-llc.com\/lt\/#website","url":"http:\/\/zim-llc.com\/lt\/","name":"Zigong International Marketing, LLC","description":"","publisher":{"@id":"http:\/\/zim-llc.com\/lt\/#organization"},"potentialAction":[{"@type":"SearchAction","target":{"@type":"EntryPoint","urlTemplate":"http:\/\/zim-llc.com\/lt\/?s={search_term_string}"},"query-input":{"@type":"PropertyValueSpecification","valueRequired":true,"valueName":"search_term_string"}}],"inLanguage":"sq"},{"@type":"Organization","@id":"http:\/\/zim-llc.com\/lt\/#organization","name":"Zigong International Marketing LLC","url":"http:\/\/zim-llc.com\/lt\/","logo":{"@type":"ImageObject","inLanguage":"sq","@id":"http:\/\/zim-llc.com\/lt\/#\/schema\/logo\/image\/","url":"https:\/\/zim-llc.com\/wp-content\/uploads\/2020\/06\/6-23-logo-c.jpg","contentUrl":"https:\/\/zim-llc.com\/wp-content\/uploads\/2020\/06\/6-23-logo-c.jpg","width":201,"height":90,"caption":"Zigong International Marketing LLC"},"image":{"@id":"http:\/\/zim-llc.com\/lt\/#\/schema\/logo\/image\/"}}]}},"_links":{"self":[{"href":"https:\/\/zim-llc.com\/sq\/wp-json\/wp\/v2\/pages\/922","targetHints":{"allow":["GET"]}}],"collection":[{"href":"https:\/\/zim-llc.com\/sq\/wp-json\/wp\/v2\/pages"}],"about":[{"href":"https:\/\/zim-llc.com\/sq\/wp-json\/wp\/v2\/types\/page"}],"author":[{"embeddable":true,"href":"https:\/\/zim-llc.com\/sq\/wp-json\/wp\/v2\/users\/4"}],"replies":[{"embeddable":true,"href":"https:\/\/zim-llc.com\/sq\/wp-json\/wp\/v2\/comments?post=922"}],"version-history":[{"count":0,"href":"https:\/\/zim-llc.com\/sq\/wp-json\/wp\/v2\/pages\/922\/revisions"}],"up":[{"embeddable":true,"href":"https:\/\/zim-llc.com\/sq\/wp-json\/wp\/v2\/pages\/877"}],"wp:attachment":[{"href":"https:\/\/zim-llc.com\/sq\/wp-json\/wp\/v2\/media?parent=922"}],"curies":[{"name":"wp","href":"https:\/\/api.w.org\/{rel}","templated":true}]}}