{"id":904,"date":"2020-04-17T06:17:57","date_gmt":"2020-04-17T06:17:57","guid":{"rendered":"https:\/\/zimllc.wpengine.com\/?page_id=904"},"modified":"2024-08-27T20:59:18","modified_gmt":"2024-08-27T20:59:18","slug":"cemented-carbide-rolls","status":"publish","type":"page","link":"https:\/\/zim-llc.com\/sq\/cemented-carbides\/cemented-carbide-rolls\/","title":{"rendered":"Unaza rul karabit t\u00eb \u00e7imentuar"},"content":{"rendered":"<div class=\"fusion-fullwidth fullwidth-box fusion-builder-row-1 fusion-flex-container has-pattern-background has-mask-background nonhundred-percent-fullwidth non-hundred-percent-height-scrolling\" style=\"--awb-border-radius-top-left:0px;--awb-border-radius-top-right:0px;--awb-border-radius-bottom-right:0px;--awb-border-radius-bottom-left:0px;--awb-padding-right:0px;--awb-padding-left:60px;--awb-background-image:linear-gradient(180deg, #0000 0%,#0000 100%);--awb-flex-wrap:wrap;\" ><div class=\"fusion-builder-row fusion-row fusion-flex-align-items-flex-start fusion-flex-content-wrap\" style=\"max-width:1248px;margin-left: calc(-4% \/ 2 );margin-right: calc(-4% \/ 2 );\"><div class=\"fusion-layout-column fusion_builder_column fusion-builder-column-0 fusion_builder_column_2_3 2_3 fusion-flex-column\" style=\"--awb-bg-size:cover;--awb-width-large:66.6666666667%;--awb-margin-top-large:0px;--awb-spacing-right-large:2.88%;--awb-margin-bottom-large:0px;--awb-spacing-left-large:2.88%;--awb-width-medium:66.6666666667%;--awb-order-medium:0;--awb-spacing-right-medium:2.88%;--awb-spacing-left-medium:2.88%;--awb-width-small:100%;--awb-order-small:0;--awb-spacing-right-small:1.92%;--awb-spacing-left-small:1.92%;\" data-scroll-devices=\"small-visibility,medium-visibility,large-visibility\"><div class=\"fusion-column-wrapper fusion-column-has-shadow fusion-flex-justify-content-flex-start fusion-content-layout-column\"><div class=\"fusion-text fusion-text-1\"><h1>Unaza rul karabit t\u00eb \u00e7imentuar<\/h1>\n<p>Linja e prodhimit t\u00eb rrotullave n\u00eb ZGCC ka adoptuar procesin e p\u00ebrdit\u00ebsuar t\u00eb parafin\u00ebs duke u kombinuar me sistemin dixhital t\u00eb p\u00ebrzierjes dhe teknologjin\u00eb e sp\u00ebrkatjes dhe tharjes p\u00ebr t\u00eb siguruar cil\u00ebsin\u00eb e pluhurit t\u00eb klas\u00ebs p\u00ebr rrotullat e karabit t\u00eb \u00e7imentuar. Me mb\u00ebshtetjen e pajisjeve moderne t\u00eb prodhimit, si presa Alfa 500 dhe 1000 ton, furrat Sintering-HOP, furrat HIP, t\u00eb importuara nga SHBA dhe Gjermania, kjo linj\u00eb mund t\u00eb prodhoj\u00eb shum\u00eb lloje t\u00eb boshll\u00ebqeve me rrotulla me t\u00eb p\u00ebrmir\u00ebsuara. mikrostrukturat dhe vetit\u00eb. P\u00ebr shkak t\u00eb p\u00ebrdorimit t\u00eb makinave bluar\u00ebse speciale Wendt dhe makinave bluar\u00ebse me groove nga Gjermania, sakt\u00ebsia dimensionale e rrotullave t\u00eb p\u00ebrfunduara \u00ebsht\u00eb e garantuar. Me njohurit\u00eb tona teknike t\u00eb pronarit n\u00eb prodhimin e rrotullave t\u00eb karabit t\u00eb \u00e7imentuar dhe standardet e duhura t\u00eb cil\u00ebsis\u00eb Q\/62071126-8J1801-2010 dhe Q\/62071126-8K003-2009, ju garantohen produkte me cil\u00ebsi t\u00eb lart\u00eb.<\/p>\n<p>Ne kemi dy lloje t\u00eb materialit t\u00eb cil\u00ebsis\u00eb s\u00eb optimizuar, ZY dhe ZY-A, me m\u00eb shum\u00eb se 20 nota t\u00eb disponueshme p\u00ebr prodhimin e llojeve t\u00eb ndryshme t\u00eb shufrave karabit. Diametri maksimal i jasht\u00ebm i rrotullave tona t\u00eb karabit t\u00eb \u00e7imentuar mund t\u00eb arrij\u00eb deri n\u00eb 500 mm dhe me nj\u00eb trash\u00ebsi maksimale deri n\u00eb 250 mm. Ne gjithashtu mund t&#039;i p\u00ebrpunojm\u00eb rrotullat e karabit sipas k\u00ebrkes\u00ebs.<\/p>\n<\/div><\/div><\/div><div class=\"fusion-layout-column fusion_builder_column fusion-builder-column-1 fusion_builder_column_1_4 1_4 fusion-flex-column\" style=\"--awb-bg-size:cover;--awb-width-large:25%;--awb-margin-top-large:0px;--awb-spacing-right-large:7.68%;--awb-margin-bottom-large:0px;--awb-spacing-left-large:7.68%;--awb-width-medium:25%;--awb-order-medium:0;--awb-spacing-right-medium:7.68%;--awb-spacing-left-medium:7.68%;--awb-width-small:100%;--awb-order-small:0;--awb-spacing-right-small:1.92%;--awb-spacing-left-small:1.92%;\" data-scroll-devices=\"small-visibility,medium-visibility,large-visibility\"><div class=\"fusion-column-wrapper fusion-column-has-shadow fusion-flex-justify-content-flex-start fusion-content-layout-column\"><div class=\"fusion-separator fusion-full-width-sep\" style=\"align-self: center;margin-left: auto;margin-right: auto;margin-bottom:20px;width:100%;\"><\/div><div class=\"fusion-text fusion-text-2\">\n\t\t<div id=\"wppdfemb-frame-container-5159\" style=\"-webkit-overflow-scrolling:auto;\">\n\t\t\t<iframe src=\"https:\/\/zim-llc.com\/sq\/?url=https:\/\/www.zim-llc.com\/wp-content\/uploads\/2024\/08\/ZGCC-Tungsten-Carbide-Roller-Rings.pdf&#038;title=ZGCC%20Tungsten%20Carbide%20Roller%20Rings&#038;index=1&#038;pdfID=5159\"\n\t\t\t\tid=\"wppdf-emb-iframe-5159\"\n\t\t\t\tdata-pdf-index=\"1\"\n\t\t\t\tclass=\"pdfembed-iframe nonfullscreen\"\n\t\t\t\tstyle=\"border:none;width:100%;max-width:250px;min-height:350px\"\n\t\t\t\tscrolling=\"yes\">\n\t\t\t<\/iframe>\n\t\t<\/div>\n\n\t\t\n<\/div><\/div><\/div><\/div><\/div>","protected":false},"excerpt":{"rendered":"","protected":false},"author":4,"featured_media":0,"parent":873,"menu_order":5,"comment_status":"closed","ping_status":"closed","template":"","meta":{"footnotes":""},"class_list":["post-904","page","type-page","status-publish","hentry"],"yoast_head":"<!-- This site is optimized with the Yoast SEO plugin v27.5 - https:\/\/yoast.com\/product\/yoast-seo-wordpress\/ -->\n<title>Cemented Carbide Roller Rings - Zigong International Marketing, LLC<\/title>\n<meta name=\"description\" content=\"Cemented Carbide Rolls can produce many types of roll blanks with improved microstructures and properties.\" \/>\n<meta name=\"robots\" content=\"index, follow, max-snippet:-1, max-image-preview:large, max-video-preview:-1\" \/>\n<link rel=\"canonical\" href=\"http:\/\/zim-llc.com\/sq\/cemented-carbides\/cemented-carbide-rolls\/\" \/>\n<meta property=\"og:locale\" content=\"sq_AL\" \/>\n<meta property=\"og:type\" content=\"article\" \/>\n<meta property=\"og:title\" content=\"Cemented Carbide Roller Rings - Zigong International Marketing, LLC\" \/>\n<meta property=\"og:description\" content=\"Cemented Carbide Rolls can produce many types of roll blanks with improved microstructures and properties.\" \/>\n<meta property=\"og:url\" content=\"http:\/\/zim-llc.com\/sq\/cemented-carbides\/cemented-carbide-rolls\/\" \/>\n<meta property=\"og:site_name\" content=\"Zigong International Marketing, LLC\" \/>\n<meta property=\"article:modified_time\" content=\"2024-08-27T20:59:18+00:00\" \/>\n<meta name=\"twitter:card\" content=\"summary_large_image\" \/>\n<meta name=\"twitter:label1\" content=\"Est. reading time\" \/>\n\t<meta name=\"twitter:data1\" content=\"1 minut\u00eb\" \/>\n<script type=\"application\/ld+json\" class=\"yoast-schema-graph\">{\"@context\":\"https:\\\/\\\/schema.org\",\"@graph\":[{\"@type\":\"WebPage\",\"@id\":\"http:\\\/\\\/zim-llc.com\\\/cs\\\/cemented-carbides\\\/cemented-carbide-rolls\\\/\",\"url\":\"http:\\\/\\\/zim-llc.com\\\/cs\\\/cemented-carbides\\\/cemented-carbide-rolls\\\/\",\"name\":\"Cemented Carbide Roller Rings - Zigong International Marketing, LLC\",\"isPartOf\":{\"@id\":\"http:\\\/\\\/zim-llc.com\\\/hi\\\/#website\"},\"datePublished\":\"2020-04-17T06:17:57+00:00\",\"dateModified\":\"2024-08-27T20:59:18+00:00\",\"description\":\"Cemented Carbide Rolls can produce many types of roll blanks with improved microstructures and properties.\",\"breadcrumb\":{\"@id\":\"http:\\\/\\\/zim-llc.com\\\/cs\\\/cemented-carbides\\\/cemented-carbide-rolls\\\/#breadcrumb\"},\"inLanguage\":\"sq\",\"potentialAction\":[{\"@type\":\"ReadAction\",\"target\":[\"http:\\\/\\\/zim-llc.com\\\/cs\\\/cemented-carbides\\\/cemented-carbide-rolls\\\/\"]}]},{\"@type\":\"BreadcrumbList\",\"@id\":\"http:\\\/\\\/zim-llc.com\\\/cs\\\/cemented-carbides\\\/cemented-carbide-rolls\\\/#breadcrumb\",\"itemListElement\":[{\"@type\":\"ListItem\",\"position\":1,\"name\":\"Home\",\"item\":\"https:\\\/\\\/zim-llc.com\\\/et\\\/\"},{\"@type\":\"ListItem\",\"position\":2,\"name\":\"Cemented Carbides\",\"item\":\"http:\\\/\\\/zim-llc.com\\\/en\\\/cemented-carbides\\\/\"},{\"@type\":\"ListItem\",\"position\":3,\"name\":\"Cemented Carbide Roller Rings\"}]},{\"@type\":\"WebSite\",\"@id\":\"http:\\\/\\\/zim-llc.com\\\/hi\\\/#website\",\"url\":\"http:\\\/\\\/zim-llc.com\\\/hi\\\/\",\"name\":\"Zigong International Marketing, LLC\",\"description\":\"\",\"publisher\":{\"@id\":\"http:\\\/\\\/zim-llc.com\\\/hi\\\/#organization\"},\"potentialAction\":[{\"@type\":\"SearchAction\",\"target\":{\"@type\":\"EntryPoint\",\"urlTemplate\":\"http:\\\/\\\/zim-llc.com\\\/hi\\\/?s={search_term_string}\"},\"query-input\":{\"@type\":\"PropertyValueSpecification\",\"valueRequired\":true,\"valueName\":\"search_term_string\"}}],\"inLanguage\":\"sq\"},{\"@type\":\"Organization\",\"@id\":\"http:\\\/\\\/zim-llc.com\\\/hi\\\/#organization\",\"name\":\"Zigong International Marketing LLC\",\"url\":\"http:\\\/\\\/zim-llc.com\\\/hi\\\/\",\"logo\":{\"@type\":\"ImageObject\",\"inLanguage\":\"sq\",\"@id\":\"http:\\\/\\\/zim-llc.com\\\/hi\\\/#\\\/schema\\\/logo\\\/image\\\/\",\"url\":\"https:\\\/\\\/zim-llc.com\\\/wp-content\\\/uploads\\\/2020\\\/06\\\/6-23-logo-c.jpg\",\"contentUrl\":\"https:\\\/\\\/zim-llc.com\\\/wp-content\\\/uploads\\\/2020\\\/06\\\/6-23-logo-c.jpg\",\"width\":201,\"height\":90,\"caption\":\"Zigong International Marketing LLC\"},\"image\":{\"@id\":\"http:\\\/\\\/zim-llc.com\\\/hi\\\/#\\\/schema\\\/logo\\\/image\\\/\"}}]}<\/script>\n<!-- \/ Yoast SEO plugin. -->","yoast_head_json":{"title":"Cemented Carbide Roller Rings - Zigong International Marketing, LLC","description":"Cemented Carbide Rolls can produce many types of roll blanks with improved microstructures and properties.","robots":{"index":"index","follow":"follow","max-snippet":"max-snippet:-1","max-image-preview":"max-image-preview:large","max-video-preview":"max-video-preview:-1"},"canonical":"http:\/\/zim-llc.com\/sq\/cemented-carbides\/cemented-carbide-rolls\/","og_locale":"sq_AL","og_type":"article","og_title":"Cemented Carbide Roller Rings - Zigong International Marketing, LLC","og_description":"Cemented Carbide Rolls can produce many types of roll blanks with improved microstructures and properties.","og_url":"http:\/\/zim-llc.com\/sq\/cemented-carbides\/cemented-carbide-rolls\/","og_site_name":"Zigong International Marketing, LLC","article_modified_time":"2024-08-27T20:59:18+00:00","twitter_card":"summary_large_image","twitter_misc":{"Est. reading time":"1 minut\u00eb"},"schema":{"@context":"https:\/\/schema.org","@graph":[{"@type":"WebPage","@id":"http:\/\/zim-llc.com\/cs\/cemented-carbides\/cemented-carbide-rolls\/","url":"http:\/\/zim-llc.com\/cs\/cemented-carbides\/cemented-carbide-rolls\/","name":"Cemented Carbide Roller Rings - Zigong International Marketing, LLC","isPartOf":{"@id":"http:\/\/zim-llc.com\/hi\/#website"},"datePublished":"2020-04-17T06:17:57+00:00","dateModified":"2024-08-27T20:59:18+00:00","description":"Cemented Carbide Rolls can produce many types of roll blanks with improved microstructures and properties.","breadcrumb":{"@id":"http:\/\/zim-llc.com\/cs\/cemented-carbides\/cemented-carbide-rolls\/#breadcrumb"},"inLanguage":"sq","potentialAction":[{"@type":"ReadAction","target":["http:\/\/zim-llc.com\/cs\/cemented-carbides\/cemented-carbide-rolls\/"]}]},{"@type":"BreadcrumbList","@id":"http:\/\/zim-llc.com\/cs\/cemented-carbides\/cemented-carbide-rolls\/#breadcrumb","itemListElement":[{"@type":"ListItem","position":1,"name":"Home","item":"https:\/\/zim-llc.com\/et\/"},{"@type":"ListItem","position":2,"name":"Cemented Carbides","item":"http:\/\/zim-llc.com\/en\/cemented-carbides\/"},{"@type":"ListItem","position":3,"name":"Cemented Carbide Roller Rings"}]},{"@type":"WebSite","@id":"http:\/\/zim-llc.com\/hi\/#website","url":"http:\/\/zim-llc.com\/hi\/","name":"Zigong International Marketing, LLC","description":"","publisher":{"@id":"http:\/\/zim-llc.com\/hi\/#organization"},"potentialAction":[{"@type":"SearchAction","target":{"@type":"EntryPoint","urlTemplate":"http:\/\/zim-llc.com\/hi\/?s={search_term_string}"},"query-input":{"@type":"PropertyValueSpecification","valueRequired":true,"valueName":"search_term_string"}}],"inLanguage":"sq"},{"@type":"Organization","@id":"http:\/\/zim-llc.com\/hi\/#organization","name":"Zigong International Marketing LLC","url":"http:\/\/zim-llc.com\/hi\/","logo":{"@type":"ImageObject","inLanguage":"sq","@id":"http:\/\/zim-llc.com\/hi\/#\/schema\/logo\/image\/","url":"https:\/\/zim-llc.com\/wp-content\/uploads\/2020\/06\/6-23-logo-c.jpg","contentUrl":"https:\/\/zim-llc.com\/wp-content\/uploads\/2020\/06\/6-23-logo-c.jpg","width":201,"height":90,"caption":"Zigong International Marketing LLC"},"image":{"@id":"http:\/\/zim-llc.com\/hi\/#\/schema\/logo\/image\/"}}]}},"_links":{"self":[{"href":"https:\/\/zim-llc.com\/sq\/wp-json\/wp\/v2\/pages\/904","targetHints":{"allow":["GET"]}}],"collection":[{"href":"https:\/\/zim-llc.com\/sq\/wp-json\/wp\/v2\/pages"}],"about":[{"href":"https:\/\/zim-llc.com\/sq\/wp-json\/wp\/v2\/types\/page"}],"author":[{"embeddable":true,"href":"https:\/\/zim-llc.com\/sq\/wp-json\/wp\/v2\/users\/4"}],"replies":[{"embeddable":true,"href":"https:\/\/zim-llc.com\/sq\/wp-json\/wp\/v2\/comments?post=904"}],"version-history":[{"count":0,"href":"https:\/\/zim-llc.com\/sq\/wp-json\/wp\/v2\/pages\/904\/revisions"}],"up":[{"embeddable":true,"href":"https:\/\/zim-llc.com\/sq\/wp-json\/wp\/v2\/pages\/873"}],"wp:attachment":[{"href":"https:\/\/zim-llc.com\/sq\/wp-json\/wp\/v2\/media?parent=904"}],"curies":[{"name":"wp","href":"https:\/\/api.w.org\/{rel}","templated":true}]}}