{"id":2760,"date":"2020-07-13T23:03:28","date_gmt":"2020-07-13T23:03:28","guid":{"rendered":"https:\/\/zimllc.wpengine.com\/?page_id=2760"},"modified":"2024-08-27T19:01:12","modified_gmt":"2024-08-27T19:01:12","slug":"other-tungsten-molybdenum-products","status":"publish","type":"page","link":"https:\/\/zim-llc.com\/sq\/w-mo-products\/other-tungsten-molybdenum-products\/","title":{"rendered":"Produkte t\u00eb tjera t\u00eb tungstenit dhe molibdenit"},"content":{"rendered":"<div class=\"fusion-fullwidth fullwidth-box fusion-builder-row-1 fusion-flex-container has-pattern-background has-mask-background nonhundred-percent-fullwidth non-hundred-percent-height-scrolling\" style=\"--awb-border-radius-top-left:0px;--awb-border-radius-top-right:0px;--awb-border-radius-bottom-right:0px;--awb-border-radius-bottom-left:0px;--awb-padding-left:60px;--awb-background-image:linear-gradient(180deg, #0000 0%,#0000 100%);--awb-flex-wrap:wrap;\" ><div class=\"fusion-builder-row fusion-row fusion-flex-align-items-flex-start fusion-flex-content-wrap\" style=\"max-width:1248px;margin-left: calc(-4% \/ 2 );margin-right: calc(-4% \/ 2 );\"><div class=\"fusion-layout-column fusion_builder_column fusion-builder-column-0 fusion_builder_column_2_3 2_3 fusion-flex-column\" style=\"--awb-bg-size:cover;--awb-width-large:66.6666666667%;--awb-margin-top-large:0px;--awb-spacing-right-large:2.88%;--awb-margin-bottom-large:0px;--awb-spacing-left-large:2.88%;--awb-width-medium:66.6666666667%;--awb-order-medium:0;--awb-spacing-right-medium:2.88%;--awb-spacing-left-medium:2.88%;--awb-width-small:100%;--awb-order-small:0;--awb-spacing-right-small:1.92%;--awb-spacing-left-small:1.92%;\" data-scroll-devices=\"small-visibility,medium-visibility,large-visibility\"><div class=\"fusion-column-wrapper fusion-column-has-shadow fusion-flex-justify-content-flex-start fusion-content-layout-column\"><div class=\"fusion-text fusion-text-1\"><h1>Produkte t\u00eb tjera t\u00eb tungstenit dhe molibdenit<\/h1>\n<p><b>Dep\u00ebrtues i molibdenit<\/b><\/p>\n<p>Penetratori i Molibdenit p\u00ebrdoret p\u00ebr prodhimin e tubave prej \u00e7eliku pa tela, t\u00eb tilla si \u00e7eliku inox, kushinetat dhe \u00e7eliku i aliazhuar me temperatur\u00eb t\u00eb lart\u00eb.<\/p>\n<p><strong>Madh\u00ebsia:<\/strong>\u00a0\u03a6(20,0~200) mm \u00d7 \u03a6(60,0~350) mm<\/p>\n<p><b>Aditiv\u00ebt e tungstenit dhe molibdenit<\/b><\/p>\n<p>Tungsteni p\u00ebrdoret si nj\u00eb shtes\u00eb p\u00ebr prodhimin e \u00e7elikut special. K\u00ebto p\u00ebrfshijn\u00eb kryesisht \u00e7elik me shpejt\u00ebsi t\u00eb lart\u00eb p\u00ebr t\u00eb b\u00ebr\u00eb futje rrotulluese me fort\u00ebsi m\u00eb t\u00eb lart\u00eb dhe rezistenc\u00eb t\u00eb shk\u00eblqyer ndaj konsumit n\u00eb temperatura t\u00eb larta.<\/p>\n<p>Molibden p\u00ebrdoret gjer\u00ebsisht si nj\u00eb shtes\u00eb p\u00ebr prodhimin e llojeve t\u00eb ndryshme t\u00eb \u00e7eliqeve t\u00eb aliazhuara. K\u00ebto p\u00ebrfshijn\u00eb \u00e7elik inox, \u00e7elik rezistent ndaj nxeht\u00ebsis\u00eb, \u00e7elik p\u00ebr vegla, gize, rula, superaliazhe dhe \u00e7elik special. Ai p\u00ebrmir\u00ebson n\u00eb m\u00ebnyr\u00eb dramatike forc\u00ebn e aliazhit t\u00eb \u00e7elikut n\u00eb temperatur\u00eb t\u00eb lart\u00eb, ngurt\u00ebsin\u00eb, rezistenc\u00ebn ndaj konsumit, rezistenc\u00ebn ndaj nxeht\u00ebsis\u00eb dhe rezistenc\u00ebn ndaj korrozionit.<\/p>\n<\/div><\/div><\/div><div class=\"fusion-layout-column fusion_builder_column fusion-builder-column-1 fusion_builder_column_1_3 1_3 fusion-flex-column\" style=\"--awb-bg-size:cover;--awb-width-large:33.3333333333%;--awb-margin-top-large:0px;--awb-spacing-right-large:5.76%;--awb-margin-bottom-large:0px;--awb-spacing-left-large:5.76%;--awb-width-medium:33.3333333333%;--awb-order-medium:0;--awb-spacing-right-medium:5.76%;--awb-spacing-left-medium:5.76%;--awb-width-small:100%;--awb-order-small:0;--awb-spacing-right-small:1.92%;--awb-spacing-left-small:1.92%;\" data-scroll-devices=\"small-visibility,medium-visibility,large-visibility\"><div class=\"fusion-column-wrapper fusion-column-has-shadow fusion-flex-justify-content-flex-start fusion-content-layout-column\"><div class=\"fusion-separator fusion-full-width-sep\" style=\"align-self: center;margin-left: auto;margin-right: auto;margin-bottom:20px;width:100%;\"><\/div><div class=\"fusion-text fusion-text-2\">\n\t\t<div id=\"wppdfemb-frame-container-0\" style=\"-webkit-overflow-scrolling:auto;\">\n\t\t\t<iframe src=\"https:\/\/zim-llc.com\/sq\/?url=https:\/\/zim-llc.com\/wp-content\/uploads\/2024\/04\/Other-Tungsten-and-Molybdenum-products.pdf&#038;toolbarfixed=on&#038;index=1&#038;pdfID=0\"\n\t\t\t\tid=\"wppdf-emb-iframe-0\"\n\t\t\t\tdata-pdf-index=\"1\"\n\t\t\t\tclass=\"pdfembed-iframe nonfullscreen\"\n\t\t\t\tstyle=\"border:none;width:100%;max-width:250px;min-height:350px\"\n\t\t\t\tscrolling=\"yes\">\n\t\t\t<\/iframe>\n\t\t<\/div>\n\n\t\t\n<\/div><\/div><\/div><\/div><\/div>","protected":false},"excerpt":{"rendered":"","protected":false},"author":4,"featured_media":0,"parent":875,"menu_order":8,"comment_status":"closed","ping_status":"closed","template":"","meta":{"footnotes":""},"class_list":["post-2760","page","type-page","status-publish","hentry"],"yoast_head":"<!-- This site is optimized with the Yoast SEO plugin v27.3 - https:\/\/yoast.com\/product\/yoast-seo-wordpress\/ -->\n<title>Other Tungsten &amp; Molybdenum Products - Zigong International Marketing, LLC<\/title>\n<meta name=\"description\" content=\"We offer other Tungsten &amp; Molybdenum Products.\" \/>\n<meta name=\"robots\" content=\"index, follow, max-snippet:-1, max-image-preview:large, max-video-preview:-1\" \/>\n<link rel=\"canonical\" href=\"http:\/\/zim-llc.com\/sq\/w-mo-products\/other-tungsten-molybdenum-products\/\" \/>\n<meta property=\"og:locale\" content=\"sq_AL\" \/>\n<meta property=\"og:type\" content=\"article\" \/>\n<meta property=\"og:title\" content=\"Other Tungsten &amp; Molybdenum Products - Zigong International Marketing, LLC\" \/>\n<meta property=\"og:description\" content=\"We offer other Tungsten &amp; Molybdenum Products.\" \/>\n<meta property=\"og:url\" content=\"http:\/\/zim-llc.com\/sq\/w-mo-products\/other-tungsten-molybdenum-products\/\" \/>\n<meta property=\"og:site_name\" content=\"Zigong International Marketing, LLC\" \/>\n<meta property=\"article:modified_time\" content=\"2024-08-27T19:01:12+00:00\" \/>\n<meta name=\"twitter:card\" content=\"summary_large_image\" \/>\n<meta name=\"twitter:label1\" content=\"Est. reading time\" \/>\n\t<meta name=\"twitter:data1\" content=\"1 minut\u00eb\" \/>\n<script type=\"application\/ld+json\" class=\"yoast-schema-graph\">{\"@context\":\"https:\\\/\\\/schema.org\",\"@graph\":[{\"@type\":\"WebPage\",\"@id\":\"http:\\\/\\\/zim-llc.com\\\/sk\\\/w-mo-products\\\/other-tungsten-molybdenum-products\\\/\",\"url\":\"http:\\\/\\\/zim-llc.com\\\/sk\\\/w-mo-products\\\/other-tungsten-molybdenum-products\\\/\",\"name\":\"Other Tungsten & Molybdenum Products - Zigong International Marketing, LLC\",\"isPartOf\":{\"@id\":\"http:\\\/\\\/zim-llc.com\\\/id\\\/#website\"},\"datePublished\":\"2020-07-13T23:03:28+00:00\",\"dateModified\":\"2024-08-27T19:01:12+00:00\",\"description\":\"We offer other Tungsten & Molybdenum Products.\",\"breadcrumb\":{\"@id\":\"http:\\\/\\\/zim-llc.com\\\/sk\\\/w-mo-products\\\/other-tungsten-molybdenum-products\\\/#breadcrumb\"},\"inLanguage\":\"sq\",\"potentialAction\":[{\"@type\":\"ReadAction\",\"target\":[\"http:\\\/\\\/zim-llc.com\\\/sk\\\/w-mo-products\\\/other-tungsten-molybdenum-products\\\/\"]}]},{\"@type\":\"BreadcrumbList\",\"@id\":\"http:\\\/\\\/zim-llc.com\\\/sk\\\/w-mo-products\\\/other-tungsten-molybdenum-products\\\/#breadcrumb\",\"itemListElement\":[{\"@type\":\"ListItem\",\"position\":1,\"name\":\"Home\",\"item\":\"http:\\\/\\\/zim-llc.com\\\/id\\\/\"},{\"@type\":\"ListItem\",\"position\":2,\"name\":\"W &#038; Mo Products\",\"item\":\"http:\\\/\\\/zim-llc.com\\\/sk\\\/w-mo-products\\\/\"},{\"@type\":\"ListItem\",\"position\":3,\"name\":\"Other Tungsten &#038; Molybdenum Products\"}]},{\"@type\":\"WebSite\",\"@id\":\"http:\\\/\\\/zim-llc.com\\\/id\\\/#website\",\"url\":\"http:\\\/\\\/zim-llc.com\\\/id\\\/\",\"name\":\"Zigong International Marketing, LLC\",\"description\":\"\",\"publisher\":{\"@id\":\"http:\\\/\\\/zim-llc.com\\\/id\\\/#organization\"},\"potentialAction\":[{\"@type\":\"SearchAction\",\"target\":{\"@type\":\"EntryPoint\",\"urlTemplate\":\"http:\\\/\\\/zim-llc.com\\\/id\\\/?s={search_term_string}\"},\"query-input\":{\"@type\":\"PropertyValueSpecification\",\"valueRequired\":true,\"valueName\":\"search_term_string\"}}],\"inLanguage\":\"sq\"},{\"@type\":\"Organization\",\"@id\":\"http:\\\/\\\/zim-llc.com\\\/id\\\/#organization\",\"name\":\"Zigong International Marketing LLC\",\"url\":\"http:\\\/\\\/zim-llc.com\\\/id\\\/\",\"logo\":{\"@type\":\"ImageObject\",\"inLanguage\":\"sq\",\"@id\":\"http:\\\/\\\/zim-llc.com\\\/id\\\/#\\\/schema\\\/logo\\\/image\\\/\",\"url\":\"https:\\\/\\\/zim-llc.com\\\/wp-content\\\/uploads\\\/2020\\\/06\\\/6-23-logo-c.jpg\",\"contentUrl\":\"https:\\\/\\\/zim-llc.com\\\/wp-content\\\/uploads\\\/2020\\\/06\\\/6-23-logo-c.jpg\",\"width\":201,\"height\":90,\"caption\":\"Zigong International Marketing LLC\"},\"image\":{\"@id\":\"http:\\\/\\\/zim-llc.com\\\/id\\\/#\\\/schema\\\/logo\\\/image\\\/\"}}]}<\/script>\n<!-- \/ Yoast SEO plugin. -->","yoast_head_json":{"title":"Other Tungsten & Molybdenum Products - Zigong International Marketing, LLC","description":"We offer other Tungsten & Molybdenum Products.","robots":{"index":"index","follow":"follow","max-snippet":"max-snippet:-1","max-image-preview":"max-image-preview:large","max-video-preview":"max-video-preview:-1"},"canonical":"http:\/\/zim-llc.com\/sq\/w-mo-products\/other-tungsten-molybdenum-products\/","og_locale":"sq_AL","og_type":"article","og_title":"Other Tungsten & Molybdenum Products - Zigong International Marketing, LLC","og_description":"We offer other Tungsten & Molybdenum Products.","og_url":"http:\/\/zim-llc.com\/sq\/w-mo-products\/other-tungsten-molybdenum-products\/","og_site_name":"Zigong International Marketing, LLC","article_modified_time":"2024-08-27T19:01:12+00:00","twitter_card":"summary_large_image","twitter_misc":{"Est. reading time":"1 minut\u00eb"},"schema":{"@context":"https:\/\/schema.org","@graph":[{"@type":"WebPage","@id":"http:\/\/zim-llc.com\/sk\/w-mo-products\/other-tungsten-molybdenum-products\/","url":"http:\/\/zim-llc.com\/sk\/w-mo-products\/other-tungsten-molybdenum-products\/","name":"Other Tungsten & Molybdenum Products - Zigong International Marketing, LLC","isPartOf":{"@id":"http:\/\/zim-llc.com\/id\/#website"},"datePublished":"2020-07-13T23:03:28+00:00","dateModified":"2024-08-27T19:01:12+00:00","description":"We offer other Tungsten & Molybdenum Products.","breadcrumb":{"@id":"http:\/\/zim-llc.com\/sk\/w-mo-products\/other-tungsten-molybdenum-products\/#breadcrumb"},"inLanguage":"sq","potentialAction":[{"@type":"ReadAction","target":["http:\/\/zim-llc.com\/sk\/w-mo-products\/other-tungsten-molybdenum-products\/"]}]},{"@type":"BreadcrumbList","@id":"http:\/\/zim-llc.com\/sk\/w-mo-products\/other-tungsten-molybdenum-products\/#breadcrumb","itemListElement":[{"@type":"ListItem","position":1,"name":"Home","item":"http:\/\/zim-llc.com\/id\/"},{"@type":"ListItem","position":2,"name":"W &#038; Mo Products","item":"http:\/\/zim-llc.com\/sk\/w-mo-products\/"},{"@type":"ListItem","position":3,"name":"Other Tungsten &#038; Molybdenum Products"}]},{"@type":"WebSite","@id":"http:\/\/zim-llc.com\/id\/#website","url":"http:\/\/zim-llc.com\/id\/","name":"Zigong International Marketing, LLC","description":"","publisher":{"@id":"http:\/\/zim-llc.com\/id\/#organization"},"potentialAction":[{"@type":"SearchAction","target":{"@type":"EntryPoint","urlTemplate":"http:\/\/zim-llc.com\/id\/?s={search_term_string}"},"query-input":{"@type":"PropertyValueSpecification","valueRequired":true,"valueName":"search_term_string"}}],"inLanguage":"sq"},{"@type":"Organization","@id":"http:\/\/zim-llc.com\/id\/#organization","name":"Zigong International Marketing LLC","url":"http:\/\/zim-llc.com\/id\/","logo":{"@type":"ImageObject","inLanguage":"sq","@id":"http:\/\/zim-llc.com\/id\/#\/schema\/logo\/image\/","url":"https:\/\/zim-llc.com\/wp-content\/uploads\/2020\/06\/6-23-logo-c.jpg","contentUrl":"https:\/\/zim-llc.com\/wp-content\/uploads\/2020\/06\/6-23-logo-c.jpg","width":201,"height":90,"caption":"Zigong International Marketing LLC"},"image":{"@id":"http:\/\/zim-llc.com\/id\/#\/schema\/logo\/image\/"}}]}},"_links":{"self":[{"href":"https:\/\/zim-llc.com\/sq\/wp-json\/wp\/v2\/pages\/2760","targetHints":{"allow":["GET"]}}],"collection":[{"href":"https:\/\/zim-llc.com\/sq\/wp-json\/wp\/v2\/pages"}],"about":[{"href":"https:\/\/zim-llc.com\/sq\/wp-json\/wp\/v2\/types\/page"}],"author":[{"embeddable":true,"href":"https:\/\/zim-llc.com\/sq\/wp-json\/wp\/v2\/users\/4"}],"replies":[{"embeddable":true,"href":"https:\/\/zim-llc.com\/sq\/wp-json\/wp\/v2\/comments?post=2760"}],"version-history":[{"count":0,"href":"https:\/\/zim-llc.com\/sq\/wp-json\/wp\/v2\/pages\/2760\/revisions"}],"up":[{"embeddable":true,"href":"https:\/\/zim-llc.com\/sq\/wp-json\/wp\/v2\/pages\/875"}],"wp:attachment":[{"href":"https:\/\/zim-llc.com\/sq\/wp-json\/wp\/v2\/media?parent=2760"}],"curies":[{"name":"wp","href":"https:\/\/api.w.org\/{rel}","templated":true}]}}