{"id":902,"date":"2020-04-17T06:17:26","date_gmt":"2020-04-17T06:17:26","guid":{"rendered":"https:\/\/zimllc.wpengine.com\/?page_id=902"},"modified":"2024-08-27T20:32:13","modified_gmt":"2024-08-27T20:32:13","slug":"carbide-precision-parts","status":"publish","type":"page","link":"https:\/\/zim-llc.com\/sk\/cemented-carbides\/carbide-precision-parts\/","title":{"rendered":"Karbidov\u00e9 presn\u00e9 diely"},"content":{"rendered":"<div class=\"fusion-fullwidth fullwidth-box fusion-builder-row-1 fusion-flex-container has-pattern-background has-mask-background nonhundred-percent-fullwidth non-hundred-percent-height-scrolling\" style=\"--awb-border-color:#0000;--awb-border-radius-top-left:0px;--awb-border-radius-top-right:0px;--awb-border-radius-bottom-right:0px;--awb-border-radius-bottom-left:0px;--awb-padding-right:0px;--awb-padding-left:60px;--awb-background-color:#0000;--awb-background-image:linear-gradient(180deg, #0000 0%,#0000 100%);--awb-flex-wrap:wrap;\" ><div class=\"fusion-builder-row fusion-row fusion-flex-align-items-flex-start fusion-flex-content-wrap\" style=\"max-width:1248px;margin-left: calc(-4% \/ 2 );margin-right: calc(-4% \/ 2 );\"><div class=\"fusion-layout-column fusion_builder_column fusion-builder-column-0 fusion_builder_column_2_3 2_3 fusion-flex-column\" style=\"--awb-bg-size:cover;--awb-width-large:66.6666666667%;--awb-margin-top-large:0px;--awb-spacing-right-large:2.88%;--awb-margin-bottom-large:0px;--awb-spacing-left-large:2.88%;--awb-width-medium:66.6666666667%;--awb-order-medium:0;--awb-spacing-right-medium:2.88%;--awb-spacing-left-medium:2.88%;--awb-width-small:100%;--awb-order-small:0;--awb-spacing-right-small:1.92%;--awb-spacing-left-small:1.92%;\" data-scroll-devices=\"small-visibility,medium-visibility,large-visibility\"><div class=\"fusion-column-wrapper fusion-column-has-shadow fusion-flex-justify-content-flex-start fusion-content-layout-column\"><div class=\"fusion-text fusion-text-1\"><h1>Karbidov\u00e9 presn\u00e9 diely<\/h1>\n<p>Presn\u00e9 v\u00fdrobky zo slinut\u00e9ho karbidu maj\u00fa v\u00fdnimo\u010dn\u00e9 mechanick\u00e9 vlastnosti a vlastnosti vysokej odolnosti proti opotrebovaniu a kor\u00f3zii, vysokej rozmerovej presnosti a \u0161pecifikovanej drsnosti povrchu a \u010fal\u0161ie. Polotovary zo slinut\u00e9ho karbidu bud\u00fa br\u00fasen\u00e9 pomocou diamantov\u00e9ho kot\u00fa\u010da a EDM. Bud\u00fa rozrezan\u00e9 na r\u00f4zne komponenty, aby nahradili kovov\u00e9 \u010dasti v zlo\u017eit\u00fdch a nepriazniv\u00fdch pracovn\u00fdch podmienkach, aby sa zv\u00fd\u0161ila \u00fa\u010dinnos\u0165 a pred\u013a\u017eil sa \u017eivotn\u00fd cyklus.<\/p>\n<p class=\"translation-block\">Na\u0161e presn\u00e9 v\u00fdrobky zo slinut\u00e9ho karbidu zah\u0155\u0148aj\u00fa hlavne <strong>axi\u00e1lne obj\u00edmky, tesniace kr\u00fa\u017eky, z\u00e1vitov\u00e9 d\u00fdzy, puzdr\u00e1, ventilov\u00e9 jadr\u00e1, ventilov\u00e9 gule a sedl\u00e1, ventilov\u00e9 kot\u00fa\u010de, ne\u0161tandardn\u00e9 kon\u0161truk\u010dn\u00e9 diely a mechanick\u00e9 komponenty.<\/strong><\/p>\n<p>Presn\u00e9 diely z karbidu sa bud\u00fa pou\u017e\u00edva\u0165 hlavne v ponorn\u00fdch olejov\u00fdch odstrediv\u00fdch \u010derpadl\u00e1ch, ponorn\u00fdch olejov\u00fdch elektrick\u00fdch \u010derpadl\u00e1ch, ponorn\u00fdch odlu\u010dova\u010doch oleja, ponorn\u00fdch olejov\u00fdch chr\u00e1ni\u010doch, kalov\u00fdch \u010derpadl\u00e1ch, ponorn\u00fdch olejov\u00fdch odstredivk\u00e1ch, kalov\u00fdch \u010derpadl\u00e1ch, kyselinovzdorn\u00fdch \u010derpadl\u00e1ch, \u010derpadl\u00e1ch na \u00fapravu odpadov\u00fdch v\u00f4d, \u010derpadl\u00e1ch pitnej vody , PDC vrt\u00e1ky, ku\u017ee\u013eov\u00e9 val\u010dekov\u00e9 korunky, odstrediv\u00e9 \u010derpadl\u00e1 na zdv\u00edhanie oleja, MWD a LWD, vertik\u00e1lne rotuj\u00face vodidl\u00e1 a samo\u010dinne sa aktivuj\u00face oscila\u010dn\u00e9-rota\u010dn\u00e9-pr\u00edklepov\u00e9 v\u0155tacie n\u00e1stroje.<\/p>\n<p>\u2022 \u0160peci\u00e1lny dizajn a v\u00fdvoj materi\u00e1lov<br \/>\n\u2022 Kompletn\u00fd v\u00fdrobn\u00fd proces \u2013 od v\u00fdroby materi\u00e1lov a\u017e po hotov\u00e9 opotrebite\u013en\u00e9 diely<br \/>\n\u2022 Viac ako 20 rokov sk\u00fasenost\u00ed zo spolupr\u00e1ce s medzin\u00e1rodn\u00fdmi spolo\u010dnos\u0165ami poskytuj\u00facimi slu\u017eby v oblasti ropy<br \/>\n\u2022 Pokro\u010dil\u00e9 vybavenie a v\u00fdkonn\u00e9 mo\u017enosti systematick\u00e9ho zabezpe\u010denia<br \/>\n\u2022 \u0160irok\u00fd rozsah kontroly kvality<\/p>\n<\/div><\/div><\/div><div class=\"fusion-layout-column fusion_builder_column fusion-builder-column-1 fusion_builder_column_1_4 1_4 fusion-flex-column\" style=\"--awb-bg-size:cover;--awb-width-large:25%;--awb-margin-top-large:0px;--awb-spacing-right-large:7.68%;--awb-margin-bottom-large:0px;--awb-spacing-left-large:7.68%;--awb-width-medium:25%;--awb-order-medium:0;--awb-spacing-right-medium:7.68%;--awb-spacing-left-medium:7.68%;--awb-width-small:100%;--awb-order-small:0;--awb-spacing-right-small:1.92%;--awb-spacing-left-small:1.92%;\" data-scroll-devices=\"small-visibility,medium-visibility,large-visibility\"><div class=\"fusion-column-wrapper fusion-column-has-shadow fusion-flex-justify-content-flex-start fusion-content-layout-column\"><div class=\"fusion-separator fusion-full-width-sep\" style=\"align-self: center;margin-left: auto;margin-right: auto;margin-bottom:20px;width:100%;\"><\/div><div class=\"fusion-text fusion-text-2\">\n\t\t<div id=\"wppdfemb-frame-container-5154\" style=\"-webkit-overflow-scrolling:auto;\">\n\t\t\t<iframe src=\"https:\/\/zim-llc.com\/sk\/?url=https:\/\/www.zim-llc.com\/wp-content\/uploads\/2024\/08\/Precision-Carbide-Parts.pdf&#038;title=Precision%20Carbide%20Parts&#038;index=1&#038;pdfID=5154\"\n\t\t\t\tid=\"wppdf-emb-iframe-5154\"\n\t\t\t\tdata-pdf-index=\"1\"\n\t\t\t\tclass=\"pdfembed-iframe nonfullscreen\"\n\t\t\t\tstyle=\"border:none;width:100%;max-width:250px;min-height:350px\"\n\t\t\t\tscrolling=\"yes\">\n\t\t\t<\/iframe>\n\t\t<\/div>\n\n\t\t\n<\/div><\/div><\/div><\/div><\/div>","protected":false},"excerpt":{"rendered":"","protected":false},"author":4,"featured_media":0,"parent":873,"menu_order":3,"comment_status":"closed","ping_status":"closed","template":"","meta":{"footnotes":""},"class_list":["post-902","page","type-page","status-publish","hentry"],"yoast_head":"<!-- This site is optimized with the Yoast SEO plugin v27.4 - https:\/\/yoast.com\/product\/yoast-seo-wordpress\/ -->\n<title>Carbide Precision Parts - Zigong International Marketing, LLC<\/title>\n<meta name=\"description\" content=\"Cemented Carbide precision products have exceptional mechanical properties and features of high wear and corrosive resistance, high dimension accuracy, and specified surface roughness.\" \/>\n<meta name=\"robots\" content=\"index, follow, max-snippet:-1, max-image-preview:large, max-video-preview:-1\" \/>\n<link rel=\"canonical\" href=\"https:\/\/zim-llc.com\/sk\/cemented-carbides\/carbide-precision-parts\/\" \/>\n<meta property=\"og:locale\" content=\"sk_SK\" \/>\n<meta property=\"og:type\" content=\"article\" \/>\n<meta property=\"og:title\" content=\"Carbide Precision Parts - Zigong International Marketing, LLC\" \/>\n<meta property=\"og:description\" content=\"Cemented Carbide precision products have exceptional mechanical properties and features of high wear and corrosive resistance, high dimension accuracy, and specified surface roughness.\" \/>\n<meta property=\"og:url\" content=\"https:\/\/zim-llc.com\/sk\/cemented-carbides\/carbide-precision-parts\/\" \/>\n<meta property=\"og:site_name\" content=\"Zigong International Marketing, LLC\" \/>\n<meta property=\"article:modified_time\" content=\"2024-08-27T20:32:13+00:00\" \/>\n<meta name=\"twitter:card\" content=\"summary_large_image\" \/>\n<meta name=\"twitter:label1\" content=\"Predpokladan\u00fd \u010das \u010d\u00edtania\" \/>\n\t<meta name=\"twitter:data1\" content=\"1 min\u00fata\" \/>\n<script type=\"application\/ld+json\" class=\"yoast-schema-graph\">{\"@context\":\"https:\\\/\\\/schema.org\",\"@graph\":[{\"@type\":\"WebPage\",\"@id\":\"https:\\\/\\\/zim-llc.com\\\/hy\\\/cemented-carbides\\\/carbide-precision-parts\\\/\",\"url\":\"https:\\\/\\\/zim-llc.com\\\/hy\\\/cemented-carbides\\\/carbide-precision-parts\\\/\",\"name\":\"Carbide Precision Parts - Zigong International Marketing, LLC\",\"isPartOf\":{\"@id\":\"http:\\\/\\\/zim-llc.com\\\/ta\\\/#website\"},\"datePublished\":\"2020-04-17T06:17:26+00:00\",\"dateModified\":\"2024-08-27T20:32:13+00:00\",\"description\":\"Cemented Carbide precision products have exceptional mechanical properties and features of high wear and corrosive resistance, high dimension accuracy, and specified surface roughness.\",\"breadcrumb\":{\"@id\":\"https:\\\/\\\/zim-llc.com\\\/hy\\\/cemented-carbides\\\/carbide-precision-parts\\\/#breadcrumb\"},\"inLanguage\":\"sk-SK\",\"potentialAction\":[{\"@type\":\"ReadAction\",\"target\":[\"https:\\\/\\\/zim-llc.com\\\/hy\\\/cemented-carbides\\\/carbide-precision-parts\\\/\"]}]},{\"@type\":\"BreadcrumbList\",\"@id\":\"https:\\\/\\\/zim-llc.com\\\/hy\\\/cemented-carbides\\\/carbide-precision-parts\\\/#breadcrumb\",\"itemListElement\":[{\"@type\":\"ListItem\",\"position\":1,\"name\":\"Home\",\"item\":\"https:\\\/\\\/zim-llc.com\\\/en\\\/\"},{\"@type\":\"ListItem\",\"position\":2,\"name\":\"Cemented Carbides\",\"item\":\"https:\\\/\\\/zim-llc.com\\\/ug\\\/cemented-carbides\\\/\"},{\"@type\":\"ListItem\",\"position\":3,\"name\":\"Carbide Precision Parts\"}]},{\"@type\":\"WebSite\",\"@id\":\"http:\\\/\\\/zim-llc.com\\\/ta\\\/#website\",\"url\":\"http:\\\/\\\/zim-llc.com\\\/ta\\\/\",\"name\":\"Zigong International Marketing, LLC\",\"description\":\"\",\"publisher\":{\"@id\":\"http:\\\/\\\/zim-llc.com\\\/ta\\\/#organization\"},\"potentialAction\":[{\"@type\":\"SearchAction\",\"target\":{\"@type\":\"EntryPoint\",\"urlTemplate\":\"http:\\\/\\\/zim-llc.com\\\/ta\\\/?s={search_term_string}\"},\"query-input\":{\"@type\":\"PropertyValueSpecification\",\"valueRequired\":true,\"valueName\":\"search_term_string\"}}],\"inLanguage\":\"sk-SK\"},{\"@type\":\"Organization\",\"@id\":\"http:\\\/\\\/zim-llc.com\\\/ta\\\/#organization\",\"name\":\"Zigong International Marketing LLC\",\"url\":\"http:\\\/\\\/zim-llc.com\\\/ta\\\/\",\"logo\":{\"@type\":\"ImageObject\",\"inLanguage\":\"sk-SK\",\"@id\":\"http:\\\/\\\/zim-llc.com\\\/ta\\\/#\\\/schema\\\/logo\\\/image\\\/\",\"url\":\"https:\\\/\\\/zim-llc.com\\\/wp-content\\\/uploads\\\/2020\\\/06\\\/6-23-logo-c.jpg\",\"contentUrl\":\"https:\\\/\\\/zim-llc.com\\\/wp-content\\\/uploads\\\/2020\\\/06\\\/6-23-logo-c.jpg\",\"width\":201,\"height\":90,\"caption\":\"Zigong International Marketing LLC\"},\"image\":{\"@id\":\"http:\\\/\\\/zim-llc.com\\\/ta\\\/#\\\/schema\\\/logo\\\/image\\\/\"}}]}<\/script>\n<!-- \/ Yoast SEO plugin. -->","yoast_head_json":{"title":"Carbide Precision Parts - Zigong International Marketing, LLC","description":"Cemented Carbide precision products have exceptional mechanical properties and features of high wear and corrosive resistance, high dimension accuracy, and specified surface roughness.","robots":{"index":"index","follow":"follow","max-snippet":"max-snippet:-1","max-image-preview":"max-image-preview:large","max-video-preview":"max-video-preview:-1"},"canonical":"https:\/\/zim-llc.com\/sk\/cemented-carbides\/carbide-precision-parts\/","og_locale":"sk_SK","og_type":"article","og_title":"Carbide Precision Parts - Zigong International Marketing, LLC","og_description":"Cemented Carbide precision products have exceptional mechanical properties and features of high wear and corrosive resistance, high dimension accuracy, and specified surface roughness.","og_url":"https:\/\/zim-llc.com\/sk\/cemented-carbides\/carbide-precision-parts\/","og_site_name":"Zigong International Marketing, LLC","article_modified_time":"2024-08-27T20:32:13+00:00","twitter_card":"summary_large_image","twitter_misc":{"Predpokladan\u00fd \u010das \u010d\u00edtania":"1 min\u00fata"},"schema":{"@context":"https:\/\/schema.org","@graph":[{"@type":"WebPage","@id":"https:\/\/zim-llc.com\/hy\/cemented-carbides\/carbide-precision-parts\/","url":"https:\/\/zim-llc.com\/hy\/cemented-carbides\/carbide-precision-parts\/","name":"Carbide Precision Parts - Zigong International Marketing, LLC","isPartOf":{"@id":"http:\/\/zim-llc.com\/ta\/#website"},"datePublished":"2020-04-17T06:17:26+00:00","dateModified":"2024-08-27T20:32:13+00:00","description":"Cemented Carbide precision products have exceptional mechanical properties and features of high wear and corrosive resistance, high dimension accuracy, and specified surface roughness.","breadcrumb":{"@id":"https:\/\/zim-llc.com\/hy\/cemented-carbides\/carbide-precision-parts\/#breadcrumb"},"inLanguage":"sk-SK","potentialAction":[{"@type":"ReadAction","target":["https:\/\/zim-llc.com\/hy\/cemented-carbides\/carbide-precision-parts\/"]}]},{"@type":"BreadcrumbList","@id":"https:\/\/zim-llc.com\/hy\/cemented-carbides\/carbide-precision-parts\/#breadcrumb","itemListElement":[{"@type":"ListItem","position":1,"name":"Home","item":"https:\/\/zim-llc.com\/en\/"},{"@type":"ListItem","position":2,"name":"Cemented Carbides","item":"https:\/\/zim-llc.com\/ug\/cemented-carbides\/"},{"@type":"ListItem","position":3,"name":"Carbide Precision Parts"}]},{"@type":"WebSite","@id":"http:\/\/zim-llc.com\/ta\/#website","url":"http:\/\/zim-llc.com\/ta\/","name":"Zigong International Marketing, LLC","description":"","publisher":{"@id":"http:\/\/zim-llc.com\/ta\/#organization"},"potentialAction":[{"@type":"SearchAction","target":{"@type":"EntryPoint","urlTemplate":"http:\/\/zim-llc.com\/ta\/?s={search_term_string}"},"query-input":{"@type":"PropertyValueSpecification","valueRequired":true,"valueName":"search_term_string"}}],"inLanguage":"sk-SK"},{"@type":"Organization","@id":"http:\/\/zim-llc.com\/ta\/#organization","name":"Zigong International Marketing LLC","url":"http:\/\/zim-llc.com\/ta\/","logo":{"@type":"ImageObject","inLanguage":"sk-SK","@id":"http:\/\/zim-llc.com\/ta\/#\/schema\/logo\/image\/","url":"https:\/\/zim-llc.com\/wp-content\/uploads\/2020\/06\/6-23-logo-c.jpg","contentUrl":"https:\/\/zim-llc.com\/wp-content\/uploads\/2020\/06\/6-23-logo-c.jpg","width":201,"height":90,"caption":"Zigong International Marketing LLC"},"image":{"@id":"http:\/\/zim-llc.com\/ta\/#\/schema\/logo\/image\/"}}]}},"_links":{"self":[{"href":"https:\/\/zim-llc.com\/sk\/wp-json\/wp\/v2\/pages\/902","targetHints":{"allow":["GET"]}}],"collection":[{"href":"https:\/\/zim-llc.com\/sk\/wp-json\/wp\/v2\/pages"}],"about":[{"href":"https:\/\/zim-llc.com\/sk\/wp-json\/wp\/v2\/types\/page"}],"author":[{"embeddable":true,"href":"https:\/\/zim-llc.com\/sk\/wp-json\/wp\/v2\/users\/4"}],"replies":[{"embeddable":true,"href":"https:\/\/zim-llc.com\/sk\/wp-json\/wp\/v2\/comments?post=902"}],"version-history":[{"count":0,"href":"https:\/\/zim-llc.com\/sk\/wp-json\/wp\/v2\/pages\/902\/revisions"}],"up":[{"embeddable":true,"href":"https:\/\/zim-llc.com\/sk\/wp-json\/wp\/v2\/pages\/873"}],"wp:attachment":[{"href":"https:\/\/zim-llc.com\/sk\/wp-json\/wp\/v2\/media?parent=902"}],"curies":[{"name":"wp","href":"https:\/\/api.w.org\/{rel}","templated":true}]}}