{"id":861,"date":"2017-04-17T05:44:39","date_gmt":"2017-04-17T05:44:39","guid":{"rendered":"https:\/\/zimllc.wpengine.com\/?page_id=861"},"modified":"2024-04-12T02:57:15","modified_gmt":"2024-04-12T02:57:15","slug":"who-we-are","status":"publish","type":"page","link":"https:\/\/zim-llc.com\/sk\/about\/who-we-are\/","title":{"rendered":"Kto sme"},"content":{"rendered":"<div class=\"fusion-fullwidth fullwidth-box fusion-builder-row-1 fusion-flex-container has-pattern-background has-mask-background nonhundred-percent-fullwidth non-hundred-percent-height-scrolling\" style=\"--awb-border-radius-top-left:0px;--awb-border-radius-top-right:0px;--awb-border-radius-bottom-right:0px;--awb-border-radius-bottom-left:0px;--awb-background-image:linear-gradient(180deg, #0000 0%,#0000 100%);--awb-flex-wrap:wrap;\" ><div class=\"fusion-builder-row fusion-row fusion-flex-align-items-flex-start fusion-flex-content-wrap\" style=\"max-width:1248px;margin-left: calc(-4% \/ 2 );margin-right: calc(-4% \/ 2 );\"><div class=\"fusion-layout-column fusion_builder_column fusion-builder-column-0 fusion_builder_column_3_4 3_4 fusion-flex-column\" style=\"--awb-padding-left:60px;--awb-bg-size:cover;--awb-width-large:75%;--awb-margin-top-large:0px;--awb-spacing-right-large:2.56%;--awb-margin-bottom-large:0px;--awb-spacing-left-large:2.56%;--awb-width-medium:75%;--awb-order-medium:0;--awb-spacing-right-medium:2.56%;--awb-spacing-left-medium:2.56%;--awb-width-small:100%;--awb-order-small:0;--awb-spacing-right-small:1.92%;--awb-spacing-left-small:1.92%;\" data-scroll-devices=\"small-visibility,medium-visibility,large-visibility\"><div class=\"fusion-column-wrapper fusion-column-has-shadow fusion-flex-justify-content-flex-start fusion-content-layout-column\"><div class=\"fusion-text fusion-text-1\"><h1>Kto sme<\/h1>\n<p class=\"translation-block\"><span style=\"color: #af2828\">\u2192<\/span> Zigong International Marketing je dc\u00e9rskou spolo\u010dnos\u0165ou Zigong Cemented Carbide Co., Ltd.<\/p>\n<p class=\"translation-block\"><span style=\"color: #af2828\">\u2192<\/span> ZGCC je hlavn\u00fdm \u010dlenom China Minmetals Group, ktor\u00e1 je jednou z 500 najlep\u0161\u00edch spolo\u010dnost\u00ed na svete.<\/p>\n<p class=\"translation-block\"><span style=\"color: #af2828\">\u2192<\/span> Bol to prv\u00fd podom\u00e1cky navrhnut\u00fd a vybudovan\u00fd ve\u013ek\u00fd podnik na v\u00fdrobu slinut\u00fdch karbidov v \u010c\u00edne.<\/p>\n<p class=\"translation-block\"><span style=\"color: #af2828\">\u2192<\/span> Sme spo\u013eahliv\u00fdm dod\u00e1vate\u013eom tvrd\u00fdch n\u00e1varov\u00fdch materi\u00e1lov s vyspelou svetovou \u00farov\u0148ou a ich aplika\u010dn\u00fdmi slu\u017ebami.<\/p>\n<p class=\"translation-block\"><span style=\"color: #af2828\">\u2192<\/span> ZGCC m\u00e1 ved\u00facu poz\u00edciu vo v\u00fdrobcovi volfr\u00e1mov\u00fdch a molybd\u00e9nov\u00fdch produktov v \u010c\u00edne.<\/p>\n<h2>Z\u00e1kazn\u00edcky servis<\/h2>\n<p class=\"translation-block\"><span style=\"color: #af2828\">\u2192<\/span> <strong>PODPORA:<\/strong> N\u00e1\u0161 profesion\u00e1lny predajn\u00fd t\u00edm a t\u00edm technick\u00fdch slu\u017eieb s\u00fa v kontakte s na\u0161imi z\u00e1kazn\u00edkmi. Poskytujeme potrebn\u00fa podporu na splnenie va\u0161ich \u0161pecifick\u00fdch po\u017eiadaviek na produkt.<\/p>\n<p class=\"translation-block\"><span style=\"color: #af2828\">\u2192<\/span> <strong>Z\u00c1SOBY:<\/strong> Udr\u017eujeme potrebn\u00e9 z\u00e1soby a m\u00e1me distribu\u010dn\u00e9 centr\u00e1 na ka\u017edom hlavnom region\u00e1lnom trhu, aby sme na\u0161im z\u00e1kazn\u00edkom poskytli r\u00fdchly obrat.<\/p>\n<p class=\"translation-block\"><span style=\"color: #af2828\">\u2192<\/span> <strong>\u00daSPECH + RAST:<\/strong> Na\u0161i r\u00f4znorod\u00ed k\u013e\u00fa\u010dov\u00ed z\u00e1kazn\u00edci hraj\u00fa d\u00f4le\u017eit\u00fa \u00falohu v ka\u017edej glob\u00e1lnej ekonomickej oblasti. Spolupracujeme s vami, aby sme v\u00e1m pomohli roz\u0161\u00edri\u0165 va\u0161e podnikanie.<strong><br><\/strong><\/p>\n<h2>\u010co poskytujeme na\u0161im z\u00e1kazn\u00edkom<\/h2>\n<p><em><strong>Na\u0161i z\u00e1kazn\u00edci s\u00fa na\u0161\u00edm zameran\u00edm. Sna\u017e\u00edme sa nadviaza\u0165 dlhodob\u00e9 vz\u0165ahy s na\u0161imi z\u00e1kazn\u00edkmi a urobi\u0165 zo ZGCC\/ZIM ich prv\u00fa vo\u013ebu pre na\u0161e produkty.<\/strong><\/em><\/p>\n<p>Na\u0161\u00edm poslan\u00edm je poskytova\u0165 na\u0161im z\u00e1kazn\u00edkom kvalitn\u00e9 produkty a slu\u017eby. Spolupracujeme s na\u0161imi z\u00e1kazn\u00edkmi, aby sme im pomohli dosiahnu\u0165 ich ciele a podporili cel\u00fd v\u00fdrobn\u00fd proces. Ako zodpovedn\u00fd podnik pracujeme na maximaliz\u00e1cii v\u00e1\u0161ho obchodn\u00e9ho potenci\u00e1lu a obchodn\u00fdch cie\u013eov. Na\u0161\u00edm cie\u013eom je sta\u0165 sa celosvetovo popredn\u00fdm v\u00fdrobcom a dod\u00e1vate\u013eom v\u0161etk\u00fdch materi\u00e1lov v\u00fdrobkov z cementovan\u00e9ho karbidu, volfr\u00e1mu a molybd\u00e9nu pod veden\u00edm China Minmentals Group.<\/p>\n<p>Vynik\u00e1me v tom, aby sme zo ZGCC urobili popredn\u00e9ho poskytovate\u013ea vedeck\u00e9ho a v\u00fdskumn\u00e9ho pokroku v oblasti nov\u00fdch materi\u00e1lov a udr\u017eali si ZGCC ako kvalifikovan\u00e9ho dod\u00e1vate\u013ea efekt\u00edvnych rie\u0161en\u00ed pre na\u0161ich z\u00e1kazn\u00edkov. Pozer\u00e1me sa do bud\u00facnosti a usilujeme sa o bud\u00faci pokrok a neust\u00e1le sa sna\u017e\u00edme udr\u017ea\u0165 si ved\u00face postavenie v r\u00e1mci slinut\u00fdch karbidov, tvrdon\u00e1varov\u00fdch materi\u00e1lov, volfr\u00e1mov\u00fdch a molybd\u00e9nov\u00fdch produktov a ich trhu. N\u00e1\u0161 bud\u00faci \u00faspech spo\u010d\u00edva na z\u00e1kladoch vybudovan\u00fdch na\u0161imi zamestnancami. Sna\u017e\u00edme sa vytv\u00e1ra\u0165 prostredie, v ktorom m\u00f4\u017eu dosahova\u0165 svoje ciele a odme\u0148ova\u0165 svoje \u00faspechy. ZGCC tie\u017e udr\u017eiavame ako podnik, ktor\u00fd m\u00e1 siln\u00fa soci\u00e1lnu zodpovednos\u0165 vo\u010di na\u0161ej komunite.<\/p>\n<\/div><\/div><\/div><\/div><\/div>","protected":false},"excerpt":{"rendered":"","protected":false},"author":4,"featured_media":0,"parent":815,"menu_order":2,"comment_status":"closed","ping_status":"closed","template":"","meta":{"footnotes":""},"class_list":["post-861","page","type-page","status-publish","hentry"],"yoast_head":"<!-- This site is optimized with the Yoast SEO plugin v27.4 - https:\/\/yoast.com\/product\/yoast-seo-wordpress\/ -->\n<title>Who We Are - Zigong International Marketing, LLC<\/title>\n<meta name=\"description\" content=\"Zigong International Marketing is a subsidiary of Zignong Cemented Carbide Co., Ltd. Core member of China Minmentals Group.\" \/>\n<meta name=\"robots\" content=\"index, follow, max-snippet:-1, max-image-preview:large, max-video-preview:-1\" \/>\n<link rel=\"canonical\" href=\"http:\/\/zim-llc.com\/sk\/about\/who-we-are\/\" \/>\n<meta property=\"og:locale\" content=\"sk_SK\" \/>\n<meta property=\"og:type\" content=\"article\" \/>\n<meta property=\"og:title\" content=\"Who We Are - Zigong International Marketing, LLC\" \/>\n<meta property=\"og:description\" content=\"Zigong International Marketing is a subsidiary of Zignong Cemented Carbide Co., Ltd. Core member of China Minmentals Group.\" \/>\n<meta property=\"og:url\" content=\"http:\/\/zim-llc.com\/sk\/about\/who-we-are\/\" \/>\n<meta property=\"og:site_name\" content=\"Zigong International Marketing, LLC\" \/>\n<meta property=\"article:modified_time\" content=\"2024-04-12T02:57:15+00:00\" \/>\n<meta name=\"twitter:card\" content=\"summary_large_image\" \/>\n<meta name=\"twitter:label1\" content=\"Predpokladan\u00fd \u010das \u010d\u00edtania\" \/>\n\t<meta name=\"twitter:data1\" content=\"4 min\u00faty\" \/>\n<script type=\"application\/ld+json\" class=\"yoast-schema-graph\">{\"@context\":\"https:\\\/\\\/schema.org\",\"@graph\":[{\"@type\":\"WebPage\",\"@id\":\"http:\\\/\\\/zim-llc.com\\\/fa\\\/about\\\/who-we-are\\\/\",\"url\":\"http:\\\/\\\/zim-llc.com\\\/fa\\\/about\\\/who-we-are\\\/\",\"name\":\"Who We Are - Zigong International Marketing, LLC\",\"isPartOf\":{\"@id\":\"https:\\\/\\\/zim-llc.com\\\/mr\\\/#website\"},\"datePublished\":\"2017-04-17T05:44:39+00:00\",\"dateModified\":\"2024-04-12T02:57:15+00:00\",\"description\":\"Zigong International Marketing is a subsidiary of Zignong Cemented Carbide Co., Ltd. Core member of China Minmentals Group.\",\"breadcrumb\":{\"@id\":\"http:\\\/\\\/zim-llc.com\\\/fa\\\/about\\\/who-we-are\\\/#breadcrumb\"},\"inLanguage\":\"sk-SK\",\"potentialAction\":[{\"@type\":\"ReadAction\",\"target\":[\"http:\\\/\\\/zim-llc.com\\\/fa\\\/about\\\/who-we-are\\\/\"]}]},{\"@type\":\"BreadcrumbList\",\"@id\":\"http:\\\/\\\/zim-llc.com\\\/fa\\\/about\\\/who-we-are\\\/#breadcrumb\",\"itemListElement\":[{\"@type\":\"ListItem\",\"position\":1,\"name\":\"Home\",\"item\":\"https:\\\/\\\/zim-llc.com\\\/mr\\\/\"},{\"@type\":\"ListItem\",\"position\":2,\"name\":\"About\",\"item\":\"https:\\\/\\\/zim-llc.com\\\/nl\\\/about\\\/\"},{\"@type\":\"ListItem\",\"position\":3,\"name\":\"Who We Are\"}]},{\"@type\":\"WebSite\",\"@id\":\"https:\\\/\\\/zim-llc.com\\\/mr\\\/#website\",\"url\":\"https:\\\/\\\/zim-llc.com\\\/mr\\\/\",\"name\":\"Zigong International Marketing, LLC\",\"description\":\"\",\"publisher\":{\"@id\":\"https:\\\/\\\/zim-llc.com\\\/mr\\\/#organization\"},\"potentialAction\":[{\"@type\":\"SearchAction\",\"target\":{\"@type\":\"EntryPoint\",\"urlTemplate\":\"https:\\\/\\\/zim-llc.com\\\/mr\\\/?s={search_term_string}\"},\"query-input\":{\"@type\":\"PropertyValueSpecification\",\"valueRequired\":true,\"valueName\":\"search_term_string\"}}],\"inLanguage\":\"sk-SK\"},{\"@type\":\"Organization\",\"@id\":\"https:\\\/\\\/zim-llc.com\\\/mr\\\/#organization\",\"name\":\"Zigong International Marketing LLC\",\"url\":\"https:\\\/\\\/zim-llc.com\\\/mr\\\/\",\"logo\":{\"@type\":\"ImageObject\",\"inLanguage\":\"sk-SK\",\"@id\":\"https:\\\/\\\/zim-llc.com\\\/mr\\\/#\\\/schema\\\/logo\\\/image\\\/\",\"url\":\"https:\\\/\\\/zim-llc.com\\\/wp-content\\\/uploads\\\/2020\\\/06\\\/6-23-logo-c.jpg\",\"contentUrl\":\"https:\\\/\\\/zim-llc.com\\\/wp-content\\\/uploads\\\/2020\\\/06\\\/6-23-logo-c.jpg\",\"width\":201,\"height\":90,\"caption\":\"Zigong International Marketing LLC\"},\"image\":{\"@id\":\"https:\\\/\\\/zim-llc.com\\\/mr\\\/#\\\/schema\\\/logo\\\/image\\\/\"}}]}<\/script>\n<!-- \/ Yoast SEO plugin. -->","yoast_head_json":{"title":"Who We Are - Zigong International Marketing, LLC","description":"Zigong International Marketing is a subsidiary of Zignong Cemented Carbide Co., Ltd. Core member of China Minmentals Group.","robots":{"index":"index","follow":"follow","max-snippet":"max-snippet:-1","max-image-preview":"max-image-preview:large","max-video-preview":"max-video-preview:-1"},"canonical":"http:\/\/zim-llc.com\/sk\/about\/who-we-are\/","og_locale":"sk_SK","og_type":"article","og_title":"Who We Are - Zigong International Marketing, LLC","og_description":"Zigong International Marketing is a subsidiary of Zignong Cemented Carbide Co., Ltd. Core member of China Minmentals Group.","og_url":"http:\/\/zim-llc.com\/sk\/about\/who-we-are\/","og_site_name":"Zigong International Marketing, LLC","article_modified_time":"2024-04-12T02:57:15+00:00","twitter_card":"summary_large_image","twitter_misc":{"Predpokladan\u00fd \u010das \u010d\u00edtania":"4 min\u00faty"},"schema":{"@context":"https:\/\/schema.org","@graph":[{"@type":"WebPage","@id":"http:\/\/zim-llc.com\/fa\/about\/who-we-are\/","url":"http:\/\/zim-llc.com\/fa\/about\/who-we-are\/","name":"Who We Are - Zigong International Marketing, LLC","isPartOf":{"@id":"https:\/\/zim-llc.com\/mr\/#website"},"datePublished":"2017-04-17T05:44:39+00:00","dateModified":"2024-04-12T02:57:15+00:00","description":"Zigong International Marketing is a subsidiary of Zignong Cemented Carbide Co., Ltd. Core member of China Minmentals Group.","breadcrumb":{"@id":"http:\/\/zim-llc.com\/fa\/about\/who-we-are\/#breadcrumb"},"inLanguage":"sk-SK","potentialAction":[{"@type":"ReadAction","target":["http:\/\/zim-llc.com\/fa\/about\/who-we-are\/"]}]},{"@type":"BreadcrumbList","@id":"http:\/\/zim-llc.com\/fa\/about\/who-we-are\/#breadcrumb","itemListElement":[{"@type":"ListItem","position":1,"name":"Home","item":"https:\/\/zim-llc.com\/mr\/"},{"@type":"ListItem","position":2,"name":"About","item":"https:\/\/zim-llc.com\/nl\/about\/"},{"@type":"ListItem","position":3,"name":"Who We Are"}]},{"@type":"WebSite","@id":"https:\/\/zim-llc.com\/mr\/#website","url":"https:\/\/zim-llc.com\/mr\/","name":"Zigong International Marketing, LLC","description":"","publisher":{"@id":"https:\/\/zim-llc.com\/mr\/#organization"},"potentialAction":[{"@type":"SearchAction","target":{"@type":"EntryPoint","urlTemplate":"https:\/\/zim-llc.com\/mr\/?s={search_term_string}"},"query-input":{"@type":"PropertyValueSpecification","valueRequired":true,"valueName":"search_term_string"}}],"inLanguage":"sk-SK"},{"@type":"Organization","@id":"https:\/\/zim-llc.com\/mr\/#organization","name":"Zigong International Marketing LLC","url":"https:\/\/zim-llc.com\/mr\/","logo":{"@type":"ImageObject","inLanguage":"sk-SK","@id":"https:\/\/zim-llc.com\/mr\/#\/schema\/logo\/image\/","url":"https:\/\/zim-llc.com\/wp-content\/uploads\/2020\/06\/6-23-logo-c.jpg","contentUrl":"https:\/\/zim-llc.com\/wp-content\/uploads\/2020\/06\/6-23-logo-c.jpg","width":201,"height":90,"caption":"Zigong International Marketing LLC"},"image":{"@id":"https:\/\/zim-llc.com\/mr\/#\/schema\/logo\/image\/"}}]}},"_links":{"self":[{"href":"https:\/\/zim-llc.com\/sk\/wp-json\/wp\/v2\/pages\/861","targetHints":{"allow":["GET"]}}],"collection":[{"href":"https:\/\/zim-llc.com\/sk\/wp-json\/wp\/v2\/pages"}],"about":[{"href":"https:\/\/zim-llc.com\/sk\/wp-json\/wp\/v2\/types\/page"}],"author":[{"embeddable":true,"href":"https:\/\/zim-llc.com\/sk\/wp-json\/wp\/v2\/users\/4"}],"replies":[{"embeddable":true,"href":"https:\/\/zim-llc.com\/sk\/wp-json\/wp\/v2\/comments?post=861"}],"version-history":[{"count":0,"href":"https:\/\/zim-llc.com\/sk\/wp-json\/wp\/v2\/pages\/861\/revisions"}],"up":[{"embeddable":true,"href":"https:\/\/zim-llc.com\/sk\/wp-json\/wp\/v2\/pages\/815"}],"wp:attachment":[{"href":"https:\/\/zim-llc.com\/sk\/wp-json\/wp\/v2\/media?parent=861"}],"curies":[{"name":"wp","href":"https:\/\/api.w.org\/{rel}","templated":true}]}}