{"id":4504,"date":"2023-10-31T23:08:44","date_gmt":"2023-10-31T23:08:44","guid":{"rendered":"https:\/\/zimllc.wpengine.com\/?page_id=4504"},"modified":"2024-08-27T20:42:54","modified_gmt":"2024-08-27T20:42:54","slug":"rock-trenching-bits","status":"publish","type":"page","link":"https:\/\/zim-llc.com\/ro\/mining-and-road-milling-bits\/rock-trenching-bits\/","title":{"rendered":"Bi\u021bi pentru \u0219an\u021buri de st\u00e2nc\u0103"},"content":{"rendered":"<div class=\"fusion-fullwidth fullwidth-box fusion-builder-row-1 fusion-flex-container has-pattern-background has-mask-background nonhundred-percent-fullwidth non-hundred-percent-height-scrolling\" style=\"--awb-border-radius-top-left:0px;--awb-border-radius-top-right:0px;--awb-border-radius-bottom-right:0px;--awb-border-radius-bottom-left:0px;--awb-padding-left:60px;--awb-background-image:linear-gradient(180deg, #0000 0%,#0000 100%);--awb-flex-wrap:wrap;\" ><div class=\"fusion-builder-row fusion-row fusion-flex-align-items-flex-start fusion-flex-content-wrap\" style=\"max-width:1248px;margin-left: calc(-4% \/ 2 );margin-right: calc(-4% \/ 2 );\"><div class=\"fusion-layout-column fusion_builder_column fusion-builder-column-0 fusion_builder_column_1_2 1_2 fusion-flex-column\" style=\"--awb-bg-size:cover;--awb-width-large:50%;--awb-margin-top-large:0px;--awb-spacing-right-large:3.84%;--awb-margin-bottom-large:0px;--awb-spacing-left-large:3.84%;--awb-width-medium:50%;--awb-order-medium:0;--awb-spacing-right-medium:3.84%;--awb-spacing-left-medium:3.84%;--awb-width-small:100%;--awb-order-small:0;--awb-spacing-right-small:1.92%;--awb-spacing-left-small:1.92%;\" data-scroll-devices=\"small-visibility,medium-visibility,large-visibility\"><div class=\"fusion-column-wrapper fusion-column-has-shadow fusion-flex-justify-content-flex-start fusion-content-layout-column\"><div class=\"fusion-text fusion-text-1\"><h1>Bi\u021bi pentru \u0219an\u021buri de st\u00e2nc\u0103<\/h1>\n<p>Bi\u021bii pentru \u0219an\u021buri sunt utiliza\u021bi pe scar\u0103 larg\u0103 \u00een tuneluri, \u0219an\u021buri, excavarea conductelor municipale, minerit, excavarea \u00een roci \u0219i sol \u00eenghe\u021bat, demolarea cl\u0103dirilor, silvicultur\u0103 \u0219i alte domenii. Utiliza\u021bi dimensiunea granulelor de carbur\u0103 de tungsten super grosier\u0103, optimizat\u0103 pentru a \u00eembun\u0103t\u0103\u021bi rezisten\u021ba la impact \u0219i la fisurare la oboseal\u0103.<\/p>\n<p>Cu designul de form\u0103 profesional\u0103, materialul optim din carbur\u0103 de tungsten \u0219i corpul de o\u021bel strict controlat, bi\u021bile noastre de \u0219an\u021b prezint\u0103 un ciclu de via\u021b\u0103 excep\u021bional \u0219i v\u0103 pot reduce semnificativ costurile de operare.<\/p>\n<\/div><\/div><\/div><div class=\"fusion-layout-column fusion_builder_column fusion-builder-column-1 fusion_builder_column_1_4 1_4 fusion-flex-column\" style=\"--awb-bg-size:cover;--awb-width-large:25%;--awb-margin-top-large:0px;--awb-spacing-right-large:7.68%;--awb-margin-bottom-large:0px;--awb-spacing-left-large:7.68%;--awb-width-medium:25%;--awb-order-medium:0;--awb-spacing-right-medium:7.68%;--awb-spacing-left-medium:7.68%;--awb-width-small:100%;--awb-order-small:0;--awb-spacing-right-small:1.92%;--awb-spacing-left-small:1.92%;\" data-scroll-devices=\"small-visibility,medium-visibility,large-visibility\"><div class=\"fusion-column-wrapper fusion-column-has-shadow fusion-flex-justify-content-flex-start fusion-content-layout-column\"><div class=\"fusion-separator fusion-full-width-sep\" style=\"align-self: center;margin-left: auto;margin-right: auto;margin-bottom:20px;width:100%;\"><\/div><div class=\"fusion-image-element\" style=\"--awb-caption-title-font-family:var(--h2_typography-font-family);--awb-caption-title-font-weight:var(--h2_typography-font-weight);--awb-caption-title-font-style:var(--h2_typography-font-style);--awb-caption-title-size:var(--h2_typography-font-size);--awb-caption-title-transform:var(--h2_typography-text-transform);--awb-caption-title-line-height:var(--h2_typography-line-height);--awb-caption-title-letter-spacing:var(--h2_typography-letter-spacing);\"><span class=\"fusion-imageframe imageframe-none imageframe-1 hover-type-none\"><img decoding=\"async\" width=\"300\" height=\"300\" src=\"https:\/\/zim-llc.com\/wp-content\/uploads\/2023\/11\/rock-2.jpg\" alt class=\"img-responsive wp-image-4681\" srcset=\"https:\/\/zim-llc.com\/wp-content\/uploads\/2023\/11\/rock-2-150x150.jpg 150w, https:\/\/zim-llc.com\/wp-content\/uploads\/2023\/11\/rock-2.jpg 300w\" sizes=\"(max-width: 300px) 100vw, 300px\" \/><\/span><\/div><\/div><\/div><div class=\"fusion-layout-column fusion_builder_column fusion-builder-column-2 fusion_builder_column_1_4 1_4 fusion-flex-column\" style=\"--awb-bg-size:cover;--awb-width-large:25%;--awb-margin-top-large:0px;--awb-spacing-right-large:7.68%;--awb-margin-bottom-large:0px;--awb-spacing-left-large:7.68%;--awb-width-medium:25%;--awb-order-medium:0;--awb-spacing-right-medium:7.68%;--awb-spacing-left-medium:7.68%;--awb-width-small:100%;--awb-order-small:0;--awb-spacing-right-small:1.92%;--awb-spacing-left-small:1.92%;\" data-scroll-devices=\"small-visibility,medium-visibility,large-visibility\"><div class=\"fusion-column-wrapper fusion-column-has-shadow fusion-flex-justify-content-flex-start fusion-content-layout-column\"><div class=\"fusion-separator fusion-full-width-sep\" style=\"align-self: center;margin-left: auto;margin-right: auto;margin-bottom:20px;width:100%;\"><\/div><div class=\"fusion-image-element\" style=\"--awb-caption-title-font-family:var(--h2_typography-font-family);--awb-caption-title-font-weight:var(--h2_typography-font-weight);--awb-caption-title-font-style:var(--h2_typography-font-style);--awb-caption-title-size:var(--h2_typography-font-size);--awb-caption-title-transform:var(--h2_typography-text-transform);--awb-caption-title-line-height:var(--h2_typography-line-height);--awb-caption-title-letter-spacing:var(--h2_typography-letter-spacing);\"><span class=\"fusion-imageframe imageframe-none imageframe-2 hover-type-none\"><img decoding=\"async\" width=\"300\" height=\"300\" title=\"st\u00e2nc\u0103-1\" src=\"https:\/\/zim-llc.com\/wp-content\/uploads\/2023\/11\/rock-1.jpg\" alt class=\"img-responsive wp-image-4678\" srcset=\"https:\/\/zim-llc.com\/wp-content\/uploads\/2023\/11\/rock-1-150x150.jpg 150w, https:\/\/zim-llc.com\/wp-content\/uploads\/2023\/11\/rock-1.jpg 300w\" sizes=\"(max-width: 300px) 100vw, 300px\" \/><\/span><\/div><div class=\"fusion-separator fusion-full-width-sep\" style=\"align-self: center;margin-left: auto;margin-right: auto;margin-bottom:20px;width:100%;\"><\/div><div class=\"fusion-image-element\" style=\"--awb-caption-title-font-family:var(--h2_typography-font-family);--awb-caption-title-font-weight:var(--h2_typography-font-weight);--awb-caption-title-font-style:var(--h2_typography-font-style);--awb-caption-title-size:var(--h2_typography-font-size);--awb-caption-title-transform:var(--h2_typography-text-transform);--awb-caption-title-line-height:var(--h2_typography-line-height);--awb-caption-title-letter-spacing:var(--h2_typography-letter-spacing);\"><span class=\"fusion-imageframe imageframe-none imageframe-3 hover-type-none\"><img decoding=\"async\" width=\"300\" height=\"300\" src=\"https:\/\/zim-llc.com\/wp-content\/uploads\/2023\/11\/rock-3.jpg\" alt class=\"img-responsive wp-image-4680\" srcset=\"https:\/\/zim-llc.com\/wp-content\/uploads\/2023\/11\/rock-3-150x150.jpg 150w, https:\/\/zim-llc.com\/wp-content\/uploads\/2023\/11\/rock-3.jpg 300w\" sizes=\"(max-width: 300px) 100vw, 300px\" \/><\/span><\/div><\/div><\/div><\/div><\/div>","protected":false},"excerpt":{"rendered":"","protected":false},"author":2,"featured_media":0,"parent":4495,"menu_order":2,"comment_status":"closed","ping_status":"closed","template":"","meta":{"footnotes":""},"class_list":["post-4504","page","type-page","status-publish","hentry"],"yoast_head":"<!-- This site is optimized with the Yoast SEO plugin v27.6 - https:\/\/yoast.com\/product\/yoast-seo-wordpress\/ -->\n<title>Rock Trenching Bits - Zigong International Marketing, LLC<\/title>\n<meta name=\"description\" content=\"ZGCC manufactures both standard and non-standard solid Carbide tools including taps, Mills Cutters, Broachers, Reamers, Indexable Inserts for Die Milling Cutters, and Drills.\" \/>\n<meta name=\"robots\" content=\"index, follow, max-snippet:-1, max-image-preview:large, max-video-preview:-1\" \/>\n<link rel=\"canonical\" href=\"https:\/\/zim-llc.com\/ro\/mining-and-road-milling-bits\/rock-trenching-bits\/\" \/>\n<meta property=\"og:locale\" content=\"ro_RO\" \/>\n<meta property=\"og:type\" content=\"article\" \/>\n<meta property=\"og:title\" content=\"Rock Trenching Bits - Zigong International Marketing, LLC\" \/>\n<meta property=\"og:description\" content=\"ZGCC manufactures both standard and non-standard solid Carbide tools including taps, Mills Cutters, Broachers, Reamers, Indexable Inserts for Die Milling Cutters, and Drills.\" \/>\n<meta property=\"og:url\" content=\"https:\/\/zim-llc.com\/ro\/mining-and-road-milling-bits\/rock-trenching-bits\/\" \/>\n<meta property=\"og:site_name\" content=\"Zigong International Marketing, LLC\" \/>\n<meta property=\"article:modified_time\" content=\"2024-08-27T20:42:54+00:00\" \/>\n<meta name=\"twitter:card\" content=\"summary_large_image\" \/>\n<meta name=\"twitter:label1\" content=\"Timp estimat pentru citire\" \/>\n\t<meta name=\"twitter:data1\" content=\"1 minut\" \/>\n<script type=\"application\/ld+json\" class=\"yoast-schema-graph\">{\"@context\":\"https:\\\/\\\/schema.org\",\"@graph\":[{\"@type\":\"WebPage\",\"@id\":\"https:\\\/\\\/zim-llc.com\\\/de\\\/mining-and-road-milling-bits\\\/rock-trenching-bits\\\/\",\"url\":\"https:\\\/\\\/zim-llc.com\\\/de\\\/mining-and-road-milling-bits\\\/rock-trenching-bits\\\/\",\"name\":\"Rock Trenching Bits - Zigong International Marketing, LLC\",\"isPartOf\":{\"@id\":\"https:\\\/\\\/zim-llc.com\\\/fr\\\/#website\"},\"datePublished\":\"2023-10-31T23:08:44+00:00\",\"dateModified\":\"2024-08-27T20:42:54+00:00\",\"description\":\"ZGCC manufactures both standard and non-standard solid Carbide tools including taps, Mills Cutters, Broachers, Reamers, Indexable Inserts for Die Milling Cutters, and Drills.\",\"breadcrumb\":{\"@id\":\"https:\\\/\\\/zim-llc.com\\\/de\\\/mining-and-road-milling-bits\\\/rock-trenching-bits\\\/#breadcrumb\"},\"inLanguage\":\"ro-RO\",\"potentialAction\":[{\"@type\":\"ReadAction\",\"target\":[\"https:\\\/\\\/zim-llc.com\\\/de\\\/mining-and-road-milling-bits\\\/rock-trenching-bits\\\/\"]}]},{\"@type\":\"BreadcrumbList\",\"@id\":\"https:\\\/\\\/zim-llc.com\\\/de\\\/mining-and-road-milling-bits\\\/rock-trenching-bits\\\/#breadcrumb\",\"itemListElement\":[{\"@type\":\"ListItem\",\"position\":1,\"name\":\"Home\",\"item\":\"https:\\\/\\\/zim-llc.com\\\/ps\\\/\"},{\"@type\":\"ListItem\",\"position\":2,\"name\":\"Mining and Road Milling Bits\",\"item\":\"https:\\\/\\\/zim-llc.com\\\/ceb\\\/mining-and-road-milling-bits\\\/\"},{\"@type\":\"ListItem\",\"position\":3,\"name\":\"Rock Trenching Bits\"}]},{\"@type\":\"WebSite\",\"@id\":\"https:\\\/\\\/zim-llc.com\\\/fr\\\/#website\",\"url\":\"https:\\\/\\\/zim-llc.com\\\/fr\\\/\",\"name\":\"Zigong International Marketing, LLC\",\"description\":\"\",\"publisher\":{\"@id\":\"https:\\\/\\\/zim-llc.com\\\/fr\\\/#organization\"},\"potentialAction\":[{\"@type\":\"SearchAction\",\"target\":{\"@type\":\"EntryPoint\",\"urlTemplate\":\"https:\\\/\\\/zim-llc.com\\\/fr\\\/?s={search_term_string}\"},\"query-input\":{\"@type\":\"PropertyValueSpecification\",\"valueRequired\":true,\"valueName\":\"search_term_string\"}}],\"inLanguage\":\"ro-RO\"},{\"@type\":\"Organization\",\"@id\":\"https:\\\/\\\/zim-llc.com\\\/fr\\\/#organization\",\"name\":\"Zigong International Marketing LLC\",\"url\":\"https:\\\/\\\/zim-llc.com\\\/fr\\\/\",\"logo\":{\"@type\":\"ImageObject\",\"inLanguage\":\"ro-RO\",\"@id\":\"https:\\\/\\\/zim-llc.com\\\/fr\\\/#\\\/schema\\\/logo\\\/image\\\/\",\"url\":\"https:\\\/\\\/zim-llc.com\\\/wp-content\\\/uploads\\\/2020\\\/06\\\/6-23-logo-c.jpg\",\"contentUrl\":\"https:\\\/\\\/zim-llc.com\\\/wp-content\\\/uploads\\\/2020\\\/06\\\/6-23-logo-c.jpg\",\"width\":201,\"height\":90,\"caption\":\"Zigong International Marketing LLC\"},\"image\":{\"@id\":\"https:\\\/\\\/zim-llc.com\\\/fr\\\/#\\\/schema\\\/logo\\\/image\\\/\"}}]}<\/script>\n<!-- \/ Yoast SEO plugin. -->","yoast_head_json":{"title":"Rock Trenching Bits - Zigong International Marketing, LLC","description":"ZGCC manufactures both standard and non-standard solid Carbide tools including taps, Mills Cutters, Broachers, Reamers, Indexable Inserts for Die Milling Cutters, and Drills.","robots":{"index":"index","follow":"follow","max-snippet":"max-snippet:-1","max-image-preview":"max-image-preview:large","max-video-preview":"max-video-preview:-1"},"canonical":"https:\/\/zim-llc.com\/ro\/mining-and-road-milling-bits\/rock-trenching-bits\/","og_locale":"ro_RO","og_type":"article","og_title":"Rock Trenching Bits - Zigong International Marketing, LLC","og_description":"ZGCC manufactures both standard and non-standard solid Carbide tools including taps, Mills Cutters, Broachers, Reamers, Indexable Inserts for Die Milling Cutters, and Drills.","og_url":"https:\/\/zim-llc.com\/ro\/mining-and-road-milling-bits\/rock-trenching-bits\/","og_site_name":"Zigong International Marketing, LLC","article_modified_time":"2024-08-27T20:42:54+00:00","twitter_card":"summary_large_image","twitter_misc":{"Timp estimat pentru citire":"1 minut"},"schema":{"@context":"https:\/\/schema.org","@graph":[{"@type":"WebPage","@id":"https:\/\/zim-llc.com\/de\/mining-and-road-milling-bits\/rock-trenching-bits\/","url":"https:\/\/zim-llc.com\/de\/mining-and-road-milling-bits\/rock-trenching-bits\/","name":"Rock Trenching Bits - Zigong International Marketing, LLC","isPartOf":{"@id":"https:\/\/zim-llc.com\/fr\/#website"},"datePublished":"2023-10-31T23:08:44+00:00","dateModified":"2024-08-27T20:42:54+00:00","description":"ZGCC manufactures both standard and non-standard solid Carbide tools including taps, Mills Cutters, Broachers, Reamers, Indexable Inserts for Die Milling Cutters, and Drills.","breadcrumb":{"@id":"https:\/\/zim-llc.com\/de\/mining-and-road-milling-bits\/rock-trenching-bits\/#breadcrumb"},"inLanguage":"ro-RO","potentialAction":[{"@type":"ReadAction","target":["https:\/\/zim-llc.com\/de\/mining-and-road-milling-bits\/rock-trenching-bits\/"]}]},{"@type":"BreadcrumbList","@id":"https:\/\/zim-llc.com\/de\/mining-and-road-milling-bits\/rock-trenching-bits\/#breadcrumb","itemListElement":[{"@type":"ListItem","position":1,"name":"Home","item":"https:\/\/zim-llc.com\/ps\/"},{"@type":"ListItem","position":2,"name":"Mining and Road Milling Bits","item":"https:\/\/zim-llc.com\/ceb\/mining-and-road-milling-bits\/"},{"@type":"ListItem","position":3,"name":"Rock Trenching Bits"}]},{"@type":"WebSite","@id":"https:\/\/zim-llc.com\/fr\/#website","url":"https:\/\/zim-llc.com\/fr\/","name":"Zigong International Marketing, LLC","description":"","publisher":{"@id":"https:\/\/zim-llc.com\/fr\/#organization"},"potentialAction":[{"@type":"SearchAction","target":{"@type":"EntryPoint","urlTemplate":"https:\/\/zim-llc.com\/fr\/?s={search_term_string}"},"query-input":{"@type":"PropertyValueSpecification","valueRequired":true,"valueName":"search_term_string"}}],"inLanguage":"ro-RO"},{"@type":"Organization","@id":"https:\/\/zim-llc.com\/fr\/#organization","name":"Zigong International Marketing LLC","url":"https:\/\/zim-llc.com\/fr\/","logo":{"@type":"ImageObject","inLanguage":"ro-RO","@id":"https:\/\/zim-llc.com\/fr\/#\/schema\/logo\/image\/","url":"https:\/\/zim-llc.com\/wp-content\/uploads\/2020\/06\/6-23-logo-c.jpg","contentUrl":"https:\/\/zim-llc.com\/wp-content\/uploads\/2020\/06\/6-23-logo-c.jpg","width":201,"height":90,"caption":"Zigong International Marketing LLC"},"image":{"@id":"https:\/\/zim-llc.com\/fr\/#\/schema\/logo\/image\/"}}]}},"_links":{"self":[{"href":"https:\/\/zim-llc.com\/ro\/wp-json\/wp\/v2\/pages\/4504","targetHints":{"allow":["GET"]}}],"collection":[{"href":"https:\/\/zim-llc.com\/ro\/wp-json\/wp\/v2\/pages"}],"about":[{"href":"https:\/\/zim-llc.com\/ro\/wp-json\/wp\/v2\/types\/page"}],"author":[{"embeddable":true,"href":"https:\/\/zim-llc.com\/ro\/wp-json\/wp\/v2\/users\/2"}],"replies":[{"embeddable":true,"href":"https:\/\/zim-llc.com\/ro\/wp-json\/wp\/v2\/comments?post=4504"}],"version-history":[{"count":0,"href":"https:\/\/zim-llc.com\/ro\/wp-json\/wp\/v2\/pages\/4504\/revisions"}],"up":[{"embeddable":true,"href":"https:\/\/zim-llc.com\/ro\/wp-json\/wp\/v2\/pages\/4495"}],"wp:attachment":[{"href":"https:\/\/zim-llc.com\/ro\/wp-json\/wp\/v2\/media?parent=4504"}],"curies":[{"name":"wp","href":"https:\/\/api.w.org\/{rel}","templated":true}]}}