{"id":861,"date":"2017-04-17T05:44:39","date_gmt":"2017-04-17T05:44:39","guid":{"rendered":"https:\/\/zimllc.wpengine.com\/?page_id=861"},"modified":"2024-04-12T02:57:15","modified_gmt":"2024-04-12T02:57:15","slug":"who-we-are","status":"publish","type":"page","link":"https:\/\/zim-llc.com\/pt\/about\/who-we-are\/","title":{"rendered":"Quem somos"},"content":{"rendered":"<div class=\"fusion-fullwidth fullwidth-box fusion-builder-row-1 fusion-flex-container has-pattern-background has-mask-background nonhundred-percent-fullwidth non-hundred-percent-height-scrolling\" style=\"--awb-border-radius-top-left:0px;--awb-border-radius-top-right:0px;--awb-border-radius-bottom-right:0px;--awb-border-radius-bottom-left:0px;--awb-background-image:linear-gradient(180deg, #0000 0%,#0000 100%);--awb-flex-wrap:wrap;\" ><div class=\"fusion-builder-row fusion-row fusion-flex-align-items-flex-start fusion-flex-content-wrap\" style=\"max-width:1248px;margin-left: calc(-4% \/ 2 );margin-right: calc(-4% \/ 2 );\"><div class=\"fusion-layout-column fusion_builder_column fusion-builder-column-0 fusion_builder_column_3_4 3_4 fusion-flex-column\" style=\"--awb-padding-left:60px;--awb-bg-size:cover;--awb-width-large:75%;--awb-margin-top-large:0px;--awb-spacing-right-large:2.56%;--awb-margin-bottom-large:0px;--awb-spacing-left-large:2.56%;--awb-width-medium:75%;--awb-order-medium:0;--awb-spacing-right-medium:2.56%;--awb-spacing-left-medium:2.56%;--awb-width-small:100%;--awb-order-small:0;--awb-spacing-right-small:1.92%;--awb-spacing-left-small:1.92%;\" data-scroll-devices=\"small-visibility,medium-visibility,large-visibility\"><div class=\"fusion-column-wrapper fusion-column-has-shadow fusion-flex-justify-content-flex-start fusion-content-layout-column\"><div class=\"fusion-text fusion-text-1\"><h1>Quem somos<\/h1>\n<p class=\"translation-block\"><span style=\"color: #af2828\">\u2192<\/span> A Zigong International Marketing \u00e9 uma subsidi\u00e1ria da Zigong Cemented Carbide Co., Ltd.<\/p>\n<p class=\"translation-block\"><span style=\"color: #af2828\">\u2192<\/span>A ZGCC \u00e9 membro central do China Minmetals Group, que \u00e9 uma das 500 maiores empresas do mundo.<\/p>\n<p class=\"translation-block\"><span style=\"color: #af2828\">\u2192<\/span> Foram as primeiras empresas de fabrica\u00e7\u00e3o de metal duro em grande escala projetadas e constru\u00eddas na China.<\/p>\n<p class=\"translation-block\"><span style=\"color: #af2828\">\u2192<\/span> Somos um fornecedor confi\u00e1vel de materiais de revestimento duro com n\u00edveis mundiais avan\u00e7ados e seus servi\u00e7os de aplica\u00e7\u00e3o.<\/p>\n<p class=\"translation-block\"><span style=\"color: #af2828\">\u2192<\/span> A ZGCC det\u00e9m a posi\u00e7\u00e3o de lideran\u00e7a como fabricante de produtos de tungst\u00eanio e molibd\u00eanio na China.<\/p>\n<h2>Atendimento ao Cliente<\/h2>\n<p class=\"translation-block\"><span style=\"color: #af2828\">\u2192<\/span> <strong>SUPORTE: <\/strong>Nossa equipe profissional de vendas e equipe de servi\u00e7o t\u00e9cnico mant\u00eam contato com nossos clientes. Fornecemos o suporte necess\u00e1rio para atender aos requisitos espec\u00edficos do seu produto.<\/p>\n<p class=\"translation-block\"><span style=\"color: #af2828\">\u2192<\/span> <strong>ESTOQUE: <\/strong>Mantemos o estoque necess\u00e1rio e temos centros de distribui\u00e7\u00e3o em todos os principais mercados regionais para oferecer aos nossos clientes um retorno r\u00e1pido.<\/p>\n<p class=\"translation-block\"><span style=\"color: #af2828\">\u2192<\/span> <strong>SUCCESSO + CRESCIMENTO: <\/strong>Nossos diversos clientes-chave desempenham um papel importante em todos os campos econ\u00f4micos globais. Trabalhamos com voc\u00ea para ajud\u00e1-lo a expandir seus neg\u00f3cios.<\/p>\n<h2>O que oferecemos aos nossos clientes<\/h2>\n<p><em><strong>Nossos clientes s\u00e3o nosso foco. N\u00f3s nos esfor\u00e7amos para estabelecer relacionamentos de longo prazo com nossos clientes e fazer da ZGCC\/ZIM sua primeira escolha para nossos produtos.<\/strong><\/em><\/p>\n<p>Nossa miss\u00e3o \u00e9 fornecer aos nossos clientes produtos e servi\u00e7os de qualidade. Estabelecemos parcerias com nossos clientes para ajud\u00e1-los a atingir seus objetivos e apoiar todo o processo de fabrica\u00e7\u00e3o. Como uma empresa respons\u00e1vel, trabalhamos para maximizar o potencial e os objetivos do seu neg\u00f3cio. Nosso objetivo \u00e9 nos tornarmos o principal produtor e fornecedor de todos os materiais de artigos de metal duro, tungst\u00eanio e molibd\u00eanio em todo o mundo, sob a lideran\u00e7a do Grupo China Minmetals.<\/p>\n<p>Buscamos excel\u00eancia para tornar a ZGCC um fornecedor l\u00edder de progresso cient\u00edfico e de pesquisa no novo campo de materiais, e mant\u00ea-la como um fornecedor qualificado de solu\u00e7\u00f5es eficazes para nossos clientes. Olhamos para o futuro e nos esfor\u00e7amos para o progresso futuro. Nossos esfor\u00e7os constantes buscam manter nossa posi\u00e7\u00e3o de lideran\u00e7a em metal duro, materiais de revestimento duro, produtos de tungst\u00eanio e molibd\u00eanio e seus mercados. Nosso sucesso futuro depende da base constru\u00edda por nossos funcion\u00e1rios. Nos esfor\u00e7amos para criar um ambiente onde eles possam atingir seus objetivos e recompensamos seus sucessos. Tamb\u00e9m mantemos a ZGCC como uma empresa que tem uma forte responsabilidade social para com a nossa comunidade.<\/p>\n<\/div><\/div><\/div><\/div><\/div>","protected":false},"excerpt":{"rendered":"","protected":false},"author":4,"featured_media":0,"parent":815,"menu_order":2,"comment_status":"closed","ping_status":"closed","template":"","meta":{"footnotes":""},"class_list":["post-861","page","type-page","status-publish","hentry"],"yoast_head":"<!-- This site is optimized with the Yoast SEO plugin v27.3 - https:\/\/yoast.com\/product\/yoast-seo-wordpress\/ -->\n<title>Who We Are - Zigong International Marketing, LLC<\/title>\n<meta name=\"description\" content=\"Zigong International Marketing is a subsidiary of Zignong Cemented Carbide Co., Ltd. Core member of China Minmentals Group.\" \/>\n<meta name=\"robots\" content=\"index, follow, max-snippet:-1, max-image-preview:large, max-video-preview:-1\" \/>\n<link rel=\"canonical\" href=\"http:\/\/zim-llc.com\/pt\/about\/who-we-are\/\" \/>\n<meta property=\"og:locale\" content=\"pt_BR\" \/>\n<meta property=\"og:type\" content=\"article\" \/>\n<meta property=\"og:title\" content=\"Who We Are - Zigong International Marketing, LLC\" \/>\n<meta property=\"og:description\" content=\"Zigong International Marketing is a subsidiary of Zignong Cemented Carbide Co., Ltd. Core member of China Minmentals Group.\" \/>\n<meta property=\"og:url\" content=\"http:\/\/zim-llc.com\/pt\/about\/who-we-are\/\" \/>\n<meta property=\"og:site_name\" content=\"Zigong International Marketing, LLC\" \/>\n<meta property=\"article:modified_time\" content=\"2024-04-12T02:57:15+00:00\" \/>\n<meta name=\"twitter:card\" content=\"summary_large_image\" \/>\n<meta name=\"twitter:label1\" content=\"Est. tempo de leitura\" \/>\n\t<meta name=\"twitter:data1\" content=\"4 minutos\" \/>\n<script type=\"application\/ld+json\" class=\"yoast-schema-graph\">{\"@context\":\"https:\\\/\\\/schema.org\",\"@graph\":[{\"@type\":\"WebPage\",\"@id\":\"http:\\\/\\\/zim-llc.com\\\/sr\\\/about\\\/who-we-are\\\/\",\"url\":\"http:\\\/\\\/zim-llc.com\\\/sr\\\/about\\\/who-we-are\\\/\",\"name\":\"Who We Are - Zigong International Marketing, LLC\",\"isPartOf\":{\"@id\":\"https:\\\/\\\/zim-llc.com\\\/nl\\\/#website\"},\"datePublished\":\"2017-04-17T05:44:39+00:00\",\"dateModified\":\"2024-04-12T02:57:15+00:00\",\"description\":\"Zigong International Marketing is a subsidiary of Zignong Cemented Carbide Co., Ltd. Core member of China Minmentals Group.\",\"breadcrumb\":{\"@id\":\"http:\\\/\\\/zim-llc.com\\\/sr\\\/about\\\/who-we-are\\\/#breadcrumb\"},\"inLanguage\":\"pt-BR\",\"potentialAction\":[{\"@type\":\"ReadAction\",\"target\":[\"http:\\\/\\\/zim-llc.com\\\/sr\\\/about\\\/who-we-are\\\/\"]}]},{\"@type\":\"BreadcrumbList\",\"@id\":\"http:\\\/\\\/zim-llc.com\\\/sr\\\/about\\\/who-we-are\\\/#breadcrumb\",\"itemListElement\":[{\"@type\":\"ListItem\",\"position\":1,\"name\":\"Home\",\"item\":\"http:\\\/\\\/zim-llc.com\\\/kk\\\/\"},{\"@type\":\"ListItem\",\"position\":2,\"name\":\"About\",\"item\":\"https:\\\/\\\/zim-llc.com\\\/nl\\\/about\\\/\"},{\"@type\":\"ListItem\",\"position\":3,\"name\":\"Who We Are\"}]},{\"@type\":\"WebSite\",\"@id\":\"https:\\\/\\\/zim-llc.com\\\/nl\\\/#website\",\"url\":\"https:\\\/\\\/zim-llc.com\\\/nl\\\/\",\"name\":\"Zigong International Marketing, LLC\",\"description\":\"\",\"publisher\":{\"@id\":\"https:\\\/\\\/zim-llc.com\\\/nl\\\/#organization\"},\"potentialAction\":[{\"@type\":\"SearchAction\",\"target\":{\"@type\":\"EntryPoint\",\"urlTemplate\":\"https:\\\/\\\/zim-llc.com\\\/nl\\\/?s={search_term_string}\"},\"query-input\":{\"@type\":\"PropertyValueSpecification\",\"valueRequired\":true,\"valueName\":\"search_term_string\"}}],\"inLanguage\":\"pt-BR\"},{\"@type\":\"Organization\",\"@id\":\"https:\\\/\\\/zim-llc.com\\\/nl\\\/#organization\",\"name\":\"Zigong International Marketing LLC\",\"url\":\"https:\\\/\\\/zim-llc.com\\\/nl\\\/\",\"logo\":{\"@type\":\"ImageObject\",\"inLanguage\":\"pt-BR\",\"@id\":\"https:\\\/\\\/zim-llc.com\\\/nl\\\/#\\\/schema\\\/logo\\\/image\\\/\",\"url\":\"https:\\\/\\\/zim-llc.com\\\/wp-content\\\/uploads\\\/2020\\\/06\\\/6-23-logo-c.jpg\",\"contentUrl\":\"https:\\\/\\\/zim-llc.com\\\/wp-content\\\/uploads\\\/2020\\\/06\\\/6-23-logo-c.jpg\",\"width\":201,\"height\":90,\"caption\":\"Zigong International Marketing LLC\"},\"image\":{\"@id\":\"https:\\\/\\\/zim-llc.com\\\/nl\\\/#\\\/schema\\\/logo\\\/image\\\/\"}}]}<\/script>\n<!-- \/ Yoast SEO plugin. -->","yoast_head_json":{"title":"Who We Are - Zigong International Marketing, LLC","description":"Zigong International Marketing is a subsidiary of Zignong Cemented Carbide Co., Ltd. Core member of China Minmentals Group.","robots":{"index":"index","follow":"follow","max-snippet":"max-snippet:-1","max-image-preview":"max-image-preview:large","max-video-preview":"max-video-preview:-1"},"canonical":"http:\/\/zim-llc.com\/pt\/about\/who-we-are\/","og_locale":"pt_BR","og_type":"article","og_title":"Who We Are - Zigong International Marketing, LLC","og_description":"Zigong International Marketing is a subsidiary of Zignong Cemented Carbide Co., Ltd. Core member of China Minmentals Group.","og_url":"http:\/\/zim-llc.com\/pt\/about\/who-we-are\/","og_site_name":"Zigong International Marketing, LLC","article_modified_time":"2024-04-12T02:57:15+00:00","twitter_card":"summary_large_image","twitter_misc":{"Est. tempo de leitura":"4 minutos"},"schema":{"@context":"https:\/\/schema.org","@graph":[{"@type":"WebPage","@id":"http:\/\/zim-llc.com\/sr\/about\/who-we-are\/","url":"http:\/\/zim-llc.com\/sr\/about\/who-we-are\/","name":"Who We Are - Zigong International Marketing, LLC","isPartOf":{"@id":"https:\/\/zim-llc.com\/nl\/#website"},"datePublished":"2017-04-17T05:44:39+00:00","dateModified":"2024-04-12T02:57:15+00:00","description":"Zigong International Marketing is a subsidiary of Zignong Cemented Carbide Co., Ltd. Core member of China Minmentals Group.","breadcrumb":{"@id":"http:\/\/zim-llc.com\/sr\/about\/who-we-are\/#breadcrumb"},"inLanguage":"pt-BR","potentialAction":[{"@type":"ReadAction","target":["http:\/\/zim-llc.com\/sr\/about\/who-we-are\/"]}]},{"@type":"BreadcrumbList","@id":"http:\/\/zim-llc.com\/sr\/about\/who-we-are\/#breadcrumb","itemListElement":[{"@type":"ListItem","position":1,"name":"Home","item":"http:\/\/zim-llc.com\/kk\/"},{"@type":"ListItem","position":2,"name":"About","item":"https:\/\/zim-llc.com\/nl\/about\/"},{"@type":"ListItem","position":3,"name":"Who We Are"}]},{"@type":"WebSite","@id":"https:\/\/zim-llc.com\/nl\/#website","url":"https:\/\/zim-llc.com\/nl\/","name":"Zigong International Marketing, LLC","description":"","publisher":{"@id":"https:\/\/zim-llc.com\/nl\/#organization"},"potentialAction":[{"@type":"SearchAction","target":{"@type":"EntryPoint","urlTemplate":"https:\/\/zim-llc.com\/nl\/?s={search_term_string}"},"query-input":{"@type":"PropertyValueSpecification","valueRequired":true,"valueName":"search_term_string"}}],"inLanguage":"pt-BR"},{"@type":"Organization","@id":"https:\/\/zim-llc.com\/nl\/#organization","name":"Zigong International Marketing LLC","url":"https:\/\/zim-llc.com\/nl\/","logo":{"@type":"ImageObject","inLanguage":"pt-BR","@id":"https:\/\/zim-llc.com\/nl\/#\/schema\/logo\/image\/","url":"https:\/\/zim-llc.com\/wp-content\/uploads\/2020\/06\/6-23-logo-c.jpg","contentUrl":"https:\/\/zim-llc.com\/wp-content\/uploads\/2020\/06\/6-23-logo-c.jpg","width":201,"height":90,"caption":"Zigong International Marketing LLC"},"image":{"@id":"https:\/\/zim-llc.com\/nl\/#\/schema\/logo\/image\/"}}]}},"_links":{"self":[{"href":"https:\/\/zim-llc.com\/pt\/wp-json\/wp\/v2\/pages\/861","targetHints":{"allow":["GET"]}}],"collection":[{"href":"https:\/\/zim-llc.com\/pt\/wp-json\/wp\/v2\/pages"}],"about":[{"href":"https:\/\/zim-llc.com\/pt\/wp-json\/wp\/v2\/types\/page"}],"author":[{"embeddable":true,"href":"https:\/\/zim-llc.com\/pt\/wp-json\/wp\/v2\/users\/4"}],"replies":[{"embeddable":true,"href":"https:\/\/zim-llc.com\/pt\/wp-json\/wp\/v2\/comments?post=861"}],"version-history":[{"count":0,"href":"https:\/\/zim-llc.com\/pt\/wp-json\/wp\/v2\/pages\/861\/revisions"}],"up":[{"embeddable":true,"href":"https:\/\/zim-llc.com\/pt\/wp-json\/wp\/v2\/pages\/815"}],"wp:attachment":[{"href":"https:\/\/zim-llc.com\/pt\/wp-json\/wp\/v2\/media?parent=861"}],"curies":[{"name":"wp","href":"https:\/\/api.w.org\/{rel}","templated":true}]}}