{"id":922,"date":"2017-04-17T06:23:24","date_gmt":"2017-04-17T06:23:24","guid":{"rendered":"https:\/\/zimllc.wpengine.com\/?page_id=922"},"modified":"2024-04-24T16:07:00","modified_gmt":"2024-04-24T16:07:00","slug":"matrix-powder-for-pdc-drill-bits","status":"publish","type":"page","link":"https:\/\/zim-llc.com\/nb\/hardfacing-materials\/matrix-powder-for-pdc-drill-bits\/","title":{"rendered":"Matrix Powder for PDC-bor"},"content":{"rendered":"<div class=\"fusion-fullwidth fullwidth-box fusion-builder-row-1 fusion-flex-container has-pattern-background has-mask-background nonhundred-percent-fullwidth non-hundred-percent-height-scrolling\" style=\"--awb-border-color:#0000;--awb-border-radius-top-left:0px;--awb-border-radius-top-right:0px;--awb-border-radius-bottom-right:0px;--awb-border-radius-bottom-left:0px;--awb-padding-left:60px;--awb-background-color:#0000;--awb-background-image:linear-gradient(180deg, #0000 0%,#0000 100%);--awb-flex-wrap:wrap;\" ><div class=\"fusion-builder-row fusion-row fusion-flex-align-items-flex-start fusion-flex-content-wrap\" style=\"max-width:1248px;margin-left: calc(-4% \/ 2 );margin-right: calc(-4% \/ 2 );\"><div class=\"fusion-layout-column fusion_builder_column fusion-builder-column-0 fusion_builder_column_2_3 2_3 fusion-flex-column\" style=\"--awb-bg-size:cover;--awb-width-large:66.6666666667%;--awb-margin-top-large:0px;--awb-spacing-right-large:4.32%;--awb-margin-bottom-large:0px;--awb-spacing-left-large:2.88%;--awb-width-medium:66.6666666667%;--awb-spacing-right-medium:4.32%;--awb-spacing-left-medium:2.88%;--awb-width-small:100%;--awb-spacing-right-small:1.92%;--awb-spacing-left-small:1.92%;\"><div class=\"fusion-column-wrapper fusion-flex-justify-content-flex-start fusion-content-layout-column\"><div class=\"fusion-text fusion-text-1\"><h1>Matrix Powder for PDC Drill Bits Produkter<\/h1>\n<p>PDC Matrix-pulver brukes til \u00e5 produsere PDC-matrisebor. Ulike kombinasjoner av st\u00f8pt wolframkarbidpulver, makrokrystallinsk wolframkarbidpulver, sf\u00e6risk st\u00f8pt wolframkarbidpulver, knust WC-Co-pulver og sementert karbidpellets brukes som de harde fasene for \u00e5 blande med nikkelpulver og andre legeringer. Matrisepulveret har utmerket kombinert slitestyrke, slitestyrke og korrosjonsmotstand, tverrbruddstyrke. Ikke n\u00f8l med \u00e5 kontakte oss for \u00e5 finne ut mer.<\/p>\n<p>\u00c5rlig kapasitet: 300 tonn\/\u00e5r<\/p>\n<p><a href=\"https:\/\/zim-llc.com\/nb\/hardfacing-materials\/matrix-powder-for-pdc-drill-bits\/ztc71-series-matrix-powders-for-pdc-bits\/\">\u2192 ZTC71 Series Matrix-pulver for PDC-bits<\/a><\/p>\n<p><a href=\"https:\/\/zim-llc.com\/nb\/hardfacing-materials\/matrix-powder-for-pdc-drill-bits\/ztc72-series-matrix-powders-for-pdc-bits\/\">\u2192 ZTC72-serien matrisepulver for PDC-bits<\/a><\/p>\n<\/div><\/div><\/div><div class=\"fusion-layout-column fusion_builder_column fusion-builder-column-1 fusion_builder_column_1_3 1_3 fusion-flex-column\" style=\"--awb-bg-size:cover;--awb-width-large:33.3333333333%;--awb-margin-top-large:0px;--awb-spacing-right-large:5.76%;--awb-margin-bottom-large:0px;--awb-spacing-left-large:2.88%;--awb-width-medium:33.3333333333%;--awb-spacing-right-medium:5.76%;--awb-spacing-left-medium:2.88%;--awb-width-small:100%;--awb-spacing-right-small:1.92%;--awb-spacing-left-small:1.92%;\"><div class=\"fusion-column-wrapper fusion-flex-justify-content-flex-start fusion-content-layout-column\"><div class=\"fusion-image-element\" style=\"text-align:center;--awb-caption-title-font-family:var(--h2_typography-font-family);--awb-caption-title-font-weight:var(--h2_typography-font-weight);--awb-caption-title-font-style:var(--h2_typography-font-style);--awb-caption-title-size:var(--h2_typography-font-size);--awb-caption-title-transform:var(--h2_typography-text-transform);--awb-caption-title-line-height:var(--h2_typography-line-height);--awb-caption-title-letter-spacing:var(--h2_typography-letter-spacing);\"><span class=\"fusion-imageframe imageframe-none imageframe-1 hover-type-none\"><img decoding=\"async\" width=\"600\" height=\"600\" title=\"matrise-powders-for-pdc-bits-2-4\" src=\"https:\/\/zim-llc.com\/wp-content\/uploads\/2022\/12\/matrix-powders-for-pdc-bits-2-4.jpg\" alt class=\"img-responsive wp-image-3956\" srcset=\"https:\/\/zim-llc.com\/wp-content\/uploads\/2022\/12\/matrix-powders-for-pdc-bits-2-4-150x150.jpg 150w, https:\/\/zim-llc.com\/wp-content\/uploads\/2022\/12\/matrix-powders-for-pdc-bits-2-4-300x300.jpg 300w, https:\/\/zim-llc.com\/wp-content\/uploads\/2022\/12\/matrix-powders-for-pdc-bits-2-4-350x350.jpg 350w, https:\/\/zim-llc.com\/wp-content\/uploads\/2022\/12\/matrix-powders-for-pdc-bits-2-4.jpg 600w\" sizes=\"(max-width: 600px) 100vw, 600px\" \/><\/span><\/div><\/div><\/div><\/div><\/div>","protected":false},"excerpt":{"rendered":"","protected":false},"author":4,"featured_media":0,"parent":877,"menu_order":6,"comment_status":"closed","ping_status":"closed","template":"","meta":{"footnotes":""},"class_list":["post-922","page","type-page","status-publish","hentry"],"yoast_head":"<!-- This site is optimized with the Yoast SEO plugin v27.4 - https:\/\/yoast.com\/product\/yoast-seo-wordpress\/ -->\n<title>Matrix Powder for PDC Drill Bits - Zigong International Marketing, LLC<\/title>\n<meta name=\"description\" content=\"Matrix Powder for PDC Drill Bits\" \/>\n<meta name=\"robots\" content=\"index, follow, max-snippet:-1, max-image-preview:large, max-video-preview:-1\" \/>\n<link rel=\"canonical\" href=\"https:\/\/zim-llc.com\/nb\/hardfacing-materials\/matrix-powder-for-pdc-drill-bits\/\" \/>\n<meta property=\"og:locale\" content=\"nb_NO\" \/>\n<meta property=\"og:type\" content=\"article\" \/>\n<meta property=\"og:title\" content=\"Matrix Powder for PDC Drill Bits - Zigong International Marketing, LLC\" \/>\n<meta property=\"og:description\" content=\"Matrix Powder for PDC Drill Bits\" \/>\n<meta property=\"og:url\" content=\"https:\/\/zim-llc.com\/nb\/hardfacing-materials\/matrix-powder-for-pdc-drill-bits\/\" \/>\n<meta property=\"og:site_name\" content=\"Zigong International Marketing, LLC\" \/>\n<meta property=\"article:modified_time\" content=\"2024-04-24T16:07:00+00:00\" \/>\n<meta name=\"twitter:card\" content=\"summary_large_image\" \/>\n<meta name=\"twitter:label1\" content=\"Ansl. lesetid\" \/>\n\t<meta name=\"twitter:data1\" content=\"1 minutt\" \/>\n<script type=\"application\/ld+json\" class=\"yoast-schema-graph\">{\"@context\":\"https:\\\/\\\/schema.org\",\"@graph\":[{\"@type\":\"WebPage\",\"@id\":\"https:\\\/\\\/zim-llc.com\\\/en\\\/hardfacing-materials\\\/matrix-powder-for-pdc-drill-bits\\\/\",\"url\":\"https:\\\/\\\/zim-llc.com\\\/en\\\/hardfacing-materials\\\/matrix-powder-for-pdc-drill-bits\\\/\",\"name\":\"Matrix Powder for PDC Drill Bits - Zigong International Marketing, LLC\",\"isPartOf\":{\"@id\":\"https:\\\/\\\/zim-llc.com\\\/da\\\/#website\"},\"datePublished\":\"2017-04-17T06:23:24+00:00\",\"dateModified\":\"2024-04-24T16:07:00+00:00\",\"description\":\"Matrix Powder for PDC Drill Bits\",\"breadcrumb\":{\"@id\":\"https:\\\/\\\/zim-llc.com\\\/en\\\/hardfacing-materials\\\/matrix-powder-for-pdc-drill-bits\\\/#breadcrumb\"},\"inLanguage\":\"nb-NO\",\"potentialAction\":[{\"@type\":\"ReadAction\",\"target\":[\"https:\\\/\\\/zim-llc.com\\\/en\\\/hardfacing-materials\\\/matrix-powder-for-pdc-drill-bits\\\/\"]}]},{\"@type\":\"BreadcrumbList\",\"@id\":\"https:\\\/\\\/zim-llc.com\\\/en\\\/hardfacing-materials\\\/matrix-powder-for-pdc-drill-bits\\\/#breadcrumb\",\"itemListElement\":[{\"@type\":\"ListItem\",\"position\":1,\"name\":\"Home\",\"item\":\"http:\\\/\\\/zim-llc.com\\\/ar\\\/\"},{\"@type\":\"ListItem\",\"position\":2,\"name\":\"Hardfacing Materials\",\"item\":\"http:\\\/\\\/zim-llc.com\\\/eo\\\/hardfacing-materials\\\/\"},{\"@type\":\"ListItem\",\"position\":3,\"name\":\"Matrix Powder for PDC Drill Bits\"}]},{\"@type\":\"WebSite\",\"@id\":\"https:\\\/\\\/zim-llc.com\\\/da\\\/#website\",\"url\":\"https:\\\/\\\/zim-llc.com\\\/da\\\/\",\"name\":\"Zigong International Marketing, LLC\",\"description\":\"\",\"publisher\":{\"@id\":\"https:\\\/\\\/zim-llc.com\\\/da\\\/#organization\"},\"potentialAction\":[{\"@type\":\"SearchAction\",\"target\":{\"@type\":\"EntryPoint\",\"urlTemplate\":\"https:\\\/\\\/zim-llc.com\\\/da\\\/?s={search_term_string}\"},\"query-input\":{\"@type\":\"PropertyValueSpecification\",\"valueRequired\":true,\"valueName\":\"search_term_string\"}}],\"inLanguage\":\"nb-NO\"},{\"@type\":\"Organization\",\"@id\":\"https:\\\/\\\/zim-llc.com\\\/da\\\/#organization\",\"name\":\"Zigong International Marketing LLC\",\"url\":\"https:\\\/\\\/zim-llc.com\\\/da\\\/\",\"logo\":{\"@type\":\"ImageObject\",\"inLanguage\":\"nb-NO\",\"@id\":\"https:\\\/\\\/zim-llc.com\\\/da\\\/#\\\/schema\\\/logo\\\/image\\\/\",\"url\":\"https:\\\/\\\/zim-llc.com\\\/wp-content\\\/uploads\\\/2020\\\/06\\\/6-23-logo-c.jpg\",\"contentUrl\":\"https:\\\/\\\/zim-llc.com\\\/wp-content\\\/uploads\\\/2020\\\/06\\\/6-23-logo-c.jpg\",\"width\":201,\"height\":90,\"caption\":\"Zigong International Marketing LLC\"},\"image\":{\"@id\":\"https:\\\/\\\/zim-llc.com\\\/da\\\/#\\\/schema\\\/logo\\\/image\\\/\"}}]}<\/script>\n<!-- \/ Yoast SEO plugin. -->","yoast_head_json":{"title":"Matrix Powder for PDC Drill Bits - Zigong International Marketing, LLC","description":"Matrix Powder for PDC-bor","robots":{"index":"index","follow":"follow","max-snippet":"max-snippet:-1","max-image-preview":"max-image-preview:large","max-video-preview":"max-video-preview:-1"},"canonical":"https:\/\/zim-llc.com\/nb\/hardfacing-materials\/matrix-powder-for-pdc-drill-bits\/","og_locale":"nb_NO","og_type":"article","og_title":"Matrix Powder for PDC Drill Bits - Zigong International Marketing, LLC","og_description":"Matrix Powder for PDC Drill Bits","og_url":"https:\/\/zim-llc.com\/nb\/hardfacing-materials\/matrix-powder-for-pdc-drill-bits\/","og_site_name":"Zigong International Marketing, LLC","article_modified_time":"2024-04-24T16:07:00+00:00","twitter_card":"summary_large_image","twitter_misc":{"Ansl. lesetid":"1 minutt"},"schema":{"@context":"https:\/\/schema.org","@graph":[{"@type":"WebPage","@id":"https:\/\/zim-llc.com\/en\/hardfacing-materials\/matrix-powder-for-pdc-drill-bits\/","url":"https:\/\/zim-llc.com\/en\/hardfacing-materials\/matrix-powder-for-pdc-drill-bits\/","name":"Matrix Powder for PDC Drill Bits - Zigong International Marketing, LLC","isPartOf":{"@id":"https:\/\/zim-llc.com\/da\/#website"},"datePublished":"2017-04-17T06:23:24+00:00","dateModified":"2024-04-24T16:07:00+00:00","description":"Matrix Powder for PDC-bor","breadcrumb":{"@id":"https:\/\/zim-llc.com\/en\/hardfacing-materials\/matrix-powder-for-pdc-drill-bits\/#breadcrumb"},"inLanguage":"nb-NO","potentialAction":[{"@type":"ReadAction","target":["https:\/\/zim-llc.com\/en\/hardfacing-materials\/matrix-powder-for-pdc-drill-bits\/"]}]},{"@type":"BreadcrumbList","@id":"https:\/\/zim-llc.com\/en\/hardfacing-materials\/matrix-powder-for-pdc-drill-bits\/#breadcrumb","itemListElement":[{"@type":"ListItem","position":1,"name":"Home","item":"http:\/\/zim-llc.com\/ar\/"},{"@type":"ListItem","position":2,"name":"Hardfacing Materials","item":"http:\/\/zim-llc.com\/eo\/hardfacing-materials\/"},{"@type":"ListItem","position":3,"name":"Matrix Powder for PDC Drill Bits"}]},{"@type":"WebSite","@id":"https:\/\/zim-llc.com\/da\/#website","url":"https:\/\/zim-llc.com\/da\/","name":"Zigong International Marketing, LLC","description":"","publisher":{"@id":"https:\/\/zim-llc.com\/da\/#organization"},"potentialAction":[{"@type":"SearchAction","target":{"@type":"EntryPoint","urlTemplate":"https:\/\/zim-llc.com\/da\/?s={search_term_string}"},"query-input":{"@type":"PropertyValueSpecification","valueRequired":true,"valueName":"search_term_string"}}],"inLanguage":"nb-NO"},{"@type":"Organization","@id":"https:\/\/zim-llc.com\/da\/#organization","name":"Zigong International Marketing LLC","url":"https:\/\/zim-llc.com\/da\/","logo":{"@type":"ImageObject","inLanguage":"nb-NO","@id":"https:\/\/zim-llc.com\/da\/#\/schema\/logo\/image\/","url":"https:\/\/zim-llc.com\/wp-content\/uploads\/2020\/06\/6-23-logo-c.jpg","contentUrl":"https:\/\/zim-llc.com\/wp-content\/uploads\/2020\/06\/6-23-logo-c.jpg","width":201,"height":90,"caption":"Zigong International Marketing LLC"},"image":{"@id":"https:\/\/zim-llc.com\/da\/#\/schema\/logo\/image\/"}}]}},"_links":{"self":[{"href":"https:\/\/zim-llc.com\/nb\/wp-json\/wp\/v2\/pages\/922","targetHints":{"allow":["GET"]}}],"collection":[{"href":"https:\/\/zim-llc.com\/nb\/wp-json\/wp\/v2\/pages"}],"about":[{"href":"https:\/\/zim-llc.com\/nb\/wp-json\/wp\/v2\/types\/page"}],"author":[{"embeddable":true,"href":"https:\/\/zim-llc.com\/nb\/wp-json\/wp\/v2\/users\/4"}],"replies":[{"embeddable":true,"href":"https:\/\/zim-llc.com\/nb\/wp-json\/wp\/v2\/comments?post=922"}],"version-history":[{"count":0,"href":"https:\/\/zim-llc.com\/nb\/wp-json\/wp\/v2\/pages\/922\/revisions"}],"up":[{"embeddable":true,"href":"https:\/\/zim-llc.com\/nb\/wp-json\/wp\/v2\/pages\/877"}],"wp:attachment":[{"href":"https:\/\/zim-llc.com\/nb\/wp-json\/wp\/v2\/media?parent=922"}],"curies":[{"name":"wp","href":"https:\/\/api.w.org\/{rel}","templated":true}]}}