{"id":3557,"date":"2022-01-19T19:53:57","date_gmt":"2022-01-19T19:53:57","guid":{"rendered":"https:\/\/zimllc.wpengine.com\/?page_id=3557"},"modified":"2024-05-15T20:59:55","modified_gmt":"2024-05-15T20:59:55","slug":"zigong-cemented-carbide-corp-ltd","status":"publish","type":"page","link":"https:\/\/zim-llc.com\/nb\/zigong-cemented-carbide-corp-ltd\/","title":{"rendered":"Zigong Cemented Carbide Corp., Ltd"},"content":{"rendered":"<div class=\"fusion-fullwidth fullwidth-box fusion-builder-row-1 fusion-flex-container has-pattern-background has-mask-background nonhundred-percent-fullwidth non-hundred-percent-height-scrolling\" style=\"--awb-border-radius-top-left:0px;--awb-border-radius-top-right:0px;--awb-border-radius-bottom-right:0px;--awb-border-radius-bottom-left:0px;--awb-padding-left:60px;--awb-background-image:linear-gradient(180deg, #0000 0%,#0000 100%);--awb-flex-wrap:wrap;\" ><div class=\"fusion-builder-row fusion-row fusion-flex-align-items-flex-start fusion-flex-content-wrap\" style=\"max-width:1248px;margin-left: calc(-4% \/ 2 );margin-right: calc(-4% \/ 2 );\"><div class=\"fusion-layout-column fusion_builder_column fusion-builder-column-0 fusion_builder_column_1_4 1_4 fusion-flex-column\" style=\"--awb-bg-size:cover;--awb-width-large:25%;--awb-margin-top-large:0px;--awb-spacing-right-large:3.84%;--awb-margin-bottom-large:0px;--awb-spacing-left-large:7.68%;--awb-width-medium:25%;--awb-spacing-right-medium:3.84%;--awb-spacing-left-medium:7.68%;--awb-width-small:100%;--awb-spacing-right-small:1.92%;--awb-spacing-left-small:1.92%;\"><div class=\"fusion-column-wrapper fusion-flex-justify-content-flex-start fusion-content-layout-column\"><div class=\"fusion-separator fusion-full-width-sep\" style=\"align-self: center;margin-left: auto;margin-right: auto;margin-bottom:20px;width:100%;\"><\/div><div class=\"fusion-image-element\" style=\"--awb-caption-title-font-family:var(--h2_typography-font-family);--awb-caption-title-font-weight:var(--h2_typography-font-weight);--awb-caption-title-font-style:var(--h2_typography-font-style);--awb-caption-title-size:var(--h2_typography-font-size);--awb-caption-title-transform:var(--h2_typography-text-transform);--awb-caption-title-line-height:var(--h2_typography-line-height);--awb-caption-title-letter-spacing:var(--h2_typography-letter-spacing);\"><span class=\"fusion-imageframe imageframe-none imageframe-1 hover-type-none\"><img decoding=\"async\" width=\"300\" height=\"199\" title=\"Great-Wall-merke-400\" src=\"https:\/\/zim-llc.com\/wp-content\/uploads\/2022\/01\/Great-Wall-brand-400-300x199.jpg\" alt class=\"img-responsive wp-image-3605\" srcset=\"https:\/\/zim-llc.com\/wp-content\/uploads\/2022\/01\/Great-Wall-brand-400-300x199.jpg 300w, https:\/\/zim-llc.com\/wp-content\/uploads\/2022\/01\/Great-Wall-brand-400-355x235.jpg 355w, https:\/\/zim-llc.com\/wp-content\/uploads\/2022\/01\/Great-Wall-brand-400.jpg 400w\" sizes=\"(max-width: 300px) 100vw, 300px\" \/><\/span><\/div><\/div><\/div><div class=\"fusion-layout-column fusion_builder_column fusion-builder-column-1 fusion_builder_column_1_2 1_2 fusion-flex-column\" style=\"--awb-bg-size:cover;--awb-width-large:50%;--awb-margin-top-large:0px;--awb-spacing-right-large:3.84%;--awb-margin-bottom-large:0px;--awb-spacing-left-large:3.84%;--awb-width-medium:50%;--awb-spacing-right-medium:3.84%;--awb-spacing-left-medium:3.84%;--awb-width-small:100%;--awb-spacing-right-small:1.92%;--awb-spacing-left-small:1.92%;\"><div class=\"fusion-column-wrapper fusion-flex-justify-content-flex-start fusion-content-layout-column\"><div class=\"fusion-text fusion-text-1\"><h2>Zigong Cemented Carbide Corp., Ltd<\/h2>\n<p>Zigong International Marketing (ZIM) er et datterselskap av <strong>Zigong Cemented Carbide Co., LTD<\/strong> <strong>(ZCCC).<\/strong><\/p>\n<p><strong>ZGCC<\/strong>\u00a0 tilbyr n\u00e5 en online produktkatalog gjennom <strong><a href=\"https:\/\/zgccc.en.alibaba.com\/productlist.html?scene=ctz&amp;spm=a2700.shop_pl.41413.dtoptab&amp;filter=ctz\" target=\"_blank\" rel=\"noopener\">Alibaba.com.<\/a><\/strong><\/p>\n<\/div><\/div><\/div><div class=\"fusion-layout-column fusion_builder_column fusion-builder-column-2 fusion_builder_column_1_1 1_1 fusion-flex-column\" style=\"--awb-bg-size:cover;--awb-width-large:100%;--awb-margin-top-large:0px;--awb-spacing-right-large:1.92%;--awb-margin-bottom-large:0px;--awb-spacing-left-large:1.92%;--awb-width-medium:100%;--awb-spacing-right-medium:1.92%;--awb-spacing-left-medium:1.92%;--awb-width-small:100%;--awb-spacing-right-small:1.92%;--awb-spacing-left-small:1.92%;\"><div class=\"fusion-column-wrapper fusion-flex-justify-content-flex-start fusion-content-layout-column\"><div class=\"fusion-separator\" style=\"align-self: center;margin-left: auto;margin-right: auto;margin-top:20px;margin-bottom:30px;width:100%;max-width:50%;\"><div class=\"fusion-separator-border sep-single sep-solid\" style=\"--awb-height:20px;--awb-amount:20px;--awb-sep-color:#c1c1c1;border-color:#c1c1c1;border-top-width:1px;\"><\/div><\/div><\/div><\/div><div class=\"fusion-layout-column fusion_builder_column fusion-builder-column-3 fusion_builder_column_1_2 1_2 fusion-flex-column\" style=\"--awb-bg-size:cover;--awb-width-large:50%;--awb-margin-top-large:0px;--awb-spacing-right-large:3.84%;--awb-margin-bottom-large:0px;--awb-spacing-left-large:3.84%;--awb-width-medium:50%;--awb-spacing-right-medium:3.84%;--awb-spacing-left-medium:3.84%;--awb-width-small:100%;--awb-spacing-right-small:1.92%;--awb-spacing-left-small:1.92%;\"><div class=\"fusion-column-wrapper fusion-flex-justify-content-flex-start fusion-content-layout-column\"><div class=\"fusion-separator fusion-full-width-sep\" style=\"align-self: center;margin-left: auto;margin-right: auto;margin-top:20px;width:100%;\"><\/div><div class=\"fusion-text fusion-text-2\"><h3>Online salg<\/h3>\n<div>Vi er p\u00e5 <strong><a href=\"https:\/\/zgccc.en.alibaba.com\/productlist.html?scene=ctz&amp;spm=a2700.shop_pl.41413.dtoptab&amp;filter=ctz\">Alibaba.com<\/a><\/strong> \u00e5 gi v\u00e5re kunder en online produktkatalog. Ring din salgsrepresentant for \u00e5 motta et tilbud i dag!<\/div>\n<\/div><div class=\"fusion-image-element\" style=\"text-align:center;--awb-caption-title-font-family:var(--h2_typography-font-family);--awb-caption-title-font-weight:var(--h2_typography-font-weight);--awb-caption-title-font-style:var(--h2_typography-font-style);--awb-caption-title-size:var(--h2_typography-font-size);--awb-caption-title-transform:var(--h2_typography-text-transform);--awb-caption-title-line-height:var(--h2_typography-line-height);--awb-caption-title-letter-spacing:var(--h2_typography-letter-spacing);\"><span class=\"fusion-imageframe imageframe-none imageframe-2 hover-type-none\" style=\"border:1px solid var(--awb-color3);\"><img decoding=\"async\" width=\"600\" height=\"645\" title=\"Zigong-Cemented-Carbide-Corp\" src=\"https:\/\/zim-llc.com\/wp-content\/uploads\/2022\/01\/Zigong-Cemented-Carbide-Corp.jpg\" alt class=\"img-responsive wp-image-3564\" srcset=\"https:\/\/zim-llc.com\/wp-content\/uploads\/2022\/01\/Zigong-Cemented-Carbide-Corp-279x300.jpg 279w, https:\/\/zim-llc.com\/wp-content\/uploads\/2022\/01\/Zigong-Cemented-Carbide-Corp.jpg 600w\" sizes=\"(max-width: 600px) 100vw, 600px\" \/><\/span><\/div><\/div><\/div><div class=\"fusion-layout-column fusion_builder_column fusion-builder-column-4 fusion_builder_column_1_2 1_2 fusion-flex-column\" style=\"--awb-bg-size:cover;--awb-width-large:50%;--awb-margin-top-large:0px;--awb-spacing-right-large:3.84%;--awb-margin-bottom-large:0px;--awb-spacing-left-large:3.84%;--awb-width-medium:50%;--awb-spacing-right-medium:3.84%;--awb-spacing-left-medium:3.84%;--awb-width-small:100%;--awb-spacing-right-small:1.92%;--awb-spacing-left-small:1.92%;\"><div class=\"fusion-column-wrapper fusion-flex-justify-content-flex-start fusion-content-layout-column\"><div class=\"fusion-separator fusion-full-width-sep\" style=\"align-self: center;margin-left: auto;margin-right: auto;margin-top:20px;width:100%;\"><\/div><div class=\"fusion-text fusion-text-3\"><p><span data-spm-anchor-id=\"a2700.shop_index.144.i4.2fff74b7EdWyKd\">Grunnlagt i 1965, <strong>Zigong Cemented Carbide Co., Ltd (ZGCC)<\/strong> er et kjernemedlem i China Minmetals Group som er en av verdens 500 beste selskaper.<\/span><\/p>\n<div id=\"bd_1\" class=\"layout layout-1200\">\n<div class=\"grid grid1200\">\n<div id=\"8921470479\" class=\"J_module hideBottom module_loaded\" data-spm=\"144\" data-aplus-ae=\"x21_119109ca\" data-spm-anchor-id=\"a2700.shop_index.0.144.2fff74b7EdWyKd\">\n<div class=\"icbu-mod-wrapper no-title module-videoShow\">\n<div class=\"wrap-box\">\n<div class=\"mod-content\">\n<div class=\"next-row next-row-no-padding next-row-nowrap\">\n<div class=\"video-desc\">\n<p>ZGCC er den f\u00f8rste hjemmedesignede og byggede storskala produksjonsbedriften for wolframkarbid i Kina.<\/p>\n<p><span data-spm-anchor-id=\"a2700.shop_index.144.i3.2fff74b7EdWyKd\">ZGCC spesialiserer seg p\u00e5 forskning og utvikling, produksjon og salg av ulike typer pulverprodukter (APT\/AMT\/WO3\/W\/WC\/RTP), wolframkarbidprodukter (innsatser\/spisser\/bits\/verkt\u00f8y\/slitedeler), hard-facing materiale og molybden- og wolframprodukter (pulver\/tr\u00e5der\/stenger\/plater).<\/span><\/p>\n<p data-spm-anchor-id=\"a2700.shop_index.144.i5.2fff74b7EdWyKd\">ZGCC har 3 store produksjonsbaser med over 56 hektar (2 produksjonsbaser er lokalisert i Zigong by og 1 produksjonsbase ligger i Chengdu by).<\/p>\n<p>ZGCC har 30 eksperter og over 900 profesjonelle teknikere og ledelse og mer enn 2000 dyktige operat\u00f8rer s\u00e5 langt.<\/p>\n<\/div>\n<\/div>\n<\/div>\n<\/div>\n<\/div>\n<\/div>\n<\/div>\n<\/div>\n<div id=\"8921470431\" class=\"J_module module_loaded\" data-spm=\"98\" data-aplus-ae=\"x5_69611da6\" data-spm-anchor-id=\"a2700.shop_pl.0.98.3b046bbeJQhNlu\">\n<div class=\"icbu-mod-wrapper with-border module-productGroups\">\n<div class=\"wrap-box\">\n<div class=\"mod-header\">\n<h3 class=\"title\">Produkt kategorier<\/h3>\n<\/div>\n<div class=\"mod-content\">\n<div class=\"next-menu ver group-menu\" tabindex=\"0\">\n<ul class=\"next-menu-content\">\n<li class=\"next-menu-item\" tabindex=\"-1\" role=\"menuitem\"><a class=\"group-link icbu-link-normal\" title=\"Kutte verkt\u00f8y\" href=\"https:\/\/zgccc.en.alibaba.com\/productgrouplist-812680908\/Cutting_Tools.html\">Kutte verkt\u00f8y<\/a><\/li>\n<li class=\"next-menu-item\" tabindex=\"-1\" role=\"menuitem\"><a class=\"group-link icbu-link-normal\" title=\"Karbid d\u00f8r\" href=\"https:\/\/zgccc.en.alibaba.com\/productgrouplist-807785172\/Carbide_dies.html\">Karbid d\u00f8r<\/a><\/li>\n<li class=\"next-menu-item\" tabindex=\"-1\" role=\"menuitem\"><a class=\"group-link icbu-link-normal\" title=\"Sintringsovn\" href=\"https:\/\/zgccc.en.alibaba.com\/productgrouplist-807434755\/Sintering_furnace.html\">Sintringsovn<\/a><\/li>\n<li class=\"next-menu-item\" tabindex=\"-1\" role=\"menuitem\"><a class=\"group-link icbu-link-normal\" title=\"Stenger og stenger i hardmetall\" href=\"https:\/\/zgccc.en.alibaba.com\/productgrouplist-807111543\/Cemented_Carbide_Rods_and_Bars.html\">Stenger og stenger i hardmetall<\/a><\/li>\n<li class=\"next-menu-submenu-item-popup follow\" aria-haspopup=\"true\">\n<div class=\"next-menu-submenu-title\"><a class=\"group-link with-child icbu-link-normal\" title=\"presisjonsdeler i hardmetall\" href=\"https:\/\/zgccc.en.alibaba.com\/productgrouplist-807084225\/carbide_precision_parts.html\">H\u00e5rdmetall presisjonsdeler<\/a><\/div>\n<\/li>\n<li class=\"next-menu-submenu-item-popup opened follow\" aria-haspopup=\"true\">\n<div class=\"next-menu-wrapper slide-down slide-down-active\">\n<div class=\"next-menu ver\" tabindex=\"0\">\n<ul class=\"next-menu-content\">\n<li class=\"next-menu-item focused\" tabindex=\"-1\" role=\"menuitem\"><a class=\"group-link icbu-link-normal\" href=\"https:\/\/zgccc.en.alibaba.com\/productgrouplist-810591195\/Carbide_Drill.html\">Hardmetallbor<\/a><\/li>\n<li class=\"next-menu-item\" tabindex=\"-1\" role=\"menuitem\"><a class=\"group-link icbu-link-normal\" href=\"https:\/\/zgccc.en.alibaba.com\/productgrouplist-807161533\/Carbide_Axle_Sleeve.html\">Karbidakselhylse<\/a><\/li>\n<li class=\"next-menu-item\" tabindex=\"-1\" role=\"menuitem\"><a class=\"group-link icbu-link-normal\" href=\"https:\/\/zgccc.en.alibaba.com\/productgrouplist-807111541\/Carbide_Precision_Seal_Rings.html\">Presisjonstetningsringer i hardmetall<\/a><\/li>\n<li class=\"next-menu-item\" tabindex=\"-1\" role=\"menuitem\"><a class=\"group-link icbu-link-normal\" href=\"https:\/\/zgccc.en.alibaba.com\/productgrouplist-807086627\/Carbide_Nozzles.html\">Karbiddyser<\/a><\/li>\n<\/ul>\n<\/div>\n<\/div>\n<\/li>\n<li class=\"next-menu-item\" tabindex=\"-1\" role=\"menuitem\"><a class=\"group-link icbu-link-normal\" title=\"karbidinnsats\" href=\"https:\/\/zgccc.en.alibaba.com\/productgrouplist-805177435\/carbide_insert.html\">Karbidinnsats<\/a><\/li>\n<li class=\"next-menu-submenu-item-popup follow\" aria-haspopup=\"true\">\n<div class=\"next-menu-submenu-title\"><a class=\"group-link with-child icbu-link-normal\" title=\"Karbidgruvedeler\" href=\"https:\/\/zgccc.en.alibaba.com\/productgrouplist-804072104\/Carbide_Mining_Parts.html\">Karbidgruvedeler<\/a><\/div>\n<\/li>\n<li class=\"next-menu-submenu-item-popup opened follow\" aria-haspopup=\"true\">\n<div class=\"next-menu-wrapper slide-down slide-down-active\">\n<div class=\"next-menu ver\" tabindex=\"0\">\n<ul class=\"next-menu-content\">\n<li class=\"next-menu-item focused\" tabindex=\"-1\" role=\"menuitem\"><a class=\"group-link icbu-link-normal\" href=\"https:\/\/zgccc.en.alibaba.com\/productgrouplist-804147897\/Carbide_road_milling_bits.html\">H\u00e5rdmetall veifreser<\/a><\/li>\n<li class=\"next-menu-item\" tabindex=\"-1\" role=\"menuitem\"><a class=\"group-link icbu-link-normal\" href=\"https:\/\/zgccc.en.alibaba.com\/productgrouplist-804112579\/Carbide_geological_prospecting_tools.html\">Karbid geologiske prospekteringsverkt\u00f8y<\/a><\/li>\n<li class=\"next-menu-item\" tabindex=\"-1\" role=\"menuitem\"><a class=\"group-link icbu-link-normal\" href=\"https:\/\/zgccc.en.alibaba.com\/productgrouplist-804110984\/Carbide_oil_gas_drilling_bits.html\">Karbid olje og gass borekroner<\/a><\/li>\n<li class=\"next-menu-item\" tabindex=\"-1\" role=\"menuitem\"><a class=\"group-link icbu-link-normal\" href=\"https:\/\/zgccc.en.alibaba.com\/productgrouplist-804068189\/Carbide_rock_drilling_bits.html\">H\u00e5rdmetall fjellborekroner<\/a><\/li>\n<\/ul>\n<\/div>\n<\/div>\n<\/li>\n<li class=\"next-menu-item\" tabindex=\"-1\" role=\"menuitem\"><a class=\"group-link icbu-link-normal\" title=\"Rene Tungsten barer og stenger\" href=\"https:\/\/zgccc.en.alibaba.com\/productgrouplist-803806753\/Pure_Tungsten_Bars_Rods.html\">Rene Tungsten barer og stenger<\/a><\/li>\n<li class=\"next-menu-submenu-item-popup follow\" aria-haspopup=\"true\">\n<div class=\"next-menu-submenu-title\"><a class=\"group-link with-child icbu-link-normal\" title=\"Slitasjebestandige overflatebeleggmaterialer\" href=\"https:\/\/zgccc.en.alibaba.com\/productgrouplist-803747129\/Wear_Resistant_Surface_Coating_Materials.html\">Slitasjebestandige overflatebeleggmaterialer<\/a><\/div>\n<\/li>\n<li aria-haspopup=\"true\">\n<div class=\"next-menu-wrapper slide-down slide-down-active\">\n<div class=\"next-menu ver\" tabindex=\"0\">\n<ul class=\"next-menu-content\">\n<li class=\"next-menu-item\" tabindex=\"-1\" role=\"menuitem\" data-spm-anchor-id=\"a2700.shop_pl.98.i2.3b046bbeJQhNlu\"><a class=\"group-link icbu-link-normal\" href=\"https:\/\/zgccc.en.alibaba.com\/productgrouplist-803868417\/Welding_Materials.html\">Sveisematerialer<\/a><\/li>\n<li class=\"next-menu-item\" tabindex=\"-1\" role=\"menuitem\"><a class=\"group-link icbu-link-normal\" href=\"https:\/\/zgccc.en.alibaba.com\/productgrouplist-803735335\/Thermal_Spray_Powders.html\">Termisk spraypulver<\/a><\/li>\n<li class=\"next-menu-item\" tabindex=\"-1\" role=\"menuitem\"><a class=\"group-link icbu-link-normal\" href=\"https:\/\/zgccc.en.alibaba.com\/productgrouplist-803800613\/Carbide_Materials.html\">Karbidmaterialer<\/a><\/li>\n<\/ul>\n<\/div>\n<\/div>\n<\/li>\n<li class=\"next-menu-item\" tabindex=\"-1\" role=\"menuitem\"><a class=\"group-link icbu-link-normal\" title=\"Tungsten Carbide Roll Ring\" href=\"https:\/\/zgccc.en.alibaba.com\/productgrouplist-803767567\/Tungsten_Carbide_Roll_Ring.html\">Tungsten Carbide Roll Ring<\/a><\/li>\n<li class=\"next-menu-item\" tabindex=\"-1\" role=\"menuitem\"><a class=\"group-link icbu-link-normal\" title=\"Tungsten og molybdenprodukter\" href=\"https:\/\/zgccc.en.alibaba.com\/productgrouplist-803674351\/Tungsten_Molybdenum_Products.html\">Tungsten og molybdenprodukter<\/a><\/li>\n<li class=\"next-menu-submenu-item-popup follow\" aria-haspopup=\"true\">\n<div class=\"next-menu-submenu-title\"><a class=\"group-link with-child icbu-link-normal\" title=\"Sjeldne metallpulver\" href=\"https:\/\/zgccc.en.alibaba.com\/productgrouplist-803657389\/Rare_Metal_Powders.html\">Sjeldne metallpulver<\/a><\/div>\n<\/li>\n<li aria-haspopup=\"true\">\n<div class=\"next-menu-wrapper slide-down slide-down-active\">\n<div class=\"next-menu ver\" tabindex=\"0\">\n<ul class=\"next-menu-content\">\n<li class=\"next-menu-item\" tabindex=\"-1\" role=\"menuitem\" data-spm-anchor-id=\"a2700.shop_pl.98.i4.3b046bbeJQhNlu\"><a class=\"group-link icbu-link-normal\" href=\"https:\/\/zgccc.en.alibaba.com\/productgrouplist-803726204\/Molybdenum_Powder.html\">Molybden pulver<\/a><\/li>\n<li class=\"next-menu-item\" tabindex=\"-1\" role=\"menuitem\"><a class=\"group-link icbu-link-normal\" href=\"https:\/\/zgccc.en.alibaba.com\/productgrouplist-803658344\/APT_AMT_BTO_YTO.html\">APT, AMT, BTO, YTO<\/a><\/li>\n<li class=\"next-menu-item focused\" tabindex=\"-1\" role=\"menuitem\"><a class=\"group-link icbu-link-normal\" href=\"https:\/\/zgccc.en.alibaba.com\/productgrouplist-803574650\/Tungsten_Metal_Powder.html\">Wolfram metallpulver<\/a><\/li>\n<\/ul>\n<\/div>\n<\/div>\n<\/li>\n<li class=\"next-menu-item\" tabindex=\"-1\" role=\"menuitem\"><a class=\"group-link icbu-link-normal\" title=\"Wolframkarbidpulver\" href=\"https:\/\/zgccc.en.alibaba.com\/productgrouplist-803656555\/Tungsten_Carbide_Powder.html\">Wolframkarbidpulver<\/a><\/li>\n<\/ul>\n<\/div>\n<\/div>\n<\/div>\n<\/div>\n<\/div>\n<div id=\"8921470432\" class=\"J_module module_loaded\" data-spm=\"89\" data-aplus-ae=\"6\" data-spm-anchor-id=\"a2700.shop_pl.0.89.3b046bbeJQhNlu\"><\/div>\n<\/div><\/div><\/div><\/div><\/div>","protected":false},"excerpt":{"rendered":"","protected":false},"author":2,"featured_media":0,"parent":0,"menu_order":0,"comment_status":"closed","ping_status":"closed","template":"","meta":{"footnotes":""},"class_list":["post-3557","page","type-page","status-publish","hentry"],"yoast_head":"<!-- This site is optimized with the Yoast SEO plugin v27.4 - https:\/\/yoast.com\/product\/yoast-seo-wordpress\/ -->\n<title>Zigong Cemented Carbide Corp., Ltd - Zigong International Marketing, LLC<\/title>\n<meta name=\"robots\" content=\"index, follow, max-snippet:-1, max-image-preview:large, max-video-preview:-1\" \/>\n<link rel=\"canonical\" href=\"https:\/\/zim-llc.com\/nb\/zigong-cemented-carbide-corp-ltd\/\" \/>\n<meta property=\"og:locale\" content=\"nb_NO\" \/>\n<meta property=\"og:type\" content=\"article\" \/>\n<meta property=\"og:title\" content=\"Zigong Cemented Carbide Corp., Ltd - Zigong International Marketing, LLC\" \/>\n<meta property=\"og:url\" content=\"https:\/\/zim-llc.com\/nb\/zigong-cemented-carbide-corp-ltd\/\" \/>\n<meta property=\"og:site_name\" content=\"Zigong International Marketing, LLC\" \/>\n<meta property=\"article:modified_time\" content=\"2024-05-15T20:59:55+00:00\" \/>\n<meta name=\"twitter:card\" content=\"summary_large_image\" \/>\n<meta name=\"twitter:label1\" content=\"Ansl. lesetid\" \/>\n\t<meta name=\"twitter:data1\" content=\"2 minutter\" \/>\n<script type=\"application\/ld+json\" class=\"yoast-schema-graph\">{\"@context\":\"https:\\\/\\\/schema.org\",\"@graph\":[{\"@type\":\"WebPage\",\"@id\":\"https:\\\/\\\/zim-llc.com\\\/ku\\\/zigong-cemented-carbide-corp-ltd\\\/\",\"url\":\"https:\\\/\\\/zim-llc.com\\\/ku\\\/zigong-cemented-carbide-corp-ltd\\\/\",\"name\":\"Zigong Cemented Carbide Corp., Ltd - Zigong International Marketing, LLC\",\"isPartOf\":{\"@id\":\"http:\\\/\\\/zim-llc.com\\\/ta\\\/#website\"},\"datePublished\":\"2022-01-19T19:53:57+00:00\",\"dateModified\":\"2024-05-15T20:59:55+00:00\",\"breadcrumb\":{\"@id\":\"https:\\\/\\\/zim-llc.com\\\/ku\\\/zigong-cemented-carbide-corp-ltd\\\/#breadcrumb\"},\"inLanguage\":\"nb-NO\",\"potentialAction\":[{\"@type\":\"ReadAction\",\"target\":[\"https:\\\/\\\/zim-llc.com\\\/ku\\\/zigong-cemented-carbide-corp-ltd\\\/\"]}]},{\"@type\":\"BreadcrumbList\",\"@id\":\"https:\\\/\\\/zim-llc.com\\\/ku\\\/zigong-cemented-carbide-corp-ltd\\\/#breadcrumb\",\"itemListElement\":[{\"@type\":\"ListItem\",\"position\":1,\"name\":\"Home\",\"item\":\"https:\\\/\\\/zim-llc.com\\\/en\\\/\"},{\"@type\":\"ListItem\",\"position\":2,\"name\":\"Zigong Cemented Carbide Corp., Ltd\"}]},{\"@type\":\"WebSite\",\"@id\":\"http:\\\/\\\/zim-llc.com\\\/ta\\\/#website\",\"url\":\"http:\\\/\\\/zim-llc.com\\\/ta\\\/\",\"name\":\"Zigong International Marketing, LLC\",\"description\":\"\",\"publisher\":{\"@id\":\"http:\\\/\\\/zim-llc.com\\\/ta\\\/#organization\"},\"potentialAction\":[{\"@type\":\"SearchAction\",\"target\":{\"@type\":\"EntryPoint\",\"urlTemplate\":\"http:\\\/\\\/zim-llc.com\\\/ta\\\/?s={search_term_string}\"},\"query-input\":{\"@type\":\"PropertyValueSpecification\",\"valueRequired\":true,\"valueName\":\"search_term_string\"}}],\"inLanguage\":\"nb-NO\"},{\"@type\":\"Organization\",\"@id\":\"http:\\\/\\\/zim-llc.com\\\/ta\\\/#organization\",\"name\":\"Zigong International Marketing LLC\",\"url\":\"http:\\\/\\\/zim-llc.com\\\/ta\\\/\",\"logo\":{\"@type\":\"ImageObject\",\"inLanguage\":\"nb-NO\",\"@id\":\"http:\\\/\\\/zim-llc.com\\\/ta\\\/#\\\/schema\\\/logo\\\/image\\\/\",\"url\":\"https:\\\/\\\/zim-llc.com\\\/wp-content\\\/uploads\\\/2020\\\/06\\\/6-23-logo-c.jpg\",\"contentUrl\":\"https:\\\/\\\/zim-llc.com\\\/wp-content\\\/uploads\\\/2020\\\/06\\\/6-23-logo-c.jpg\",\"width\":201,\"height\":90,\"caption\":\"Zigong International Marketing LLC\"},\"image\":{\"@id\":\"http:\\\/\\\/zim-llc.com\\\/ta\\\/#\\\/schema\\\/logo\\\/image\\\/\"}}]}<\/script>\n<!-- \/ Yoast SEO plugin. -->","yoast_head_json":{"title":"Zigong Cemented Carbide Corp., Ltd - Zigong International Marketing, LLC","robots":{"index":"index","follow":"follow","max-snippet":"max-snippet:-1","max-image-preview":"max-image-preview:large","max-video-preview":"max-video-preview:-1"},"canonical":"https:\/\/zim-llc.com\/nb\/zigong-cemented-carbide-corp-ltd\/","og_locale":"nb_NO","og_type":"article","og_title":"Zigong Cemented Carbide Corp., Ltd - Zigong International Marketing, LLC","og_url":"https:\/\/zim-llc.com\/nb\/zigong-cemented-carbide-corp-ltd\/","og_site_name":"Zigong International Marketing, LLC","article_modified_time":"2024-05-15T20:59:55+00:00","twitter_card":"summary_large_image","twitter_misc":{"Ansl. lesetid":"2 minutter"},"schema":{"@context":"https:\/\/schema.org","@graph":[{"@type":"WebPage","@id":"https:\/\/zim-llc.com\/ku\/zigong-cemented-carbide-corp-ltd\/","url":"https:\/\/zim-llc.com\/ku\/zigong-cemented-carbide-corp-ltd\/","name":"Zigong Cemented Carbide Corp., Ltd - Zigong International Marketing, LLC","isPartOf":{"@id":"http:\/\/zim-llc.com\/ta\/#website"},"datePublished":"2022-01-19T19:53:57+00:00","dateModified":"2024-05-15T20:59:55+00:00","breadcrumb":{"@id":"https:\/\/zim-llc.com\/ku\/zigong-cemented-carbide-corp-ltd\/#breadcrumb"},"inLanguage":"nb-NO","potentialAction":[{"@type":"ReadAction","target":["https:\/\/zim-llc.com\/ku\/zigong-cemented-carbide-corp-ltd\/"]}]},{"@type":"BreadcrumbList","@id":"https:\/\/zim-llc.com\/ku\/zigong-cemented-carbide-corp-ltd\/#breadcrumb","itemListElement":[{"@type":"ListItem","position":1,"name":"Home","item":"https:\/\/zim-llc.com\/en\/"},{"@type":"ListItem","position":2,"name":"Zigong Cemented Carbide Corp., Ltd"}]},{"@type":"WebSite","@id":"http:\/\/zim-llc.com\/ta\/#website","url":"http:\/\/zim-llc.com\/ta\/","name":"Zigong International Marketing, LLC","description":"","publisher":{"@id":"http:\/\/zim-llc.com\/ta\/#organization"},"potentialAction":[{"@type":"SearchAction","target":{"@type":"EntryPoint","urlTemplate":"http:\/\/zim-llc.com\/ta\/?s={search_term_string}"},"query-input":{"@type":"PropertyValueSpecification","valueRequired":true,"valueName":"search_term_string"}}],"inLanguage":"nb-NO"},{"@type":"Organization","@id":"http:\/\/zim-llc.com\/ta\/#organization","name":"Zigong International Marketing LLC","url":"http:\/\/zim-llc.com\/ta\/","logo":{"@type":"ImageObject","inLanguage":"nb-NO","@id":"http:\/\/zim-llc.com\/ta\/#\/schema\/logo\/image\/","url":"https:\/\/zim-llc.com\/wp-content\/uploads\/2020\/06\/6-23-logo-c.jpg","contentUrl":"https:\/\/zim-llc.com\/wp-content\/uploads\/2020\/06\/6-23-logo-c.jpg","width":201,"height":90,"caption":"Zigong International Marketing LLC"},"image":{"@id":"http:\/\/zim-llc.com\/ta\/#\/schema\/logo\/image\/"}}]}},"_links":{"self":[{"href":"https:\/\/zim-llc.com\/nb\/wp-json\/wp\/v2\/pages\/3557","targetHints":{"allow":["GET"]}}],"collection":[{"href":"https:\/\/zim-llc.com\/nb\/wp-json\/wp\/v2\/pages"}],"about":[{"href":"https:\/\/zim-llc.com\/nb\/wp-json\/wp\/v2\/types\/page"}],"author":[{"embeddable":true,"href":"https:\/\/zim-llc.com\/nb\/wp-json\/wp\/v2\/users\/2"}],"replies":[{"embeddable":true,"href":"https:\/\/zim-llc.com\/nb\/wp-json\/wp\/v2\/comments?post=3557"}],"version-history":[{"count":0,"href":"https:\/\/zim-llc.com\/nb\/wp-json\/wp\/v2\/pages\/3557\/revisions"}],"wp:attachment":[{"href":"https:\/\/zim-llc.com\/nb\/wp-json\/wp\/v2\/media?parent=3557"}],"curies":[{"name":"wp","href":"https:\/\/api.w.org\/{rel}","templated":true}]}}