{"id":2748,"date":"2020-07-13T22:59:31","date_gmt":"2020-07-13T22:59:31","guid":{"rendered":"https:\/\/zimllc.wpengine.com\/?page_id=2748"},"modified":"2024-08-27T19:00:51","modified_gmt":"2024-08-27T19:00:51","slug":"special-tungsten-powder","status":"publish","type":"page","link":"https:\/\/zim-llc.com\/nb\/w-mo-products\/special-tungsten-powder\/","title":{"rendered":"Spesielt wolframpulver"},"content":{"rendered":"<div class=\"fusion-fullwidth fullwidth-box fusion-builder-row-1 fusion-flex-container has-pattern-background has-mask-background nonhundred-percent-fullwidth non-hundred-percent-height-scrolling\" style=\"--awb-border-radius-top-left:0px;--awb-border-radius-top-right:0px;--awb-border-radius-bottom-right:0px;--awb-border-radius-bottom-left:0px;--awb-padding-right:0px;--awb-padding-left:60px;--awb-background-image:linear-gradient(180deg, #0000 0%,#0000 100%);--awb-flex-wrap:wrap;\" ><div class=\"fusion-builder-row fusion-row fusion-flex-align-items-flex-start fusion-flex-content-wrap\" style=\"max-width:1248px;margin-left: calc(-4% \/ 2 );margin-right: calc(-4% \/ 2 );\"><div class=\"fusion-layout-column fusion_builder_column fusion-builder-column-0 fusion_builder_column_2_3 2_3 fusion-flex-column\" style=\"--awb-bg-size:cover;--awb-width-large:66.6666666667%;--awb-margin-top-large:0px;--awb-spacing-right-large:2.88%;--awb-margin-bottom-large:0px;--awb-spacing-left-large:2.88%;--awb-width-medium:66.6666666667%;--awb-order-medium:0;--awb-spacing-right-medium:2.88%;--awb-spacing-left-medium:2.88%;--awb-width-small:100%;--awb-order-small:0;--awb-spacing-right-small:1.92%;--awb-spacing-left-small:1.92%;\" data-scroll-devices=\"small-visibility,medium-visibility,large-visibility\"><div class=\"fusion-column-wrapper fusion-column-has-shadow fusion-flex-justify-content-flex-start fusion-content-layout-column\"><div class=\"fusion-text fusion-text-1\"><h1>Spesielt wolframpulver<\/h1>\n<p><strong>Tungsten pulver for High Density Alloy<\/strong><\/p>\n<p><strong>Utseende:<\/strong><\/p>\n<p>m\u00f8rkegr\u00e5 uten klumper og visuelle urenheter<\/p>\n<p><strong>Innhold:<\/strong>\u00a099.95% min<br \/>\n<strong>St\u00f8rrelse:<\/strong>\u00a02,0-4,0\u03bcm som levert<\/p>\n<p><strong>Wolfram pulver for spr\u00f8yting<\/strong><br \/>\nTungsten-pulveret produseres i en spesiell reduksjonsprosess ved \u00e5 bruke oksid som r\u00e5materiale.<\/p>\n<p><strong>Utseende:<\/strong>\u00a0Ensartet lys gr\u00e5 farge<br \/>\n<strong>St\u00f8rrelse:<\/strong>\u00a0200-325 mesh<br \/>\n<strong>Egenskaper:<\/strong>\u00a0jevn partikkelst\u00f8rrelse, utmerket flyteevne og korrosjonsbestandighet<br \/>\n<strong>Applikasjon:<\/strong>\u00a0brukes som beleggmateriale for plasma og HVOF<\/p>\n<p><strong>Krystallinsk wolframpulver (CTP)<\/strong><br \/>\nCTP, ogs\u00e5 kalt skulderpulver, produseres i en spesiell reduksjonsprosess ved \u00e5 bruke oksid som r\u00e5materiale.<\/p>\n<p><strong>Utseende:<\/strong>\u00a0Ensartet lys gr\u00e5 farge<br \/>\n<strong>St\u00f8rrelser:<\/strong>\u00a060-325 mesh, 100-325 mesh, 200-325 mesh<br \/>\n<strong>Egenskaper:<\/strong>\u00a0grov kornst\u00f8rrelse med utmerket flyteevne<br \/>\n<strong>Applikasjon:<\/strong>\u00a0Hovedsakelig brukt til PDC-borematrisepulver<\/p>\n<\/div><\/div><\/div><div class=\"fusion-layout-column fusion_builder_column fusion-builder-column-1 fusion_builder_column_1_3 1_3 fusion-flex-column\" style=\"--awb-bg-size:cover;--awb-width-large:33.3333333333%;--awb-margin-top-large:0px;--awb-spacing-right-large:5.76%;--awb-margin-bottom-large:0px;--awb-spacing-left-large:5.76%;--awb-width-medium:33.3333333333%;--awb-order-medium:0;--awb-spacing-right-medium:5.76%;--awb-spacing-left-medium:5.76%;--awb-width-small:100%;--awb-order-small:0;--awb-spacing-right-small:1.92%;--awb-spacing-left-small:1.92%;\" data-scroll-devices=\"small-visibility,medium-visibility,large-visibility\"><div class=\"fusion-column-wrapper fusion-column-has-shadow fusion-flex-justify-content-flex-start fusion-content-layout-column\"><div class=\"fusion-separator fusion-full-width-sep\" style=\"align-self: center;margin-left: auto;margin-right: auto;margin-bottom:20px;width:100%;\"><\/div><div class=\"fusion-text fusion-text-2\">\n\t\t<div id=\"wppdfemb-frame-container-0\" style=\"-webkit-overflow-scrolling:auto;\">\n\t\t\t<iframe src=\"https:\/\/zim-llc.com\/nb\/?url=https:\/\/zim-llc.com\/wp-content\/uploads\/2020\/07\/Special-Tungsten-Powder.pdf&#038;toolbarfixed=on&#038;index=1&#038;pdfID=0\"\n\t\t\t\tid=\"wppdf-emb-iframe-0\"\n\t\t\t\tdata-pdf-index=\"1\"\n\t\t\t\tclass=\"pdfembed-iframe nonfullscreen\"\n\t\t\t\tstyle=\"border:none;width:100%;max-width:250px;min-height:350px\"\n\t\t\t\tscrolling=\"yes\">\n\t\t\t<\/iframe>\n\t\t<\/div>\n\n\t\t\n<\/div><\/div><\/div><\/div><\/div>","protected":false},"excerpt":{"rendered":"","protected":false},"author":4,"featured_media":0,"parent":875,"menu_order":1,"comment_status":"closed","ping_status":"closed","template":"","meta":{"footnotes":""},"class_list":["post-2748","page","type-page","status-publish","hentry"],"yoast_head":"<!-- This site is optimized with the Yoast SEO plugin v27.5 - https:\/\/yoast.com\/product\/yoast-seo-wordpress\/ -->\n<title>Special Tungsten Powder - Zigong International Marketing, LLC<\/title>\n<meta name=\"description\" content=\"Special Tungsten Powder processing for high density alloy.\" \/>\n<meta name=\"robots\" content=\"index, follow, max-snippet:-1, max-image-preview:large, max-video-preview:-1\" \/>\n<link rel=\"canonical\" href=\"http:\/\/zim-llc.com\/nb\/w-mo-products\/special-tungsten-powder\/\" \/>\n<meta property=\"og:locale\" content=\"nb_NO\" \/>\n<meta property=\"og:type\" content=\"article\" \/>\n<meta property=\"og:title\" content=\"Special Tungsten Powder - Zigong International Marketing, LLC\" \/>\n<meta property=\"og:description\" content=\"Special Tungsten Powder processing for high density alloy.\" \/>\n<meta property=\"og:url\" content=\"http:\/\/zim-llc.com\/nb\/w-mo-products\/special-tungsten-powder\/\" \/>\n<meta property=\"og:site_name\" content=\"Zigong International Marketing, LLC\" \/>\n<meta property=\"article:modified_time\" content=\"2024-08-27T19:00:51+00:00\" \/>\n<meta name=\"twitter:card\" content=\"summary_large_image\" \/>\n<meta name=\"twitter:label1\" content=\"Ansl. lesetid\" \/>\n\t<meta name=\"twitter:data1\" content=\"1 minutt\" \/>\n<script type=\"application\/ld+json\" class=\"yoast-schema-graph\">{\"@context\":\"https:\\\/\\\/schema.org\",\"@graph\":[{\"@type\":\"WebPage\",\"@id\":\"http:\\\/\\\/zim-llc.com\\\/cs\\\/w-mo-products\\\/special-tungsten-powder\\\/\",\"url\":\"http:\\\/\\\/zim-llc.com\\\/cs\\\/w-mo-products\\\/special-tungsten-powder\\\/\",\"name\":\"Special Tungsten Powder - Zigong International Marketing, LLC\",\"isPartOf\":{\"@id\":\"http:\\\/\\\/zim-llc.com\\\/lt\\\/#website\"},\"datePublished\":\"2020-07-13T22:59:31+00:00\",\"dateModified\":\"2024-08-27T19:00:51+00:00\",\"description\":\"Special Tungsten Powder processing for high density alloy.\",\"breadcrumb\":{\"@id\":\"http:\\\/\\\/zim-llc.com\\\/cs\\\/w-mo-products\\\/special-tungsten-powder\\\/#breadcrumb\"},\"inLanguage\":\"nb-NO\",\"potentialAction\":[{\"@type\":\"ReadAction\",\"target\":[\"http:\\\/\\\/zim-llc.com\\\/cs\\\/w-mo-products\\\/special-tungsten-powder\\\/\"]}]},{\"@type\":\"BreadcrumbList\",\"@id\":\"http:\\\/\\\/zim-llc.com\\\/cs\\\/w-mo-products\\\/special-tungsten-powder\\\/#breadcrumb\",\"itemListElement\":[{\"@type\":\"ListItem\",\"position\":1,\"name\":\"Home\",\"item\":\"http:\\\/\\\/zim-llc.com\\\/lt\\\/\"},{\"@type\":\"ListItem\",\"position\":2,\"name\":\"W &#038; Mo Products\",\"item\":\"https:\\\/\\\/zim-llc.com\\\/es_mx\\\/w-mo-products\\\/\"},{\"@type\":\"ListItem\",\"position\":3,\"name\":\"Special Tungsten Powder\"}]},{\"@type\":\"WebSite\",\"@id\":\"http:\\\/\\\/zim-llc.com\\\/lt\\\/#website\",\"url\":\"http:\\\/\\\/zim-llc.com\\\/lt\\\/\",\"name\":\"Zigong International Marketing, LLC\",\"description\":\"\",\"publisher\":{\"@id\":\"http:\\\/\\\/zim-llc.com\\\/lt\\\/#organization\"},\"potentialAction\":[{\"@type\":\"SearchAction\",\"target\":{\"@type\":\"EntryPoint\",\"urlTemplate\":\"http:\\\/\\\/zim-llc.com\\\/lt\\\/?s={search_term_string}\"},\"query-input\":{\"@type\":\"PropertyValueSpecification\",\"valueRequired\":true,\"valueName\":\"search_term_string\"}}],\"inLanguage\":\"nb-NO\"},{\"@type\":\"Organization\",\"@id\":\"http:\\\/\\\/zim-llc.com\\\/lt\\\/#organization\",\"name\":\"Zigong International Marketing LLC\",\"url\":\"http:\\\/\\\/zim-llc.com\\\/lt\\\/\",\"logo\":{\"@type\":\"ImageObject\",\"inLanguage\":\"nb-NO\",\"@id\":\"http:\\\/\\\/zim-llc.com\\\/lt\\\/#\\\/schema\\\/logo\\\/image\\\/\",\"url\":\"https:\\\/\\\/zim-llc.com\\\/wp-content\\\/uploads\\\/2020\\\/06\\\/6-23-logo-c.jpg\",\"contentUrl\":\"https:\\\/\\\/zim-llc.com\\\/wp-content\\\/uploads\\\/2020\\\/06\\\/6-23-logo-c.jpg\",\"width\":201,\"height\":90,\"caption\":\"Zigong International Marketing LLC\"},\"image\":{\"@id\":\"http:\\\/\\\/zim-llc.com\\\/lt\\\/#\\\/schema\\\/logo\\\/image\\\/\"}}]}<\/script>\n<!-- \/ Yoast SEO plugin. -->","yoast_head_json":{"title":"Special Tungsten Powder - Zigong International Marketing, LLC","description":"Special Tungsten Powder processing for high density alloy.","robots":{"index":"index","follow":"follow","max-snippet":"max-snippet:-1","max-image-preview":"max-image-preview:large","max-video-preview":"max-video-preview:-1"},"canonical":"http:\/\/zim-llc.com\/nb\/w-mo-products\/special-tungsten-powder\/","og_locale":"nb_NO","og_type":"article","og_title":"Special Tungsten Powder - Zigong International Marketing, LLC","og_description":"Special Tungsten Powder processing for high density alloy.","og_url":"http:\/\/zim-llc.com\/nb\/w-mo-products\/special-tungsten-powder\/","og_site_name":"Zigong International Marketing, LLC","article_modified_time":"2024-08-27T19:00:51+00:00","twitter_card":"summary_large_image","twitter_misc":{"Ansl. lesetid":"1 minutt"},"schema":{"@context":"https:\/\/schema.org","@graph":[{"@type":"WebPage","@id":"http:\/\/zim-llc.com\/cs\/w-mo-products\/special-tungsten-powder\/","url":"http:\/\/zim-llc.com\/cs\/w-mo-products\/special-tungsten-powder\/","name":"Special Tungsten Powder - Zigong International Marketing, LLC","isPartOf":{"@id":"http:\/\/zim-llc.com\/lt\/#website"},"datePublished":"2020-07-13T22:59:31+00:00","dateModified":"2024-08-27T19:00:51+00:00","description":"Special Tungsten Powder processing for high density alloy.","breadcrumb":{"@id":"http:\/\/zim-llc.com\/cs\/w-mo-products\/special-tungsten-powder\/#breadcrumb"},"inLanguage":"nb-NO","potentialAction":[{"@type":"ReadAction","target":["http:\/\/zim-llc.com\/cs\/w-mo-products\/special-tungsten-powder\/"]}]},{"@type":"BreadcrumbList","@id":"http:\/\/zim-llc.com\/cs\/w-mo-products\/special-tungsten-powder\/#breadcrumb","itemListElement":[{"@type":"ListItem","position":1,"name":"Home","item":"http:\/\/zim-llc.com\/lt\/"},{"@type":"ListItem","position":2,"name":"W &#038; Mo Products","item":"https:\/\/zim-llc.com\/es_mx\/w-mo-products\/"},{"@type":"ListItem","position":3,"name":"Special Tungsten Powder"}]},{"@type":"WebSite","@id":"http:\/\/zim-llc.com\/lt\/#website","url":"http:\/\/zim-llc.com\/lt\/","name":"Zigong International Marketing, LLC","description":"","publisher":{"@id":"http:\/\/zim-llc.com\/lt\/#organization"},"potentialAction":[{"@type":"SearchAction","target":{"@type":"EntryPoint","urlTemplate":"http:\/\/zim-llc.com\/lt\/?s={search_term_string}"},"query-input":{"@type":"PropertyValueSpecification","valueRequired":true,"valueName":"search_term_string"}}],"inLanguage":"nb-NO"},{"@type":"Organization","@id":"http:\/\/zim-llc.com\/lt\/#organization","name":"Zigong International Marketing LLC","url":"http:\/\/zim-llc.com\/lt\/","logo":{"@type":"ImageObject","inLanguage":"nb-NO","@id":"http:\/\/zim-llc.com\/lt\/#\/schema\/logo\/image\/","url":"https:\/\/zim-llc.com\/wp-content\/uploads\/2020\/06\/6-23-logo-c.jpg","contentUrl":"https:\/\/zim-llc.com\/wp-content\/uploads\/2020\/06\/6-23-logo-c.jpg","width":201,"height":90,"caption":"Zigong International Marketing LLC"},"image":{"@id":"http:\/\/zim-llc.com\/lt\/#\/schema\/logo\/image\/"}}]}},"_links":{"self":[{"href":"https:\/\/zim-llc.com\/nb\/wp-json\/wp\/v2\/pages\/2748","targetHints":{"allow":["GET"]}}],"collection":[{"href":"https:\/\/zim-llc.com\/nb\/wp-json\/wp\/v2\/pages"}],"about":[{"href":"https:\/\/zim-llc.com\/nb\/wp-json\/wp\/v2\/types\/page"}],"author":[{"embeddable":true,"href":"https:\/\/zim-llc.com\/nb\/wp-json\/wp\/v2\/users\/4"}],"replies":[{"embeddable":true,"href":"https:\/\/zim-llc.com\/nb\/wp-json\/wp\/v2\/comments?post=2748"}],"version-history":[{"count":0,"href":"https:\/\/zim-llc.com\/nb\/wp-json\/wp\/v2\/pages\/2748\/revisions"}],"up":[{"embeddable":true,"href":"https:\/\/zim-llc.com\/nb\/wp-json\/wp\/v2\/pages\/875"}],"wp:attachment":[{"href":"https:\/\/zim-llc.com\/nb\/wp-json\/wp\/v2\/media?parent=2748"}],"curies":[{"name":"wp","href":"https:\/\/api.w.org\/{rel}","templated":true}]}}