{"id":3733,"date":"2022-12-12T19:20:34","date_gmt":"2022-12-12T19:20:34","guid":{"rendered":"https:\/\/zimllc.wpengine.com\/?page_id=3733"},"modified":"2024-04-24T16:06:15","modified_gmt":"2024-04-24T16:06:15","slug":"cemented-carbide-pallets","status":"publish","type":"page","link":"https:\/\/zim-llc.com\/lt\/hardfacing-materials\/cemented-carbide-pallets\/","title":{"rendered":"Cementiniai karbido pad\u0117klai"},"content":{"rendered":"<div class=\"fusion-fullwidth fullwidth-box fusion-builder-row-1 fusion-flex-container has-pattern-background has-mask-background nonhundred-percent-fullwidth non-hundred-percent-height-scrolling\" style=\"--awb-border-color:#0000;--awb-border-radius-top-left:0px;--awb-border-radius-top-right:0px;--awb-border-radius-bottom-right:0px;--awb-border-radius-bottom-left:0px;--awb-padding-left:60px;--awb-background-color:#0000;--awb-background-image:linear-gradient(180deg, #0000 0%,#0000 100%);--awb-flex-wrap:wrap;\" ><div class=\"fusion-builder-row fusion-row fusion-flex-align-items-flex-start fusion-flex-content-wrap\" style=\"max-width:1248px;margin-left: calc(-4% \/ 2 );margin-right: calc(-4% \/ 2 );\"><div class=\"fusion-layout-column fusion_builder_column fusion-builder-column-0 fusion_builder_column_2_3 2_3 fusion-flex-column\" style=\"--awb-bg-size:cover;--awb-width-large:66.6666666667%;--awb-margin-top-large:0px;--awb-spacing-right-large:4.32%;--awb-margin-bottom-large:0px;--awb-spacing-left-large:2.88%;--awb-width-medium:66.6666666667%;--awb-spacing-right-medium:4.32%;--awb-spacing-left-medium:2.88%;--awb-width-small:100%;--awb-spacing-right-small:1.92%;--awb-spacing-left-small:1.92%;\"><div class=\"fusion-column-wrapper fusion-flex-justify-content-flex-start fusion-content-layout-column\"><div class=\"fusion-text fusion-text-1\"><h1>Cementiniai karbido pad\u0117klai<\/h1>\n<p class=\"translation-block\"><strong>Cementuotos karbido granul\u0117s (CCP)<\/strong> yra pagamintos i\u0161 WC ir Co granuliuojant, presuojant ir sukepinant ir yra sferin\u0117s arba subsferin\u0117s tamsiai pilkos spalvos cementuoto karbido dalel\u0117s, turin\u010dios didel\u012f kietum\u0105 (1400\u20131600 HV0,1), didel\u012f atsparum\u0105 dilimui ir atsparum\u0105 erozijai.<\/p>\n<p>CCP naudojamas cementuoto karbido dilimui atspariems elektrodams (vielai), pur\u0161kiamojo suvirinimo med\u017eiagoms ir pavir\u0161iaus med\u017eiagoms ruo\u0161ti.  Pagrindinis tikslas yra i\u0161 anksto sustiprinti dilimui atsparius pavir\u0161ius arba pataisyti susid\u0117v\u0117jusius pavir\u0161ius kasybos, naftos ir duj\u0173, metalurgijos, statybini\u0173 ma\u0161in\u0173, \u017eem\u0117s \u016bkio ma\u0161in\u0173 ir plieno pramon\u0117je.<\/p>\n<p><strong>Chemin\u0117 sud\u0117tis (Wt, %) <\/strong><\/p>\n<table style=\"background-color: #ffffff; border-collapse: collapse; height: 259px; width: 800px;\" cellspacing=\"0\">\n<tbody>\n<tr>\n<td style=\"background-color: #2f5496; width: 97px; border: 0.5pt solid #000000;\" colspan=\"1\" rowspan=\"2\">\n<p style=\"text-align: center;\"><span style=\"color: #ffffff;\"><strong>\u012evertinimas <\/strong><\/span><\/p>\n<\/td>\n<td style=\"background-color: #2f5496; width: 589px; border: 0.5pt solid #000000;\" colspan=\"6\" rowspan=\"1\">\n<p style=\"text-align: center;\"><span style=\"color: #ffffff;\"><strong>Chemin\u0117 kompozicija (\u012fjungta (mas\u0117, %) <\/strong><\/span><\/p>\n<\/td>\n<\/tr>\n<tr>\n<td style=\"background-color: #2f5496; border-color: #000000 #808080 #000000 #000000; border-style: solid; border-width: 0.5pt; width: 94px;\">\n<p style=\"text-align: center; color: #ffffff;\"><strong>Co <\/strong><\/p>\n<\/td>\n<td style=\"background-color: #2f5496; border-color: #000000 #808080; border-style: solid; border-width: 0.5pt; width: 105px;\">\n<p style=\"text-align: center; color: #ffffff;\"><strong>T. C <\/strong><\/p>\n<\/td>\n<td style=\"background-color: #2f5496; border-color: #000000 #808080; border-style: solid; border-width: 0.5pt; width: 99px;\">\n<p style=\"text-align: center; color: #ffffff;\"><strong>F. C <\/strong><\/p>\n<\/td>\n<td style=\"background-color: #2f5496; border-color: #000000 #808080; border-style: solid; border-width: 0.5pt; width: 99px;\">\n<p style=\"text-align: center; color: #ffffff;\"><strong>Ti <\/strong><\/p>\n<\/td>\n<td style=\"background-color: #2f5496; border-color: #000000 #808080; border-style: solid; border-width: 0.5pt; width: 93px;\">\n<p style=\"text-align: center; color: #ffffff;\"><strong>Fe <\/strong><\/p>\n<\/td>\n<td style=\"background-color: #2f5496; border-color: #000000 #000000 #000000 #808080; border-style: solid; border-width: 0.5pt; width: 84px;\">\n<p style=\"text-align: center; color: #ffffff;\"><strong>O <\/strong><\/p>\n<\/td>\n<\/tr>\n<tr>\n<td style=\"background-color: #ffffff; border-color: #000000 #000000 #808080; border-style: solid; border-width: 0.5pt; width: 97px;\">\n<p style=\"text-align: center;\"><span style=\"font-family: 'Calibri'; font-size: 11.000000pt;\">ZTC31 <\/span><\/p>\n<\/td>\n<td style=\"background-color: #ffffff; border-color: #000000 #808080 #808080 #000000; border-style: solid; border-width: 0.5pt; width: 94px;\">\n<p style=\"text-align: center;\"><span style=\"font-family: 'Calibri'; font-size: 11.000000pt;\">6.5-7.2 <\/span><\/p>\n<\/td>\n<td style=\"background-color: #ffffff; border-color: #000000 #808080 #808080; border-style: solid; border-width: 0.5pt; width: 105px;\">\n<p style=\"text-align: center;\"><span style=\"font-family: 'Calibri'; font-size: 11.000000pt;\">5.4-5.8 <\/span><\/p>\n<\/td>\n<td style=\"background-color: #ffffff; border-color: #000000 #808080 #808080; border-style: solid; border-width: 0.5pt; width: 99px;\">\n<p style=\"text-align: center;\"><span style=\"font-family: 'Calibri'; font-size: 11.000000pt;\">\u22640,01 <\/span><\/p>\n<\/td>\n<td style=\"background-color: #ffffff; border-color: #000000 #808080 #808080; border-style: solid; border-width: 0.5pt; width: 99px;\">\n<p style=\"text-align: center;\"><span style=\"font-family: 'Calibri'; font-size: 11.000000pt;\">\u22640,5 <\/span><\/p>\n<\/td>\n<td style=\"background-color: #ffffff; border-color: #000000 #808080 #808080; border-style: solid; border-width: 0.5pt; width: 93px;\">\n<p style=\"text-align: center;\"><span style=\"font-family: 'Calibri'; font-size: 11.000000pt;\">\u22640,5 <\/span><\/p>\n<\/td>\n<td style=\"background-color: #ffffff; border-color: #000000 #000000 #808080 #808080; border-style: solid; border-width: 0.5pt; width: 84px;\">\n<p style=\"text-align: center;\"><span style=\"font-family: 'Calibri'; font-size: 11.000000pt;\">\u22640,8 <\/span><\/p>\n<\/td>\n<\/tr>\n<tr>\n<td style=\"background-color: #ffffff; border-color: #808080 #000000; border-style: solid; border-width: 0.5pt; width: 97px;\">\n<p style=\"text-align: center;\"><span style=\"font-family: 'Calibri'; font-size: 11.000000pt;\">ZTC32 <\/span><\/p>\n<\/td>\n<td style=\"background-color: #ffffff; border-color: #808080 #808080 #808080 #000000; border-style: solid; border-width: 0.5pt; width: 94px;\">\n<p style=\"text-align: center;\"><span style=\"font-family: 'Calibri'; font-size: 11.000000pt;\">3.5-4.0 <\/span><\/p>\n<\/td>\n<td style=\"background-color: #ffffff; width: 105px; border: 0.5pt solid #808080;\">\n<p style=\"text-align: center;\"><span style=\"font-family: 'Calibri'; font-size: 11.000000pt;\">5.5-5.9 <\/span><\/p>\n<\/td>\n<td style=\"background-color: #ffffff; width: 99px; border: 0.5pt solid #808080;\">\n<p style=\"text-align: center;\"><span style=\"font-family: 'Calibri'; font-size: 11.000000pt;\">\u22640,01 <\/span><\/p>\n<\/td>\n<td style=\"background-color: #ffffff; width: 99px; border: 0.5pt solid #808080;\">\n<p style=\"text-align: center;\"><span style=\"font-family: 'Calibri'; font-size: 11.000000pt;\">\u22640,5 <\/span><\/p>\n<\/td>\n<td style=\"background-color: #ffffff; width: 93px; border: 0.5pt solid #808080;\">\n<p style=\"text-align: center;\"><span style=\"font-family: 'Calibri'; font-size: 11.000000pt;\">\u22640,5 <\/span><\/p>\n<\/td>\n<td style=\"background-color: #ffffff; border-color: #808080 #000000 #808080 #808080; border-style: solid; border-width: 0.5pt; width: 84px;\">\n<p style=\"text-align: center;\"><span style=\"font-family: 'Calibri'; font-size: 11.000000pt;\">\u22640,8 <\/span><\/p>\n<\/td>\n<\/tr>\n<tr>\n<td style=\"background-color: #ffffff; border-color: #808080 #000000; border-style: solid; border-width: 0.5pt; width: 97px;\">\n<p style=\"text-align: center;\"><span style=\"font-family: 'Calibri'; font-size: 11.000000pt;\">ZTC33 <\/span><\/p>\n<\/td>\n<td style=\"background-color: #ffffff; border-color: #808080 #808080 #808080 #000000; border-style: solid; border-width: 0.5pt; width: 94px;\">\n<p style=\"text-align: center;\"><span style=\"font-family: 'Calibri'; font-size: 11.000000pt;\">5.7-6.3 <\/span><\/p>\n<\/td>\n<td style=\"background-color: #ffffff; width: 105px; border: 0.5pt solid #808080;\">\n<p style=\"text-align: center;\"><span style=\"font-family: 'Calibri'; font-size: 11.000000pt;\">5.4-5.8 <\/span><\/p>\n<\/td>\n<td style=\"background-color: #ffffff; width: 99px; border: 0.5pt solid #808080;\">\n<p style=\"text-align: center;\"><span style=\"font-family: 'Calibri'; font-size: 11.000000pt;\">\u22640,01 <\/span><\/p>\n<\/td>\n<td style=\"background-color: #ffffff; width: 99px; border: 0.5pt solid #808080;\">\n<p style=\"text-align: center;\"><span style=\"font-family: 'Calibri'; font-size: 11.000000pt;\">\u22640,5 <\/span><\/p>\n<\/td>\n<td style=\"background-color: #ffffff; width: 93px; border: 0.5pt solid #808080;\">\n<p style=\"text-align: center;\"><span style=\"font-family: 'Calibri'; font-size: 11.000000pt;\">\u22640,5 <\/span><\/p>\n<\/td>\n<td style=\"background-color: #ffffff; border-color: #808080 #000000 #808080 #808080; border-style: solid; border-width: 0.5pt; width: 84px;\">\n<p style=\"text-align: center;\"><span style=\"font-family: 'Calibri'; font-size: 11.000000pt;\">\u22640,3 <\/span><\/p>\n<\/td>\n<\/tr>\n<\/tbody>\n<\/table>\n<p><strong><br \/>\nKlas\u0117 ir daleli\u0173 dydis <\/strong><\/p>\n<table style=\"background-color: #ffffff; border-collapse: collapse; width: 800px;\" cellspacing=\"0\">\n<tbody>\n<tr>\n<td style=\"background-color: #2f5496; width: 94px; border: 0.5pt solid #000000;\" colspan=\"1\" rowspan=\"2\">\n<p style=\"text-align: center;\"><span style=\"color: #ffffff;\"><strong>\u012evertinimas <\/strong><\/span><\/p>\n<\/td>\n<td style=\"background-color: #2f5496; border-color: #000000 #808080 #000000 #000000; border-style: solid; border-width: 0.5pt; width: 222px;\" colspan=\"2\" rowspan=\"1\">\n<p style=\"text-align: center;\"><span style=\"color: #ffffff;\"><strong>Fizin\u0117s savyb\u0117s <\/strong><\/span><\/p>\n<\/td>\n<td style=\"background-color: #2f5496; border-color: #000000 #000000 #000000 #808080; border-style: solid; border-width: 0.5pt; width: 449px;\" colspan=\"3\" rowspan=\"1\">\n<p style=\"text-align: center;\"><span style=\"color: #ffffff;\"><strong>Mikrostrukt\u016bra <\/strong><\/span><\/p>\n<\/td>\n<\/tr>\n<tr>\n<td style=\"background-color: #2f5496; border-color: #000000 #808080 #000000 #000000; border-style: solid; border-width: 0.5pt; width: 105px;\">\n<p style=\"text-align: center;\"><span style=\"color: #ffffff;\"><strong>Tankis (g\/cm<\/strong><strong>3<\/strong><strong>) <\/strong><\/span><\/p>\n<\/td>\n<td style=\"background-color: #2f5496; border-color: #000000 #808080; border-style: solid; border-width: 0.5pt; width: 114px;\">\n<p style=\"text-align: center;\"><span style=\"color: #ffffff;\"><strong>Kietumas (HV) <\/strong><\/span><\/p>\n<\/td>\n<td style=\"background-color: #2f5496; border-color: #000000 #808080; border-style: solid; border-width: 0.5pt; width: 114px;\">\n<p style=\"text-align: center;\"><span style=\"color: #ffffff;\"><strong>Poringumas (\u2264) <\/strong><\/span><\/p>\n<\/td>\n<td style=\"background-color: #2f5496; border-color: #000000 #808080; border-style: solid; border-width: 0.5pt; width: 128px;\">\n<p style=\"text-align: center;\"><span style=\"color: #ffffff;\"><strong>Nemokama anglis (\u2264) <\/strong><\/span><\/p>\n<\/td>\n<td style=\"background-color: #2f5496; border-color: #000000 #000000 #000000 #808080; border-style: solid; border-width: 0.5pt; width: 200px;\">\n<p style=\"text-align: center;\"><span style=\"color: #ffffff;\"><strong>Mikrostrukt\u016bra <\/strong><\/span><\/p>\n<\/td>\n<\/tr>\n<tr>\n<td style=\"background-color: #ffffff; border-color: #000000 #000000 #808080; border-style: solid; border-width: 0.5pt; width: 94px;\">\n<p style=\"text-align: center;\"><span style=\"font-family: 'Calibri'; font-size: 11.000000pt;\">ZTC31 <\/span><\/p>\n<\/td>\n<td style=\"background-color: #ffffff; border-color: #000000 #808080 #808080 #000000; border-style: solid; border-width: 0.5pt; width: 105px;\">\n<p style=\"text-align: center;\"><span style=\"font-family: 'Calibri'; font-size: 11.000000pt;\">14.5-15.0 <\/span><\/p>\n<\/td>\n<td style=\"background-color: #ffffff; border-color: #000000 #808080 #808080; border-style: solid; border-width: 0.5pt; width: 114px;\">\n<p style=\"text-align: center;\"><span style=\"font-family: 'Calibri'; font-size: 11.000000pt;\">\u2265 1400 <\/span><\/p>\n<\/td>\n<td style=\"background-color: #ffffff; border-color: #000000 #808080 #808080; border-style: solid; border-width: 0.5pt; width: 114px;\">\n<p style=\"text-align: center;\"><span style=\"font-family: 'Calibri'; font-size: 11.000000pt;\">A04B04 <\/span><\/p>\n<\/td>\n<td style=\"background-color: #ffffff; border-color: #000000 #808080 #808080; border-style: solid; border-width: 0.5pt; width: 128px;\">\n<p style=\"text-align: center;\"><span style=\"font-family: 'Calibri'; font-size: 11.000000pt;\">C04 <\/span><\/p>\n<\/td>\n<td style=\"background-color: #ffffff; border-color: #000000 #000000 #808080 #808080; border-style: solid; border-width: 0.5pt; width: 200px;\" colspan=\"1\" rowspan=\"3\">\n<p style=\"text-align: center;\"><span style=\"font-family: 'Calibri'; font-size: 11.000000pt;\">Jokio dekarbonizacijos ir kobalto agregavimo. <\/span><\/p>\n<\/td>\n<\/tr>\n<tr>\n<td style=\"background-color: #ffffff; border-color: #808080 #000000; border-style: solid; border-width: 0.5pt; width: 94px;\">\n<p style=\"text-align: center;\"><span style=\"font-family: 'Calibri'; font-size: 11.000000pt;\">ZTC32 <\/span><\/p>\n<\/td>\n<td style=\"background-color: #ffffff; border-color: #808080 #808080 #808080 #000000; border-style: solid; border-width: 0.5pt; width: 105px;\">\n<p style=\"text-align: center;\"><span style=\"font-family: 'Calibri'; font-size: 11.000000pt;\">14.8-15.3 <\/span><\/p>\n<\/td>\n<td style=\"background-color: #ffffff; width: 114px; border: 0.5pt solid #808080;\">\n<p style=\"text-align: center;\"><span style=\"font-family: 'Calibri'; font-size: 11.000000pt;\">\u2265 1500 <\/span><\/p>\n<\/td>\n<td style=\"background-color: #ffffff; width: 114px; border: 0.5pt solid #808080;\">\n<p style=\"text-align: center;\"><span style=\"font-family: 'Calibri'; font-size: 11.000000pt;\">A04B04 <\/span><\/p>\n<\/td>\n<td style=\"background-color: #ffffff; width: 128px; border: 0.5pt solid #808080;\">\n<p style=\"text-align: center;\"><span style=\"font-family: 'Calibri'; font-size: 11.000000pt;\">C04 <\/span><\/p>\n<\/td>\n<\/tr>\n<tr>\n<td style=\"background-color: #ffffff; border-color: #808080 #000000; border-style: solid; border-width: 0.5pt; width: 94px;\">\n<p style=\"text-align: center;\"><span style=\"font-family: 'Calibri'; font-size: 11.000000pt;\">ZTC33 <\/span><\/p>\n<\/td>\n<td style=\"background-color: #ffffff; border-color: #808080 #808080 #808080 #000000; border-style: solid; border-width: 0.5pt; width: 105px;\">\n<p style=\"text-align: center;\"><span style=\"font-family: 'Calibri'; font-size: 11.000000pt;\">14.5-15.0 <\/span><\/p>\n<\/td>\n<td style=\"background-color: #ffffff; width: 114px; border: 0.5pt solid #808080;\">\n<p style=\"text-align: center;\"><span style=\"font-family: 'Calibri'; font-size: 11.000000pt;\">\u2265 1400 <\/span><\/p>\n<\/td>\n<td style=\"background-color: #ffffff; width: 114px; border: 0.5pt solid #808080;\">\n<p style=\"text-align: center;\"><span style=\"font-family: 'Calibri'; font-size: 11.000000pt;\">A04B04 <\/span><\/p>\n<\/td>\n<td style=\"background-color: #ffffff; width: 128px; border: 0.5pt solid #808080;\">\n<p style=\"text-align: center;\"><span style=\"font-family: 'Calibri'; font-size: 11.000000pt;\">C02 <\/span><\/p>\n<\/td>\n<\/tr>\n<\/tbody>\n<\/table>\n<\/div><\/div><\/div><div class=\"fusion-layout-column fusion_builder_column fusion-builder-column-1 fusion_builder_column_1_3 1_3 fusion-flex-column\" style=\"--awb-bg-size:cover;--awb-width-large:33.3333333333%;--awb-margin-top-large:0px;--awb-spacing-right-large:5.76%;--awb-margin-bottom-large:0px;--awb-spacing-left-large:2.88%;--awb-width-medium:33.3333333333%;--awb-spacing-right-medium:5.76%;--awb-spacing-left-medium:2.88%;--awb-width-small:100%;--awb-spacing-right-small:1.92%;--awb-spacing-left-small:1.92%;\"><div class=\"fusion-column-wrapper fusion-flex-justify-content-flex-start fusion-content-layout-column\"><div class=\"fusion-image-element\" style=\"text-align:center;--awb-caption-title-font-family:var(--h2_typography-font-family);--awb-caption-title-font-weight:var(--h2_typography-font-weight);--awb-caption-title-font-style:var(--h2_typography-font-style);--awb-caption-title-size:var(--h2_typography-font-size);--awb-caption-title-transform:var(--h2_typography-text-transform);--awb-caption-title-line-height:var(--h2_typography-line-height);--awb-caption-title-letter-spacing:var(--h2_typography-letter-spacing);\"><span class=\"fusion-imageframe imageframe-none imageframe-1 hover-type-zoomin\"><img decoding=\"async\" width=\"600\" height=\"600\" title=\"4.cementuotas-karbodas-granul\u0117s-1\" src=\"https:\/\/zim-llc.com\/wp-content\/uploads\/2022\/12\/4.cemented-carbode-pellets-1.jpg\" alt class=\"img-responsive wp-image-3810\" srcset=\"https:\/\/zim-llc.com\/wp-content\/uploads\/2022\/12\/4.cemented-carbode-pellets-1-150x150.jpg 150w, https:\/\/zim-llc.com\/wp-content\/uploads\/2022\/12\/4.cemented-carbode-pellets-1-300x300.jpg 300w, https:\/\/zim-llc.com\/wp-content\/uploads\/2022\/12\/4.cemented-carbode-pellets-1-350x350.jpg 350w, https:\/\/zim-llc.com\/wp-content\/uploads\/2022\/12\/4.cemented-carbode-pellets-1.jpg 600w\" sizes=\"(max-width: 600px) 100vw, 600px\" \/><\/span><\/div><\/div><\/div><\/div><\/div>","protected":false},"excerpt":{"rendered":"","protected":false},"author":2,"featured_media":0,"parent":877,"menu_order":4,"comment_status":"closed","ping_status":"closed","template":"","meta":{"footnotes":""},"class_list":["post-3733","page","type-page","status-publish","hentry"],"yoast_head":"<!-- This site is optimized with the Yoast SEO plugin v27.4 - https:\/\/yoast.com\/product\/yoast-seo-wordpress\/ -->\n<title>Cemented Carbide Pallets - Zigong International Marketing, LLC<\/title>\n<meta name=\"description\" content=\"We manufacture three types of cast Tungsten Carbide powder.\" \/>\n<meta name=\"robots\" content=\"index, follow, max-snippet:-1, max-image-preview:large, max-video-preview:-1\" \/>\n<link rel=\"canonical\" href=\"https:\/\/zim-llc.com\/lt\/hardfacing-materials\/cemented-carbide-pallets\/\" \/>\n<meta property=\"og:locale\" content=\"lt_LT\" \/>\n<meta property=\"og:type\" content=\"article\" \/>\n<meta property=\"og:title\" content=\"Cemented Carbide Pallets - Zigong International Marketing, LLC\" \/>\n<meta property=\"og:description\" content=\"We manufacture three types of cast Tungsten Carbide powder.\" \/>\n<meta property=\"og:url\" content=\"https:\/\/zim-llc.com\/lt\/hardfacing-materials\/cemented-carbide-pallets\/\" \/>\n<meta property=\"og:site_name\" content=\"Zigong International Marketing, LLC\" \/>\n<meta property=\"article:modified_time\" content=\"2024-04-24T16:06:15+00:00\" \/>\n<meta name=\"twitter:card\" content=\"summary_large_image\" \/>\n<meta name=\"twitter:label1\" content=\"Est. reading time\" \/>\n\t<meta name=\"twitter:data1\" content=\"1 minut\u0117\" \/>\n<script type=\"application\/ld+json\" class=\"yoast-schema-graph\">{\"@context\":\"https:\\\/\\\/schema.org\",\"@graph\":[{\"@type\":\"WebPage\",\"@id\":\"https:\\\/\\\/zim-llc.com\\\/en\\\/hardfacing-materials\\\/cemented-carbide-pallets\\\/\",\"url\":\"https:\\\/\\\/zim-llc.com\\\/en\\\/hardfacing-materials\\\/cemented-carbide-pallets\\\/\",\"name\":\"Cemented Carbide Pallets - Zigong International Marketing, LLC\",\"isPartOf\":{\"@id\":\"https:\\\/\\\/zim-llc.com\\\/en\\\/#website\"},\"datePublished\":\"2022-12-12T19:20:34+00:00\",\"dateModified\":\"2024-04-24T16:06:15+00:00\",\"description\":\"We manufacture three types of cast Tungsten Carbide powder.\",\"breadcrumb\":{\"@id\":\"https:\\\/\\\/zim-llc.com\\\/en\\\/hardfacing-materials\\\/cemented-carbide-pallets\\\/#breadcrumb\"},\"inLanguage\":\"lt-LT\",\"potentialAction\":[{\"@type\":\"ReadAction\",\"target\":[\"https:\\\/\\\/zim-llc.com\\\/en\\\/hardfacing-materials\\\/cemented-carbide-pallets\\\/\"]}]},{\"@type\":\"BreadcrumbList\",\"@id\":\"https:\\\/\\\/zim-llc.com\\\/en\\\/hardfacing-materials\\\/cemented-carbide-pallets\\\/#breadcrumb\",\"itemListElement\":[{\"@type\":\"ListItem\",\"position\":1,\"name\":\"Home\",\"item\":\"https:\\\/\\\/zim-llc.com\\\/en\\\/\"},{\"@type\":\"ListItem\",\"position\":2,\"name\":\"Hardfacing Materials\",\"item\":\"http:\\\/\\\/zim-llc.com\\\/en\\\/hardfacing-materials\\\/\"},{\"@type\":\"ListItem\",\"position\":3,\"name\":\"Cemented Carbide Pallets\"}]},{\"@type\":\"WebSite\",\"@id\":\"https:\\\/\\\/zim-llc.com\\\/en\\\/#website\",\"url\":\"https:\\\/\\\/zim-llc.com\\\/en\\\/\",\"name\":\"Zigong International Marketing, LLC\",\"description\":\"\",\"publisher\":{\"@id\":\"https:\\\/\\\/zim-llc.com\\\/en\\\/#organization\"},\"potentialAction\":[{\"@type\":\"SearchAction\",\"target\":{\"@type\":\"EntryPoint\",\"urlTemplate\":\"https:\\\/\\\/zim-llc.com\\\/en\\\/?s={search_term_string}\"},\"query-input\":{\"@type\":\"PropertyValueSpecification\",\"valueRequired\":true,\"valueName\":\"search_term_string\"}}],\"inLanguage\":\"lt-LT\"},{\"@type\":\"Organization\",\"@id\":\"https:\\\/\\\/zim-llc.com\\\/en\\\/#organization\",\"name\":\"Zigong International Marketing LLC\",\"url\":\"https:\\\/\\\/zim-llc.com\\\/en\\\/\",\"logo\":{\"@type\":\"ImageObject\",\"inLanguage\":\"lt-LT\",\"@id\":\"https:\\\/\\\/zim-llc.com\\\/en\\\/#\\\/schema\\\/logo\\\/image\\\/\",\"url\":\"https:\\\/\\\/zim-llc.com\\\/wp-content\\\/uploads\\\/2020\\\/06\\\/6-23-logo-c.jpg\",\"contentUrl\":\"https:\\\/\\\/zim-llc.com\\\/wp-content\\\/uploads\\\/2020\\\/06\\\/6-23-logo-c.jpg\",\"width\":201,\"height\":90,\"caption\":\"Zigong International Marketing LLC\"},\"image\":{\"@id\":\"https:\\\/\\\/zim-llc.com\\\/en\\\/#\\\/schema\\\/logo\\\/image\\\/\"}}]}<\/script>\n<!-- \/ Yoast SEO plugin. -->","yoast_head_json":{"title":"Cemented Carbide Pallets - Zigong International Marketing, LLC","description":"We manufacture three types of cast Tungsten Carbide powder.","robots":{"index":"index","follow":"follow","max-snippet":"max-snippet:-1","max-image-preview":"max-image-preview:large","max-video-preview":"max-video-preview:-1"},"canonical":"https:\/\/zim-llc.com\/lt\/hardfacing-materials\/cemented-carbide-pallets\/","og_locale":"lt_LT","og_type":"article","og_title":"Cemented Carbide Pallets - Zigong International Marketing, LLC","og_description":"We manufacture three types of cast Tungsten Carbide powder.","og_url":"https:\/\/zim-llc.com\/lt\/hardfacing-materials\/cemented-carbide-pallets\/","og_site_name":"Zigong International Marketing, LLC","article_modified_time":"2024-04-24T16:06:15+00:00","twitter_card":"summary_large_image","twitter_misc":{"Est. reading time":"1 minut\u0117"},"schema":{"@context":"https:\/\/schema.org","@graph":[{"@type":"WebPage","@id":"https:\/\/zim-llc.com\/en\/hardfacing-materials\/cemented-carbide-pallets\/","url":"https:\/\/zim-llc.com\/en\/hardfacing-materials\/cemented-carbide-pallets\/","name":"Cemented Carbide Pallets - Zigong International Marketing, LLC","isPartOf":{"@id":"https:\/\/zim-llc.com\/en\/#website"},"datePublished":"2022-12-12T19:20:34+00:00","dateModified":"2024-04-24T16:06:15+00:00","description":"We manufacture three types of cast Tungsten Carbide powder.","breadcrumb":{"@id":"https:\/\/zim-llc.com\/en\/hardfacing-materials\/cemented-carbide-pallets\/#breadcrumb"},"inLanguage":"lt-LT","potentialAction":[{"@type":"ReadAction","target":["https:\/\/zim-llc.com\/en\/hardfacing-materials\/cemented-carbide-pallets\/"]}]},{"@type":"BreadcrumbList","@id":"https:\/\/zim-llc.com\/en\/hardfacing-materials\/cemented-carbide-pallets\/#breadcrumb","itemListElement":[{"@type":"ListItem","position":1,"name":"Home","item":"https:\/\/zim-llc.com\/en\/"},{"@type":"ListItem","position":2,"name":"Hardfacing Materials","item":"http:\/\/zim-llc.com\/en\/hardfacing-materials\/"},{"@type":"ListItem","position":3,"name":"Cemented Carbide Pallets"}]},{"@type":"WebSite","@id":"https:\/\/zim-llc.com\/en\/#website","url":"https:\/\/zim-llc.com\/en\/","name":"Zigong International Marketing, LLC","description":"","publisher":{"@id":"https:\/\/zim-llc.com\/en\/#organization"},"potentialAction":[{"@type":"SearchAction","target":{"@type":"EntryPoint","urlTemplate":"https:\/\/zim-llc.com\/en\/?s={search_term_string}"},"query-input":{"@type":"PropertyValueSpecification","valueRequired":true,"valueName":"search_term_string"}}],"inLanguage":"lt-LT"},{"@type":"Organization","@id":"https:\/\/zim-llc.com\/en\/#organization","name":"Zigong International Marketing LLC","url":"https:\/\/zim-llc.com\/en\/","logo":{"@type":"ImageObject","inLanguage":"lt-LT","@id":"https:\/\/zim-llc.com\/en\/#\/schema\/logo\/image\/","url":"https:\/\/zim-llc.com\/wp-content\/uploads\/2020\/06\/6-23-logo-c.jpg","contentUrl":"https:\/\/zim-llc.com\/wp-content\/uploads\/2020\/06\/6-23-logo-c.jpg","width":201,"height":90,"caption":"Zigong International Marketing LLC"},"image":{"@id":"https:\/\/zim-llc.com\/en\/#\/schema\/logo\/image\/"}}]}},"_links":{"self":[{"href":"https:\/\/zim-llc.com\/lt\/wp-json\/wp\/v2\/pages\/3733","targetHints":{"allow":["GET"]}}],"collection":[{"href":"https:\/\/zim-llc.com\/lt\/wp-json\/wp\/v2\/pages"}],"about":[{"href":"https:\/\/zim-llc.com\/lt\/wp-json\/wp\/v2\/types\/page"}],"author":[{"embeddable":true,"href":"https:\/\/zim-llc.com\/lt\/wp-json\/wp\/v2\/users\/2"}],"replies":[{"embeddable":true,"href":"https:\/\/zim-llc.com\/lt\/wp-json\/wp\/v2\/comments?post=3733"}],"version-history":[{"count":0,"href":"https:\/\/zim-llc.com\/lt\/wp-json\/wp\/v2\/pages\/3733\/revisions"}],"up":[{"embeddable":true,"href":"https:\/\/zim-llc.com\/lt\/wp-json\/wp\/v2\/pages\/877"}],"wp:attachment":[{"href":"https:\/\/zim-llc.com\/lt\/wp-json\/wp\/v2\/media?parent=3733"}],"curies":[{"name":"wp","href":"https:\/\/api.w.org\/{rel}","templated":true}]}}