{"id":902,"date":"2020-04-17T06:17:26","date_gmt":"2020-04-17T06:17:26","guid":{"rendered":"https:\/\/zimllc.wpengine.com\/?page_id=902"},"modified":"2024-08-27T20:32:13","modified_gmt":"2024-08-27T20:32:13","slug":"carbide-precision-parts","status":"publish","type":"page","link":"https:\/\/zim-llc.com\/ku\/cemented-carbides\/carbide-precision-parts\/","title":{"rendered":"Carbide Precision Parts"},"content":{"rendered":"<div class=\"fusion-fullwidth fullwidth-box fusion-builder-row-1 fusion-flex-container has-pattern-background has-mask-background nonhundred-percent-fullwidth non-hundred-percent-height-scrolling\" style=\"--awb-border-color:#0000;--awb-border-radius-top-left:0px;--awb-border-radius-top-right:0px;--awb-border-radius-bottom-right:0px;--awb-border-radius-bottom-left:0px;--awb-padding-right:0px;--awb-padding-left:60px;--awb-background-color:#0000;--awb-background-image:linear-gradient(180deg, #0000 0%,#0000 100%);--awb-flex-wrap:wrap;\" ><div class=\"fusion-builder-row fusion-row fusion-flex-align-items-flex-start fusion-flex-content-wrap\" style=\"max-width:1248px;margin-left: calc(-4% \/ 2 );margin-right: calc(-4% \/ 2 );\"><div class=\"fusion-layout-column fusion_builder_column fusion-builder-column-0 fusion_builder_column_2_3 2_3 fusion-flex-column\" style=\"--awb-bg-size:cover;--awb-width-large:66.6666666667%;--awb-margin-top-large:0px;--awb-spacing-right-large:2.88%;--awb-margin-bottom-large:0px;--awb-spacing-left-large:2.88%;--awb-width-medium:66.6666666667%;--awb-order-medium:0;--awb-spacing-right-medium:2.88%;--awb-spacing-left-medium:2.88%;--awb-width-small:100%;--awb-order-small:0;--awb-spacing-right-small:1.92%;--awb-spacing-left-small:1.92%;\" data-scroll-devices=\"small-visibility,medium-visibility,large-visibility\"><div class=\"fusion-column-wrapper fusion-column-has-shadow fusion-flex-justify-content-flex-start fusion-content-layout-column\"><div class=\"fusion-text fusion-text-1\"><h1>Carbide Precision Parts<\/h1>\n<p>Berhem\u00ean rast\u00een \u00ean Carbide y\u00ean \u00e7\u00eementoy\u00ee xwedan taybetmendiy\u00ean mekan\u00eek\u00ee y\u00ean awarte \u00fb taybetmendiy\u00ean berxwedana bilind \u00fb zerar\u00ea, rastb\u00fbna p\u00eevana bilind, \u00fb hi\u015fkiya r\u00fby\u00ea diyarkir\u00ee, \u00fb h\u00eaj b\u00eatir in. Berhem\u00ean n\u00eev-qediyay\u00ee y\u00ean Carbide Cemented d\u00ea bi karan\u00eena \u00e7erxek elmas \u00fb EDM werin zev kirin. Ew \u00ea li h\u00eaman\u00ean cih\u00eareng werin qut kirin da ku per\u00e7ey\u00ean metal di bin \u015fert \u00fb merc\u00ean xebata tevlihev \u00fb negat\u00eef de biguhez\u00eenin da ku karbidestiy\u00ea z\u00eade bikin \u00fb hem j\u00ee \u00e7erxa jiyan\u00ea dir\u00eaj bikin.<\/p>\n<p class=\"translation-block\">Berhem\u00ean mey\u00ean rast \u00ean Carbide y\u00ean \u00e7\u00eementoy\u00ee bi giran\u00ee <strong>\u00e7\u00eep\u00ean eks\u00ea, zengila mohrkirin\u00ea, \u00e7\u00eep\u00ean t\u00eer\u00eaj\u00ea, \u00e7\u00eepek, korik\u00ean valve, top \u00fb kurs\u00ee, d\u00eesk\u00ean valve, par\u00e7ey\u00ean struktur\u00ean ne-standard, \u00fb h\u00eaman\u00ean mekan\u00eek\u00ee hene.<\/strong><\/p>\n<p>Par\u00e7ey\u00ean rast\u00een \u00ean Carbide d\u00ea bi giran\u00ee di pomp\u00ean centrif\u00fbgal \u00ean neft\u00ea y\u00ean binavb\u00fby\u00ee, pompey\u00ean elektr\u00eek\u00ea y\u00ean neft\u00ea y\u00ean binavb\u00fby\u00ee, veqet\u00eener\u00ean r\u00fbn\u00ea binavb\u00fby\u00ee, parastvan\u00ean neft\u00ea y\u00ean binavb\u00fby\u00ee, pompey\u00ean r\u00fbn\u00ea binavb\u00fby\u00ee, centrif\u00fbj\u00ean neft\u00ea y\u00ean binavkir\u00ee, pompey\u00ean slurry, pompey\u00ean as\u00eed\u00ea, pompey\u00ean dermankirina ava av\u00ea, pompey\u00ean ava vexwarin\u00ea de werin bikar an\u00een. , bitik\u00ean sondaj\u00ea y\u00ean PDC, \u00e7\u00eep\u00ean \u00e7\u00eep\u00ean kon\u00ea, pompey\u00ean bilindkirina r\u00fbn\u00ea santr\u00eefuj\u00ea, MWD \u00fb LWD, r\u00eaber\u00ean zivir\u00ee y\u00ean vert\u00eekal \u00fb am\u00fbr\u00ean sondaj\u00ea y\u00ean oscillate-zivir\u00een-bandor \u00ean xwe-\u00e7alakkir\u00ee.<\/p>\n<p>\u2022 S\u00eawirana taybet\u00ee \u00fb P\u00ea\u015fkeftina Materyal\u00ean<br \/>\n\u2022 P\u00eavajoya Hilber\u00een\u00ea ya Temam - ji \u00c7\u00eakirina Materyalan bigire heya Par\u00e7ey\u00ean Cil\u00fbberg\u00ea Qediyay\u00ee<br \/>\n\u2022 Z\u00eadetir\u00ee 20 Sal Tecr\u00fbbeya Hevkariy\u00ea digel Parg\u00eedaniy\u00ean Kar\u00fbbar\u00ea Neft\u00ea y\u00ean Navnetewey\u00ee<br \/>\n\u2022 Am\u00fbr\u00ean p\u00ea\u015fkeft\u00ee \u00fb Kapas\u00eetey\u00ean Ewle y\u00ean S\u00eestemat\u00eek \u00ean H\u00eazdar<br \/>\n\u2022 Kontrola Kal\u00eetey\u00ea ya Berfireh<\/p>\n<\/div><\/div><\/div><div class=\"fusion-layout-column fusion_builder_column fusion-builder-column-1 fusion_builder_column_1_4 1_4 fusion-flex-column\" style=\"--awb-bg-size:cover;--awb-width-large:25%;--awb-margin-top-large:0px;--awb-spacing-right-large:7.68%;--awb-margin-bottom-large:0px;--awb-spacing-left-large:7.68%;--awb-width-medium:25%;--awb-order-medium:0;--awb-spacing-right-medium:7.68%;--awb-spacing-left-medium:7.68%;--awb-width-small:100%;--awb-order-small:0;--awb-spacing-right-small:1.92%;--awb-spacing-left-small:1.92%;\" data-scroll-devices=\"small-visibility,medium-visibility,large-visibility\"><div class=\"fusion-column-wrapper fusion-column-has-shadow fusion-flex-justify-content-flex-start fusion-content-layout-column\"><div class=\"fusion-separator fusion-full-width-sep\" style=\"align-self: center;margin-left: auto;margin-right: auto;margin-bottom:20px;width:100%;\"><\/div><div class=\"fusion-text fusion-text-2\">\n\t\t<div id=\"wppdfemb-frame-container-5154\" style=\"-webkit-overflow-scrolling:auto;\">\n\t\t\t<iframe src=\"https:\/\/zim-llc.com\/ku\/?url=https:\/\/www.zim-llc.com\/wp-content\/uploads\/2024\/08\/Precision-Carbide-Parts.pdf&#038;title=Precision%20Carbide%20Parts&#038;index=1&#038;pdfID=5154\"\n\t\t\t\tid=\"wppdf-emb-iframe-5154\"\n\t\t\t\tdata-pdf-index=\"1\"\n\t\t\t\tclass=\"pdfembed-iframe nonfullscreen\"\n\t\t\t\tstyle=\"border:none;width:100%;max-width:250px;min-height:350px\"\n\t\t\t\tscrolling=\"yes\">\n\t\t\t<\/iframe>\n\t\t<\/div>\n\n\t\t\n<\/div><\/div><\/div><\/div><\/div>","protected":false},"excerpt":{"rendered":"","protected":false},"author":4,"featured_media":0,"parent":873,"menu_order":3,"comment_status":"closed","ping_status":"closed","template":"","meta":{"footnotes":""},"class_list":["post-902","page","type-page","status-publish","hentry"],"yoast_head":"<!-- This site is optimized with the Yoast SEO plugin v27.3 - https:\/\/yoast.com\/product\/yoast-seo-wordpress\/ -->\n<title>Carbide Precision Parts - Zigong International Marketing, LLC<\/title>\n<meta name=\"description\" content=\"Cemented Carbide precision products have exceptional mechanical properties and features of high wear and corrosive resistance, high dimension accuracy, and specified surface roughness.\" \/>\n<meta name=\"robots\" content=\"index, follow, max-snippet:-1, max-image-preview:large, max-video-preview:-1\" \/>\n<link rel=\"canonical\" href=\"http:\/\/zim-llc.com\/ku\/cemented-carbides\/carbide-precision-parts\/\" \/>\n<meta property=\"og:locale\" content=\"en_US\" \/>\n<meta property=\"og:type\" content=\"article\" \/>\n<meta property=\"og:title\" content=\"Carbide Precision Parts - Zigong International Marketing, LLC\" \/>\n<meta property=\"og:description\" content=\"Cemented Carbide precision products have exceptional mechanical properties and features of high wear and corrosive resistance, high dimension accuracy, and specified surface roughness.\" \/>\n<meta property=\"og:url\" content=\"http:\/\/zim-llc.com\/ku\/cemented-carbides\/carbide-precision-parts\/\" \/>\n<meta property=\"og:site_name\" content=\"Zigong International Marketing, LLC\" \/>\n<meta property=\"article:modified_time\" content=\"2024-08-27T20:32:13+00:00\" \/>\n<meta name=\"twitter:card\" content=\"summary_large_image\" \/>\n<meta name=\"twitter:label1\" content=\"Est. reading time\" \/>\n\t<meta name=\"twitter:data1\" content=\"1 \u062e\u0648\u0644\u06d5\u06a9\" \/>\n<script type=\"application\/ld+json\" class=\"yoast-schema-graph\">{\"@context\":\"https:\\\/\\\/schema.org\",\"@graph\":[{\"@type\":\"WebPage\",\"@id\":\"http:\\\/\\\/zim-llc.com\\\/hy\\\/cemented-carbides\\\/carbide-precision-parts\\\/\",\"url\":\"http:\\\/\\\/zim-llc.com\\\/hy\\\/cemented-carbides\\\/carbide-precision-parts\\\/\",\"name\":\"Carbide Precision Parts - Zigong International Marketing, LLC\",\"isPartOf\":{\"@id\":\"http:\\\/\\\/zim-llc.com\\\/id\\\/#website\"},\"datePublished\":\"2020-04-17T06:17:26+00:00\",\"dateModified\":\"2024-08-27T20:32:13+00:00\",\"description\":\"Cemented Carbide precision products have exceptional mechanical properties and features of high wear and corrosive resistance, high dimension accuracy, and specified surface roughness.\",\"breadcrumb\":{\"@id\":\"http:\\\/\\\/zim-llc.com\\\/hy\\\/cemented-carbides\\\/carbide-precision-parts\\\/#breadcrumb\"},\"inLanguage\":\"ckb\",\"potentialAction\":[{\"@type\":\"ReadAction\",\"target\":[\"http:\\\/\\\/zim-llc.com\\\/hy\\\/cemented-carbides\\\/carbide-precision-parts\\\/\"]}]},{\"@type\":\"BreadcrumbList\",\"@id\":\"http:\\\/\\\/zim-llc.com\\\/hy\\\/cemented-carbides\\\/carbide-precision-parts\\\/#breadcrumb\",\"itemListElement\":[{\"@type\":\"ListItem\",\"position\":1,\"name\":\"Home\",\"item\":\"http:\\\/\\\/zim-llc.com\\\/id\\\/\"},{\"@type\":\"ListItem\",\"position\":2,\"name\":\"Cemented Carbides\",\"item\":\"https:\\\/\\\/zim-llc.com\\\/bs\\\/cemented-carbides\\\/\"},{\"@type\":\"ListItem\",\"position\":3,\"name\":\"Carbide Precision Parts\"}]},{\"@type\":\"WebSite\",\"@id\":\"http:\\\/\\\/zim-llc.com\\\/id\\\/#website\",\"url\":\"http:\\\/\\\/zim-llc.com\\\/id\\\/\",\"name\":\"Zigong International Marketing, LLC\",\"description\":\"\",\"publisher\":{\"@id\":\"http:\\\/\\\/zim-llc.com\\\/id\\\/#organization\"},\"potentialAction\":[{\"@type\":\"SearchAction\",\"target\":{\"@type\":\"EntryPoint\",\"urlTemplate\":\"http:\\\/\\\/zim-llc.com\\\/id\\\/?s={search_term_string}\"},\"query-input\":{\"@type\":\"PropertyValueSpecification\",\"valueRequired\":true,\"valueName\":\"search_term_string\"}}],\"inLanguage\":\"ckb\"},{\"@type\":\"Organization\",\"@id\":\"http:\\\/\\\/zim-llc.com\\\/id\\\/#organization\",\"name\":\"Zigong International Marketing LLC\",\"url\":\"http:\\\/\\\/zim-llc.com\\\/id\\\/\",\"logo\":{\"@type\":\"ImageObject\",\"inLanguage\":\"ckb\",\"@id\":\"http:\\\/\\\/zim-llc.com\\\/id\\\/#\\\/schema\\\/logo\\\/image\\\/\",\"url\":\"https:\\\/\\\/zim-llc.com\\\/wp-content\\\/uploads\\\/2020\\\/06\\\/6-23-logo-c.jpg\",\"contentUrl\":\"https:\\\/\\\/zim-llc.com\\\/wp-content\\\/uploads\\\/2020\\\/06\\\/6-23-logo-c.jpg\",\"width\":201,\"height\":90,\"caption\":\"Zigong International Marketing LLC\"},\"image\":{\"@id\":\"http:\\\/\\\/zim-llc.com\\\/id\\\/#\\\/schema\\\/logo\\\/image\\\/\"}}]}<\/script>\n<!-- \/ Yoast SEO plugin. -->","yoast_head_json":{"title":"Carbide Precision Parts - Zigong International Marketing, LLC","description":"Cemented Carbide precision products have exceptional mechanical properties and features of high wear and corrosive resistance, high dimension accuracy, and specified surface roughness.","robots":{"index":"index","follow":"follow","max-snippet":"max-snippet:-1","max-image-preview":"max-image-preview:large","max-video-preview":"max-video-preview:-1"},"canonical":"http:\/\/zim-llc.com\/ku\/cemented-carbides\/carbide-precision-parts\/","og_locale":"en_US","og_type":"article","og_title":"Carbide Precision Parts - Zigong International Marketing, LLC","og_description":"Cemented Carbide precision products have exceptional mechanical properties and features of high wear and corrosive resistance, high dimension accuracy, and specified surface roughness.","og_url":"http:\/\/zim-llc.com\/ku\/cemented-carbides\/carbide-precision-parts\/","og_site_name":"Zigong International Marketing, LLC","article_modified_time":"2024-08-27T20:32:13+00:00","twitter_card":"summary_large_image","twitter_misc":{"Est. reading time":"1 \u062e\u0648\u0644\u06d5\u06a9"},"schema":{"@context":"https:\/\/schema.org","@graph":[{"@type":"WebPage","@id":"http:\/\/zim-llc.com\/hy\/cemented-carbides\/carbide-precision-parts\/","url":"http:\/\/zim-llc.com\/hy\/cemented-carbides\/carbide-precision-parts\/","name":"Carbide Precision Parts - Zigong International Marketing, LLC","isPartOf":{"@id":"http:\/\/zim-llc.com\/id\/#website"},"datePublished":"2020-04-17T06:17:26+00:00","dateModified":"2024-08-27T20:32:13+00:00","description":"Cemented Carbide precision products have exceptional mechanical properties and features of high wear and corrosive resistance, high dimension accuracy, and specified surface roughness.","breadcrumb":{"@id":"http:\/\/zim-llc.com\/hy\/cemented-carbides\/carbide-precision-parts\/#breadcrumb"},"inLanguage":"ckb","potentialAction":[{"@type":"ReadAction","target":["http:\/\/zim-llc.com\/hy\/cemented-carbides\/carbide-precision-parts\/"]}]},{"@type":"BreadcrumbList","@id":"http:\/\/zim-llc.com\/hy\/cemented-carbides\/carbide-precision-parts\/#breadcrumb","itemListElement":[{"@type":"ListItem","position":1,"name":"Home","item":"http:\/\/zim-llc.com\/id\/"},{"@type":"ListItem","position":2,"name":"Cemented Carbides","item":"https:\/\/zim-llc.com\/bs\/cemented-carbides\/"},{"@type":"ListItem","position":3,"name":"Carbide Precision Parts"}]},{"@type":"WebSite","@id":"http:\/\/zim-llc.com\/id\/#website","url":"http:\/\/zim-llc.com\/id\/","name":"Zigong International Marketing, LLC","description":"","publisher":{"@id":"http:\/\/zim-llc.com\/id\/#organization"},"potentialAction":[{"@type":"SearchAction","target":{"@type":"EntryPoint","urlTemplate":"http:\/\/zim-llc.com\/id\/?s={search_term_string}"},"query-input":{"@type":"PropertyValueSpecification","valueRequired":true,"valueName":"search_term_string"}}],"inLanguage":"ckb"},{"@type":"Organization","@id":"http:\/\/zim-llc.com\/id\/#organization","name":"Zigong International Marketing LLC","url":"http:\/\/zim-llc.com\/id\/","logo":{"@type":"ImageObject","inLanguage":"ckb","@id":"http:\/\/zim-llc.com\/id\/#\/schema\/logo\/image\/","url":"https:\/\/zim-llc.com\/wp-content\/uploads\/2020\/06\/6-23-logo-c.jpg","contentUrl":"https:\/\/zim-llc.com\/wp-content\/uploads\/2020\/06\/6-23-logo-c.jpg","width":201,"height":90,"caption":"Zigong International Marketing LLC"},"image":{"@id":"http:\/\/zim-llc.com\/id\/#\/schema\/logo\/image\/"}}]}},"_links":{"self":[{"href":"https:\/\/zim-llc.com\/ku\/wp-json\/wp\/v2\/pages\/902","targetHints":{"allow":["GET"]}}],"collection":[{"href":"https:\/\/zim-llc.com\/ku\/wp-json\/wp\/v2\/pages"}],"about":[{"href":"https:\/\/zim-llc.com\/ku\/wp-json\/wp\/v2\/types\/page"}],"author":[{"embeddable":true,"href":"https:\/\/zim-llc.com\/ku\/wp-json\/wp\/v2\/users\/4"}],"replies":[{"embeddable":true,"href":"https:\/\/zim-llc.com\/ku\/wp-json\/wp\/v2\/comments?post=902"}],"version-history":[{"count":0,"href":"https:\/\/zim-llc.com\/ku\/wp-json\/wp\/v2\/pages\/902\/revisions"}],"up":[{"embeddable":true,"href":"https:\/\/zim-llc.com\/ku\/wp-json\/wp\/v2\/pages\/873"}],"wp:attachment":[{"href":"https:\/\/zim-llc.com\/ku\/wp-json\/wp\/v2\/media?parent=902"}],"curies":[{"name":"wp","href":"https:\/\/api.w.org\/{rel}","templated":true}]}}