{"id":3948,"date":"2022-12-16T00:05:24","date_gmt":"2022-12-16T00:05:24","guid":{"rendered":"https:\/\/zimllc.wpengine.com\/?page_id=3948"},"modified":"2024-05-13T18:40:55","modified_gmt":"2024-05-13T18:40:55","slug":"ztc71-series-matrix-powders-for-pdc-bits","status":"publish","type":"page","link":"https:\/\/zim-llc.com\/ku\/ztc71-series-matrix-powders-for-pdc-bits\/","title":{"rendered":"ZTC71 Series Matrix toz\u00ean ji bo bit PDC"},"content":{"rendered":"<div class=\"fusion-fullwidth fullwidth-box fusion-builder-row-1 fusion-flex-container has-pattern-background has-mask-background nonhundred-percent-fullwidth non-hundred-percent-height-scrolling\" style=\"--awb-border-radius-top-left:0px;--awb-border-radius-top-right:0px;--awb-border-radius-bottom-right:0px;--awb-border-radius-bottom-left:0px;--awb-padding-left:60px;--awb-background-image:linear-gradient(180deg, #0000 0%,#0000 100%);--awb-flex-wrap:wrap;\" ><div class=\"fusion-builder-row fusion-row fusion-flex-align-items-flex-start fusion-flex-content-wrap\" style=\"max-width:1248px;margin-left: calc(-4% \/ 2 );margin-right: calc(-4% \/ 2 );\"><div class=\"fusion-layout-column fusion_builder_column fusion-builder-column-0 fusion_builder_column_2_3 2_3 fusion-flex-column\" style=\"--awb-bg-size:cover;--awb-width-large:66.6666666667%;--awb-margin-top-large:0px;--awb-spacing-right-large:3.84%;--awb-margin-bottom-large:0px;--awb-spacing-left-large:2.88%;--awb-width-medium:66.6666666667%;--awb-spacing-right-medium:3.84%;--awb-spacing-left-medium:2.88%;--awb-width-small:100%;--awb-spacing-right-small:1.92%;--awb-spacing-left-small:1.92%;\"><div class=\"fusion-column-wrapper fusion-flex-justify-content-flex-start fusion-content-layout-column\"><div class=\"fusion-text fusion-text-1\"><p style=\"text-align: left;\"><a href=\"https:\/\/zim-llc.com\/ku\/hardfacing-materials\/matrix-powder-for-pdc-drill-bits\/\">\u2190 Vegere<\/a><\/p>\n<h2 style=\"text-align: left;\">ZTC71 Series Matrix toz\u00ean ji bo bit PDC<\/h2>\n<ul style=\"text-align: left;\">\n<li>Toza matrix\u00ea ya r\u00eaza ZTC71 bi piran\u00ee ji Marocrystalline Tungsten Carbide \u00fb toza n\u00eekel p\u00eak t\u00ea. Pi\u015ft\u00ee dermankirin, kontrolkirin \u00fb ven\u00earana taybet\u00ee, toz\u00ean cih\u00eareng li gor\u00ee hewcedariy\u00ean ser\u00eel\u00eadana xer\u00eedar t\u00eane amadekirin \u00fb di ser\u00ee de ji bo t\u00eaketina bit \u00fb per\u00e7ey\u00ean PDC-ya bi performansa bilind, hilgir\u00ean TC t\u00eane bikar an\u00een.<\/li>\n<li>Toza matrix\u00ea ya ZTC71 xwedan berxwedana cil\u00ea ya ba\u015f, berxwedana korozyon\u00ea, berxwedana bandor\u00ea, \u00fb nirxek p\u00eavek\u00ea\u015fana bilind e.<\/li>\n<\/ul>\n<p style=\"text-align: left;\"><span style=\"font-size: 11pt;\"><span style=\"font-family: 'Calibri',sans-serif;\"><strong>P\u00eakhatina K\u00eemyay\u00ee (Wt, %)<\/strong><\/span><\/span><\/p>\n<table class=\"MsoTableGrid alignleft\" style=\"border-collapse: collapse; border: none; width: 900px;\" cellspacing=\"0\">\n<tbody>\n<tr>\n<td style=\"background-color: #2f5496; height: 19px; width: 51px; border: 1px solid black;\" rowspan=\"2\">\n<p style=\"text-align: center;\"><span style=\"font-size: 11pt;\"><span style=\"font-family: 'Calibri',sans-serif;\"><strong><span style=\"color: white;\">Sinif<\/span><\/strong><\/span><\/span><\/p>\n<\/td>\n<td style=\"background-color: #2f5496; border-bottom: 1px solid black; border-left: none; border-right: 1px solid black; border-top: 1px solid black; height: 19px; width: 572px;\" colspan=\"9\">\n<p style=\"text-align: center;\"><span style=\"font-size: 11pt;\"><span style=\"font-family: 'Calibri',sans-serif;\"><strong><span style=\"color: white;\">C<\/span><\/strong><strong><span style=\"color: white;\">ew<\/span><span style=\"color: white;\">P\u00eakhatina m\u00eekal (Wt, %)<\/span><\/strong><\/span><\/span><\/p>\n<\/td>\n<\/tr>\n<tr>\n<td style=\"background-color: #2f5496; border-bottom: 1px solid black; border-left: none; border-right: 1px solid black; border-top: none; height: 20px; width: 68px;\">\n<p style=\"text-align: center;\"><span style=\"font-size: 11pt;\"><span style=\"font-family: 'Calibri',sans-serif;\"><strong><span style=\"color: white;\">W<\/span><\/strong><\/span><\/span><\/p>\n<\/td>\n<td style=\"background-color: #2f5496; border-bottom: 1px solid black; border-left: none; border-right: 1px solid black; border-top: none; height: 20px; width: 67px;\">\n<p style=\"text-align: center;\"><span style=\"font-size: 11pt;\"><span style=\"font-family: 'Calibri',sans-serif;\"><strong><span style=\"color: white;\">Fe<\/span><\/strong><\/span><\/span><\/p>\n<\/td>\n<td style=\"background-color: #2f5496; border-bottom: 1px solid black; border-left: none; border-right: 1px solid black; border-top: none; height: 20px; width: 64px;\">\n<p style=\"text-align: center;\"><span style=\"font-size: 11pt;\"><span style=\"font-family: 'Calibri',sans-serif;\"><strong><span style=\"color: white;\">T. C<\/span><\/strong><\/span><\/span><\/p>\n<\/td>\n<td style=\"background-color: #2f5496; border-bottom: 1px solid black; border-left: none; border-right: 1px solid black; border-top: none; height: 20px; width: 75px;\">\n<p style=\"text-align: center;\"><span style=\"font-size: 11pt;\"><span style=\"font-family: 'Calibri',sans-serif;\"><strong><span style=\"color: white;\">F. C<\/span><\/strong><\/span><\/span><\/p>\n<\/td>\n<td style=\"background-color: #2f5496; border-bottom: 1px solid black; border-left: none; border-right: 1px solid black; border-top: none; height: 20px; width: 53px;\">\n<p style=\"text-align: center;\"><span style=\"font-size: 11pt;\"><span style=\"font-family: 'Calibri',sans-serif;\"><strong><span style=\"color: white;\">Si<\/span><\/strong><\/span><\/span><\/p>\n<\/td>\n<td style=\"background-color: #2f5496; border-bottom: 1px solid black; border-left: none; border-right: 1px solid black; border-top: none; height: 20px; width: 58px;\">\n<p style=\"text-align: center;\"><span style=\"font-size: 11pt;\"><span style=\"font-family: 'Calibri',sans-serif;\"><strong><span style=\"color: white;\">Ni<\/span><\/strong><\/span><\/span><\/p>\n<\/td>\n<td style=\"background-color: #2f5496; border-bottom: 1px solid black; border-left: none; border-right: 1px solid black; border-top: none; height: 20px; width: 64px;\">\n<p style=\"text-align: center;\"><span style=\"font-size: 11pt;\"><span style=\"font-family: 'Calibri',sans-serif;\"><strong><span style=\"color: white;\">Ti<\/span><\/strong><\/span><\/span><\/p>\n<\/td>\n<td style=\"background-color: #2f5496; border-bottom: 1px solid black; border-left: none; border-right: 1px solid black; border-top: none; height: 20px; width: 59px;\">\n<p style=\"text-align: center;\"><span style=\"font-size: 11pt;\"><span style=\"font-family: 'Calibri',sans-serif;\"><strong><span style=\"color: white;\">Ta<\/span><\/strong><\/span><\/span><\/p>\n<\/td>\n<td style=\"background-color: #2f5496; border-bottom: 1px solid black; border-left: none; border-right: 1px solid black; border-top: none; height: 20px; width: 64px;\">\n<p style=\"text-align: center;\"><span style=\"font-size: 11pt;\"><span style=\"font-family: 'Calibri',sans-serif;\"><strong><span style=\"color: white;\">Nb<\/span><\/strong><\/span><\/span><\/p>\n<\/td>\n<\/tr>\n<tr>\n<td style=\"border-bottom: 1px solid black; border-left: 1px solid black; border-right: 1px solid black; border-top: none; height: 19px; width: 51px;\">\n<p style=\"text-align: center;\"><span style=\"font-size: 11pt;\"><span style=\"font-family: 'Calibri',sans-serif;\">ZTC71<\/span><\/span><\/p>\n<\/td>\n<td style=\"border-bottom: 1px solid black; border-left: none; border-right: 1px solid black; border-top: none; height: 19px; width: 68px;\">\n<p style=\"text-align: center;\"><span style=\"font-size: 11pt;\"><span style=\"font-family: 'Calibri',sans-serif;\">B\u00eelan\u00e7o<\/span><\/span><\/p>\n<\/td>\n<td style=\"border-bottom: 1px solid black; border-left: none; border-right: 1px solid black; border-top: none; height: 19px; width: 67px;\">\n<p style=\"text-align: center;\"><span style=\"font-size: 11pt;\"><span style=\"font-family: 'Calibri',sans-serif;\">\u2264 0.3<\/span><\/span><\/p>\n<\/td>\n<td style=\"border-bottom: 1px solid black; border-left: none; border-right: 1px solid black; border-top: none; height: 19px; width: 64px;\">\n<p style=\"text-align: center;\"><span style=\"font-size: 11pt;\"><span style=\"font-family: 'Calibri',sans-serif;\">3.2 &#8211; 4.1<\/span><\/span><\/p>\n<\/td>\n<td style=\"border-bottom: 1px solid black; border-left: none; border-right: 1px solid black; border-top: none; height: 19px; width: 75px;\">\n<p style=\"text-align: center;\"><span style=\"font-size: 11pt;\"><span style=\"font-family: 'Calibri',sans-serif;\">\u2264 0,06<\/span><\/span><\/p>\n<\/td>\n<td style=\"border-bottom: 1px solid black; border-left: none; border-right: 1px solid black; border-top: none; height: 19px; width: 53px;\">\n<p style=\"text-align: center;\"><span style=\"font-size: 11pt;\"><span style=\"font-family: 'Calibri',sans-serif;\">\u2264 0.1<\/span><\/span><\/p>\n<\/td>\n<td style=\"border-bottom: 1px solid black; border-left: none; border-right: 1px solid black; border-top: none; height: 19px; width: 58px;\">\n<p style=\"text-align: center;\"><span style=\"font-size: 11pt;\"><span style=\"font-family: 'Calibri',sans-serif;\">0 &#8211; 15<\/span><\/span><\/p>\n<\/td>\n<td style=\"border-bottom: 1px solid black; border-left: none; border-right: 1px solid black; border-top: none; height: 19px; width: 64px;\">\n<p style=\"text-align: center;\"><span style=\"font-size: 11pt;\"><span style=\"font-family: 'Calibri',sans-serif;\">\u2264 0,08<\/span><\/span><\/p>\n<\/td>\n<td style=\"border-bottom: 1px solid black; border-left: none; border-right: 1px solid black; border-top: none; height: 19px; width: 59px;\">\n<p style=\"text-align: center;\"><span style=\"font-size: 11pt;\"><span style=\"font-family: 'Calibri',sans-serif;\">\u2264 0.03<\/span><\/span><\/p>\n<\/td>\n<td style=\"border-bottom: 1px solid black; border-left: none; border-right: 1px solid black; border-top: none; height: 19px; width: 64px;\">\n<p style=\"text-align: center;\"><span style=\"font-size: 11pt;\"><span style=\"font-family: 'Calibri',sans-serif;\">\u2264 0.03<\/span><\/span><\/p>\n<\/td>\n<\/tr>\n<\/tbody>\n<\/table>\n<p>P\u00eevan \u00fb Mezinahiya Par\u00e7eyan<\/p>\n<table class=\"MsoTableGrid alignleft\" style=\"border-collapse: collapse; border: none; width: 900px;\" cellspacing=\"0\">\n<tbody>\n<tr>\n<td style=\"background-color: #2f5496; width: 157px; border: 1px solid black;\">\n<p style=\"text-align: center;\"><span style=\"font-size: 11pt;\"><span style=\"font-family: 'Calibri',sans-serif;\"><strong><span style=\"color: white;\">Sinif<\/span><\/strong><\/span><\/span><\/p>\n<\/td>\n<td style=\"background-color: #2f5496; border-bottom: 1px solid black; border-left: none; border-right: 1px solid black; border-top: 1px solid black; width: 157px;\">\n<p style=\"text-align: center;\"><span style=\"font-size: 11pt;\"><span style=\"font-family: 'Calibri',sans-serif;\"><strong><span style=\"color: white;\">Mezinahiya Particle <\/span><\/strong><\/span><\/span><\/p>\n<p style=\"text-align: center;\"><span style=\"font-size: 11pt;\"><span style=\"font-family: 'Calibri',sans-serif;\"><strong><span style=\"color: white;\">(mesh)*<\/span><\/strong><\/span><\/span><\/p>\n<\/td>\n<td style=\"background-color: #2f5496; border-bottom: 1px solid black; border-left: none; border-right: 1px solid black; border-top: 1px solid black; width: 170px;\">\n<p style=\"text-align: center;\"><span style=\"font-size: 11pt;\"><span style=\"font-family: 'Calibri',sans-serif;\"><strong><span style=\"color: white;\">H\u00eaza \u015fikest\u00ee ya transversal (Mpa)<\/span><\/strong><\/span><\/span><\/p>\n<\/td>\n<td style=\"background-color: #2f5496; border-bottom: 1px solid black; border-left: none; border-right: 1px solid black; border-top: 1px solid black; width: 139px;\">\n<p style=\"text-align: center;\"><span style=\"font-size: 11pt;\"><span style=\"font-family: 'Calibri',sans-serif;\"><strong><span style=\"color: white;\">Zehmetiya bandor\u00ea (J\/cm<sup>2<\/sup>)<\/span><\/strong><\/span><\/span><\/p>\n<\/td>\n<\/tr>\n<tr>\n<td style=\"border-bottom: 1px solid black; border-left: 1px solid black; border-right: 1px solid black; border-top: none; width: 157px;\">\n<p style=\"text-align: center;\"><span style=\"font-size: 11pt;\"><span style=\"font-family: 'Calibri',sans-serif;\">ZTC7128<\/span><\/span><\/p>\n<\/td>\n<td style=\"border-bottom: 1px solid black; border-left: none; border-right: 1px solid black; border-top: none; width: 157px;\">\n<p style=\"text-align: center;\"><span style=\"font-size: 11pt;\"><span style=\"font-family: 'Calibri',sans-serif;\">&#8211; 80 + 200<\/span><\/span><\/p>\n<\/td>\n<td style=\"border-bottom: 1px solid black; border-left: none; border-right: 1px solid black; border-top: none; width: 170px;\">\n<p style=\"text-align: center;\"><span style=\"font-size: 11pt;\"><span style=\"font-family: 'Calibri',sans-serif;\">650 -800<\/span><\/span><\/p>\n<\/td>\n<td style=\"border-bottom: 1px solid black; border-left: none; border-right: 1px solid black; border-top: none; width: 139px;\">\n<p style=\"text-align: center;\"><span style=\"font-size: 11pt;\"><span style=\"font-family: 'Calibri',sans-serif;\">2.0 &#8211; 2.8<\/span><\/span><\/p>\n<\/td>\n<\/tr>\n<tr>\n<td style=\"border-bottom: 1px solid black; border-left: 1px solid black; border-right: 1px solid black; border-top: none; width: 157px;\">\n<p style=\"text-align: center;\"><span style=\"font-size: 11pt;\"><span style=\"font-family: 'Calibri',sans-serif;\">ZTC7127<\/span><\/span><\/p>\n<\/td>\n<td style=\"border-bottom: 1px solid black; border-left: none; border-right: 1px solid black; border-top: none; width: 157px;\">\n<p style=\"text-align: center;\"><span style=\"font-size: 11pt;\"><span style=\"font-family: 'Calibri',sans-serif;\">&#8211; 70\u00a0 + 400<\/span><\/span><\/p>\n<\/td>\n<td style=\"border-bottom: 1px solid black; border-left: none; border-right: 1px solid black; border-top: none; width: 170px;\">\n<p style=\"text-align: center;\"><span style=\"font-size: 11pt;\"><span style=\"font-family: 'Calibri',sans-serif;\">700 -800<\/span><\/span><\/p>\n<\/td>\n<td style=\"border-bottom: 1px solid black; border-left: none; border-right: 1px solid black; border-top: none; width: 139px;\">\n<p style=\"text-align: center;\"><span style=\"font-size: 11pt;\"><span style=\"font-family: 'Calibri',sans-serif;\">2.0 &#8211; 3.0<\/span><\/span><\/p>\n<\/td>\n<\/tr>\n<tr>\n<td style=\"border-bottom: 1px solid black; border-left: 1px solid black; border-right: 1px solid black; border-top: none; width: 157px;\">\n<p style=\"text-align: center;\"><span style=\"font-size: 11pt;\"><span style=\"font-family: 'Calibri',sans-serif;\">ZTC7126<\/span><\/span><\/p>\n<\/td>\n<td style=\"border-bottom: 1px solid black; border-left: none; border-right: 1px solid black; border-top: none; width: 157px;\">\n<p style=\"text-align: center;\"><span style=\"font-size: 11pt;\"><span style=\"font-family: 'Calibri',sans-serif;\">&#8211; 60 + 325<\/span><\/span><\/p>\n<\/td>\n<td style=\"border-bottom: 1px solid black; border-left: none; border-right: 1px solid black; border-top: none; width: 170px;\">\n<p style=\"text-align: center;\"><span style=\"font-size: 11pt;\"><span style=\"font-family: 'Calibri',sans-serif;\">920 &#8211; 1000<\/span><\/span><\/p>\n<\/td>\n<td style=\"border-bottom: 1px solid black; border-left: none; border-right: 1px solid black; border-top: none; width: 139px;\">\n<p style=\"text-align: center;\"><span style=\"font-size: 11pt;\"><span style=\"font-family: 'Calibri',sans-serif;\">3.5 &#8211; 5.1<\/span><\/span><\/p>\n<\/td>\n<\/tr>\n<\/tbody>\n<\/table>\n<p style=\"text-align: left;\"><span style=\"font-size: 11pt;\"><span style=\"font-family: 'Calibri',sans-serif;\">*: Em dikarin ji bo ser\u00eel\u00eadan\u00ean c\u00fbrbec\u00fbr mezinahiy\u00ean per\u00e7ey\u00ean cih\u00eareng li dar bixin.<\/span><\/span><\/p>\n<\/div><\/div><\/div><div class=\"fusion-layout-column fusion_builder_column fusion-builder-column-1 fusion_builder_column_1_3 1_3 fusion-flex-column\" style=\"--awb-bg-size:cover;--awb-width-large:33.3333333333%;--awb-margin-top-large:0px;--awb-spacing-right-large:5.76%;--awb-margin-bottom-large:0px;--awb-spacing-left-large:3.84%;--awb-width-medium:33.3333333333%;--awb-spacing-right-medium:5.76%;--awb-spacing-left-medium:3.84%;--awb-width-small:100%;--awb-spacing-right-small:1.92%;--awb-spacing-left-small:1.92%;\"><div class=\"fusion-column-wrapper fusion-flex-justify-content-flex-start fusion-content-layout-column\"><div class=\"fusion-image-element\" style=\"text-align:center;--awb-caption-title-font-family:var(--h2_typography-font-family);--awb-caption-title-font-weight:var(--h2_typography-font-weight);--awb-caption-title-font-style:var(--h2_typography-font-style);--awb-caption-title-size:var(--h2_typography-font-size);--awb-caption-title-transform:var(--h2_typography-text-transform);--awb-caption-title-line-height:var(--h2_typography-line-height);--awb-caption-title-letter-spacing:var(--h2_typography-letter-spacing);\"><span class=\"fusion-imageframe imageframe-none imageframe-1 hover-type-none\"><img decoding=\"async\" width=\"600\" height=\"600\" title=\"3.-Macrokrytalline-tungsten-carbide-powder-3\" src=\"https:\/\/zim-llc.com\/wp-content\/uploads\/2022\/12\/3.-Macrocrytalline-tungsten-carbide-powder-3.jpg\" alt class=\"img-responsive wp-image-3806\" srcset=\"https:\/\/zim-llc.com\/wp-content\/uploads\/2022\/12\/3.-Macrocrytalline-tungsten-carbide-powder-3-150x150.jpg 150w, https:\/\/zim-llc.com\/wp-content\/uploads\/2022\/12\/3.-Macrocrytalline-tungsten-carbide-powder-3-300x300.jpg 300w, https:\/\/zim-llc.com\/wp-content\/uploads\/2022\/12\/3.-Macrocrytalline-tungsten-carbide-powder-3-350x350.jpg 350w, https:\/\/zim-llc.com\/wp-content\/uploads\/2022\/12\/3.-Macrocrytalline-tungsten-carbide-powder-3.jpg 600w\" sizes=\"(max-width: 600px) 100vw, 600px\" \/><\/span><\/div><\/div><\/div><\/div><\/div>","protected":false},"excerpt":{"rendered":"","protected":false},"author":2,"featured_media":0,"parent":0,"menu_order":1,"comment_status":"closed","ping_status":"closed","template":"","meta":{"footnotes":""},"class_list":["post-3948","page","type-page","status-publish","hentry"],"yoast_head":"<!-- This site is optimized with the Yoast SEO plugin v27.4 - https:\/\/yoast.com\/product\/yoast-seo-wordpress\/ -->\n<title>ZTC71 Series Matrix powders for PDC bits - Zigong International Marketing, LLC<\/title>\n<meta name=\"description\" content=\"We manufacture three types of cast Tungsten Carbide powder.\" \/>\n<meta name=\"robots\" content=\"index, follow, max-snippet:-1, max-image-preview:large, max-video-preview:-1\" \/>\n<link rel=\"canonical\" href=\"https:\/\/zim-llc.com\/ku\/ztc71-series-matrix-powders-for-pdc-bits\/\" \/>\n<meta property=\"og:locale\" content=\"en_US\" \/>\n<meta property=\"og:type\" content=\"article\" \/>\n<meta property=\"og:title\" content=\"ZTC71 Series Matrix powders for PDC bits - Zigong International Marketing, LLC\" \/>\n<meta property=\"og:description\" content=\"We manufacture three types of cast Tungsten Carbide powder.\" \/>\n<meta property=\"og:url\" content=\"https:\/\/zim-llc.com\/ku\/ztc71-series-matrix-powders-for-pdc-bits\/\" \/>\n<meta property=\"og:site_name\" content=\"Zigong International Marketing, LLC\" \/>\n<meta property=\"article:modified_time\" content=\"2024-05-13T18:40:55+00:00\" \/>\n<meta name=\"twitter:card\" content=\"summary_large_image\" \/>\n<meta name=\"twitter:label1\" content=\"Est. reading time\" \/>\n\t<meta name=\"twitter:data1\" content=\"1 \u062e\u0648\u0644\u06d5\u06a9\" \/>\n<script type=\"application\/ld+json\" class=\"yoast-schema-graph\">{\"@context\":\"https:\\\/\\\/schema.org\",\"@graph\":[{\"@type\":\"WebPage\",\"@id\":\"https:\\\/\\\/zim-llc.com\\\/sw\\\/ztc71-series-matrix-powders-for-pdc-bits\\\/\",\"url\":\"https:\\\/\\\/zim-llc.com\\\/sw\\\/ztc71-series-matrix-powders-for-pdc-bits\\\/\",\"name\":\"ZTC71 Series Matrix powders for PDC bits - Zigong International Marketing, LLC\",\"isPartOf\":{\"@id\":\"https:\\\/\\\/zim-llc.com\\\/mr\\\/#website\"},\"datePublished\":\"2022-12-16T00:05:24+00:00\",\"dateModified\":\"2024-05-13T18:40:55+00:00\",\"description\":\"We manufacture three types of cast Tungsten Carbide powder.\",\"breadcrumb\":{\"@id\":\"https:\\\/\\\/zim-llc.com\\\/sw\\\/ztc71-series-matrix-powders-for-pdc-bits\\\/#breadcrumb\"},\"inLanguage\":\"ckb\",\"potentialAction\":[{\"@type\":\"ReadAction\",\"target\":[\"https:\\\/\\\/zim-llc.com\\\/sw\\\/ztc71-series-matrix-powders-for-pdc-bits\\\/\"]}]},{\"@type\":\"BreadcrumbList\",\"@id\":\"https:\\\/\\\/zim-llc.com\\\/sw\\\/ztc71-series-matrix-powders-for-pdc-bits\\\/#breadcrumb\",\"itemListElement\":[{\"@type\":\"ListItem\",\"position\":1,\"name\":\"Home\",\"item\":\"https:\\\/\\\/zim-llc.com\\\/mr\\\/\"},{\"@type\":\"ListItem\",\"position\":2,\"name\":\"ZTC71 Series Matrix powders for PDC bits\"}]},{\"@type\":\"WebSite\",\"@id\":\"https:\\\/\\\/zim-llc.com\\\/mr\\\/#website\",\"url\":\"https:\\\/\\\/zim-llc.com\\\/mr\\\/\",\"name\":\"Zigong International Marketing, LLC\",\"description\":\"\",\"publisher\":{\"@id\":\"https:\\\/\\\/zim-llc.com\\\/mr\\\/#organization\"},\"potentialAction\":[{\"@type\":\"SearchAction\",\"target\":{\"@type\":\"EntryPoint\",\"urlTemplate\":\"https:\\\/\\\/zim-llc.com\\\/mr\\\/?s={search_term_string}\"},\"query-input\":{\"@type\":\"PropertyValueSpecification\",\"valueRequired\":true,\"valueName\":\"search_term_string\"}}],\"inLanguage\":\"ckb\"},{\"@type\":\"Organization\",\"@id\":\"https:\\\/\\\/zim-llc.com\\\/mr\\\/#organization\",\"name\":\"Zigong International Marketing LLC\",\"url\":\"https:\\\/\\\/zim-llc.com\\\/mr\\\/\",\"logo\":{\"@type\":\"ImageObject\",\"inLanguage\":\"ckb\",\"@id\":\"https:\\\/\\\/zim-llc.com\\\/mr\\\/#\\\/schema\\\/logo\\\/image\\\/\",\"url\":\"https:\\\/\\\/zim-llc.com\\\/wp-content\\\/uploads\\\/2020\\\/06\\\/6-23-logo-c.jpg\",\"contentUrl\":\"https:\\\/\\\/zim-llc.com\\\/wp-content\\\/uploads\\\/2020\\\/06\\\/6-23-logo-c.jpg\",\"width\":201,\"height\":90,\"caption\":\"Zigong International Marketing LLC\"},\"image\":{\"@id\":\"https:\\\/\\\/zim-llc.com\\\/mr\\\/#\\\/schema\\\/logo\\\/image\\\/\"}}]}<\/script>\n<!-- \/ Yoast SEO plugin. -->","yoast_head_json":{"title":"ZTC71 Series Matrix powders for PDC bits - Zigong International Marketing, LLC","description":"We manufacture three types of cast Tungsten Carbide powder.","robots":{"index":"index","follow":"follow","max-snippet":"max-snippet:-1","max-image-preview":"max-image-preview:large","max-video-preview":"max-video-preview:-1"},"canonical":"https:\/\/zim-llc.com\/ku\/ztc71-series-matrix-powders-for-pdc-bits\/","og_locale":"en_US","og_type":"article","og_title":"ZTC71 Series Matrix powders for PDC bits - Zigong International Marketing, LLC","og_description":"We manufacture three types of cast Tungsten Carbide powder.","og_url":"https:\/\/zim-llc.com\/ku\/ztc71-series-matrix-powders-for-pdc-bits\/","og_site_name":"Zigong International Marketing, LLC","article_modified_time":"2024-05-13T18:40:55+00:00","twitter_card":"summary_large_image","twitter_misc":{"Est. reading time":"1 \u062e\u0648\u0644\u06d5\u06a9"},"schema":{"@context":"https:\/\/schema.org","@graph":[{"@type":"WebPage","@id":"https:\/\/zim-llc.com\/sw\/ztc71-series-matrix-powders-for-pdc-bits\/","url":"https:\/\/zim-llc.com\/sw\/ztc71-series-matrix-powders-for-pdc-bits\/","name":"ZTC71 Series Matrix powders for PDC bits - Zigong International Marketing, LLC","isPartOf":{"@id":"https:\/\/zim-llc.com\/mr\/#website"},"datePublished":"2022-12-16T00:05:24+00:00","dateModified":"2024-05-13T18:40:55+00:00","description":"We manufacture three types of cast Tungsten Carbide powder.","breadcrumb":{"@id":"https:\/\/zim-llc.com\/sw\/ztc71-series-matrix-powders-for-pdc-bits\/#breadcrumb"},"inLanguage":"ckb","potentialAction":[{"@type":"ReadAction","target":["https:\/\/zim-llc.com\/sw\/ztc71-series-matrix-powders-for-pdc-bits\/"]}]},{"@type":"BreadcrumbList","@id":"https:\/\/zim-llc.com\/sw\/ztc71-series-matrix-powders-for-pdc-bits\/#breadcrumb","itemListElement":[{"@type":"ListItem","position":1,"name":"Home","item":"https:\/\/zim-llc.com\/mr\/"},{"@type":"ListItem","position":2,"name":"ZTC71 Series Matrix powders for PDC bits"}]},{"@type":"WebSite","@id":"https:\/\/zim-llc.com\/mr\/#website","url":"https:\/\/zim-llc.com\/mr\/","name":"Zigong International Marketing, LLC","description":"","publisher":{"@id":"https:\/\/zim-llc.com\/mr\/#organization"},"potentialAction":[{"@type":"SearchAction","target":{"@type":"EntryPoint","urlTemplate":"https:\/\/zim-llc.com\/mr\/?s={search_term_string}"},"query-input":{"@type":"PropertyValueSpecification","valueRequired":true,"valueName":"search_term_string"}}],"inLanguage":"ckb"},{"@type":"Organization","@id":"https:\/\/zim-llc.com\/mr\/#organization","name":"Zigong International Marketing LLC","url":"https:\/\/zim-llc.com\/mr\/","logo":{"@type":"ImageObject","inLanguage":"ckb","@id":"https:\/\/zim-llc.com\/mr\/#\/schema\/logo\/image\/","url":"https:\/\/zim-llc.com\/wp-content\/uploads\/2020\/06\/6-23-logo-c.jpg","contentUrl":"https:\/\/zim-llc.com\/wp-content\/uploads\/2020\/06\/6-23-logo-c.jpg","width":201,"height":90,"caption":"Zigong International Marketing LLC"},"image":{"@id":"https:\/\/zim-llc.com\/mr\/#\/schema\/logo\/image\/"}}]}},"_links":{"self":[{"href":"https:\/\/zim-llc.com\/ku\/wp-json\/wp\/v2\/pages\/3948","targetHints":{"allow":["GET"]}}],"collection":[{"href":"https:\/\/zim-llc.com\/ku\/wp-json\/wp\/v2\/pages"}],"about":[{"href":"https:\/\/zim-llc.com\/ku\/wp-json\/wp\/v2\/types\/page"}],"author":[{"embeddable":true,"href":"https:\/\/zim-llc.com\/ku\/wp-json\/wp\/v2\/users\/2"}],"replies":[{"embeddable":true,"href":"https:\/\/zim-llc.com\/ku\/wp-json\/wp\/v2\/comments?post=3948"}],"version-history":[{"count":0,"href":"https:\/\/zim-llc.com\/ku\/wp-json\/wp\/v2\/pages\/3948\/revisions"}],"wp:attachment":[{"href":"https:\/\/zim-llc.com\/ku\/wp-json\/wp\/v2\/media?parent=3948"}],"curies":[{"name":"wp","href":"https:\/\/api.w.org\/{rel}","templated":true}]}}