{"id":3719,"date":"2022-12-12T19:15:25","date_gmt":"2022-12-12T19:15:25","guid":{"rendered":"https:\/\/zimllc.wpengine.com\/?page_id=3719"},"modified":"2024-05-13T20:07:08","modified_gmt":"2024-05-13T20:07:08","slug":"thermal-spray-powder","status":"publish","type":"page","link":"https:\/\/zim-llc.com\/hr\/hardfacing-materials\/thermal-spray-powder\/","title":{"rendered":"Termalni sprej u prahu"},"content":{"rendered":"<div class=\"fusion-fullwidth fullwidth-box fusion-builder-row-1 fusion-flex-container has-pattern-background has-mask-background nonhundred-percent-fullwidth non-hundred-percent-height-scrolling\" style=\"--awb-border-color:#0000;--awb-border-radius-top-left:0px;--awb-border-radius-top-right:0px;--awb-border-radius-bottom-right:0px;--awb-border-radius-bottom-left:0px;--awb-padding-left:60px;--awb-background-color:#0000;--awb-background-image:linear-gradient(180deg, #0000 0%,#0000 100%);--awb-flex-wrap:wrap;\" ><div class=\"fusion-builder-row fusion-row fusion-flex-align-items-flex-start fusion-flex-content-wrap\" style=\"max-width:1248px;margin-left: calc(-4% \/ 2 );margin-right: calc(-4% \/ 2 );\"><div class=\"fusion-layout-column fusion_builder_column fusion-builder-column-0 fusion_builder_column_2_3 2_3 fusion-flex-column\" style=\"--awb-bg-color:#0000;--awb-bg-color-hover:#0000;--awb-bg-size:cover;--awb-width-large:66.6666666667%;--awb-margin-top-large:0px;--awb-spacing-right-large:2.88%;--awb-margin-bottom-large:0px;--awb-spacing-left-large:2.88%;--awb-width-medium:66.6666666667%;--awb-order-medium:0;--awb-spacing-right-medium:2.88%;--awb-spacing-left-medium:2.88%;--awb-width-small:100%;--awb-order-small:0;--awb-spacing-right-small:1.92%;--awb-spacing-left-small:1.92%;\" data-scroll-devices=\"small-visibility,medium-visibility,large-visibility\"><div class=\"fusion-column-wrapper fusion-column-has-shadow fusion-flex-justify-content-flex-start fusion-content-layout-column\"><div class=\"fusion-text fusion-text-1\"><h1>Termalni sprej u prahu<\/h1>\n<p>Zigong mo\u017ee proizvoditi i aglomerirani i sinterirani prah i sinterirani i drobljeni prah s godi\u0161njim kapacitetom od preko 300 metri\u010dkih tona (660 000 lbs).<\/p>\n<p>Zigong proizvodi ne samo najpopularnije stupnjeve, kao \u0161to je dolje, s razli\u010ditim veli\u010dinama (-53+20, -45+15 \u03bcm, -38+10 \u03bcm, -25+10 \u03bcm, itd.), ve\u0107 tako\u0111er izra\u0111uje mnogo razreda po mjeri po specifikaciji kupca. Ako \u017eelite saznati vi\u0161e o na\u0161im kapacitetima, slobodno nas kontaktirajte.<\/p>\n<\/div><\/div><\/div><div class=\"fusion-layout-column fusion_builder_column fusion-builder-column-1 fusion_builder_column_1_3 1_3 fusion-flex-column\" style=\"--awb-bg-color:#0000;--awb-bg-color-hover:#0000;--awb-bg-size:cover;--awb-width-large:33.3333333333%;--awb-margin-top-large:0px;--awb-spacing-right-large:5.76%;--awb-margin-bottom-large:0px;--awb-spacing-left-large:5.76%;--awb-width-medium:33.3333333333%;--awb-order-medium:0;--awb-spacing-right-medium:5.76%;--awb-spacing-left-medium:5.76%;--awb-width-small:100%;--awb-order-small:0;--awb-spacing-right-small:1.92%;--awb-spacing-left-small:1.92%;\" data-scroll-devices=\"small-visibility,medium-visibility,large-visibility\"><div class=\"fusion-column-wrapper fusion-column-has-shadow fusion-flex-justify-content-flex-start fusion-content-layout-column\"><div class=\"fusion-image-carousel fusion-image-carousel-auto fusion-image-carousel-1\"><div class=\"awb-carousel awb-swiper awb-swiper-carousel\" data-autoplay=\"yes\" data-columns=\"1\" data-itemmargin=\"13\" data-itemwidth=\"180\" data-touchscroll=\"no\" data-imagesize=\"auto\" style=\"--awb-columns:1;\"><div class=\"swiper-wrapper awb-image-carousel-wrapper fusion-flex-align-items-center\"><div class=\"swiper-slide\"><div class=\"fusion-carousel-item-wrapper\"><div class=\"fusion-image-wrapper hover-type-none\"><img decoding=\"async\" width=\"600\" height=\"600\" src=\"https:\/\/zim-llc.com\/wp-content\/uploads\/2022\/12\/thermal-spray-powder-one.jpg\" class=\"attachment-full size-full\" alt=\"\" srcset=\"https:\/\/zim-llc.com\/wp-content\/uploads\/2022\/12\/thermal-spray-powder-one-150x150.jpg 150w, https:\/\/zim-llc.com\/wp-content\/uploads\/2022\/12\/thermal-spray-powder-one-300x300.jpg 300w, https:\/\/zim-llc.com\/wp-content\/uploads\/2022\/12\/thermal-spray-powder-one-350x350.jpg 350w, https:\/\/zim-llc.com\/wp-content\/uploads\/2022\/12\/thermal-spray-powder-one.jpg 600w\" sizes=\"(max-width: 600px) 100vw, 600px\" \/><\/div><\/div><\/div><div class=\"swiper-slide\"><div class=\"fusion-carousel-item-wrapper\"><div class=\"fusion-image-wrapper hover-type-none\"><img decoding=\"async\" width=\"600\" height=\"600\" src=\"https:\/\/zim-llc.com\/wp-content\/uploads\/2022\/12\/thermal-spray-powder-2.jpg\" class=\"attachment-full size-full\" alt=\"\" srcset=\"https:\/\/zim-llc.com\/wp-content\/uploads\/2022\/12\/thermal-spray-powder-2-150x150.jpg 150w, https:\/\/zim-llc.com\/wp-content\/uploads\/2022\/12\/thermal-spray-powder-2-300x300.jpg 300w, https:\/\/zim-llc.com\/wp-content\/uploads\/2022\/12\/thermal-spray-powder-2-350x350.jpg 350w, https:\/\/zim-llc.com\/wp-content\/uploads\/2022\/12\/thermal-spray-powder-2.jpg 600w\" sizes=\"(max-width: 600px) 100vw, 600px\" \/><\/div><\/div><\/div><\/div><div class=\"awb-swiper-button awb-swiper-button-prev\"><i class=\"awb-icon-angle-left\" aria-hidden=\"true\"><\/i><\/div><div class=\"awb-swiper-button awb-swiper-button-next\"><i class=\"awb-icon-angle-right\" aria-hidden=\"true\"><\/i><\/div><\/div><\/div><\/div><\/div><\/div><\/div><div class=\"fusion-fullwidth fullwidth-box fusion-builder-row-2 fusion-flex-container has-pattern-background has-mask-background nonhundred-percent-fullwidth non-hundred-percent-height-scrolling\" style=\"--awb-border-color:#0000;--awb-border-radius-top-left:0px;--awb-border-radius-top-right:0px;--awb-border-radius-bottom-right:0px;--awb-border-radius-bottom-left:0px;--awb-padding-left:60px;--awb-background-color:#0000;--awb-background-image:linear-gradient(180deg, #0000 0%,#0000 100%);--awb-flex-wrap:wrap;\" ><div class=\"fusion-builder-row fusion-row fusion-flex-align-items-flex-start fusion-flex-content-wrap\" style=\"max-width:1248px;margin-left: calc(-4% \/ 2 );margin-right: calc(-4% \/ 2 );\"><div class=\"fusion-layout-column fusion_builder_column fusion-builder-column-2 fusion_builder_column_1_2 1_2 fusion-flex-column\" style=\"--awb-bg-color:#0000;--awb-bg-color-hover:#0000;--awb-bg-size:cover;--awb-width-large:50%;--awb-margin-top-large:0px;--awb-spacing-right-large:3.84%;--awb-margin-bottom-large:0px;--awb-spacing-left-large:3.84%;--awb-width-medium:50%;--awb-order-medium:0;--awb-spacing-right-medium:3.84%;--awb-spacing-left-medium:3.84%;--awb-width-small:100%;--awb-order-small:0;--awb-spacing-right-small:1.92%;--awb-spacing-left-small:1.92%;\" data-scroll-devices=\"small-visibility,medium-visibility,large-visibility\"><div class=\"fusion-column-wrapper fusion-column-has-shadow fusion-flex-justify-content-flex-start fusion-content-layout-column\"><div class=\"fusion-text fusion-text-2\"><h2>Aglomerirani i sinterirani prah<\/h2>\n<p><a href=\"https:\/\/zim-llc.com\/hr\/wc-10co4cr-thermal-spray-powder\/\">\u2192 WC-10Co4Cr toplinski raspr\u0161iva\u010d u prahu<\/a><\/p>\n<p><a href=\"https:\/\/zim-llc.com\/hr\/wc-12co-thermal-spray-powder\/\">\u2192 WC-12Co toplinski sprej u prahu<\/a><\/p>\n<p><a href=\"https:\/\/zim-llc.com\/hr\/wc-17co-thermal-spray-powder\/\">\u2192 WC-17Co toplinski sprej u prahu<\/a><\/p>\n<p><a href=\"https:\/\/zim-llc.com\/hr\/wc-10ni-thermal-spray-powder\/\">\u2192 WC-10Ni toplinski raspr\u0161iva\u010d u prahu<\/a><\/p>\n<p><a href=\"https:\/\/zim-llc.com\/hr\/wc-12ni-thermal-spray-powder\/\">\u2192 WC-12Ni toplinski raspr\u0161iva\u010d u prahu<\/a><\/p>\n<p><a href=\"https:\/\/zim-llc.com\/hr\/wc-17ni-thermal-spray-powder\/\">\u2192 WC-17Ni toplinski raspr\u0161iva\u010d u prahu<\/a><\/p>\n<p><a href=\"https:\/\/zim-llc.com\/hr\/wc-15nicr-thermal-spray-powder\/\">\u2192 WC-15NiCr toplinski raspr\u0161iva\u010d u prahu<\/a><\/p>\n<p><a href=\"https:\/\/zim-llc.com\/hr\/wc-20cr3c2-7ni-thermal-spray-powder\/\">\u2192 WC-20Cr3C2-7Ni toplinski raspr\u0161iva\u010d u prahu<\/a><\/p>\n<p><a href=\"https:\/\/zim-llc.com\/hr\/cr3c2-37wc-18nicocr-thermal-spray-powder\/\">\u2192 Cr3C2-37WC-18NiCoCr toplinski raspr\u0161iva\u010d u prahu<\/a><\/p>\n<p><a href=\"https:\/\/zim-llc.com\/hr\/cr3c2-20nicr-thermal-spray-powder\/\">\u2192 Cr3C2-20NiCr toplinski raspr\u0161iva\u010d u prahu<\/a><\/p>\n<p><a href=\"https:\/\/zim-llc.com\/hr\/cr3c2-25nicr-thermal-spray-powder\/\">\u2192 Cr3C2-25NiCr toplinski raspr\u0161iva\u010d u prahu<\/a><\/p>\n<\/div><\/div><\/div><div class=\"fusion-layout-column fusion_builder_column fusion-builder-column-3 fusion_builder_column_1_2 1_2 fusion-flex-column\" style=\"--awb-bg-color:#0000;--awb-bg-color-hover:#0000;--awb-bg-size:cover;--awb-width-large:50%;--awb-margin-top-large:0px;--awb-spacing-right-large:3.84%;--awb-margin-bottom-large:0px;--awb-spacing-left-large:3.84%;--awb-width-medium:50%;--awb-order-medium:0;--awb-spacing-right-medium:3.84%;--awb-spacing-left-medium:3.84%;--awb-width-small:100%;--awb-order-small:0;--awb-spacing-right-small:1.92%;--awb-spacing-left-small:1.92%;\" data-scroll-devices=\"small-visibility,medium-visibility,large-visibility\"><div class=\"fusion-column-wrapper fusion-column-has-shadow fusion-flex-justify-content-flex-start fusion-content-layout-column\"><div class=\"fusion-text fusion-text-3\"><h2>Popularni sinterirani i drobljeni prah<\/h2>\n<p><a href=\"https:\/\/zim-llc.com\/hr\/wc-6co-thermal-spray-powder\/\">\u2192 WC-6Co toplinski sprej u prahu<\/a><\/p>\n<p><a href=\"https:\/\/zim-llc.com\/hr\/wc-12co-thermal-spray-powder-2\/\">\u2192 WC-12Co toplinski sprej u prahu<\/a><\/p>\n<p><a href=\"https:\/\/zim-llc.com\/hr\/wc-13co-thermal-spray-powder\/\">\u2192 WC-13Co toplinski sprej u prahu<\/a><\/p>\n<\/div><\/div><\/div><div class=\"fusion-layout-column fusion_builder_column fusion-builder-column-4 fusion_builder_column_1_3 1_3 fusion-flex-column\" style=\"--awb-bg-color:#0000;--awb-bg-color-hover:#0000;--awb-bg-size:cover;--awb-width-large:33.3333333333%;--awb-margin-top-large:0px;--awb-spacing-right-large:5.76%;--awb-margin-bottom-large:0px;--awb-spacing-left-large:5.76%;--awb-width-medium:33.3333333333%;--awb-order-medium:0;--awb-spacing-right-medium:5.76%;--awb-spacing-left-medium:5.76%;--awb-width-small:100%;--awb-order-small:0;--awb-spacing-right-small:1.92%;--awb-spacing-left-small:1.92%;\" data-scroll-devices=\"small-visibility,medium-visibility,large-visibility\"><div class=\"fusion-column-wrapper fusion-column-has-shadow fusion-flex-justify-content-flex-start fusion-content-layout-column\"><\/div><\/div><\/div><\/div>","protected":false},"excerpt":{"rendered":"","protected":false},"author":2,"featured_media":0,"parent":877,"menu_order":5,"comment_status":"closed","ping_status":"closed","template":"","meta":{"footnotes":""},"class_list":["post-3719","page","type-page","status-publish","hentry"],"yoast_head":"<!-- This site is optimized with the Yoast SEO plugin v27.3 - https:\/\/yoast.com\/product\/yoast-seo-wordpress\/ -->\n<title>Thermal Spray Powder - Zigong International Marketing, LLC<\/title>\n<meta name=\"description\" content=\"We manufacture three types of cast Tungsten Carbide powder.\" \/>\n<meta name=\"robots\" content=\"index, follow, max-snippet:-1, max-image-preview:large, max-video-preview:-1\" \/>\n<link rel=\"canonical\" href=\"https:\/\/zim-llc.com\/hr\/hardfacing-materials\/thermal-spray-powder\/\" \/>\n<meta property=\"og:locale\" content=\"hr_HR\" \/>\n<meta property=\"og:type\" content=\"article\" \/>\n<meta property=\"og:title\" content=\"Thermal Spray Powder - Zigong International Marketing, LLC\" \/>\n<meta property=\"og:description\" content=\"We manufacture three types of cast Tungsten Carbide powder.\" \/>\n<meta property=\"og:url\" content=\"https:\/\/zim-llc.com\/hr\/hardfacing-materials\/thermal-spray-powder\/\" \/>\n<meta property=\"og:site_name\" content=\"Zigong International Marketing, LLC\" \/>\n<meta property=\"article:modified_time\" content=\"2024-05-13T20:07:08+00:00\" \/>\n<meta name=\"twitter:card\" content=\"summary_large_image\" \/>\n<meta name=\"twitter:label1\" content=\"Procijenjeno vrijeme \u010ditanja\" \/>\n\t<meta name=\"twitter:data1\" content=\"2 minute\" \/>\n<script type=\"application\/ld+json\" class=\"yoast-schema-graph\">{\"@context\":\"https:\\\/\\\/schema.org\",\"@graph\":[{\"@type\":\"WebPage\",\"@id\":\"https:\\\/\\\/zim-llc.com\\\/vi\\\/hardfacing-materials\\\/thermal-spray-powder\\\/\",\"url\":\"https:\\\/\\\/zim-llc.com\\\/vi\\\/hardfacing-materials\\\/thermal-spray-powder\\\/\",\"name\":\"Thermal Spray Powder - Zigong International Marketing, LLC\",\"isPartOf\":{\"@id\":\"https:\\\/\\\/zim-llc.com\\\/vi\\\/#website\"},\"datePublished\":\"2022-12-12T19:15:25+00:00\",\"dateModified\":\"2024-05-13T20:07:08+00:00\",\"description\":\"We manufacture three types of cast Tungsten Carbide powder.\",\"breadcrumb\":{\"@id\":\"https:\\\/\\\/zim-llc.com\\\/vi\\\/hardfacing-materials\\\/thermal-spray-powder\\\/#breadcrumb\"},\"inLanguage\":\"hr\",\"potentialAction\":[{\"@type\":\"ReadAction\",\"target\":[\"https:\\\/\\\/zim-llc.com\\\/vi\\\/hardfacing-materials\\\/thermal-spray-powder\\\/\"]}]},{\"@type\":\"BreadcrumbList\",\"@id\":\"https:\\\/\\\/zim-llc.com\\\/vi\\\/hardfacing-materials\\\/thermal-spray-powder\\\/#breadcrumb\",\"itemListElement\":[{\"@type\":\"ListItem\",\"position\":1,\"name\":\"Home\",\"item\":\"https:\\\/\\\/zim-llc.com\\\/sv\\\/\"},{\"@type\":\"ListItem\",\"position\":2,\"name\":\"Hardfacing Materials\",\"item\":\"https:\\\/\\\/zim-llc.com\\\/vi\\\/hardfacing-materials\\\/\"},{\"@type\":\"ListItem\",\"position\":3,\"name\":\"Thermal Spray Powder\"}]},{\"@type\":\"WebSite\",\"@id\":\"https:\\\/\\\/zim-llc.com\\\/vi\\\/#website\",\"url\":\"https:\\\/\\\/zim-llc.com\\\/vi\\\/\",\"name\":\"Zigong International Marketing, LLC\",\"description\":\"\",\"publisher\":{\"@id\":\"https:\\\/\\\/zim-llc.com\\\/vi\\\/#organization\"},\"potentialAction\":[{\"@type\":\"SearchAction\",\"target\":{\"@type\":\"EntryPoint\",\"urlTemplate\":\"https:\\\/\\\/zim-llc.com\\\/vi\\\/?s={search_term_string}\"},\"query-input\":{\"@type\":\"PropertyValueSpecification\",\"valueRequired\":true,\"valueName\":\"search_term_string\"}}],\"inLanguage\":\"hr\"},{\"@type\":\"Organization\",\"@id\":\"https:\\\/\\\/zim-llc.com\\\/vi\\\/#organization\",\"name\":\"Zigong International Marketing LLC\",\"url\":\"https:\\\/\\\/zim-llc.com\\\/vi\\\/\",\"logo\":{\"@type\":\"ImageObject\",\"inLanguage\":\"hr\",\"@id\":\"https:\\\/\\\/zim-llc.com\\\/vi\\\/#\\\/schema\\\/logo\\\/image\\\/\",\"url\":\"https:\\\/\\\/zim-llc.com\\\/wp-content\\\/uploads\\\/2020\\\/06\\\/6-23-logo-c.jpg\",\"contentUrl\":\"https:\\\/\\\/zim-llc.com\\\/wp-content\\\/uploads\\\/2020\\\/06\\\/6-23-logo-c.jpg\",\"width\":201,\"height\":90,\"caption\":\"Zigong International Marketing LLC\"},\"image\":{\"@id\":\"https:\\\/\\\/zim-llc.com\\\/vi\\\/#\\\/schema\\\/logo\\\/image\\\/\"}}]}<\/script>\n<!-- \/ Yoast SEO plugin. -->","yoast_head_json":{"title":"Thermal Spray Powder - Zigong International Marketing, LLC","description":"We manufacture three types of cast Tungsten Carbide powder.","robots":{"index":"index","follow":"follow","max-snippet":"max-snippet:-1","max-image-preview":"max-image-preview:large","max-video-preview":"max-video-preview:-1"},"canonical":"https:\/\/zim-llc.com\/hr\/hardfacing-materials\/thermal-spray-powder\/","og_locale":"hr_HR","og_type":"article","og_title":"Thermal Spray Powder - Zigong International Marketing, LLC","og_description":"We manufacture three types of cast Tungsten Carbide powder.","og_url":"https:\/\/zim-llc.com\/hr\/hardfacing-materials\/thermal-spray-powder\/","og_site_name":"Zigong International Marketing, LLC","article_modified_time":"2024-05-13T20:07:08+00:00","twitter_card":"summary_large_image","twitter_misc":{"Procijenjeno vrijeme \u010ditanja":"2 minute"},"schema":{"@context":"https:\/\/schema.org","@graph":[{"@type":"WebPage","@id":"https:\/\/zim-llc.com\/vi\/hardfacing-materials\/thermal-spray-powder\/","url":"https:\/\/zim-llc.com\/vi\/hardfacing-materials\/thermal-spray-powder\/","name":"Thermal Spray Powder - Zigong International Marketing, LLC","isPartOf":{"@id":"https:\/\/zim-llc.com\/vi\/#website"},"datePublished":"2022-12-12T19:15:25+00:00","dateModified":"2024-05-13T20:07:08+00:00","description":"We manufacture three types of cast Tungsten Carbide powder.","breadcrumb":{"@id":"https:\/\/zim-llc.com\/vi\/hardfacing-materials\/thermal-spray-powder\/#breadcrumb"},"inLanguage":"hr","potentialAction":[{"@type":"ReadAction","target":["https:\/\/zim-llc.com\/vi\/hardfacing-materials\/thermal-spray-powder\/"]}]},{"@type":"BreadcrumbList","@id":"https:\/\/zim-llc.com\/vi\/hardfacing-materials\/thermal-spray-powder\/#breadcrumb","itemListElement":[{"@type":"ListItem","position":1,"name":"Home","item":"https:\/\/zim-llc.com\/sv\/"},{"@type":"ListItem","position":2,"name":"Hardfacing Materials","item":"https:\/\/zim-llc.com\/vi\/hardfacing-materials\/"},{"@type":"ListItem","position":3,"name":"Thermal Spray Powder"}]},{"@type":"WebSite","@id":"https:\/\/zim-llc.com\/vi\/#website","url":"https:\/\/zim-llc.com\/vi\/","name":"Zigong International Marketing, LLC","description":"","publisher":{"@id":"https:\/\/zim-llc.com\/vi\/#organization"},"potentialAction":[{"@type":"SearchAction","target":{"@type":"EntryPoint","urlTemplate":"https:\/\/zim-llc.com\/vi\/?s={search_term_string}"},"query-input":{"@type":"PropertyValueSpecification","valueRequired":true,"valueName":"search_term_string"}}],"inLanguage":"hr"},{"@type":"Organization","@id":"https:\/\/zim-llc.com\/vi\/#organization","name":"Zigong International Marketing LLC","url":"https:\/\/zim-llc.com\/vi\/","logo":{"@type":"ImageObject","inLanguage":"hr","@id":"https:\/\/zim-llc.com\/vi\/#\/schema\/logo\/image\/","url":"https:\/\/zim-llc.com\/wp-content\/uploads\/2020\/06\/6-23-logo-c.jpg","contentUrl":"https:\/\/zim-llc.com\/wp-content\/uploads\/2020\/06\/6-23-logo-c.jpg","width":201,"height":90,"caption":"Zigong International Marketing LLC"},"image":{"@id":"https:\/\/zim-llc.com\/vi\/#\/schema\/logo\/image\/"}}]}},"_links":{"self":[{"href":"https:\/\/zim-llc.com\/hr\/wp-json\/wp\/v2\/pages\/3719","targetHints":{"allow":["GET"]}}],"collection":[{"href":"https:\/\/zim-llc.com\/hr\/wp-json\/wp\/v2\/pages"}],"about":[{"href":"https:\/\/zim-llc.com\/hr\/wp-json\/wp\/v2\/types\/page"}],"author":[{"embeddable":true,"href":"https:\/\/zim-llc.com\/hr\/wp-json\/wp\/v2\/users\/2"}],"replies":[{"embeddable":true,"href":"https:\/\/zim-llc.com\/hr\/wp-json\/wp\/v2\/comments?post=3719"}],"version-history":[{"count":0,"href":"https:\/\/zim-llc.com\/hr\/wp-json\/wp\/v2\/pages\/3719\/revisions"}],"up":[{"embeddable":true,"href":"https:\/\/zim-llc.com\/hr\/wp-json\/wp\/v2\/pages\/877"}],"wp:attachment":[{"href":"https:\/\/zim-llc.com\/hr\/wp-json\/wp\/v2\/media?parent=3719"}],"curies":[{"name":"wp","href":"https:\/\/api.w.org\/{rel}","templated":true}]}}