{"id":1162,"date":"2017-06-27T15:34:17","date_gmt":"2017-06-27T15:34:17","guid":{"rendered":"https:\/\/zimllc.wpengine.com\/?page_id=1162"},"modified":"2024-04-12T03:39:10","modified_gmt":"2024-04-12T03:39:10","slug":"credentials","status":"publish","type":"page","link":"https:\/\/zim-llc.com\/gl\/about\/credentials\/","title":{"rendered":"As nosas credenciais"},"content":{"rendered":"<div class=\"fusion-fullwidth fullwidth-box fusion-builder-row-1 fusion-flex-container has-pattern-background has-mask-background nonhundred-percent-fullwidth non-hundred-percent-height-scrolling\" style=\"--awb-border-radius-top-left:0px;--awb-border-radius-top-right:0px;--awb-border-radius-bottom-right:0px;--awb-border-radius-bottom-left:0px;--awb-background-image:linear-gradient(180deg, #0000 0%,#0000 100%);--awb-flex-wrap:wrap;\" ><div class=\"fusion-builder-row fusion-row fusion-flex-align-items-flex-start fusion-flex-content-wrap\" style=\"max-width:1248px;margin-left: calc(-4% \/ 2 );margin-right: calc(-4% \/ 2 );\"><div class=\"fusion-layout-column fusion_builder_column fusion-builder-column-0 fusion_builder_column_4_5 4_5 fusion-flex-column\" style=\"--awb-padding-left:60px;--awb-bg-size:cover;--awb-width-large:80%;--awb-margin-top-large:0px;--awb-spacing-right-large:2.4%;--awb-margin-bottom-large:0px;--awb-spacing-left-large:2.4%;--awb-width-medium:80%;--awb-order-medium:0;--awb-spacing-right-medium:2.4%;--awb-spacing-left-medium:2.4%;--awb-width-small:100%;--awb-order-small:0;--awb-spacing-right-small:1.92%;--awb-spacing-left-small:1.92%;\" data-scroll-devices=\"small-visibility,medium-visibility,large-visibility\"><div class=\"fusion-column-wrapper fusion-column-has-shadow fusion-flex-justify-content-flex-start fusion-content-layout-column\"><div class=\"fusion-text fusion-text-1\"><h1>As nosas credenciais<\/h1>\n<p>ZGCC \u00e9 unha empresa de alta tecnolox\u00eda de clasificaci\u00f3n estatal cunha estaci\u00f3n de traballo de investigaci\u00f3n cient\u00edfica posdoutoral. A empresa conta con tres centros de I+D, un para Carburos Cementados, un para materiais de revestimento duro e outro para produtos de wolframio e molibdeno. As nosas probas de calidade e sistema anal\u00edtico xa est\u00e1n certificados polo CNAS.<\/p>\n<p>ZGCC traballa con universidades e institutos de investigaci\u00f3n moi apreciados. O noso forte equipo de I + D de m\u00e1is de cen consultores profesionais e t\u00e9cnicos est\u00e1 formado por expertos especializados, inclu\u00edndo titulados da Academia de Enxe\u00f1ar\u00eda de China.<\/p>\n<p>Desenvolvemos e buscamos novos materiais para mellorar a calidade do produto e novos m\u00e9todos de procesamento para maximizar o rendemento de mecanizado, minimizar o tempo de procesamento e reducir o custo.<\/p>\n<p>Recibimos subvenci\u00f3ns da Deputaci\u00f3n e dos ministerios para a investigaci\u00f3n cient\u00edfica, as\u00ed como m\u00e1is de cen patentes autorizadas.<\/p>\n<\/div><\/div><\/div><\/div><\/div>","protected":false},"excerpt":{"rendered":"","protected":false},"author":4,"featured_media":0,"parent":815,"menu_order":5,"comment_status":"closed","ping_status":"closed","template":"","meta":{"footnotes":""},"class_list":["post-1162","page","type-page","status-publish","hentry"],"yoast_head":"<!-- This site is optimized with the Yoast SEO plugin v27.3 - https:\/\/yoast.com\/product\/yoast-seo-wordpress\/ -->\n<title>Our Credentials - Zigong International Marketing, LLC<\/title>\n<meta name=\"description\" content=\"ZGCC is a state-ranked high-tech company with a postdoctoral scientific research workstation. Three R &amp; D centers in company.\" \/>\n<meta name=\"robots\" content=\"index, follow, max-snippet:-1, max-image-preview:large, max-video-preview:-1\" \/>\n<link rel=\"canonical\" href=\"http:\/\/zim-llc.com\/gl\/about\/credentials\/\" \/>\n<meta property=\"og:locale\" content=\"gl_ES\" \/>\n<meta property=\"og:type\" content=\"article\" \/>\n<meta property=\"og:title\" content=\"Our Credentials - Zigong International Marketing, LLC\" \/>\n<meta property=\"og:description\" content=\"ZGCC is a state-ranked high-tech company with a postdoctoral scientific research workstation. Three R &amp; D centers in company.\" \/>\n<meta property=\"og:url\" content=\"http:\/\/zim-llc.com\/gl\/about\/credentials\/\" \/>\n<meta property=\"og:site_name\" content=\"Zigong International Marketing, LLC\" \/>\n<meta property=\"article:modified_time\" content=\"2024-04-12T03:39:10+00:00\" \/>\n<meta name=\"twitter:card\" content=\"summary_large_image\" \/>\n<meta name=\"twitter:label1\" content=\"Tempo de lectura\" \/>\n\t<meta name=\"twitter:data1\" content=\"1 minuto\" \/>\n<script type=\"application\/ld+json\" class=\"yoast-schema-graph\">{\"@context\":\"https:\\\/\\\/schema.org\",\"@graph\":[{\"@type\":\"WebPage\",\"@id\":\"http:\\\/\\\/zim-llc.com\\\/hi\\\/about\\\/credentials\\\/\",\"url\":\"http:\\\/\\\/zim-llc.com\\\/hi\\\/about\\\/credentials\\\/\",\"name\":\"Our Credentials - Zigong International Marketing, LLC\",\"isPartOf\":{\"@id\":\"http:\\\/\\\/zim-llc.com\\\/ps\\\/#website\"},\"datePublished\":\"2017-06-27T15:34:17+00:00\",\"dateModified\":\"2024-04-12T03:39:10+00:00\",\"description\":\"ZGCC is a state-ranked high-tech company with a postdoctoral scientific research workstation. Three R & D centers in company.\",\"breadcrumb\":{\"@id\":\"http:\\\/\\\/zim-llc.com\\\/hi\\\/about\\\/credentials\\\/#breadcrumb\"},\"inLanguage\":\"gl-ES\",\"potentialAction\":[{\"@type\":\"ReadAction\",\"target\":[\"http:\\\/\\\/zim-llc.com\\\/hi\\\/about\\\/credentials\\\/\"]}]},{\"@type\":\"BreadcrumbList\",\"@id\":\"http:\\\/\\\/zim-llc.com\\\/hi\\\/about\\\/credentials\\\/#breadcrumb\",\"itemListElement\":[{\"@type\":\"ListItem\",\"position\":1,\"name\":\"Home\",\"item\":\"http:\\\/\\\/zim-llc.com\\\/ps\\\/\"},{\"@type\":\"ListItem\",\"position\":2,\"name\":\"About\",\"item\":\"https:\\\/\\\/zim-llc.com\\\/oc\\\/about\\\/\"},{\"@type\":\"ListItem\",\"position\":3,\"name\":\"Our Credentials\"}]},{\"@type\":\"WebSite\",\"@id\":\"http:\\\/\\\/zim-llc.com\\\/ps\\\/#website\",\"url\":\"http:\\\/\\\/zim-llc.com\\\/ps\\\/\",\"name\":\"Zigong International Marketing, LLC\",\"description\":\"\",\"publisher\":{\"@id\":\"http:\\\/\\\/zim-llc.com\\\/ps\\\/#organization\"},\"potentialAction\":[{\"@type\":\"SearchAction\",\"target\":{\"@type\":\"EntryPoint\",\"urlTemplate\":\"http:\\\/\\\/zim-llc.com\\\/ps\\\/?s={search_term_string}\"},\"query-input\":{\"@type\":\"PropertyValueSpecification\",\"valueRequired\":true,\"valueName\":\"search_term_string\"}}],\"inLanguage\":\"gl-ES\"},{\"@type\":\"Organization\",\"@id\":\"http:\\\/\\\/zim-llc.com\\\/ps\\\/#organization\",\"name\":\"Zigong International Marketing LLC\",\"url\":\"http:\\\/\\\/zim-llc.com\\\/ps\\\/\",\"logo\":{\"@type\":\"ImageObject\",\"inLanguage\":\"gl-ES\",\"@id\":\"http:\\\/\\\/zim-llc.com\\\/ps\\\/#\\\/schema\\\/logo\\\/image\\\/\",\"url\":\"https:\\\/\\\/zim-llc.com\\\/wp-content\\\/uploads\\\/2020\\\/06\\\/6-23-logo-c.jpg\",\"contentUrl\":\"https:\\\/\\\/zim-llc.com\\\/wp-content\\\/uploads\\\/2020\\\/06\\\/6-23-logo-c.jpg\",\"width\":201,\"height\":90,\"caption\":\"Zigong International Marketing LLC\"},\"image\":{\"@id\":\"http:\\\/\\\/zim-llc.com\\\/ps\\\/#\\\/schema\\\/logo\\\/image\\\/\"}}]}<\/script>\n<!-- \/ Yoast SEO plugin. -->","yoast_head_json":{"title":"Our Credentials - Zigong International Marketing, LLC","description":"ZGCC is a state-ranked high-tech company with a postdoctoral scientific research workstation. Three R & D centers in company.","robots":{"index":"index","follow":"follow","max-snippet":"max-snippet:-1","max-image-preview":"max-image-preview:large","max-video-preview":"max-video-preview:-1"},"canonical":"http:\/\/zim-llc.com\/gl\/about\/credentials\/","og_locale":"gl_ES","og_type":"article","og_title":"Our Credentials - Zigong International Marketing, LLC","og_description":"ZGCC is a state-ranked high-tech company with a postdoctoral scientific research workstation. Three R & D centers in company.","og_url":"http:\/\/zim-llc.com\/gl\/about\/credentials\/","og_site_name":"Zigong International Marketing, LLC","article_modified_time":"2024-04-12T03:39:10+00:00","twitter_card":"summary_large_image","twitter_misc":{"Tempo de lectura":"1 minuto"},"schema":{"@context":"https:\/\/schema.org","@graph":[{"@type":"WebPage","@id":"http:\/\/zim-llc.com\/hi\/about\/credentials\/","url":"http:\/\/zim-llc.com\/hi\/about\/credentials\/","name":"Our Credentials - Zigong International Marketing, LLC","isPartOf":{"@id":"http:\/\/zim-llc.com\/ps\/#website"},"datePublished":"2017-06-27T15:34:17+00:00","dateModified":"2024-04-12T03:39:10+00:00","description":"ZGCC is a state-ranked high-tech company with a postdoctoral scientific research workstation. Three R & D centers in company.","breadcrumb":{"@id":"http:\/\/zim-llc.com\/hi\/about\/credentials\/#breadcrumb"},"inLanguage":"gl-ES","potentialAction":[{"@type":"ReadAction","target":["http:\/\/zim-llc.com\/hi\/about\/credentials\/"]}]},{"@type":"BreadcrumbList","@id":"http:\/\/zim-llc.com\/hi\/about\/credentials\/#breadcrumb","itemListElement":[{"@type":"ListItem","position":1,"name":"Home","item":"http:\/\/zim-llc.com\/ps\/"},{"@type":"ListItem","position":2,"name":"About","item":"https:\/\/zim-llc.com\/oc\/about\/"},{"@type":"ListItem","position":3,"name":"Our Credentials"}]},{"@type":"WebSite","@id":"http:\/\/zim-llc.com\/ps\/#website","url":"http:\/\/zim-llc.com\/ps\/","name":"Zigong International Marketing, LLC","description":"","publisher":{"@id":"http:\/\/zim-llc.com\/ps\/#organization"},"potentialAction":[{"@type":"SearchAction","target":{"@type":"EntryPoint","urlTemplate":"http:\/\/zim-llc.com\/ps\/?s={search_term_string}"},"query-input":{"@type":"PropertyValueSpecification","valueRequired":true,"valueName":"search_term_string"}}],"inLanguage":"gl-ES"},{"@type":"Organization","@id":"http:\/\/zim-llc.com\/ps\/#organization","name":"Zigong International Marketing LLC","url":"http:\/\/zim-llc.com\/ps\/","logo":{"@type":"ImageObject","inLanguage":"gl-ES","@id":"http:\/\/zim-llc.com\/ps\/#\/schema\/logo\/image\/","url":"https:\/\/zim-llc.com\/wp-content\/uploads\/2020\/06\/6-23-logo-c.jpg","contentUrl":"https:\/\/zim-llc.com\/wp-content\/uploads\/2020\/06\/6-23-logo-c.jpg","width":201,"height":90,"caption":"Zigong International Marketing LLC"},"image":{"@id":"http:\/\/zim-llc.com\/ps\/#\/schema\/logo\/image\/"}}]}},"_links":{"self":[{"href":"https:\/\/zim-llc.com\/gl\/wp-json\/wp\/v2\/pages\/1162","targetHints":{"allow":["GET"]}}],"collection":[{"href":"https:\/\/zim-llc.com\/gl\/wp-json\/wp\/v2\/pages"}],"about":[{"href":"https:\/\/zim-llc.com\/gl\/wp-json\/wp\/v2\/types\/page"}],"author":[{"embeddable":true,"href":"https:\/\/zim-llc.com\/gl\/wp-json\/wp\/v2\/users\/4"}],"replies":[{"embeddable":true,"href":"https:\/\/zim-llc.com\/gl\/wp-json\/wp\/v2\/comments?post=1162"}],"version-history":[{"count":0,"href":"https:\/\/zim-llc.com\/gl\/wp-json\/wp\/v2\/pages\/1162\/revisions"}],"up":[{"embeddable":true,"href":"https:\/\/zim-llc.com\/gl\/wp-json\/wp\/v2\/pages\/815"}],"wp:attachment":[{"href":"https:\/\/zim-llc.com\/gl\/wp-json\/wp\/v2\/media?parent=1162"}],"curies":[{"name":"wp","href":"https:\/\/api.w.org\/{rel}","templated":true}]}}