{"id":2756,"date":"2020-07-13T23:02:16","date_gmt":"2020-07-13T23:02:16","guid":{"rendered":"https:\/\/zimllc.wpengine.com\/?page_id=2756"},"modified":"2024-08-27T19:01:08","modified_gmt":"2024-08-27T19:01:08","slug":"molybdenum-bar-rod-plate","status":"publish","type":"page","link":"https:\/\/zim-llc.com\/fy\/w-mo-products\/molybdenum-bar-rod-plate\/","title":{"rendered":"Molybdenum Bar, Rod &amp; Plate"},"content":{"rendered":"<div class=\"fusion-fullwidth fullwidth-box fusion-builder-row-1 fusion-flex-container has-pattern-background has-mask-background nonhundred-percent-fullwidth non-hundred-percent-height-scrolling\" style=\"--awb-border-radius-top-left:0px;--awb-border-radius-top-right:0px;--awb-border-radius-bottom-right:0px;--awb-border-radius-bottom-left:0px;--awb-padding-left:60px;--awb-background-image:linear-gradient(180deg, #0000 0%,#0000 100%);--awb-flex-wrap:wrap;\" ><div class=\"fusion-builder-row fusion-row fusion-flex-align-items-flex-start fusion-flex-content-wrap\" style=\"max-width:1248px;margin-left: calc(-4% \/ 2 );margin-right: calc(-4% \/ 2 );\"><div class=\"fusion-layout-column fusion_builder_column fusion-builder-column-0 fusion_builder_column_2_3 2_3 fusion-flex-column\" style=\"--awb-bg-size:cover;--awb-width-large:66.6666666667%;--awb-margin-top-large:0px;--awb-spacing-right-large:2.88%;--awb-margin-bottom-large:0px;--awb-spacing-left-large:2.88%;--awb-width-medium:66.6666666667%;--awb-order-medium:0;--awb-spacing-right-medium:2.88%;--awb-spacing-left-medium:2.88%;--awb-width-small:100%;--awb-order-small:0;--awb-spacing-right-small:1.92%;--awb-spacing-left-small:1.92%;\" data-scroll-devices=\"small-visibility,medium-visibility,large-visibility\"><div class=\"fusion-column-wrapper fusion-column-has-shadow fusion-flex-justify-content-flex-start fusion-content-layout-column\"><div class=\"fusion-text fusion-text-1\"><h1>Molybdenum Bar, Rod &amp; Plate<\/h1>\n<p><strong>Molybdenum Bar<\/strong><br \/>\nMolybdenum bar wurdt br\u00fbkt as gr\u00fbnstof foar rolling, swaging, en tekenjen tried.<\/p>\n<p><strong>Grutte:<\/strong>\u00a0\u03a6(15.0~26) \u00d7 (350~900)mm<\/p>\n<p><strong>Molybdenum Rod<\/strong><br \/>\nUs hege kwaliteit Molybdenum stang is geskikt foar ferskate soarten kontakt, lead rod, elektrodes, en ferwaarming komponinten.<\/p>\n<p><strong>Grutte:<\/strong>\u00a0\u03a6(1.0~15)mm<br \/>\n3.4.8 Oare wolfraam en molybdeen produkten<\/p>\n<p><strong>Molybdenum plaat<\/strong><br \/>\nMolybdenum Plaat foar sheeting rolling<br \/>\nMolybdenum plaat blank wurdt br\u00fbkt as gr\u00fbnstof te produsearjen de Molybdenum bl\u00ead troch rolling.<\/p>\n<p><strong>Dikte:<\/strong>\u00a020-50 mm<\/p>\n<p><strong>Molybdenum Penetrator<\/strong><br \/>\nMolybdenum Penetrator wurdt br\u00fbkt foar it produsearjen fan naadleaze stielen buizen, lykas RVS, lagers, en hege temperatuer alloy stiel.<\/p>\n<p><strong>Grutte:<\/strong>\u00a0\u03a6(20.0~200) mm \u00d7 \u03a6(60.0~350) mm<\/p>\n<p><strong>Wolfram en Molybdenum Additieven<\/strong><br \/>\nWolfram wurdt br\u00fbkt as tafoeging foar it meitsjen fan spesjale stiel. Dizze omfetsje benammen hege snelheidstaal foar it meitsjen fan draaiende ynserts mei hegere hurdens en poerb\u00easte slijtbestriding by hege temperatueren. De legere arkstiel wurdt br\u00fbkt foar it meitsjen fan alle soarten ark, lykas drill bits, milling cutters, dies en pneumatyske stipe ark, en hurde magnetyske materialen mei in eigenskip fan hege s\u00eading magnetisaasje en twangkr\u00eaft.<\/p>\n<p>Molybdenum wurdt in protte br\u00fbkt as additief foar it meitsjen fan ferskate soarten alloy stielen. Dizze omfetsje roestfrij stiel, waarmtebestindich stiel, arkstiel, getten izer, rollers, superlegeringen en spesjaal stiel. It ferbetteret de hege temperatuersterkte, hurdens, slijtresistinsje, waarmtebestriding en korrosjebestriding dramatysk.<\/p>\n<\/div><\/div><\/div><div class=\"fusion-layout-column fusion_builder_column fusion-builder-column-1 fusion_builder_column_1_3 1_3 fusion-flex-column\" style=\"--awb-bg-size:cover;--awb-width-large:33.3333333333%;--awb-margin-top-large:0px;--awb-spacing-right-large:5.76%;--awb-margin-bottom-large:0px;--awb-spacing-left-large:5.76%;--awb-width-medium:33.3333333333%;--awb-order-medium:0;--awb-spacing-right-medium:5.76%;--awb-spacing-left-medium:5.76%;--awb-width-small:100%;--awb-order-small:0;--awb-spacing-right-small:1.92%;--awb-spacing-left-small:1.92%;\" data-scroll-devices=\"small-visibility,medium-visibility,large-visibility\"><div class=\"fusion-column-wrapper fusion-column-has-shadow fusion-flex-justify-content-flex-start fusion-content-layout-column\"><div class=\"fusion-separator fusion-full-width-sep\" style=\"align-self: center;margin-left: auto;margin-right: auto;margin-bottom:20px;width:100%;\"><\/div><div class=\"fusion-text fusion-text-2\">\n\t\t<div id=\"wppdfemb-frame-container-0\" style=\"-webkit-overflow-scrolling:auto;\">\n\t\t\t<iframe src=\"https:\/\/zim-llc.com\/fy\/?url=https:\/\/zim-llc.com\/wp-content\/uploads\/2024\/04\/Molybdenum-Bar-Rod-and-Plate.pdf&#038;toolbarfixed=on&#038;index=1&#038;pdfID=0\"\n\t\t\t\tid=\"wppdf-emb-iframe-0\"\n\t\t\t\tdata-pdf-index=\"1\"\n\t\t\t\tclass=\"pdfembed-iframe nonfullscreen\"\n\t\t\t\tstyle=\"border:none;width:100%;max-width:250px;min-height:350px\"\n\t\t\t\tscrolling=\"yes\">\n\t\t\t<\/iframe>\n\t\t<\/div>\n\n\t\t\n<\/div><\/div><\/div><\/div><\/div>","protected":false},"excerpt":{"rendered":"","protected":false},"author":4,"featured_media":0,"parent":875,"menu_order":6,"comment_status":"closed","ping_status":"closed","template":"","meta":{"footnotes":""},"class_list":["post-2756","page","type-page","status-publish","hentry"],"yoast_head":"<!-- This site is optimized with the Yoast SEO plugin v27.3 - https:\/\/yoast.com\/product\/yoast-seo-wordpress\/ -->\n<title>Molybdenum Bar, Rod &amp; Plate - Zigong International Marketing, LLC<\/title>\n<meta name=\"description\" content=\"Molybdenum Bar, Road &amp; Plate manufacturing\" \/>\n<meta name=\"robots\" content=\"index, follow, max-snippet:-1, max-image-preview:large, max-video-preview:-1\" \/>\n<link rel=\"canonical\" href=\"https:\/\/zim-llc.com\/fy\/w-mo-products\/molybdenum-bar-rod-plate\/\" \/>\n<meta property=\"og:locale\" content=\"en_US\" \/>\n<meta property=\"og:type\" content=\"article\" \/>\n<meta property=\"og:title\" content=\"Molybdenum Bar, Rod &amp; Plate - Zigong International Marketing, LLC\" \/>\n<meta property=\"og:description\" content=\"Molybdenum Bar, Road &amp; Plate manufacturing\" \/>\n<meta property=\"og:url\" content=\"https:\/\/zim-llc.com\/fy\/w-mo-products\/molybdenum-bar-rod-plate\/\" \/>\n<meta property=\"og:site_name\" content=\"Zigong International Marketing, LLC\" \/>\n<meta property=\"article:modified_time\" content=\"2024-08-27T19:01:08+00:00\" \/>\n<meta name=\"twitter:card\" content=\"summary_large_image\" \/>\n<meta name=\"twitter:label1\" content=\"Est. l\u00eastiid\" \/>\n\t<meta name=\"twitter:data1\" content=\"1 min\u00fat\" \/>\n<script type=\"application\/ld+json\" class=\"yoast-schema-graph\">{\"@context\":\"https:\\\/\\\/schema.org\",\"@graph\":[{\"@type\":\"WebPage\",\"@id\":\"https:\\\/\\\/zim-llc.com\\\/sd\\\/w-mo-products\\\/molybdenum-bar-rod-plate\\\/\",\"url\":\"https:\\\/\\\/zim-llc.com\\\/sd\\\/w-mo-products\\\/molybdenum-bar-rod-plate\\\/\",\"name\":\"Molybdenum Bar, Rod & Plate - Zigong International Marketing, LLC\",\"isPartOf\":{\"@id\":\"http:\\\/\\\/zim-llc.com\\\/id\\\/#website\"},\"datePublished\":\"2020-07-13T23:02:16+00:00\",\"dateModified\":\"2024-08-27T19:01:08+00:00\",\"description\":\"Molybdenum Bar, Road & Plate manufacturing\",\"breadcrumb\":{\"@id\":\"https:\\\/\\\/zim-llc.com\\\/sd\\\/w-mo-products\\\/molybdenum-bar-rod-plate\\\/#breadcrumb\"},\"inLanguage\":\"fy\",\"potentialAction\":[{\"@type\":\"ReadAction\",\"target\":[\"https:\\\/\\\/zim-llc.com\\\/sd\\\/w-mo-products\\\/molybdenum-bar-rod-plate\\\/\"]}]},{\"@type\":\"BreadcrumbList\",\"@id\":\"https:\\\/\\\/zim-llc.com\\\/sd\\\/w-mo-products\\\/molybdenum-bar-rod-plate\\\/#breadcrumb\",\"itemListElement\":[{\"@type\":\"ListItem\",\"position\":1,\"name\":\"Home\",\"item\":\"http:\\\/\\\/zim-llc.com\\\/id\\\/\"},{\"@type\":\"ListItem\",\"position\":2,\"name\":\"W &#038; Mo Products\",\"item\":\"http:\\\/\\\/zim-llc.com\\\/sk\\\/w-mo-products\\\/\"},{\"@type\":\"ListItem\",\"position\":3,\"name\":\"Molybdenum Bar, Rod &#038; Plate\"}]},{\"@type\":\"WebSite\",\"@id\":\"http:\\\/\\\/zim-llc.com\\\/id\\\/#website\",\"url\":\"http:\\\/\\\/zim-llc.com\\\/id\\\/\",\"name\":\"Zigong International Marketing, LLC\",\"description\":\"\",\"publisher\":{\"@id\":\"http:\\\/\\\/zim-llc.com\\\/id\\\/#organization\"},\"potentialAction\":[{\"@type\":\"SearchAction\",\"target\":{\"@type\":\"EntryPoint\",\"urlTemplate\":\"http:\\\/\\\/zim-llc.com\\\/id\\\/?s={search_term_string}\"},\"query-input\":{\"@type\":\"PropertyValueSpecification\",\"valueRequired\":true,\"valueName\":\"search_term_string\"}}],\"inLanguage\":\"fy\"},{\"@type\":\"Organization\",\"@id\":\"http:\\\/\\\/zim-llc.com\\\/id\\\/#organization\",\"name\":\"Zigong International Marketing LLC\",\"url\":\"http:\\\/\\\/zim-llc.com\\\/id\\\/\",\"logo\":{\"@type\":\"ImageObject\",\"inLanguage\":\"fy\",\"@id\":\"http:\\\/\\\/zim-llc.com\\\/id\\\/#\\\/schema\\\/logo\\\/image\\\/\",\"url\":\"https:\\\/\\\/zim-llc.com\\\/wp-content\\\/uploads\\\/2020\\\/06\\\/6-23-logo-c.jpg\",\"contentUrl\":\"https:\\\/\\\/zim-llc.com\\\/wp-content\\\/uploads\\\/2020\\\/06\\\/6-23-logo-c.jpg\",\"width\":201,\"height\":90,\"caption\":\"Zigong International Marketing LLC\"},\"image\":{\"@id\":\"http:\\\/\\\/zim-llc.com\\\/id\\\/#\\\/schema\\\/logo\\\/image\\\/\"}}]}<\/script>\n<!-- \/ Yoast SEO plugin. -->","yoast_head_json":{"title":"Molybdenum Bar, Rod & Plate - Zigong International Marketing, LLC","description":"Molybdenum Bar, Road & Plate manufacturing","robots":{"index":"index","follow":"follow","max-snippet":"max-snippet:-1","max-image-preview":"max-image-preview:large","max-video-preview":"max-video-preview:-1"},"canonical":"https:\/\/zim-llc.com\/fy\/w-mo-products\/molybdenum-bar-rod-plate\/","og_locale":"en_US","og_type":"article","og_title":"Molybdenum Bar, Rod & Plate - Zigong International Marketing, LLC","og_description":"Molybdenum Bar, Road & Plate manufacturing","og_url":"https:\/\/zim-llc.com\/fy\/w-mo-products\/molybdenum-bar-rod-plate\/","og_site_name":"Zigong International Marketing, LLC","article_modified_time":"2024-08-27T19:01:08+00:00","twitter_card":"summary_large_image","twitter_misc":{"Est. l\u00eastiid":"1 min\u00fat"},"schema":{"@context":"https:\/\/schema.org","@graph":[{"@type":"WebPage","@id":"https:\/\/zim-llc.com\/sd\/w-mo-products\/molybdenum-bar-rod-plate\/","url":"https:\/\/zim-llc.com\/sd\/w-mo-products\/molybdenum-bar-rod-plate\/","name":"Molybdenum Bar, Rod & Plate - Zigong International Marketing, LLC","isPartOf":{"@id":"http:\/\/zim-llc.com\/id\/#website"},"datePublished":"2020-07-13T23:02:16+00:00","dateModified":"2024-08-27T19:01:08+00:00","description":"Molybdenum Bar, Road & Plate manufacturing","breadcrumb":{"@id":"https:\/\/zim-llc.com\/sd\/w-mo-products\/molybdenum-bar-rod-plate\/#breadcrumb"},"inLanguage":"fy","potentialAction":[{"@type":"ReadAction","target":["https:\/\/zim-llc.com\/sd\/w-mo-products\/molybdenum-bar-rod-plate\/"]}]},{"@type":"BreadcrumbList","@id":"https:\/\/zim-llc.com\/sd\/w-mo-products\/molybdenum-bar-rod-plate\/#breadcrumb","itemListElement":[{"@type":"ListItem","position":1,"name":"Home","item":"http:\/\/zim-llc.com\/id\/"},{"@type":"ListItem","position":2,"name":"W &#038; Mo Products","item":"http:\/\/zim-llc.com\/sk\/w-mo-products\/"},{"@type":"ListItem","position":3,"name":"Molybdenum Bar, Rod &#038; Plate"}]},{"@type":"WebSite","@id":"http:\/\/zim-llc.com\/id\/#website","url":"http:\/\/zim-llc.com\/id\/","name":"Zigong International Marketing, LLC","description":"","publisher":{"@id":"http:\/\/zim-llc.com\/id\/#organization"},"potentialAction":[{"@type":"SearchAction","target":{"@type":"EntryPoint","urlTemplate":"http:\/\/zim-llc.com\/id\/?s={search_term_string}"},"query-input":{"@type":"PropertyValueSpecification","valueRequired":true,"valueName":"search_term_string"}}],"inLanguage":"fy"},{"@type":"Organization","@id":"http:\/\/zim-llc.com\/id\/#organization","name":"Zigong International Marketing LLC","url":"http:\/\/zim-llc.com\/id\/","logo":{"@type":"ImageObject","inLanguage":"fy","@id":"http:\/\/zim-llc.com\/id\/#\/schema\/logo\/image\/","url":"https:\/\/zim-llc.com\/wp-content\/uploads\/2020\/06\/6-23-logo-c.jpg","contentUrl":"https:\/\/zim-llc.com\/wp-content\/uploads\/2020\/06\/6-23-logo-c.jpg","width":201,"height":90,"caption":"Zigong International Marketing LLC"},"image":{"@id":"http:\/\/zim-llc.com\/id\/#\/schema\/logo\/image\/"}}]}},"_links":{"self":[{"href":"https:\/\/zim-llc.com\/fy\/wp-json\/wp\/v2\/pages\/2756","targetHints":{"allow":["GET"]}}],"collection":[{"href":"https:\/\/zim-llc.com\/fy\/wp-json\/wp\/v2\/pages"}],"about":[{"href":"https:\/\/zim-llc.com\/fy\/wp-json\/wp\/v2\/types\/page"}],"author":[{"embeddable":true,"href":"https:\/\/zim-llc.com\/fy\/wp-json\/wp\/v2\/users\/4"}],"replies":[{"embeddable":true,"href":"https:\/\/zim-llc.com\/fy\/wp-json\/wp\/v2\/comments?post=2756"}],"version-history":[{"count":0,"href":"https:\/\/zim-llc.com\/fy\/wp-json\/wp\/v2\/pages\/2756\/revisions"}],"up":[{"embeddable":true,"href":"https:\/\/zim-llc.com\/fy\/wp-json\/wp\/v2\/pages\/875"}],"wp:attachment":[{"href":"https:\/\/zim-llc.com\/fy\/wp-json\/wp\/v2\/media?parent=2756"}],"curies":[{"name":"wp","href":"https:\/\/api.w.org\/{rel}","templated":true}]}}