{"id":2760,"date":"2020-07-13T23:03:28","date_gmt":"2020-07-13T23:03:28","guid":{"rendered":"https:\/\/zimllc.wpengine.com\/?page_id=2760"},"modified":"2024-08-27T19:01:12","modified_gmt":"2024-08-27T19:01:12","slug":"other-tungsten-molybdenum-products","status":"publish","type":"page","link":"https:\/\/zim-llc.com\/fi\/w-mo-products\/other-tungsten-molybdenum-products\/","title":{"rendered":"Muut volframi- ja molybdeenituotteet"},"content":{"rendered":"<div class=\"fusion-fullwidth fullwidth-box fusion-builder-row-1 fusion-flex-container has-pattern-background has-mask-background nonhundred-percent-fullwidth non-hundred-percent-height-scrolling\" style=\"--awb-border-radius-top-left:0px;--awb-border-radius-top-right:0px;--awb-border-radius-bottom-right:0px;--awb-border-radius-bottom-left:0px;--awb-padding-left:60px;--awb-background-image:linear-gradient(180deg, #0000 0%,#0000 100%);--awb-flex-wrap:wrap;\" ><div class=\"fusion-builder-row fusion-row fusion-flex-align-items-flex-start fusion-flex-content-wrap\" style=\"max-width:1248px;margin-left: calc(-4% \/ 2 );margin-right: calc(-4% \/ 2 );\"><div class=\"fusion-layout-column fusion_builder_column fusion-builder-column-0 fusion_builder_column_2_3 2_3 fusion-flex-column\" style=\"--awb-bg-size:cover;--awb-width-large:66.6666666667%;--awb-margin-top-large:0px;--awb-spacing-right-large:2.88%;--awb-margin-bottom-large:0px;--awb-spacing-left-large:2.88%;--awb-width-medium:66.6666666667%;--awb-order-medium:0;--awb-spacing-right-medium:2.88%;--awb-spacing-left-medium:2.88%;--awb-width-small:100%;--awb-order-small:0;--awb-spacing-right-small:1.92%;--awb-spacing-left-small:1.92%;\" data-scroll-devices=\"small-visibility,medium-visibility,large-visibility\"><div class=\"fusion-column-wrapper fusion-column-has-shadow fusion-flex-justify-content-flex-start fusion-content-layout-column\"><div class=\"fusion-text fusion-text-1\"><h1>Muut volframi- ja molybdeenituotteet<\/h1>\n<p><b>Molybdeenil\u00e4p\u00e4isyaine<\/b><\/p>\n<p>Molybdenum Penetratoria k\u00e4ytet\u00e4\u00e4n saumattomien ter\u00e4sputkien, kuten ruostumattoman ter\u00e4ksen, laakerien ja korkean l\u00e4mp\u00f6tilan seoster\u00e4ksen valmistukseen.<\/p>\n<p><strong>Koko:<\/strong>\u00a0\u03a6(20,0-200) mm \u00d7 \u03a6(60,0-350) mm<\/p>\n<p><b>Volframi- ja molybdeenilis\u00e4aineet<\/b><\/p>\n<p>Volframia k\u00e4ytet\u00e4\u00e4n lis\u00e4aineena erikoister\u00e4ksen valmistuksessa. N\u00e4it\u00e4 ovat p\u00e4\u00e4asiassa pikater\u00e4s, jolla voidaan valmistaa sorvausteri\u00e4, joilla on korkeampi kovuus ja erinomainen kulutuskest\u00e4vyys korkeissa l\u00e4mp\u00f6tiloissa.<\/p>\n<p>Molybdeenia k\u00e4ytet\u00e4\u00e4n laajalti lis\u00e4aineena erityyppisten seoster\u00e4sten valmistuksessa. N\u00e4it\u00e4 ovat ruostumaton ter\u00e4s, l\u00e4mm\u00f6nkest\u00e4v\u00e4 ter\u00e4s, ty\u00f6kaluter\u00e4s, valurauta, telat, superseokset ja erikoister\u00e4s. Se parantaa dramaattisesti seoster\u00e4ksen lujuutta korkeissa l\u00e4mp\u00f6tiloissa, kovuutta, kulutuskest\u00e4vyytt\u00e4, l\u00e4mm\u00f6nkest\u00e4vyytt\u00e4 ja korroosionkest\u00e4vyytt\u00e4.<\/p>\n<\/div><\/div><\/div><div class=\"fusion-layout-column fusion_builder_column fusion-builder-column-1 fusion_builder_column_1_3 1_3 fusion-flex-column\" style=\"--awb-bg-size:cover;--awb-width-large:33.3333333333%;--awb-margin-top-large:0px;--awb-spacing-right-large:5.76%;--awb-margin-bottom-large:0px;--awb-spacing-left-large:5.76%;--awb-width-medium:33.3333333333%;--awb-order-medium:0;--awb-spacing-right-medium:5.76%;--awb-spacing-left-medium:5.76%;--awb-width-small:100%;--awb-order-small:0;--awb-spacing-right-small:1.92%;--awb-spacing-left-small:1.92%;\" data-scroll-devices=\"small-visibility,medium-visibility,large-visibility\"><div class=\"fusion-column-wrapper fusion-column-has-shadow fusion-flex-justify-content-flex-start fusion-content-layout-column\"><div class=\"fusion-separator fusion-full-width-sep\" style=\"align-self: center;margin-left: auto;margin-right: auto;margin-bottom:20px;width:100%;\"><\/div><div class=\"fusion-text fusion-text-2\">\n\t\t<div id=\"wppdfemb-frame-container-0\" style=\"-webkit-overflow-scrolling:auto;\">\n\t\t\t<iframe src=\"https:\/\/zim-llc.com\/fi\/?url=https:\/\/zim-llc.com\/wp-content\/uploads\/2024\/04\/Other-Tungsten-and-Molybdenum-products.pdf&#038;toolbarfixed=on&#038;index=1&#038;pdfID=0\"\n\t\t\t\tid=\"wppdf-emb-iframe-0\"\n\t\t\t\tdata-pdf-index=\"1\"\n\t\t\t\tclass=\"pdfembed-iframe nonfullscreen\"\n\t\t\t\tstyle=\"border:none;width:100%;max-width:250px;min-height:350px\"\n\t\t\t\tscrolling=\"yes\">\n\t\t\t<\/iframe>\n\t\t<\/div>\n\n\t\t\n<\/div><\/div><\/div><\/div><\/div>","protected":false},"excerpt":{"rendered":"","protected":false},"author":4,"featured_media":0,"parent":875,"menu_order":8,"comment_status":"closed","ping_status":"closed","template":"","meta":{"footnotes":""},"class_list":["post-2760","page","type-page","status-publish","hentry"],"yoast_head":"<!-- This site is optimized with the Yoast SEO plugin v27.5 - https:\/\/yoast.com\/product\/yoast-seo-wordpress\/ -->\n<title>Other Tungsten &amp; Molybdenum Products - Zigong International Marketing, LLC<\/title>\n<meta name=\"description\" content=\"We offer other Tungsten &amp; Molybdenum Products.\" \/>\n<meta name=\"robots\" content=\"index, follow, max-snippet:-1, max-image-preview:large, max-video-preview:-1\" \/>\n<link rel=\"canonical\" href=\"https:\/\/zim-llc.com\/fi\/w-mo-products\/other-tungsten-molybdenum-products\/\" \/>\n<meta property=\"og:locale\" content=\"fi_FI\" \/>\n<meta property=\"og:type\" content=\"article\" \/>\n<meta property=\"og:title\" content=\"Other Tungsten &amp; Molybdenum Products - Zigong International Marketing, LLC\" \/>\n<meta property=\"og:description\" content=\"We offer other Tungsten &amp; Molybdenum Products.\" \/>\n<meta property=\"og:url\" content=\"https:\/\/zim-llc.com\/fi\/w-mo-products\/other-tungsten-molybdenum-products\/\" \/>\n<meta property=\"og:site_name\" content=\"Zigong International Marketing, LLC\" \/>\n<meta property=\"article:modified_time\" content=\"2024-08-27T19:01:12+00:00\" \/>\n<meta name=\"twitter:card\" content=\"summary_large_image\" \/>\n<meta name=\"twitter:label1\" content=\"Arvioitu lukuaika\" \/>\n\t<meta name=\"twitter:data1\" content=\"1 minuutti\" \/>\n<script type=\"application\/ld+json\" class=\"yoast-schema-graph\">{\"@context\":\"https:\\\/\\\/schema.org\",\"@graph\":[{\"@type\":\"WebPage\",\"@id\":\"https:\\\/\\\/zim-llc.com\\\/vi\\\/w-mo-products\\\/other-tungsten-molybdenum-products\\\/\",\"url\":\"https:\\\/\\\/zim-llc.com\\\/vi\\\/w-mo-products\\\/other-tungsten-molybdenum-products\\\/\",\"name\":\"Other Tungsten & Molybdenum Products - Zigong International Marketing, LLC\",\"isPartOf\":{\"@id\":\"https:\\\/\\\/zim-llc.com\\\/fr\\\/#website\"},\"datePublished\":\"2020-07-13T23:03:28+00:00\",\"dateModified\":\"2024-08-27T19:01:12+00:00\",\"description\":\"We offer other Tungsten & Molybdenum Products.\",\"breadcrumb\":{\"@id\":\"https:\\\/\\\/zim-llc.com\\\/vi\\\/w-mo-products\\\/other-tungsten-molybdenum-products\\\/#breadcrumb\"},\"inLanguage\":\"fi\",\"potentialAction\":[{\"@type\":\"ReadAction\",\"target\":[\"https:\\\/\\\/zim-llc.com\\\/vi\\\/w-mo-products\\\/other-tungsten-molybdenum-products\\\/\"]}]},{\"@type\":\"BreadcrumbList\",\"@id\":\"https:\\\/\\\/zim-llc.com\\\/vi\\\/w-mo-products\\\/other-tungsten-molybdenum-products\\\/#breadcrumb\",\"itemListElement\":[{\"@type\":\"ListItem\",\"position\":1,\"name\":\"Home\",\"item\":\"https:\\\/\\\/zim-llc.com\\\/ps\\\/\"},{\"@type\":\"ListItem\",\"position\":2,\"name\":\"W &#038; Mo Products\",\"item\":\"https:\\\/\\\/zim-llc.com\\\/it\\\/w-mo-products\\\/\"},{\"@type\":\"ListItem\",\"position\":3,\"name\":\"Other Tungsten &#038; Molybdenum Products\"}]},{\"@type\":\"WebSite\",\"@id\":\"https:\\\/\\\/zim-llc.com\\\/fr\\\/#website\",\"url\":\"https:\\\/\\\/zim-llc.com\\\/fr\\\/\",\"name\":\"Zigong International Marketing, LLC\",\"description\":\"\",\"publisher\":{\"@id\":\"https:\\\/\\\/zim-llc.com\\\/fr\\\/#organization\"},\"potentialAction\":[{\"@type\":\"SearchAction\",\"target\":{\"@type\":\"EntryPoint\",\"urlTemplate\":\"https:\\\/\\\/zim-llc.com\\\/fr\\\/?s={search_term_string}\"},\"query-input\":{\"@type\":\"PropertyValueSpecification\",\"valueRequired\":true,\"valueName\":\"search_term_string\"}}],\"inLanguage\":\"fi\"},{\"@type\":\"Organization\",\"@id\":\"https:\\\/\\\/zim-llc.com\\\/fr\\\/#organization\",\"name\":\"Zigong International Marketing LLC\",\"url\":\"https:\\\/\\\/zim-llc.com\\\/fr\\\/\",\"logo\":{\"@type\":\"ImageObject\",\"inLanguage\":\"fi\",\"@id\":\"https:\\\/\\\/zim-llc.com\\\/fr\\\/#\\\/schema\\\/logo\\\/image\\\/\",\"url\":\"https:\\\/\\\/zim-llc.com\\\/wp-content\\\/uploads\\\/2020\\\/06\\\/6-23-logo-c.jpg\",\"contentUrl\":\"https:\\\/\\\/zim-llc.com\\\/wp-content\\\/uploads\\\/2020\\\/06\\\/6-23-logo-c.jpg\",\"width\":201,\"height\":90,\"caption\":\"Zigong International Marketing LLC\"},\"image\":{\"@id\":\"https:\\\/\\\/zim-llc.com\\\/fr\\\/#\\\/schema\\\/logo\\\/image\\\/\"}}]}<\/script>\n<!-- \/ Yoast SEO plugin. -->","yoast_head_json":{"title":"Other Tungsten & Molybdenum Products - Zigong International Marketing, LLC","description":"We offer other Tungsten & Molybdenum Products.","robots":{"index":"index","follow":"follow","max-snippet":"max-snippet:-1","max-image-preview":"max-image-preview:large","max-video-preview":"max-video-preview:-1"},"canonical":"https:\/\/zim-llc.com\/fi\/w-mo-products\/other-tungsten-molybdenum-products\/","og_locale":"fi_FI","og_type":"article","og_title":"Other Tungsten & Molybdenum Products - Zigong International Marketing, LLC","og_description":"We offer other Tungsten & Molybdenum Products.","og_url":"https:\/\/zim-llc.com\/fi\/w-mo-products\/other-tungsten-molybdenum-products\/","og_site_name":"Zigong International Marketing, LLC","article_modified_time":"2024-08-27T19:01:12+00:00","twitter_card":"summary_large_image","twitter_misc":{"Arvioitu lukuaika":"1 minuutti"},"schema":{"@context":"https:\/\/schema.org","@graph":[{"@type":"WebPage","@id":"https:\/\/zim-llc.com\/vi\/w-mo-products\/other-tungsten-molybdenum-products\/","url":"https:\/\/zim-llc.com\/vi\/w-mo-products\/other-tungsten-molybdenum-products\/","name":"Other Tungsten & Molybdenum Products - Zigong International Marketing, LLC","isPartOf":{"@id":"https:\/\/zim-llc.com\/fr\/#website"},"datePublished":"2020-07-13T23:03:28+00:00","dateModified":"2024-08-27T19:01:12+00:00","description":"We offer other Tungsten & Molybdenum Products.","breadcrumb":{"@id":"https:\/\/zim-llc.com\/vi\/w-mo-products\/other-tungsten-molybdenum-products\/#breadcrumb"},"inLanguage":"fi","potentialAction":[{"@type":"ReadAction","target":["https:\/\/zim-llc.com\/vi\/w-mo-products\/other-tungsten-molybdenum-products\/"]}]},{"@type":"BreadcrumbList","@id":"https:\/\/zim-llc.com\/vi\/w-mo-products\/other-tungsten-molybdenum-products\/#breadcrumb","itemListElement":[{"@type":"ListItem","position":1,"name":"Home","item":"https:\/\/zim-llc.com\/ps\/"},{"@type":"ListItem","position":2,"name":"W &#038; Mo Products","item":"https:\/\/zim-llc.com\/it\/w-mo-products\/"},{"@type":"ListItem","position":3,"name":"Other Tungsten &#038; Molybdenum Products"}]},{"@type":"WebSite","@id":"https:\/\/zim-llc.com\/fr\/#website","url":"https:\/\/zim-llc.com\/fr\/","name":"Zigong International Marketing, LLC","description":"","publisher":{"@id":"https:\/\/zim-llc.com\/fr\/#organization"},"potentialAction":[{"@type":"SearchAction","target":{"@type":"EntryPoint","urlTemplate":"https:\/\/zim-llc.com\/fr\/?s={search_term_string}"},"query-input":{"@type":"PropertyValueSpecification","valueRequired":true,"valueName":"search_term_string"}}],"inLanguage":"fi"},{"@type":"Organization","@id":"https:\/\/zim-llc.com\/fr\/#organization","name":"Zigong International Marketing LLC","url":"https:\/\/zim-llc.com\/fr\/","logo":{"@type":"ImageObject","inLanguage":"fi","@id":"https:\/\/zim-llc.com\/fr\/#\/schema\/logo\/image\/","url":"https:\/\/zim-llc.com\/wp-content\/uploads\/2020\/06\/6-23-logo-c.jpg","contentUrl":"https:\/\/zim-llc.com\/wp-content\/uploads\/2020\/06\/6-23-logo-c.jpg","width":201,"height":90,"caption":"Zigong International Marketing LLC"},"image":{"@id":"https:\/\/zim-llc.com\/fr\/#\/schema\/logo\/image\/"}}]}},"_links":{"self":[{"href":"https:\/\/zim-llc.com\/fi\/wp-json\/wp\/v2\/pages\/2760","targetHints":{"allow":["GET"]}}],"collection":[{"href":"https:\/\/zim-llc.com\/fi\/wp-json\/wp\/v2\/pages"}],"about":[{"href":"https:\/\/zim-llc.com\/fi\/wp-json\/wp\/v2\/types\/page"}],"author":[{"embeddable":true,"href":"https:\/\/zim-llc.com\/fi\/wp-json\/wp\/v2\/users\/4"}],"replies":[{"embeddable":true,"href":"https:\/\/zim-llc.com\/fi\/wp-json\/wp\/v2\/comments?post=2760"}],"version-history":[{"count":0,"href":"https:\/\/zim-llc.com\/fi\/wp-json\/wp\/v2\/pages\/2760\/revisions"}],"up":[{"embeddable":true,"href":"https:\/\/zim-llc.com\/fi\/wp-json\/wp\/v2\/pages\/875"}],"wp:attachment":[{"href":"https:\/\/zim-llc.com\/fi\/wp-json\/wp\/v2\/media?parent=2760"}],"curies":[{"name":"wp","href":"https:\/\/api.w.org\/{rel}","templated":true}]}}