{"id":881,"date":"2020-04-17T06:09:38","date_gmt":"2020-04-17T06:09:38","guid":{"rendered":"https:\/\/zimllc.wpengine.com\/?page_id=881"},"modified":"2024-08-15T16:07:46","modified_gmt":"2024-08-15T16:07:46","slug":"ammonium-metatungstate-amt","status":"publish","type":"page","link":"https:\/\/zim-llc.com\/de\/powders\/ammonium-metatungstate-amt\/","title":{"rendered":"Ammonium-Metawolframat (AMT)"},"content":{"rendered":"<div class=\"fusion-fullwidth fullwidth-box fusion-builder-row-1 fusion-flex-container has-pattern-background has-mask-background nonhundred-percent-fullwidth non-hundred-percent-height-scrolling\" style=\"--awb-border-radius-top-left:0px;--awb-border-radius-top-right:0px;--awb-border-radius-bottom-right:0px;--awb-border-radius-bottom-left:0px;--awb-padding-right:0px;--awb-padding-left:0px;--awb-background-image:linear-gradient(180deg, #0000 0%,#0000 100%);--awb-flex-wrap:wrap;\" ><div class=\"fusion-builder-row fusion-row fusion-flex-align-items-flex-start fusion-flex-content-wrap\" style=\"max-width:1248px;margin-left: calc(-4% \/ 2 );margin-right: calc(-4% \/ 2 );\"><div class=\"fusion-layout-column fusion_builder_column fusion-builder-column-0 fusion_builder_column_1_4 1_4 fusion-flex-column\" style=\"--awb-bg-size:cover;--awb-width-large:25%;--awb-margin-top-large:0px;--awb-spacing-right-large:7.68%;--awb-margin-bottom-large:0px;--awb-spacing-left-large:7.68%;--awb-width-medium:25%;--awb-order-medium:0;--awb-spacing-right-medium:7.68%;--awb-spacing-left-medium:7.68%;--awb-width-small:100%;--awb-order-small:0;--awb-spacing-right-small:1.92%;--awb-spacing-left-small:1.92%;\" data-scroll-devices=\"small-visibility,medium-visibility,large-visibility\"><div class=\"fusion-column-wrapper fusion-column-has-shadow fusion-flex-justify-content-flex-start fusion-content-layout-column\"><div class=\"fusion-image-element\" style=\"text-align:center;--awb-margin-bottom:10px;--awb-caption-title-font-family:var(--h2_typography-font-family);--awb-caption-title-font-weight:var(--h2_typography-font-weight);--awb-caption-title-font-style:var(--h2_typography-font-style);--awb-caption-title-size:var(--h2_typography-font-size);--awb-caption-title-transform:var(--h2_typography-text-transform);--awb-caption-title-line-height:var(--h2_typography-line-height);--awb-caption-title-letter-spacing:var(--h2_typography-letter-spacing);\"><span class=\"fusion-imageframe imageframe-none imageframe-1 hover-type-zoomin fusion-animated\" data-animationtype=\"fadeInRight\" data-animationduration=\"0.5\" data-animationdelay=\"0.1\" data-animationoffset=\"top-into-view\"><img decoding=\"async\" width=\"400\" height=\"400\" title=\"Ammonium\" src=\"https:\/\/zim-llc.com\/wp-content\/uploads\/2017\/07\/ammonium.jpg\" alt class=\"img-responsive wp-image-1391\" srcset=\"https:\/\/zim-llc.com\/wp-content\/uploads\/2017\/07\/ammonium-150x150.jpg 150w, https:\/\/zim-llc.com\/wp-content\/uploads\/2017\/07\/ammonium-300x300.jpg 300w, https:\/\/zim-llc.com\/wp-content\/uploads\/2017\/07\/ammonium-350x350.jpg 350w, https:\/\/zim-llc.com\/wp-content\/uploads\/2017\/07\/ammonium.jpg 400w\" sizes=\"(max-width: 400px) 100vw, 400px\" \/><\/span><\/div><div class=\"fusion-image-element\" style=\"text-align:center;--awb-margin-bottom:10px;--awb-caption-title-font-family:var(--h2_typography-font-family);--awb-caption-title-font-weight:var(--h2_typography-font-weight);--awb-caption-title-font-style:var(--h2_typography-font-style);--awb-caption-title-size:var(--h2_typography-font-size);--awb-caption-title-transform:var(--h2_typography-text-transform);--awb-caption-title-line-height:var(--h2_typography-line-height);--awb-caption-title-letter-spacing:var(--h2_typography-letter-spacing);\"><span class=\"fusion-imageframe imageframe-none imageframe-2 hover-type-zoomin fusion-animated\" data-animationtype=\"fadeInRight\" data-animationduration=\"0.5\" data-animationdelay=\"0.1\" data-animationoffset=\"top-into-view\"><img decoding=\"async\" width=\"520\" height=\"265\" title=\"Ammonium-Metawolframat\" src=\"https:\/\/zim-llc.com\/wp-content\/uploads\/2017\/04\/ammonium-metatungstate.jpg\" alt class=\"img-responsive wp-image-1375\" srcset=\"https:\/\/zim-llc.com\/wp-content\/uploads\/2017\/04\/ammonium-metatungstate-300x153.jpg 300w, https:\/\/zim-llc.com\/wp-content\/uploads\/2017\/04\/ammonium-metatungstate.jpg 520w\" sizes=\"(max-width: 520px) 100vw, 520px\" \/><\/span><\/div><\/div><\/div><div class=\"fusion-layout-column fusion_builder_column fusion-builder-column-1 fusion_builder_column_1_2 1_2 fusion-flex-column\" style=\"--awb-bg-size:cover;--awb-width-large:50%;--awb-margin-top-large:0px;--awb-spacing-right-large:3.84%;--awb-margin-bottom-large:0px;--awb-spacing-left-large:3.84%;--awb-width-medium:50%;--awb-order-medium:0;--awb-spacing-right-medium:3.84%;--awb-spacing-left-medium:3.84%;--awb-width-small:100%;--awb-order-small:0;--awb-spacing-right-small:1.92%;--awb-spacing-left-small:1.92%;\" data-scroll-devices=\"small-visibility,medium-visibility,large-visibility\"><div class=\"fusion-column-wrapper fusion-column-has-shadow fusion-flex-justify-content-flex-start fusion-content-layout-column\"><div class=\"fusion-text fusion-text-1\"><h1>Ammonium-Metawolframat (AMT)<\/h1>\n<p><strong>Erscheinungsbild:<\/strong><\/p>\n<p>Wei\u00dfes oder hellgelbes Kristallpulver. Die Farbe ist einheitlich und einheitlich. Es sind keine mechanischen Verunreinigungen und Agglomerate sichtbar.<\/p>\n<p><strong>Verwendung:<\/strong><\/p>\n<p>Ammonium-Metawolframat findet breite Anwendung in der \u00d6lindustrie, in W\u00e4rmekraftwerken, bei der M\u00fcllentsorgung, bei der Entsorgung von Fahrzeugabgasen usw., und seine Verwendung in der Hartmetallproduktion wird ebenfalls schrittweise zunehmen.<\/p>\n<\/div><\/div><\/div><div class=\"fusion-layout-column fusion_builder_column fusion-builder-column-2 fusion_builder_column_1_4 1_4 fusion-flex-column\" style=\"--awb-bg-size:cover;--awb-width-large:25%;--awb-margin-top-large:0px;--awb-spacing-right-large:7.68%;--awb-margin-bottom-large:0px;--awb-spacing-left-large:7.68%;--awb-width-medium:25%;--awb-order-medium:0;--awb-spacing-right-medium:7.68%;--awb-spacing-left-medium:7.68%;--awb-width-small:100%;--awb-order-small:0;--awb-spacing-right-small:1.92%;--awb-spacing-left-small:1.92%;\" data-scroll-devices=\"small-visibility,medium-visibility,large-visibility\"><div class=\"fusion-column-wrapper fusion-column-has-shadow fusion-flex-justify-content-flex-start fusion-content-layout-column\"><div class=\"fusion-separator fusion-full-width-sep\" style=\"align-self: center;margin-left: auto;margin-right: auto;margin-bottom:20px;width:100%;\"><\/div><\/div><\/div><\/div><\/div>","protected":false},"excerpt":{"rendered":"","protected":false},"author":4,"featured_media":0,"parent":871,"menu_order":1,"comment_status":"closed","ping_status":"closed","template":"","meta":{"footnotes":""},"class_list":["post-881","page","type-page","status-publish","hentry"],"yoast_head":"<!-- This site is optimized with the Yoast SEO plugin v27.3 - https:\/\/yoast.com\/product\/yoast-seo-wordpress\/ -->\n<title>Ammonium Metatungstate (AMT) - Zigong International Marketing, LLC<\/title>\n<meta name=\"description\" content=\"The Ammonium Metaungstate is used widely in the oil industry, thermal power plant, garbage disposal, vehicle tail gas disposal, etc.\" \/>\n<meta name=\"robots\" content=\"index, follow, max-snippet:-1, max-image-preview:large, max-video-preview:-1\" \/>\n<link rel=\"canonical\" href=\"http:\/\/zim-llc.com\/de\/powders\/ammonium-metatungstate-amt\/\" \/>\n<meta property=\"og:locale\" content=\"de_DE\" \/>\n<meta property=\"og:type\" content=\"article\" \/>\n<meta property=\"og:title\" content=\"Ammonium Metatungstate (AMT) - Zigong International Marketing, LLC\" \/>\n<meta property=\"og:description\" content=\"The Ammonium Metaungstate is used widely in the oil industry, thermal power plant, garbage disposal, vehicle tail gas disposal, etc.\" \/>\n<meta property=\"og:url\" content=\"http:\/\/zim-llc.com\/de\/powders\/ammonium-metatungstate-amt\/\" \/>\n<meta property=\"og:site_name\" content=\"Zigong International Marketing, LLC\" \/>\n<meta property=\"article:modified_time\" content=\"2024-08-15T16:07:46+00:00\" \/>\n<meta name=\"twitter:card\" content=\"summary_large_image\" \/>\n<meta name=\"twitter:label1\" content=\"Gesch\u00e4tzte Lesezeit\" \/>\n\t<meta name=\"twitter:data1\" content=\"1 Minute\" \/>\n<script type=\"application\/ld+json\" class=\"yoast-schema-graph\">{\"@context\":\"https:\\\/\\\/schema.org\",\"@graph\":[{\"@type\":\"WebPage\",\"@id\":\"http:\\\/\\\/zim-llc.com\\\/ko\\\/powders\\\/ammonium-metatungstate-amt\\\/\",\"url\":\"http:\\\/\\\/zim-llc.com\\\/ko\\\/powders\\\/ammonium-metatungstate-amt\\\/\",\"name\":\"Ammonium Metatungstate (AMT) - Zigong International Marketing, LLC\",\"isPartOf\":{\"@id\":\"http:\\\/\\\/zim-llc.com\\\/id\\\/#website\"},\"datePublished\":\"2020-04-17T06:09:38+00:00\",\"dateModified\":\"2024-08-15T16:07:46+00:00\",\"description\":\"The Ammonium Metaungstate is used widely in the oil industry, thermal power plant, garbage disposal, vehicle tail gas disposal, etc.\",\"breadcrumb\":{\"@id\":\"http:\\\/\\\/zim-llc.com\\\/ko\\\/powders\\\/ammonium-metatungstate-amt\\\/#breadcrumb\"},\"inLanguage\":\"de-DE\",\"potentialAction\":[{\"@type\":\"ReadAction\",\"target\":[\"http:\\\/\\\/zim-llc.com\\\/ko\\\/powders\\\/ammonium-metatungstate-amt\\\/\"]}]},{\"@type\":\"BreadcrumbList\",\"@id\":\"http:\\\/\\\/zim-llc.com\\\/ko\\\/powders\\\/ammonium-metatungstate-amt\\\/#breadcrumb\",\"itemListElement\":[{\"@type\":\"ListItem\",\"position\":1,\"name\":\"Home\",\"item\":\"http:\\\/\\\/zim-llc.com\\\/id\\\/\"},{\"@type\":\"ListItem\",\"position\":2,\"name\":\"Powders\",\"item\":\"http:\\\/\\\/zim-llc.com\\\/bg\\\/powders\\\/\"},{\"@type\":\"ListItem\",\"position\":3,\"name\":\"Ammonium Metatungstate (AMT)\"}]},{\"@type\":\"WebSite\",\"@id\":\"http:\\\/\\\/zim-llc.com\\\/id\\\/#website\",\"url\":\"http:\\\/\\\/zim-llc.com\\\/id\\\/\",\"name\":\"Zigong International Marketing, LLC\",\"description\":\"\",\"publisher\":{\"@id\":\"http:\\\/\\\/zim-llc.com\\\/id\\\/#organization\"},\"potentialAction\":[{\"@type\":\"SearchAction\",\"target\":{\"@type\":\"EntryPoint\",\"urlTemplate\":\"http:\\\/\\\/zim-llc.com\\\/id\\\/?s={search_term_string}\"},\"query-input\":{\"@type\":\"PropertyValueSpecification\",\"valueRequired\":true,\"valueName\":\"search_term_string\"}}],\"inLanguage\":\"de-DE\"},{\"@type\":\"Organization\",\"@id\":\"http:\\\/\\\/zim-llc.com\\\/id\\\/#organization\",\"name\":\"Zigong International Marketing LLC\",\"url\":\"http:\\\/\\\/zim-llc.com\\\/id\\\/\",\"logo\":{\"@type\":\"ImageObject\",\"inLanguage\":\"de-DE\",\"@id\":\"http:\\\/\\\/zim-llc.com\\\/id\\\/#\\\/schema\\\/logo\\\/image\\\/\",\"url\":\"https:\\\/\\\/zim-llc.com\\\/wp-content\\\/uploads\\\/2020\\\/06\\\/6-23-logo-c.jpg\",\"contentUrl\":\"https:\\\/\\\/zim-llc.com\\\/wp-content\\\/uploads\\\/2020\\\/06\\\/6-23-logo-c.jpg\",\"width\":201,\"height\":90,\"caption\":\"Zigong International Marketing LLC\"},\"image\":{\"@id\":\"http:\\\/\\\/zim-llc.com\\\/id\\\/#\\\/schema\\\/logo\\\/image\\\/\"}}]}<\/script>\n<!-- \/ Yoast SEO plugin. -->","yoast_head_json":{"title":"Ammonium Metatungstate (AMT) - Zigong International Marketing, LLC","description":"The Ammonium Metaungstate is used widely in the oil industry, thermal power plant, garbage disposal, vehicle tail gas disposal, etc.","robots":{"index":"index","follow":"follow","max-snippet":"max-snippet:-1","max-image-preview":"max-image-preview:large","max-video-preview":"max-video-preview:-1"},"canonical":"http:\/\/zim-llc.com\/de\/powders\/ammonium-metatungstate-amt\/","og_locale":"de_DE","og_type":"article","og_title":"Ammonium Metatungstate (AMT) - Zigong International Marketing, LLC","og_description":"The Ammonium Metaungstate is used widely in the oil industry, thermal power plant, garbage disposal, vehicle tail gas disposal, etc.","og_url":"http:\/\/zim-llc.com\/de\/powders\/ammonium-metatungstate-amt\/","og_site_name":"Zigong International Marketing, LLC","article_modified_time":"2024-08-15T16:07:46+00:00","twitter_card":"summary_large_image","twitter_misc":{"Gesch\u00e4tzte Lesezeit":"1 Minute"},"schema":{"@context":"https:\/\/schema.org","@graph":[{"@type":"WebPage","@id":"http:\/\/zim-llc.com\/ko\/powders\/ammonium-metatungstate-amt\/","url":"http:\/\/zim-llc.com\/ko\/powders\/ammonium-metatungstate-amt\/","name":"Ammonium Metatungstate (AMT) - Zigong International Marketing, LLC","isPartOf":{"@id":"http:\/\/zim-llc.com\/id\/#website"},"datePublished":"2020-04-17T06:09:38+00:00","dateModified":"2024-08-15T16:07:46+00:00","description":"The Ammonium Metaungstate is used widely in the oil industry, thermal power plant, garbage disposal, vehicle tail gas disposal, etc.","breadcrumb":{"@id":"http:\/\/zim-llc.com\/ko\/powders\/ammonium-metatungstate-amt\/#breadcrumb"},"inLanguage":"de-DE","potentialAction":[{"@type":"ReadAction","target":["http:\/\/zim-llc.com\/ko\/powders\/ammonium-metatungstate-amt\/"]}]},{"@type":"BreadcrumbList","@id":"http:\/\/zim-llc.com\/ko\/powders\/ammonium-metatungstate-amt\/#breadcrumb","itemListElement":[{"@type":"ListItem","position":1,"name":"Home","item":"http:\/\/zim-llc.com\/id\/"},{"@type":"ListItem","position":2,"name":"Powders","item":"http:\/\/zim-llc.com\/bg\/powders\/"},{"@type":"ListItem","position":3,"name":"Ammonium Metatungstate (AMT)"}]},{"@type":"WebSite","@id":"http:\/\/zim-llc.com\/id\/#website","url":"http:\/\/zim-llc.com\/id\/","name":"Zigong International Marketing, LLC","description":"","publisher":{"@id":"http:\/\/zim-llc.com\/id\/#organization"},"potentialAction":[{"@type":"SearchAction","target":{"@type":"EntryPoint","urlTemplate":"http:\/\/zim-llc.com\/id\/?s={search_term_string}"},"query-input":{"@type":"PropertyValueSpecification","valueRequired":true,"valueName":"search_term_string"}}],"inLanguage":"de-DE"},{"@type":"Organization","@id":"http:\/\/zim-llc.com\/id\/#organization","name":"Zigong International Marketing LLC","url":"http:\/\/zim-llc.com\/id\/","logo":{"@type":"ImageObject","inLanguage":"de-DE","@id":"http:\/\/zim-llc.com\/id\/#\/schema\/logo\/image\/","url":"https:\/\/zim-llc.com\/wp-content\/uploads\/2020\/06\/6-23-logo-c.jpg","contentUrl":"https:\/\/zim-llc.com\/wp-content\/uploads\/2020\/06\/6-23-logo-c.jpg","width":201,"height":90,"caption":"Zigong International Marketing LLC"},"image":{"@id":"http:\/\/zim-llc.com\/id\/#\/schema\/logo\/image\/"}}]}},"_links":{"self":[{"href":"https:\/\/zim-llc.com\/de\/wp-json\/wp\/v2\/pages\/881","targetHints":{"allow":["GET"]}}],"collection":[{"href":"https:\/\/zim-llc.com\/de\/wp-json\/wp\/v2\/pages"}],"about":[{"href":"https:\/\/zim-llc.com\/de\/wp-json\/wp\/v2\/types\/page"}],"author":[{"embeddable":true,"href":"https:\/\/zim-llc.com\/de\/wp-json\/wp\/v2\/users\/4"}],"replies":[{"embeddable":true,"href":"https:\/\/zim-llc.com\/de\/wp-json\/wp\/v2\/comments?post=881"}],"version-history":[{"count":0,"href":"https:\/\/zim-llc.com\/de\/wp-json\/wp\/v2\/pages\/881\/revisions"}],"up":[{"embeddable":true,"href":"https:\/\/zim-llc.com\/de\/wp-json\/wp\/v2\/pages\/871"}],"wp:attachment":[{"href":"https:\/\/zim-llc.com\/de\/wp-json\/wp\/v2\/media?parent=881"}],"curies":[{"name":"wp","href":"https:\/\/api.w.org\/{rel}","templated":true}]}}