{"id":3964,"date":"2022-12-16T00:22:48","date_gmt":"2022-12-16T00:22:48","guid":{"rendered":"https:\/\/zimllc.wpengine.com\/?page_id=3964"},"modified":"2024-05-13T18:57:03","modified_gmt":"2024-05-13T18:57:03","slug":"macrocrystalline-tungsten-carbide-nickel-based-alloy-powder-for-pta","status":"publish","type":"page","link":"https:\/\/zim-llc.com\/da\/macrocrystalline-tungsten-carbide-nickel-based-alloy-powder-for-pta\/","title":{"rendered":"Makrokrystallinsk wolframcarbid Nikkelbaseret legeringspulver til PTA"},"content":{"rendered":"<div class=\"fusion-fullwidth fullwidth-box fusion-builder-row-1 fusion-flex-container has-pattern-background has-mask-background nonhundred-percent-fullwidth non-hundred-percent-height-scrolling\" style=\"--awb-border-radius-top-left:0px;--awb-border-radius-top-right:0px;--awb-border-radius-bottom-right:0px;--awb-border-radius-bottom-left:0px;--awb-padding-left:60px;--awb-background-image:linear-gradient(180deg, #0000 0%,#0000 100%);--awb-flex-wrap:wrap;\" ><div class=\"fusion-builder-row fusion-row fusion-flex-align-items-flex-start fusion-flex-content-wrap\" style=\"max-width:1248px;margin-left: calc(-4% \/ 2 );margin-right: calc(-4% \/ 2 );\"><div class=\"fusion-layout-column fusion_builder_column fusion-builder-column-0 fusion_builder_column_2_3 2_3 fusion-flex-column\" style=\"--awb-bg-size:cover;--awb-width-large:66.6666666667%;--awb-margin-top-large:0px;--awb-spacing-right-large:2.88%;--awb-margin-bottom-large:0px;--awb-spacing-left-large:2.88%;--awb-width-medium:66.6666666667%;--awb-spacing-right-medium:2.88%;--awb-spacing-left-medium:2.88%;--awb-width-small:100%;--awb-spacing-right-small:1.92%;--awb-spacing-left-small:1.92%;\"><div class=\"fusion-column-wrapper fusion-flex-justify-content-flex-start fusion-content-layout-column\"><div class=\"fusion-text fusion-text-1\"><p style=\"text-align: left;\"><a href=\"https:\/\/zim-llc.com\/da\/hardfacing-materials\/premixed-powder\/\">\u2190 Tilbage<\/a><\/p>\n<h2>Makrokrystallinsk wolframcarbid Nikkelbaseret legeringspulver til PTA, laserbekl\u00e6dning og flammespray<\/h2>\n<ul>\n<li>Dette f\u00e6rdigblandede pulver bruger st\u00f8bt wolframcarbid (CTC) pulver som h\u00e5rd fase til at blande med en nikkelbaseret selvfluxende legering. CTC er uregelm\u00e6ssig med h\u00f8j h\u00e5rdhed (\u2265 1) og fremragende slidstyrke. Nikkelbaseret legeringspulver er sf\u00e6risk eller n\u00e6sten sf\u00e6risk og har fremragende befugtningsevne med st\u00f8bt wolframcarbid. De forblandede pulvere med forskellige CTC-indhold og partikler er velegnede til PTA (Plasma Transferred Arc) svejsning, LC (Laser Cladding) og FS (Flame spray).<\/li>\n<li>Svejsebel\u00e6gningen har fremragende slidstyrke med lav por\u00f8sitet.<\/li>\n<li>Anvendes hovedsageligt i slidstyrke, anti-slid overflade eller slidreparation til mineudvinding, olieboring, maskinudstyr og olieudstyr.<\/li>\n<\/ul>\n<p><span style=\"font-size: 11pt;\"><span style=\"font-family: 'Calibri',sans-serif;\"><strong>Komponenter<\/strong><\/span><\/span><\/p>\n<table class=\"MsoTableGrid\" style=\"border-collapse: collapse; border: none; width: 900px;\" cellspacing=\"0\">\n<tbody>\n<tr>\n<td style=\"background-color: #2f5496; height: 27px; width: 208px; border: 1px solid black;\">\n<p style=\"text-align: center;\"><span style=\"font-size: 11pt;\"><span style=\"font-family: 'Calibri',sans-serif;\"><strong><span style=\"color: white;\">karakter<\/span><\/strong><\/span><\/span><\/p>\n<\/td>\n<td style=\"background-color: #2f5496; border-bottom: 1px solid black; border-left: none; border-right: 1px solid black; border-top: 1px solid black; height: 27px; width: 208px;\">\n<p style=\"text-align: center;\"><span style=\"font-size: 11pt;\"><span style=\"font-family: 'Calibri',sans-serif;\"><strong><span style=\"color: white;\">H\u00e5rdfase<\/span><\/strong><\/span><\/span><\/p>\n<\/td>\n<td style=\"background-color: #2f5496; border-bottom: 1px solid black; border-left: none; border-right: 1px solid black; border-top: 1px solid black; height: 27px; width: 208px;\">\n<p style=\"text-align: center;\"><span style=\"font-size: 11pt;\"><span style=\"font-family: 'Calibri',sans-serif;\"><strong><span style=\"color: white;\">Bindingsfase<\/span><\/strong><\/span><\/span><\/p>\n<\/td>\n<\/tr>\n<tr>\n<td style=\"border-bottom: 1px solid black; border-left: 1px solid black; border-right: 1px solid black; border-top: none; height: 27px; width: 208px;\">\n<p style=\"text-align: center;\"><span style=\"font-size: 11pt;\"><span style=\"font-family: 'Calibri',sans-serif;\"><strong>ZTC68<\/strong><\/span><\/span><\/p>\n<\/td>\n<td style=\"border-bottom: 1px solid black; border-left: none; border-right: 1px solid black; border-top: none; height: 27px; width: 208px;\">\n<p style=\"text-align: center;\"><span style=\"font-size: 11pt;\"><span style=\"font-family: 'Calibri',sans-serif;\"><strong>MTC<\/strong><\/span><\/span><\/p>\n<\/td>\n<td style=\"border-bottom: 1px solid black; border-left: none; border-right: 1px solid black; border-top: none; height: 27px; width: 208px;\">\n<p style=\"text-align: center;\"><span style=\"font-size: 11pt;\"><span style=\"font-family: 'Calibri',sans-serif;\"><strong>Nikkelbaseret legeringspulver<\/strong><\/span><\/span><\/p>\n<\/td>\n<\/tr>\n<\/tbody>\n<\/table>\n<p><span style=\"font-size: 11pt;\"><span style=\"font-family: 'Calibri',sans-serif;\">*: Vi kan skr\u00e6ddersy forskellige partikelst\u00f8rrelser, nikkelbaserede legeringer og CTC-indhold til forskellige applikationer.<\/span><\/span><\/p>\n<p><span style=\"font-size: 11pt;\"><span style=\"font-family: 'Calibri',sans-serif;\"><strong>Typiske karakterer<\/strong><\/span><\/span><\/p>\n<table class=\"MsoTableGrid\" style=\"border-collapse: collapse; border: none; width: 900px;\" cellspacing=\"\">\n<tbody>\n<tr>\n<td style=\"background-color: #2f5496; height: 25px; width: 91px; border: 1px solid black;\" rowspan=\"2\">\n<p style=\"text-align: center;\"><span style=\"font-size: 11pt;\"><span style=\"font-family: 'Calibri',sans-serif;\"><strong><span style=\"color: white;\">karakter<\/span><\/strong><\/span><\/span><\/p>\n<\/td>\n<td style=\"background-color: #2f5496; border-bottom: 1px solid black; border-left: none; border-right: 1px solid black; border-top: 1px solid black; height: 25px; width: 191px;\" colspan=\"2\">\n<p style=\"text-align: center;\"><span style=\"font-size: 11pt;\"><span style=\"font-family: 'Calibri',sans-serif;\"><strong><span style=\"color: white;\">Sammens\u00e6tning (Wt, %)<\/span><\/strong><\/span><\/span><\/p>\n<\/td>\n<td style=\"background-color: #2f5496; border-bottom: 1px solid black; border-left: none; border-right: 1px solid black; border-top: 1px solid black; height: 25px; width: 96px;\" rowspan=\"2\">\n<p style=\"text-align: center;\"><span style=\"font-size: 11pt;\"><span style=\"font-family: 'Calibri',sans-serif;\"><strong><span style=\"color: white;\">St\u00f8rrelse<\/span><\/strong><\/span><\/span><\/p>\n<p style=\"text-align: center;\"><span style=\"font-size: 11pt;\"><span style=\"font-family: 'Calibri',sans-serif;\"><strong><span style=\"color: white;\">(<\/span><\/strong><strong><span style=\"color: white;\">\u00b5<\/span><span style=\"color: white;\">m)<\/span><\/strong><\/span><\/span><\/p>\n<\/td>\n<td style=\"background-color: #2f5496; border-bottom: 1px solid black; border-left: none; border-right: 1px solid black; border-top: 1px solid black; height: 25px; width: 96px;\" rowspan=\"2\">\n<p style=\"text-align: center;\"><span style=\"font-size: 11pt;\"><span style=\"font-family: 'Calibri',sans-serif;\"><strong><span style=\"color: white;\">St\u00f8rrelse<\/span><\/strong><\/span><\/span><\/p>\n<p style=\"text-align: center;\"><span style=\"font-size: 11pt;\"><span style=\"font-family: 'Calibri',sans-serif;\"><strong><span style=\"color: white;\">(mesh)<\/span><\/strong><\/span><\/span><\/p>\n<\/td>\n<td style=\"background-color: #2f5496; border-bottom: 1px solid black; border-left: none; border-right: 1px solid black; border-top: 1px solid black; height: 25px; width: 150px;\" rowspan=\"2\">\n<p style=\"text-align: center;\"><span style=\"font-size: 11pt;\"><span style=\"font-family: 'Calibri',sans-serif;\"><strong><span style=\"color: white;\">Overlay Hardness (HRC)<\/span><\/strong><\/span><\/span><\/p>\n<\/td>\n<\/tr>\n<tr>\n<td style=\"background-color: #2f5496; border-bottom: 1px solid black; border-left: none; border-right: 1px solid black; border-top: none; width: 90px;\">\n<p style=\"text-align: center;\"><span style=\"font-size: 11pt;\"><span style=\"font-family: 'Calibri',sans-serif;\"><strong><span style=\"color: white;\">MTC<\/span><\/strong><\/span><\/span><\/p>\n<\/td>\n<td style=\"background-color: #2f5496; border-bottom: 1px solid black; border-left: none; border-right: 1px solid black; border-top: none; width: 100px;\">\n<p style=\"text-align: center;\"><span style=\"font-size: 11pt;\"><span style=\"font-family: 'Calibri',sans-serif;\"><strong><span style=\"color: white;\">Nikel-baseret pulver<\/span><\/strong><\/span><\/span><\/p>\n<\/td>\n<\/tr>\n<tr>\n<td style=\"border-bottom: 1px solid black; border-left: 1px solid black; border-right: 1px solid black; border-top: none; vertical-align: top; width: 91px;\">\n<p style=\"text-align: center;\"><span style=\"font-size: 11pt;\"><span style=\"font-family: 'Calibri',sans-serif;\"><strong>ZTC683344<\/strong><\/span><\/span><\/p>\n<\/td>\n<td style=\"border-bottom: 1px solid black; border-left: none; border-right: 1px solid black; border-top: none; width: 90px;\">\n<p style=\"text-align: center;\"><span style=\"font-size: 11pt;\"><span style=\"font-family: 'Calibri',sans-serif;\"><strong>40<\/strong><\/span><\/span><\/p>\n<\/td>\n<td style=\"border-bottom: 1px solid black; border-left: none; border-right: 1px solid black; border-top: none; width: 100px;\">\n<p style=\"text-align: center;\"><span style=\"font-size: 11pt;\"><span style=\"font-family: 'Calibri',sans-serif;\"><strong>60<\/strong><\/span><\/span><\/p>\n<\/td>\n<td style=\"border-bottom: 1px solid black; border-left: none; border-right: 1px solid black; border-top: none; width: 96px;\">\n<p style=\"text-align: center;\"><span style=\"font-size: 11pt;\"><span style=\"font-family: 'Calibri',sans-serif;\"><strong>&#8211;<\/strong> <strong>150<\/strong> <strong>+<\/strong> <strong>45<\/strong><\/span><\/span><\/p>\n<\/td>\n<td style=\"border-bottom: 1px solid black; border-left: none; border-right: 1px solid black; border-top: none; width: 96px;\">\n<p style=\"text-align: center;\"><span style=\"font-size: 11pt;\"><span style=\"font-family: 'Calibri',sans-serif;\"><strong>&#8211;<\/strong> <strong>100<\/strong> <strong>+<\/strong> <strong>325<\/strong><\/span><\/span><\/p>\n<\/td>\n<td style=\"border-bottom: 1px solid black; border-left: none; border-right: 1px solid black; border-top: none; width: 150px;\">\n<p style=\"text-align: center;\"><span style=\"font-size: 11pt;\"><span style=\"font-family: 'Calibri',sans-serif;\"><strong>50<\/strong> <strong>&#8211;<\/strong> <strong>56<\/strong><\/span><\/span><\/p>\n<\/td>\n<\/tr>\n<tr>\n<td style=\"border-bottom: 1px solid black; border-left: 1px solid black; border-right: 1px solid black; border-top: none; vertical-align: top; width: 91px;\">\n<p style=\"text-align: center;\"><span style=\"font-size: 11pt;\"><span style=\"font-family: 'Calibri',sans-serif;\"><strong>ZTC683345<\/strong><\/span><\/span><\/p>\n<\/td>\n<td style=\"border-bottom: 1px solid black; border-left: none; border-right: 1px solid black; border-top: none; width: 90px;\">\n<p style=\"text-align: center;\"><span style=\"font-size: 11pt;\"><span style=\"font-family: 'Calibri',sans-serif;\"><strong>50<\/strong><\/span><\/span><\/p>\n<\/td>\n<td style=\"border-bottom: 1px solid black; border-left: none; border-right: 1px solid black; border-top: none; width: 100px;\">\n<p style=\"text-align: center;\"><span style=\"font-size: 11pt;\"><span style=\"font-family: 'Calibri',sans-serif;\"><strong>50<\/strong><\/span><\/span><\/p>\n<\/td>\n<td style=\"border-bottom: 1px solid black; border-left: none; border-right: 1px solid black; border-top: none; width: 96px;\">\n<p style=\"text-align: center;\"><span style=\"font-size: 11pt;\"><span style=\"font-family: 'Calibri',sans-serif;\"><strong>&#8211;<\/strong> <strong>150<\/strong> <strong>+<\/strong> <strong>45<\/strong><\/span><\/span><\/p>\n<\/td>\n<td style=\"border-bottom: 1px solid black; border-left: none; border-right: 1px solid black; border-top: none; width: 96px;\">\n<p style=\"text-align: center;\"><span style=\"font-size: 11pt;\"><span style=\"font-family: 'Calibri',sans-serif;\"><strong>&#8211;<\/strong> <strong>100<\/strong> <strong>+<\/strong> <strong>325<\/strong><\/span><\/span><\/p>\n<\/td>\n<td style=\"border-bottom: 1px solid black; border-left: none; border-right: 1px solid black; border-top: none; width: 150px;\">\n<p style=\"text-align: center;\"><span style=\"font-size: 11pt;\"><span style=\"font-family: 'Calibri',sans-serif;\"><strong>52<\/strong> <strong>&#8211;<\/strong> <strong>56<\/strong><\/span><\/span><\/p>\n<\/td>\n<\/tr>\n<tr>\n<td style=\"border-bottom: 1px solid black; border-left: 1px solid black; border-right: 1px solid black; border-top: none; vertical-align: top; width: 91px;\">\n<p style=\"text-align: center;\"><span style=\"font-size: 11pt;\"><span style=\"font-family: 'Calibri',sans-serif;\"><strong>ZTC683346<\/strong><\/span><\/span><\/p>\n<\/td>\n<td style=\"border-bottom: 1px solid black; border-left: none; border-right: 1px solid black; border-top: none; width: 90px;\">\n<p style=\"text-align: center;\"><span style=\"font-size: 11pt;\"><span style=\"font-family: 'Calibri',sans-serif;\"><strong>60<\/strong><\/span><\/span><\/p>\n<\/td>\n<td style=\"border-bottom: 1px solid black; border-left: none; border-right: 1px solid black; border-top: none; width: 100px;\">\n<p style=\"text-align: center;\"><span style=\"font-size: 11pt;\"><span style=\"font-family: 'Calibri',sans-serif;\"><strong>40<\/strong><\/span><\/span><\/p>\n<\/td>\n<td style=\"border-bottom: 1px solid black; border-left: none; border-right: 1px solid black; border-top: none; width: 96px;\">\n<p style=\"text-align: center;\"><span style=\"font-size: 11pt;\"><span style=\"font-family: 'Calibri',sans-serif;\"><strong>&#8211;<\/strong> <strong>150<\/strong> <strong>+<\/strong> <strong>45<\/strong><\/span><\/span><\/p>\n<\/td>\n<td style=\"border-bottom: 1px solid black; border-left: none; border-right: 1px solid black; border-top: none; width: 96px;\">\n<p style=\"text-align: center;\"><span style=\"font-size: 11pt;\"><span style=\"font-family: 'Calibri',sans-serif;\"><strong>&#8211;<\/strong> <strong>100<\/strong> <strong>+<\/strong> <strong>325<\/strong><\/span><\/span><\/p>\n<\/td>\n<td style=\"border-bottom: 1px solid black; border-left: none; border-right: 1px solid black; border-top: none; width: 150px;\">\n<p style=\"text-align: center;\"><span style=\"font-size: 11pt;\"><span style=\"font-family: 'Calibri',sans-serif;\"><strong>52<\/strong> <strong>&#8211;<\/strong> <strong>58<\/strong><\/span><\/span><\/p>\n<\/td>\n<\/tr>\n<\/tbody>\n<\/table>\n<\/div><\/div><\/div><div class=\"fusion-layout-column fusion_builder_column fusion-builder-column-1 fusion_builder_column_1_3 1_3 fusion-flex-column\" style=\"--awb-bg-size:cover;--awb-width-large:33.3333333333%;--awb-margin-top-large:0px;--awb-spacing-right-large:5.76%;--awb-margin-bottom-large:0px;--awb-spacing-left-large:5.76%;--awb-width-medium:33.3333333333%;--awb-spacing-right-medium:5.76%;--awb-spacing-left-medium:5.76%;--awb-width-small:100%;--awb-spacing-right-small:1.92%;--awb-spacing-left-small:1.92%;\"><div class=\"fusion-column-wrapper fusion-flex-justify-content-flex-start fusion-content-layout-column\"><div class=\"fusion-image-element\" style=\"text-align:center;--awb-caption-title-font-family:var(--h2_typography-font-family);--awb-caption-title-font-weight:var(--h2_typography-font-weight);--awb-caption-title-font-style:var(--h2_typography-font-style);--awb-caption-title-size:var(--h2_typography-font-size);--awb-caption-title-transform:var(--h2_typography-text-transform);--awb-caption-title-line-height:var(--h2_typography-line-height);--awb-caption-title-letter-spacing:var(--h2_typography-letter-spacing);\"><span class=\"fusion-imageframe imageframe-none imageframe-1 hover-type-none\"><img decoding=\"async\" width=\"600\" height=\"600\" title=\"Makrokrystallinsk-wolfram-carbid-nikkel-baseret-legering-pulver-til-PTA-2\" src=\"https:\/\/zim-llc.com\/wp-content\/uploads\/2022\/12\/Macrocrystalline-tungsten-carbide-Nickel-based-alloy-powder-for-PTA-2.jpg\" alt class=\"img-responsive wp-image-3965\" srcset=\"https:\/\/zim-llc.com\/wp-content\/uploads\/2022\/12\/Macrocrystalline-tungsten-carbide-Nickel-based-alloy-powder-for-PTA-2-150x150.jpg 150w, https:\/\/zim-llc.com\/wp-content\/uploads\/2022\/12\/Macrocrystalline-tungsten-carbide-Nickel-based-alloy-powder-for-PTA-2-300x300.jpg 300w, https:\/\/zim-llc.com\/wp-content\/uploads\/2022\/12\/Macrocrystalline-tungsten-carbide-Nickel-based-alloy-powder-for-PTA-2-350x350.jpg 350w, https:\/\/zim-llc.com\/wp-content\/uploads\/2022\/12\/Macrocrystalline-tungsten-carbide-Nickel-based-alloy-powder-for-PTA-2.jpg 600w\" sizes=\"(max-width: 600px) 100vw, 600px\" \/><\/span><\/div><\/div><\/div><\/div><\/div>","protected":false},"excerpt":{"rendered":"","protected":false},"author":2,"featured_media":0,"parent":0,"menu_order":1,"comment_status":"closed","ping_status":"closed","template":"","meta":{"footnotes":""},"class_list":["post-3964","page","type-page","status-publish","hentry"],"yoast_head":"<!-- This site is optimized with the Yoast SEO plugin v27.4 - https:\/\/yoast.com\/product\/yoast-seo-wordpress\/ -->\n<title>Macrocrystalline tungsten carbide Nickel-based alloy powder for PTA - Zigong International Marketing, LLC<\/title>\n<meta name=\"description\" content=\"We manufacture three types of cast Tungsten Carbide powder.\" \/>\n<meta name=\"robots\" content=\"index, follow, max-snippet:-1, max-image-preview:large, max-video-preview:-1\" \/>\n<link rel=\"canonical\" href=\"https:\/\/zim-llc.com\/da\/macrocrystalline-tungsten-carbide-nickel-based-alloy-powder-for-pta\/\" \/>\n<meta property=\"og:locale\" content=\"da_DK\" \/>\n<meta property=\"og:type\" content=\"article\" \/>\n<meta property=\"og:title\" content=\"Macrocrystalline tungsten carbide Nickel-based alloy powder for PTA - Zigong International Marketing, LLC\" \/>\n<meta property=\"og:description\" content=\"We manufacture three types of cast Tungsten Carbide powder.\" \/>\n<meta property=\"og:url\" content=\"https:\/\/zim-llc.com\/da\/macrocrystalline-tungsten-carbide-nickel-based-alloy-powder-for-pta\/\" \/>\n<meta property=\"og:site_name\" content=\"Zigong International Marketing, LLC\" \/>\n<meta property=\"article:modified_time\" content=\"2024-05-13T18:57:03+00:00\" \/>\n<meta name=\"twitter:card\" content=\"summary_large_image\" \/>\n<meta name=\"twitter:label1\" content=\"Estimeret l\u00e6setid\" \/>\n\t<meta name=\"twitter:data1\" content=\"1 minut\" \/>\n<script type=\"application\/ld+json\" class=\"yoast-schema-graph\">{\"@context\":\"https:\\\/\\\/schema.org\",\"@graph\":[{\"@type\":\"WebPage\",\"@id\":\"https:\\\/\\\/zim-llc.com\\\/pa\\\/macrocrystalline-tungsten-carbide-nickel-based-alloy-powder-for-pta\\\/\",\"url\":\"https:\\\/\\\/zim-llc.com\\\/pa\\\/macrocrystalline-tungsten-carbide-nickel-based-alloy-powder-for-pta\\\/\",\"name\":\"Macrocrystalline tungsten carbide Nickel-based alloy powder for PTA - Zigong International Marketing, LLC\",\"isPartOf\":{\"@id\":\"http:\\\/\\\/zim-llc.com\\\/ta\\\/#website\"},\"datePublished\":\"2022-12-16T00:22:48+00:00\",\"dateModified\":\"2024-05-13T18:57:03+00:00\",\"description\":\"We manufacture three types of cast Tungsten Carbide powder.\",\"breadcrumb\":{\"@id\":\"https:\\\/\\\/zim-llc.com\\\/pa\\\/macrocrystalline-tungsten-carbide-nickel-based-alloy-powder-for-pta\\\/#breadcrumb\"},\"inLanguage\":\"da-DK\",\"potentialAction\":[{\"@type\":\"ReadAction\",\"target\":[\"https:\\\/\\\/zim-llc.com\\\/pa\\\/macrocrystalline-tungsten-carbide-nickel-based-alloy-powder-for-pta\\\/\"]}]},{\"@type\":\"BreadcrumbList\",\"@id\":\"https:\\\/\\\/zim-llc.com\\\/pa\\\/macrocrystalline-tungsten-carbide-nickel-based-alloy-powder-for-pta\\\/#breadcrumb\",\"itemListElement\":[{\"@type\":\"ListItem\",\"position\":1,\"name\":\"Home\",\"item\":\"https:\\\/\\\/zim-llc.com\\\/en\\\/\"},{\"@type\":\"ListItem\",\"position\":2,\"name\":\"Macrocrystalline tungsten carbide Nickel-based alloy powder for PTA\"}]},{\"@type\":\"WebSite\",\"@id\":\"http:\\\/\\\/zim-llc.com\\\/ta\\\/#website\",\"url\":\"http:\\\/\\\/zim-llc.com\\\/ta\\\/\",\"name\":\"Zigong International Marketing, LLC\",\"description\":\"\",\"publisher\":{\"@id\":\"http:\\\/\\\/zim-llc.com\\\/ta\\\/#organization\"},\"potentialAction\":[{\"@type\":\"SearchAction\",\"target\":{\"@type\":\"EntryPoint\",\"urlTemplate\":\"http:\\\/\\\/zim-llc.com\\\/ta\\\/?s={search_term_string}\"},\"query-input\":{\"@type\":\"PropertyValueSpecification\",\"valueRequired\":true,\"valueName\":\"search_term_string\"}}],\"inLanguage\":\"da-DK\"},{\"@type\":\"Organization\",\"@id\":\"http:\\\/\\\/zim-llc.com\\\/ta\\\/#organization\",\"name\":\"Zigong International Marketing LLC\",\"url\":\"http:\\\/\\\/zim-llc.com\\\/ta\\\/\",\"logo\":{\"@type\":\"ImageObject\",\"inLanguage\":\"da-DK\",\"@id\":\"http:\\\/\\\/zim-llc.com\\\/ta\\\/#\\\/schema\\\/logo\\\/image\\\/\",\"url\":\"https:\\\/\\\/zim-llc.com\\\/wp-content\\\/uploads\\\/2020\\\/06\\\/6-23-logo-c.jpg\",\"contentUrl\":\"https:\\\/\\\/zim-llc.com\\\/wp-content\\\/uploads\\\/2020\\\/06\\\/6-23-logo-c.jpg\",\"width\":201,\"height\":90,\"caption\":\"Zigong International Marketing LLC\"},\"image\":{\"@id\":\"http:\\\/\\\/zim-llc.com\\\/ta\\\/#\\\/schema\\\/logo\\\/image\\\/\"}}]}<\/script>\n<!-- \/ Yoast SEO plugin. -->","yoast_head_json":{"title":"Macrocrystalline tungsten carbide Nickel-based alloy powder for PTA - Zigong International Marketing, LLC","description":"We manufacture three types of cast Tungsten Carbide powder.","robots":{"index":"index","follow":"follow","max-snippet":"max-snippet:-1","max-image-preview":"max-image-preview:large","max-video-preview":"max-video-preview:-1"},"canonical":"https:\/\/zim-llc.com\/da\/macrocrystalline-tungsten-carbide-nickel-based-alloy-powder-for-pta\/","og_locale":"da_DK","og_type":"article","og_title":"Macrocrystalline tungsten carbide Nickel-based alloy powder for PTA - Zigong International Marketing, LLC","og_description":"We manufacture three types of cast Tungsten Carbide powder.","og_url":"https:\/\/zim-llc.com\/da\/macrocrystalline-tungsten-carbide-nickel-based-alloy-powder-for-pta\/","og_site_name":"Zigong International Marketing, LLC","article_modified_time":"2024-05-13T18:57:03+00:00","twitter_card":"summary_large_image","twitter_misc":{"Estimeret l\u00e6setid":"1 minut"},"schema":{"@context":"https:\/\/schema.org","@graph":[{"@type":"WebPage","@id":"https:\/\/zim-llc.com\/pa\/macrocrystalline-tungsten-carbide-nickel-based-alloy-powder-for-pta\/","url":"https:\/\/zim-llc.com\/pa\/macrocrystalline-tungsten-carbide-nickel-based-alloy-powder-for-pta\/","name":"Macrocrystalline tungsten carbide Nickel-based alloy powder for PTA - Zigong International Marketing, LLC","isPartOf":{"@id":"http:\/\/zim-llc.com\/ta\/#website"},"datePublished":"2022-12-16T00:22:48+00:00","dateModified":"2024-05-13T18:57:03+00:00","description":"We manufacture three types of cast Tungsten Carbide powder.","breadcrumb":{"@id":"https:\/\/zim-llc.com\/pa\/macrocrystalline-tungsten-carbide-nickel-based-alloy-powder-for-pta\/#breadcrumb"},"inLanguage":"da-DK","potentialAction":[{"@type":"ReadAction","target":["https:\/\/zim-llc.com\/pa\/macrocrystalline-tungsten-carbide-nickel-based-alloy-powder-for-pta\/"]}]},{"@type":"BreadcrumbList","@id":"https:\/\/zim-llc.com\/pa\/macrocrystalline-tungsten-carbide-nickel-based-alloy-powder-for-pta\/#breadcrumb","itemListElement":[{"@type":"ListItem","position":1,"name":"Home","item":"https:\/\/zim-llc.com\/en\/"},{"@type":"ListItem","position":2,"name":"Macrocrystalline tungsten carbide Nickel-based alloy powder for PTA"}]},{"@type":"WebSite","@id":"http:\/\/zim-llc.com\/ta\/#website","url":"http:\/\/zim-llc.com\/ta\/","name":"Zigong International Marketing, LLC","description":"","publisher":{"@id":"http:\/\/zim-llc.com\/ta\/#organization"},"potentialAction":[{"@type":"SearchAction","target":{"@type":"EntryPoint","urlTemplate":"http:\/\/zim-llc.com\/ta\/?s={search_term_string}"},"query-input":{"@type":"PropertyValueSpecification","valueRequired":true,"valueName":"search_term_string"}}],"inLanguage":"da-DK"},{"@type":"Organization","@id":"http:\/\/zim-llc.com\/ta\/#organization","name":"Zigong International Marketing LLC","url":"http:\/\/zim-llc.com\/ta\/","logo":{"@type":"ImageObject","inLanguage":"da-DK","@id":"http:\/\/zim-llc.com\/ta\/#\/schema\/logo\/image\/","url":"https:\/\/zim-llc.com\/wp-content\/uploads\/2020\/06\/6-23-logo-c.jpg","contentUrl":"https:\/\/zim-llc.com\/wp-content\/uploads\/2020\/06\/6-23-logo-c.jpg","width":201,"height":90,"caption":"Zigong International Marketing LLC"},"image":{"@id":"http:\/\/zim-llc.com\/ta\/#\/schema\/logo\/image\/"}}]}},"_links":{"self":[{"href":"https:\/\/zim-llc.com\/da\/wp-json\/wp\/v2\/pages\/3964","targetHints":{"allow":["GET"]}}],"collection":[{"href":"https:\/\/zim-llc.com\/da\/wp-json\/wp\/v2\/pages"}],"about":[{"href":"https:\/\/zim-llc.com\/da\/wp-json\/wp\/v2\/types\/page"}],"author":[{"embeddable":true,"href":"https:\/\/zim-llc.com\/da\/wp-json\/wp\/v2\/users\/2"}],"replies":[{"embeddable":true,"href":"https:\/\/zim-llc.com\/da\/wp-json\/wp\/v2\/comments?post=3964"}],"version-history":[{"count":0,"href":"https:\/\/zim-llc.com\/da\/wp-json\/wp\/v2\/pages\/3964\/revisions"}],"wp:attachment":[{"href":"https:\/\/zim-llc.com\/da\/wp-json\/wp\/v2\/media?parent=3964"}],"curies":[{"name":"wp","href":"https:\/\/api.w.org\/{rel}","templated":true}]}}