{"id":2752,"date":"2020-07-13T23:01:10","date_gmt":"2020-07-13T23:01:10","guid":{"rendered":"https:\/\/zimllc.wpengine.com\/?page_id=2752"},"modified":"2024-08-27T19:01:03","modified_gmt":"2024-08-27T19:01:03","slug":"tungsten-wire","status":"publish","type":"page","link":"http:\/\/zim-llc.com\/tr\/w-mo-products\/tungsten-wire\/","title":{"rendered":"Tungsten Tel"},"content":{"rendered":"<div class=\"fusion-fullwidth fullwidth-box fusion-builder-row-1 fusion-flex-container has-pattern-background has-mask-background nonhundred-percent-fullwidth non-hundred-percent-height-scrolling\" style=\"--awb-border-radius-top-left:0px;--awb-border-radius-top-right:0px;--awb-border-radius-bottom-right:0px;--awb-border-radius-bottom-left:0px;--awb-padding-left:60px;--awb-background-image:linear-gradient(180deg, #0000 0%,#0000 100%);--awb-flex-wrap:wrap;\" ><div class=\"fusion-builder-row fusion-row fusion-flex-align-items-flex-start fusion-flex-content-wrap\" style=\"max-width:1248px;margin-left: calc(-4% \/ 2 );margin-right: calc(-4% \/ 2 );\"><div class=\"fusion-layout-column fusion_builder_column fusion-builder-column-0 fusion_builder_column_2_3 2_3 fusion-flex-column\" style=\"--awb-bg-size:cover;--awb-width-large:66.6666666667%;--awb-margin-top-large:0px;--awb-spacing-right-large:2.88%;--awb-margin-bottom-large:0px;--awb-spacing-left-large:2.88%;--awb-width-medium:66.6666666667%;--awb-order-medium:0;--awb-spacing-right-medium:2.88%;--awb-spacing-left-medium:2.88%;--awb-width-small:100%;--awb-order-small:0;--awb-spacing-right-small:1.92%;--awb-spacing-left-small:1.92%;\" data-scroll-devices=\"small-visibility,medium-visibility,large-visibility\"><div class=\"fusion-column-wrapper fusion-column-has-shadow fusion-flex-justify-content-flex-start fusion-content-layout-column\"><div class=\"fusion-text fusion-text-1\"><h1>Tungsten Tel<\/h1>\n<p><strong>Kaba Tungsten tel<\/strong><\/p>\n<p><strong>Boyut:<\/strong>\u00a0\u03a60,3-1,0 mm<br \/>\n<strong>Uygulama:<\/strong>\u00a0\u00c7e\u015fitli lambalar, yay elektrotlar\u0131 vb. i\u00e7in Tungsten filamanlar\u0131n\u0131 haz\u0131rlamak amac\u0131yla kaba Tungsten tel \u00e7ekilir.<\/p>\n<p><strong>\u0130nce Tungsten tel<\/strong><\/p>\n<p><strong>Boyut:<\/strong>\u00a0\u03a615-350\u03bcm<br \/>\n<strong>Uygulama:<\/strong>\u00a0\u0130nce Tungsten tel esas olarak akkor lambalar, floresan lambalar, halojen lambalar, otomotiv lambalar\u0131 ve filament yatak halkalar\u0131 i\u00e7in bobinler yapmak i\u00e7in kullan\u0131l\u0131r.<\/p>\n<p><strong>B\u00fck\u00fcml\u00fc ve \u00e7ok telli tungsten tel i\u00e7in tungsten tel<\/strong><\/p>\n<p><strong>Boyut:<\/strong>\u00a0\u03a60,6-1,0 mm<br \/>\n<strong>Uygulama:<\/strong>\u00a0Vakumlu kaplama \u0131s\u0131t\u0131c\u0131lar\u0131nda kullan\u0131l\u0131r.<\/p>\n<\/div><\/div><\/div><div class=\"fusion-layout-column fusion_builder_column fusion-builder-column-1 fusion_builder_column_1_3 1_3 fusion-flex-column\" style=\"--awb-bg-size:cover;--awb-width-large:33.3333333333%;--awb-margin-top-large:0px;--awb-spacing-right-large:5.76%;--awb-margin-bottom-large:0px;--awb-spacing-left-large:5.76%;--awb-width-medium:33.3333333333%;--awb-order-medium:0;--awb-spacing-right-medium:5.76%;--awb-spacing-left-medium:5.76%;--awb-width-small:100%;--awb-order-small:0;--awb-spacing-right-small:1.92%;--awb-spacing-left-small:1.92%;\" data-scroll-devices=\"small-visibility,medium-visibility,large-visibility\"><div class=\"fusion-column-wrapper fusion-column-has-shadow fusion-flex-justify-content-flex-start fusion-content-layout-column\"><div class=\"fusion-separator fusion-full-width-sep\" style=\"align-self: center;margin-left: auto;margin-right: auto;margin-bottom:20px;width:100%;\"><\/div><div class=\"fusion-text fusion-text-2\">\n\t\t<div id=\"wppdfemb-frame-container-0\" style=\"-webkit-overflow-scrolling:auto;\">\n\t\t\t<iframe src=\"http:\/\/zim-llc.com\/tr\/?url=https:\/\/zim-llc.com\/wp-content\/uploads\/2024\/04\/tungsten-wire.pdf&#038;toolbarfixed=on&#038;index=1&#038;pdfID=0\"\n\t\t\t\tid=\"wppdf-emb-iframe-0\"\n\t\t\t\tdata-pdf-index=\"1\"\n\t\t\t\tclass=\"pdfembed-iframe nonfullscreen\"\n\t\t\t\tstyle=\"border:none;width:100%;max-width:250px;min-height:350px\"\n\t\t\t\tscrolling=\"yes\">\n\t\t\t<\/iframe>\n\t\t<\/div>\n\n\t\t\n<\/div><\/div><\/div><\/div><\/div>","protected":false},"excerpt":{"rendered":"","protected":false},"author":4,"featured_media":0,"parent":875,"menu_order":3,"comment_status":"closed","ping_status":"closed","template":"","meta":{"footnotes":""},"class_list":["post-2752","page","type-page","status-publish","hentry"],"yoast_head":"<!-- This site is optimized with the Yoast SEO plugin v27.5 - https:\/\/yoast.com\/product\/yoast-seo-wordpress\/ -->\n<title>Tungsten Wire - Zigong International Marketing, LLC<\/title>\n<meta name=\"description\" content=\"Tungsten wire and application.\" \/>\n<meta name=\"robots\" content=\"index, follow, max-snippet:-1, max-image-preview:large, max-video-preview:-1\" \/>\n<link rel=\"canonical\" href=\"https:\/\/zim-llc.com\/tr\/w-mo-products\/tungsten-wire\/\" \/>\n<meta property=\"og:locale\" content=\"tr_TR\" \/>\n<meta property=\"og:type\" content=\"article\" \/>\n<meta property=\"og:title\" content=\"Tungsten Wire - Zigong International Marketing, LLC\" \/>\n<meta property=\"og:description\" content=\"Tungsten wire and application.\" \/>\n<meta property=\"og:url\" content=\"https:\/\/zim-llc.com\/tr\/w-mo-products\/tungsten-wire\/\" \/>\n<meta property=\"og:site_name\" content=\"Zigong International Marketing, LLC\" \/>\n<meta property=\"article:modified_time\" content=\"2024-08-27T19:01:03+00:00\" \/>\n<meta name=\"twitter:card\" content=\"summary_large_image\" \/>\n<meta name=\"twitter:label1\" content=\"Tahmini okuma s\u00fcresi\" \/>\n\t<meta name=\"twitter:data1\" content=\"1 dakika\" \/>\n<script type=\"application\/ld+json\" class=\"yoast-schema-graph\">{\"@context\":\"https:\\\/\\\/schema.org\",\"@graph\":[{\"@type\":\"WebPage\",\"@id\":\"https:\\\/\\\/zim-llc.com\\\/et\\\/w-mo-products\\\/tungsten-wire\\\/\",\"url\":\"https:\\\/\\\/zim-llc.com\\\/et\\\/w-mo-products\\\/tungsten-wire\\\/\",\"name\":\"Tungsten Wire - Zigong International Marketing, LLC\",\"isPartOf\":{\"@id\":\"http:\\\/\\\/zim-llc.com\\\/hi\\\/#website\"},\"datePublished\":\"2020-07-13T23:01:10+00:00\",\"dateModified\":\"2024-08-27T19:01:03+00:00\",\"description\":\"Tungsten wire and application.\",\"breadcrumb\":{\"@id\":\"https:\\\/\\\/zim-llc.com\\\/et\\\/w-mo-products\\\/tungsten-wire\\\/#breadcrumb\"},\"inLanguage\":\"tr\",\"potentialAction\":[{\"@type\":\"ReadAction\",\"target\":[\"https:\\\/\\\/zim-llc.com\\\/et\\\/w-mo-products\\\/tungsten-wire\\\/\"]}]},{\"@type\":\"BreadcrumbList\",\"@id\":\"https:\\\/\\\/zim-llc.com\\\/et\\\/w-mo-products\\\/tungsten-wire\\\/#breadcrumb\",\"itemListElement\":[{\"@type\":\"ListItem\",\"position\":1,\"name\":\"Home\",\"item\":\"https:\\\/\\\/zim-llc.com\\\/et\\\/\"},{\"@type\":\"ListItem\",\"position\":2,\"name\":\"W &#038; Mo Products\",\"item\":\"https:\\\/\\\/zim-llc.com\\\/et\\\/w-mo-products\\\/\"},{\"@type\":\"ListItem\",\"position\":3,\"name\":\"Tungsten Wire\"}]},{\"@type\":\"WebSite\",\"@id\":\"http:\\\/\\\/zim-llc.com\\\/hi\\\/#website\",\"url\":\"http:\\\/\\\/zim-llc.com\\\/hi\\\/\",\"name\":\"Zigong International Marketing, LLC\",\"description\":\"\",\"publisher\":{\"@id\":\"http:\\\/\\\/zim-llc.com\\\/hi\\\/#organization\"},\"potentialAction\":[{\"@type\":\"SearchAction\",\"target\":{\"@type\":\"EntryPoint\",\"urlTemplate\":\"http:\\\/\\\/zim-llc.com\\\/hi\\\/?s={search_term_string}\"},\"query-input\":{\"@type\":\"PropertyValueSpecification\",\"valueRequired\":true,\"valueName\":\"search_term_string\"}}],\"inLanguage\":\"tr\"},{\"@type\":\"Organization\",\"@id\":\"http:\\\/\\\/zim-llc.com\\\/hi\\\/#organization\",\"name\":\"Zigong International Marketing LLC\",\"url\":\"http:\\\/\\\/zim-llc.com\\\/hi\\\/\",\"logo\":{\"@type\":\"ImageObject\",\"inLanguage\":\"tr\",\"@id\":\"http:\\\/\\\/zim-llc.com\\\/hi\\\/#\\\/schema\\\/logo\\\/image\\\/\",\"url\":\"https:\\\/\\\/zim-llc.com\\\/wp-content\\\/uploads\\\/2020\\\/06\\\/6-23-logo-c.jpg\",\"contentUrl\":\"https:\\\/\\\/zim-llc.com\\\/wp-content\\\/uploads\\\/2020\\\/06\\\/6-23-logo-c.jpg\",\"width\":201,\"height\":90,\"caption\":\"Zigong International Marketing LLC\"},\"image\":{\"@id\":\"http:\\\/\\\/zim-llc.com\\\/hi\\\/#\\\/schema\\\/logo\\\/image\\\/\"}}]}<\/script>\n<!-- \/ Yoast SEO plugin. -->","yoast_head_json":{"title":"Tungsten Wire - Zigong International Marketing, LLC","description":"Tungsten wire and application.","robots":{"index":"index","follow":"follow","max-snippet":"max-snippet:-1","max-image-preview":"max-image-preview:large","max-video-preview":"max-video-preview:-1"},"canonical":"https:\/\/zim-llc.com\/tr\/w-mo-products\/tungsten-wire\/","og_locale":"tr_TR","og_type":"article","og_title":"Tungsten Wire - Zigong International Marketing, LLC","og_description":"Tungsten wire and application.","og_url":"https:\/\/zim-llc.com\/tr\/w-mo-products\/tungsten-wire\/","og_site_name":"Zigong International Marketing, LLC","article_modified_time":"2024-08-27T19:01:03+00:00","twitter_card":"summary_large_image","twitter_misc":{"Tahmini okuma s\u00fcresi":"1 dakika"},"schema":{"@context":"https:\/\/schema.org","@graph":[{"@type":"WebPage","@id":"https:\/\/zim-llc.com\/et\/w-mo-products\/tungsten-wire\/","url":"https:\/\/zim-llc.com\/et\/w-mo-products\/tungsten-wire\/","name":"Tungsten Wire - Zigong International Marketing, LLC","isPartOf":{"@id":"http:\/\/zim-llc.com\/hi\/#website"},"datePublished":"2020-07-13T23:01:10+00:00","dateModified":"2024-08-27T19:01:03+00:00","description":"Tungsten wire and application.","breadcrumb":{"@id":"https:\/\/zim-llc.com\/et\/w-mo-products\/tungsten-wire\/#breadcrumb"},"inLanguage":"tr","potentialAction":[{"@type":"ReadAction","target":["https:\/\/zim-llc.com\/et\/w-mo-products\/tungsten-wire\/"]}]},{"@type":"BreadcrumbList","@id":"https:\/\/zim-llc.com\/et\/w-mo-products\/tungsten-wire\/#breadcrumb","itemListElement":[{"@type":"ListItem","position":1,"name":"Home","item":"https:\/\/zim-llc.com\/et\/"},{"@type":"ListItem","position":2,"name":"W &#038; Mo Products","item":"https:\/\/zim-llc.com\/et\/w-mo-products\/"},{"@type":"ListItem","position":3,"name":"Tungsten Wire"}]},{"@type":"WebSite","@id":"http:\/\/zim-llc.com\/hi\/#website","url":"http:\/\/zim-llc.com\/hi\/","name":"Zigong International Marketing, LLC","description":"","publisher":{"@id":"http:\/\/zim-llc.com\/hi\/#organization"},"potentialAction":[{"@type":"SearchAction","target":{"@type":"EntryPoint","urlTemplate":"http:\/\/zim-llc.com\/hi\/?s={search_term_string}"},"query-input":{"@type":"PropertyValueSpecification","valueRequired":true,"valueName":"search_term_string"}}],"inLanguage":"tr"},{"@type":"Organization","@id":"http:\/\/zim-llc.com\/hi\/#organization","name":"Zigong Uluslararas\u0131 Pazarlama LLC","url":"http:\/\/zim-llc.com\/hi\/","logo":{"@type":"ImageObject","inLanguage":"tr","@id":"http:\/\/zim-llc.com\/hi\/#\/schema\/logo\/image\/","url":"https:\/\/zim-llc.com\/wp-content\/uploads\/2020\/06\/6-23-logo-c.jpg","contentUrl":"https:\/\/zim-llc.com\/wp-content\/uploads\/2020\/06\/6-23-logo-c.jpg","width":201,"height":90,"caption":"Zigong International Marketing LLC"},"image":{"@id":"http:\/\/zim-llc.com\/hi\/#\/schema\/logo\/image\/"}}]}},"_links":{"self":[{"href":"http:\/\/zim-llc.com\/tr\/wp-json\/wp\/v2\/pages\/2752","targetHints":{"allow":["GET"]}}],"collection":[{"href":"http:\/\/zim-llc.com\/tr\/wp-json\/wp\/v2\/pages"}],"about":[{"href":"http:\/\/zim-llc.com\/tr\/wp-json\/wp\/v2\/types\/page"}],"author":[{"embeddable":true,"href":"http:\/\/zim-llc.com\/tr\/wp-json\/wp\/v2\/users\/4"}],"replies":[{"embeddable":true,"href":"http:\/\/zim-llc.com\/tr\/wp-json\/wp\/v2\/comments?post=2752"}],"version-history":[{"count":0,"href":"http:\/\/zim-llc.com\/tr\/wp-json\/wp\/v2\/pages\/2752\/revisions"}],"up":[{"embeddable":true,"href":"http:\/\/zim-llc.com\/tr\/wp-json\/wp\/v2\/pages\/875"}],"wp:attachment":[{"href":"http:\/\/zim-llc.com\/tr\/wp-json\/wp\/v2\/media?parent=2752"}],"curies":[{"name":"wp","href":"https:\/\/api.w.org\/{rel}","templated":true}]}}