{"id":861,"date":"2017-04-17T05:44:39","date_gmt":"2017-04-17T05:44:39","guid":{"rendered":"https:\/\/zimllc.wpengine.com\/?page_id=861"},"modified":"2024-04-12T02:57:15","modified_gmt":"2024-04-12T02:57:15","slug":"who-we-are","status":"publish","type":"page","link":"http:\/\/zim-llc.com\/gd\/about\/who-we-are\/","title":{"rendered":"C\u00f2 sinn"},"content":{"rendered":"<div class=\"fusion-fullwidth fullwidth-box fusion-builder-row-1 fusion-flex-container has-pattern-background has-mask-background nonhundred-percent-fullwidth non-hundred-percent-height-scrolling\" style=\"--awb-border-radius-top-left:0px;--awb-border-radius-top-right:0px;--awb-border-radius-bottom-right:0px;--awb-border-radius-bottom-left:0px;--awb-background-image:linear-gradient(180deg, #0000 0%,#0000 100%);--awb-flex-wrap:wrap;\" ><div class=\"fusion-builder-row fusion-row fusion-flex-align-items-flex-start fusion-flex-content-wrap\" style=\"max-width:1248px;margin-left: calc(-4% \/ 2 );margin-right: calc(-4% \/ 2 );\"><div class=\"fusion-layout-column fusion_builder_column fusion-builder-column-0 fusion_builder_column_3_4 3_4 fusion-flex-column\" style=\"--awb-padding-left:60px;--awb-bg-size:cover;--awb-width-large:75%;--awb-margin-top-large:0px;--awb-spacing-right-large:2.56%;--awb-margin-bottom-large:0px;--awb-spacing-left-large:2.56%;--awb-width-medium:75%;--awb-order-medium:0;--awb-spacing-right-medium:2.56%;--awb-spacing-left-medium:2.56%;--awb-width-small:100%;--awb-order-small:0;--awb-spacing-right-small:1.92%;--awb-spacing-left-small:1.92%;\" data-scroll-devices=\"small-visibility,medium-visibility,large-visibility\"><div class=\"fusion-column-wrapper fusion-column-has-shadow fusion-flex-justify-content-flex-start fusion-content-layout-column\"><div class=\"fusion-text fusion-text-1\"><h1>C\u00f2 sinn<\/h1>\n<p class=\"translation-block\"><span style=\"color: #af2828\">\u2192<\/span> Tha Zigong International Marketing na fho-bhuidheann de Zigong Cemented Carbide Co., Ltd.<\/p>\n<p class=\"translation-block\"><span style=\"color: #af2828\">\u2192<\/span> Tha ZGCC na phr\u00ecomh bhall de China Minmetals Group, a tha mar aon de na 500 companaidh as fhe\u00e0rr san t-saoghal.<\/p>\n<p class=\"translation-block\"><span style=\"color: #af2828\">\u2192<\/span> B\u2019 e seo a\u2019 chiad iomairtean saothrachaidh carbide saimeant m\u00f2r a chaidh a dhealbhadh agus a thogail san dachaigh ann an S\u00econa.<\/p>\n<p class=\"translation-block\"><span style=\"color: #af2828\">\u2192<\/span> Tha sinn nar solaraiche earbsach de stuthan cruaidh-chruaidh le \u00ecrean cruinne adhartach agus na seirbheisean tagraidh aca.<\/p>\n<p class=\"translation-block\"><span style=\"color: #af2828\">\u2192<\/span> Tha suidheachadh ceannardais aig ZGCC ann an saothraiche toraidh Tungsten agus Molybdenum ann an S\u00econa.<\/p>\n<h2>Seirbheis teachdaiche<\/h2>\n<p class=\"translation-block\"><span style=\"color: #af2828\">\u2192<\/span> <strong>TAIC:<\/strong> Bidh an sgioba reic proifeasanta agus an sgioba seirbheis theicnigeach againn a\u2019 cumail conaltradh ris an luchd-ceannach againn. Bidh sinn a\u2019 toirt seachad an taic riatanach gus coinneachadh ri na riatanasan toraidh s\u00f2nraichte agad.<\/p>\n<p class=\"translation-block\"><span style=\"color: #af2828\">\u2192<\/span> <strong>CUNNTAS:<\/strong> Bidh sinn a\u2019 cumail cl\u00e0r-stuthan riatanach agus tha ionadan cuairteachaidh againn anns a h-uile pr\u00ecomh mhargaidh roinneil gus tionndadh luath a thoirt don luchd-ceannach againn.<\/p>\n<p class=\"translation-block\"><span style=\"color: #af2828\">\u2192<\/span> <strong>Soirbheachas + F\u00c0S:<\/strong> Tha \u00e0ite cudromach aig ar pr\u00ecomh luchd-ceannach eadar-mheasgte anns gach raon eaconamach cruinne. Bidh sinn ag obair c\u00f2mhla riut gus do chuideachadh le bhith a\u2019 f\u00e0s do ghn\u00ecomhachas.<strong><br><\/strong><\/p>\n<h2>Na bheir sinn seachad don luchd-ceannach againn<\/h2>\n<p><em><strong>Is e ar luchd-ceannach ar f\u00f2cas. Bidh sinn a\u2019 str\u00ec ri d\u00e0imhean fad-\u00f9ine a st\u00e8idheachadh le ar teachdaichean agus gus ZGCC\/ZIM a dh\u00e8anamh mar a\u2019 chiad roghainn aca airson ar bathar.<\/strong><\/em><\/p>\n<p>Is e ar misean toraidhean agus seirbheis c\u00e0ileachd a thoirt don luchd-ceannach againn. Bidh sinn ann an com-p\u00e0irteachas le ar teachdaichean gus an cuideachadh gus na h-amasan aca a ruighinn agus taic a thoirt don phr\u00f2iseas saothrachaidh gu l\u00e8ir. Mar iomairt cunntachail, bidh sinn ag obair gus do chomas gn\u00ecomhachais agus amasan gn\u00ecomhachais a mheudachadh. Is e ar n-amasan a bhith mar phr\u00ecomh riochdaire agus solaraiche a h-uile stuth de artaigilean Cemented Carbide, Tungsten agus Molybdenum air feadh na cruinne fo sti\u00f9ireadh hte de China Minmentals Group.<\/p>\n<p>Tha sinn air leth math gus ZGCC a dh\u00e8anamh na phr\u00ecomh sholaraiche de adhartas saidheansail is rannsachaidh anns an raon stuthan \u00f9ra, agus a\u2019 cumail ZGCC mar sholaraiche barrantaichte de fhuasglaidhean \u00e8ifeachdach don luchd-ceannach againn. Bidh sinn a &#039;coimhead ris an \u00e0m ri teachd agus a&#039; str\u00ec airson adhartas san \u00e0m ri teachd, agus tha sinn daonnan a &#039;feuchainn ri cumail suas ar suidheachadh ceannardais taobh a-staigh Cemented Carbide, cruaidh-aghaidh stuth, Tungsten agus Molybdenum bathar agus a&#039; mhargaidh aca. Tha ar soirbheachas san \u00e0m ri teachd an urra ris a\u2019 bhunait a thog ar luchd-obrach. Bidh sinn a\u2019 d\u00e8anamh oidhirp \u00e0rainneachd a chruthachadh far an urrainn dhaibh na h-amasan aca a choileanadh agus an soirbheas a dhuaiseachadh. Bidh sinn cuideachd a\u2019 cumail ZGCC mar iomairt aig a bheil uallach s\u00f2isealta l\u00e0idir don choimhearsnachd againn.<\/p>\n<\/div><\/div><\/div><\/div><\/div>","protected":false},"excerpt":{"rendered":"","protected":false},"author":4,"featured_media":0,"parent":815,"menu_order":2,"comment_status":"closed","ping_status":"closed","template":"","meta":{"footnotes":""},"class_list":["post-861","page","type-page","status-publish","hentry"],"yoast_head":"<!-- This site is optimized with the Yoast SEO plugin v27.5 - https:\/\/yoast.com\/product\/yoast-seo-wordpress\/ -->\n<title>Who We Are - Zigong International Marketing, LLC<\/title>\n<meta name=\"description\" content=\"Zigong International Marketing is a subsidiary of Zignong Cemented Carbide Co., Ltd. Core member of China Minmentals Group.\" \/>\n<meta name=\"robots\" content=\"index, follow, max-snippet:-1, max-image-preview:large, max-video-preview:-1\" \/>\n<link rel=\"canonical\" href=\"http:\/\/zim-llc.com\/gd\/about\/who-we-are\/\" \/>\n<meta property=\"og:locale\" content=\"en_US\" \/>\n<meta property=\"og:type\" content=\"article\" \/>\n<meta property=\"og:title\" content=\"Who We Are - Zigong International Marketing, LLC\" \/>\n<meta property=\"og:description\" content=\"Zigong International Marketing is a subsidiary of Zignong Cemented Carbide Co., Ltd. Core member of China Minmentals Group.\" \/>\n<meta property=\"og:url\" content=\"http:\/\/zim-llc.com\/gd\/about\/who-we-are\/\" \/>\n<meta property=\"og:site_name\" content=\"Zigong International Marketing, LLC\" \/>\n<meta property=\"article:modified_time\" content=\"2024-04-12T02:57:15+00:00\" \/>\n<meta name=\"twitter:card\" content=\"summary_large_image\" \/>\n<meta name=\"twitter:label1\" content=\"Est. reading time\" \/>\n\t<meta name=\"twitter:data1\" content=\"4 minutes\" \/>\n<script type=\"application\/ld+json\" class=\"yoast-schema-graph\">{\"@context\":\"https:\\\/\\\/schema.org\",\"@graph\":[{\"@type\":\"WebPage\",\"@id\":\"http:\\\/\\\/zim-llc.com\\\/hi\\\/about\\\/who-we-are\\\/\",\"url\":\"http:\\\/\\\/zim-llc.com\\\/hi\\\/about\\\/who-we-are\\\/\",\"name\":\"Who We Are - Zigong International Marketing, LLC\",\"isPartOf\":{\"@id\":\"http:\\\/\\\/zim-llc.com\\\/hi\\\/#website\"},\"datePublished\":\"2017-04-17T05:44:39+00:00\",\"dateModified\":\"2024-04-12T02:57:15+00:00\",\"description\":\"Zigong International Marketing is a subsidiary of Zignong Cemented Carbide Co., Ltd. Core member of China Minmentals Group.\",\"breadcrumb\":{\"@id\":\"http:\\\/\\\/zim-llc.com\\\/hi\\\/about\\\/who-we-are\\\/#breadcrumb\"},\"inLanguage\":\"gd\",\"potentialAction\":[{\"@type\":\"ReadAction\",\"target\":[\"http:\\\/\\\/zim-llc.com\\\/hi\\\/about\\\/who-we-are\\\/\"]}]},{\"@type\":\"BreadcrumbList\",\"@id\":\"http:\\\/\\\/zim-llc.com\\\/hi\\\/about\\\/who-we-are\\\/#breadcrumb\",\"itemListElement\":[{\"@type\":\"ListItem\",\"position\":1,\"name\":\"Home\",\"item\":\"https:\\\/\\\/zim-llc.com\\\/et\\\/\"},{\"@type\":\"ListItem\",\"position\":2,\"name\":\"About\",\"item\":\"http:\\\/\\\/zim-llc.com\\\/hi\\\/about\\\/\"},{\"@type\":\"ListItem\",\"position\":3,\"name\":\"Who We Are\"}]},{\"@type\":\"WebSite\",\"@id\":\"http:\\\/\\\/zim-llc.com\\\/hi\\\/#website\",\"url\":\"http:\\\/\\\/zim-llc.com\\\/hi\\\/\",\"name\":\"Zigong International Marketing, LLC\",\"description\":\"\",\"publisher\":{\"@id\":\"http:\\\/\\\/zim-llc.com\\\/hi\\\/#organization\"},\"potentialAction\":[{\"@type\":\"SearchAction\",\"target\":{\"@type\":\"EntryPoint\",\"urlTemplate\":\"http:\\\/\\\/zim-llc.com\\\/hi\\\/?s={search_term_string}\"},\"query-input\":{\"@type\":\"PropertyValueSpecification\",\"valueRequired\":true,\"valueName\":\"search_term_string\"}}],\"inLanguage\":\"gd\"},{\"@type\":\"Organization\",\"@id\":\"http:\\\/\\\/zim-llc.com\\\/hi\\\/#organization\",\"name\":\"Zigong International Marketing LLC\",\"url\":\"http:\\\/\\\/zim-llc.com\\\/hi\\\/\",\"logo\":{\"@type\":\"ImageObject\",\"inLanguage\":\"gd\",\"@id\":\"http:\\\/\\\/zim-llc.com\\\/hi\\\/#\\\/schema\\\/logo\\\/image\\\/\",\"url\":\"https:\\\/\\\/zim-llc.com\\\/wp-content\\\/uploads\\\/2020\\\/06\\\/6-23-logo-c.jpg\",\"contentUrl\":\"https:\\\/\\\/zim-llc.com\\\/wp-content\\\/uploads\\\/2020\\\/06\\\/6-23-logo-c.jpg\",\"width\":201,\"height\":90,\"caption\":\"Zigong International Marketing LLC\"},\"image\":{\"@id\":\"http:\\\/\\\/zim-llc.com\\\/hi\\\/#\\\/schema\\\/logo\\\/image\\\/\"}}]}<\/script>\n<!-- \/ Yoast SEO plugin. -->","yoast_head_json":{"title":"Who We Are - Zigong International Marketing, LLC","description":"Zigong International Marketing is a subsidiary of Zignong Cemented Carbide Co., Ltd. Core member of China Minmentals Group.","robots":{"index":"index","follow":"follow","max-snippet":"max-snippet:-1","max-image-preview":"max-image-preview:large","max-video-preview":"max-video-preview:-1"},"canonical":"http:\/\/zim-llc.com\/gd\/about\/who-we-are\/","og_locale":"en_US","og_type":"article","og_title":"Who We Are - Zigong International Marketing, LLC","og_description":"Zigong International Marketing is a subsidiary of Zignong Cemented Carbide Co., Ltd. Core member of China Minmentals Group.","og_url":"http:\/\/zim-llc.com\/gd\/about\/who-we-are\/","og_site_name":"Zigong International Marketing, LLC","article_modified_time":"2024-04-12T02:57:15+00:00","twitter_card":"summary_large_image","twitter_misc":{"Est. reading time":"4 minutes"},"schema":{"@context":"https:\/\/schema.org","@graph":[{"@type":"WebPage","@id":"http:\/\/zim-llc.com\/hi\/about\/who-we-are\/","url":"http:\/\/zim-llc.com\/hi\/about\/who-we-are\/","name":"Who We Are - Zigong International Marketing, LLC","isPartOf":{"@id":"http:\/\/zim-llc.com\/hi\/#website"},"datePublished":"2017-04-17T05:44:39+00:00","dateModified":"2024-04-12T02:57:15+00:00","description":"Zigong International Marketing is a subsidiary of Zignong Cemented Carbide Co., Ltd. Core member of China Minmentals Group.","breadcrumb":{"@id":"http:\/\/zim-llc.com\/hi\/about\/who-we-are\/#breadcrumb"},"inLanguage":"gd","potentialAction":[{"@type":"ReadAction","target":["http:\/\/zim-llc.com\/hi\/about\/who-we-are\/"]}]},{"@type":"BreadcrumbList","@id":"http:\/\/zim-llc.com\/hi\/about\/who-we-are\/#breadcrumb","itemListElement":[{"@type":"ListItem","position":1,"name":"Home","item":"https:\/\/zim-llc.com\/et\/"},{"@type":"ListItem","position":2,"name":"About","item":"http:\/\/zim-llc.com\/hi\/about\/"},{"@type":"ListItem","position":3,"name":"Who We Are"}]},{"@type":"WebSite","@id":"http:\/\/zim-llc.com\/hi\/#website","url":"http:\/\/zim-llc.com\/hi\/","name":"Zigong International Marketing, LLC","description":"","publisher":{"@id":"http:\/\/zim-llc.com\/hi\/#organization"},"potentialAction":[{"@type":"SearchAction","target":{"@type":"EntryPoint","urlTemplate":"http:\/\/zim-llc.com\/hi\/?s={search_term_string}"},"query-input":{"@type":"PropertyValueSpecification","valueRequired":true,"valueName":"search_term_string"}}],"inLanguage":"gd"},{"@type":"Organization","@id":"http:\/\/zim-llc.com\/hi\/#organization","name":"Margaidheachd eadar-n\u00e0iseanta Zigong LLC","url":"http:\/\/zim-llc.com\/hi\/","logo":{"@type":"ImageObject","inLanguage":"gd","@id":"http:\/\/zim-llc.com\/hi\/#\/schema\/logo\/image\/","url":"https:\/\/zim-llc.com\/wp-content\/uploads\/2020\/06\/6-23-logo-c.jpg","contentUrl":"https:\/\/zim-llc.com\/wp-content\/uploads\/2020\/06\/6-23-logo-c.jpg","width":201,"height":90,"caption":"Zigong International Marketing LLC"},"image":{"@id":"http:\/\/zim-llc.com\/hi\/#\/schema\/logo\/image\/"}}]}},"_links":{"self":[{"href":"http:\/\/zim-llc.com\/gd\/wp-json\/wp\/v2\/pages\/861","targetHints":{"allow":["GET"]}}],"collection":[{"href":"http:\/\/zim-llc.com\/gd\/wp-json\/wp\/v2\/pages"}],"about":[{"href":"http:\/\/zim-llc.com\/gd\/wp-json\/wp\/v2\/types\/page"}],"author":[{"embeddable":true,"href":"http:\/\/zim-llc.com\/gd\/wp-json\/wp\/v2\/users\/4"}],"replies":[{"embeddable":true,"href":"http:\/\/zim-llc.com\/gd\/wp-json\/wp\/v2\/comments?post=861"}],"version-history":[{"count":0,"href":"http:\/\/zim-llc.com\/gd\/wp-json\/wp\/v2\/pages\/861\/revisions"}],"up":[{"embeddable":true,"href":"http:\/\/zim-llc.com\/gd\/wp-json\/wp\/v2\/pages\/815"}],"wp:attachment":[{"href":"http:\/\/zim-llc.com\/gd\/wp-json\/wp\/v2\/media?parent=861"}],"curies":[{"name":"wp","href":"https:\/\/api.w.org\/{rel}","templated":true}]}}