{"id":861,"date":"2017-04-17T05:44:39","date_gmt":"2017-04-17T05:44:39","guid":{"rendered":"https:\/\/zimllc.wpengine.com\/?page_id=861"},"modified":"2024-04-12T02:57:15","modified_gmt":"2024-04-12T02:57:15","slug":"who-we-are","status":"publish","type":"page","link":"http:\/\/zim-llc.com\/es\/about\/who-we-are\/","title":{"rendered":"Qui\u00e9nes somos"},"content":{"rendered":"<div class=\"fusion-fullwidth fullwidth-box fusion-builder-row-1 fusion-flex-container has-pattern-background has-mask-background nonhundred-percent-fullwidth non-hundred-percent-height-scrolling\" style=\"--awb-border-radius-top-left:0px;--awb-border-radius-top-right:0px;--awb-border-radius-bottom-right:0px;--awb-border-radius-bottom-left:0px;--awb-background-image:linear-gradient(180deg, #0000 0%,#0000 100%);--awb-flex-wrap:wrap;\" ><div class=\"fusion-builder-row fusion-row fusion-flex-align-items-flex-start fusion-flex-content-wrap\" style=\"max-width:1248px;margin-left: calc(-4% \/ 2 );margin-right: calc(-4% \/ 2 );\"><div class=\"fusion-layout-column fusion_builder_column fusion-builder-column-0 fusion_builder_column_3_4 3_4 fusion-flex-column\" style=\"--awb-padding-left:60px;--awb-bg-size:cover;--awb-width-large:75%;--awb-margin-top-large:0px;--awb-spacing-right-large:2.56%;--awb-margin-bottom-large:0px;--awb-spacing-left-large:2.56%;--awb-width-medium:75%;--awb-order-medium:0;--awb-spacing-right-medium:2.56%;--awb-spacing-left-medium:2.56%;--awb-width-small:100%;--awb-order-small:0;--awb-spacing-right-small:1.92%;--awb-spacing-left-small:1.92%;\" data-scroll-devices=\"small-visibility,medium-visibility,large-visibility\"><div class=\"fusion-column-wrapper fusion-column-has-shadow fusion-flex-justify-content-flex-start fusion-content-layout-column\"><div class=\"fusion-text fusion-text-1\"><h1>Qui\u00e9nes somos<\/h1>\n<p class=\"translation-block\"><span style=\"color: #af2828\">\u2192<\/span> Zigong International Marketing es una filial de Zigong Cemented Carbide Co., Ltd.<\/p>\n<p class=\"translation-block\"><span style=\"color: #af2828\">\u2192<\/span> ZGCC es miembro principal de China Minmetals Group, que es una de las 500 empresas m\u00e1s importantes del mundo.<\/p>\n<p class=\"translation-block\"><span style=\"color: #af2828\">\u2192<\/span> Fue la primera empresa de fabricaci\u00f3n de carburo cementado a gran escala dise\u00f1ada y construida en casa en China.<\/p>\n<p class=\"translation-block\"><span style=\"color: #af2828\">\u2192<\/span> Somos un proveedor fiable de materiales de revestimiento duro con niveles mundiales avanzados y sus servicios de aplicaci\u00f3n.<\/p>\n<p class=\"translation-block\"><span style=\"color: #af2828\">\u2192<\/span> ZGCC ocupa la posici\u00f3n de liderazgo en la fabricaci\u00f3n de productos de Tungsteno y Molibdeno en China.<\/p>\n<h2>Atenci\u00f3n al cliente<\/h2>\n<p class=\"translation-block\"><span style=\"color: #af2828\">\u2192<\/span> <strong>APOYO:<\/strong> Nuestro equipo profesional de ventas y nuestro equipo de servicio t\u00e9cnico se mantienen en contacto con nuestros clientes. Proporcionamos el apoyo necesario para satisfacer sus requisitos espec\u00edficos de producto.<\/p>\n<p class=\"translation-block\"><span style=\"color: #af2828\">\u2192<\/span> <strong>INVENTARIO:<\/strong> Mantenemos el inventario necesario y disponemos de centros de distribuci\u00f3n en cada uno de los principales mercados regionales para proporcionar a nuestros clientes una r\u00e1pida respuesta.<\/p>\n<p class=\"translation-block\"><span style=\"color: #af2828\">\u2192<\/span> <strong>\u00c9XITO + CRECIMIENTO:<\/strong> Nuestros diversos clientes clave desempe\u00f1an un papel importante en todos los \u00e1mbitos econ\u00f3micos mundiales. Trabajamos con usted para ayudarle a hacer crecer su negocio.<strong><br><\/strong><\/p>\n<h2>Qu\u00e9 ofrecemos a nuestros clientes<\/h2>\n<p><em><strong>Nuestros clientes son nuestro centro de atenci\u00f3n. Nos esforzamos por establecer relaciones a largo plazo con nuestros clientes y hacer de ZGCC\/ZIM su primera opci\u00f3n para nuestros productos.<\/strong><\/em><\/p>\n<p>Nuestra misi\u00f3n es ofrecer a nuestros clientes productos y servicios de calidad. Nos asociamos con nuestros clientes para ayudarles a alcanzar sus objetivos y apoyamos todo el proceso de fabricaci\u00f3n. Como empresa responsable, trabajamos para maximizar su potencial comercial y sus objetivos empresariales. Nuestro objetivo es convertirnos en el principal productor y proveedor de todos los materiales de art\u00edculos de carburo cementado, tungsteno y molibdeno a nivel mundial bajo el liderazgo del Grupo China Minmentals.<\/p>\n<p>Sobresalimos para hacer de ZGCC un proveedor l\u00edder de avances cient\u00edficos y de investigaci\u00f3n en el campo de los nuevos materiales, y mantener a ZGCC como proveedor cualificado de soluciones eficaces para nuestros clientes. Miramos al futuro y nos esforzamos por seguir progresando, y nos esforzamos constantemente por mantener nuestra posici\u00f3n de liderazgo dentro del carburo cementado, el material de recargue duro, los productos de tungsteno y molibdeno y su mercado. Nuestro \u00e9xito futuro se basa en los cimientos construidos por nuestros empleados. Nos esforzamos por crear un entorno en el que puedan alcanzar sus objetivos y recompensar sus \u00e9xitos. Tambi\u00e9n mantenemos a ZGCC como una empresa que tiene una fuerte responsabilidad social con nuestra comunidad.<\/p>\n<\/div><\/div><\/div><\/div><\/div>","protected":false},"excerpt":{"rendered":"","protected":false},"author":4,"featured_media":0,"parent":815,"menu_order":2,"comment_status":"closed","ping_status":"closed","template":"","meta":{"footnotes":""},"class_list":["post-861","page","type-page","status-publish","hentry"],"yoast_head":"<!-- This site is optimized with the Yoast SEO plugin v27.5 - https:\/\/yoast.com\/product\/yoast-seo-wordpress\/ -->\n<title>Who We Are - Zigong International Marketing, LLC<\/title>\n<meta name=\"description\" content=\"Zigong International Marketing is a subsidiary of Zignong Cemented Carbide Co., Ltd. Core member of China Minmentals Group.\" \/>\n<meta name=\"robots\" content=\"index, follow, max-snippet:-1, max-image-preview:large, max-video-preview:-1\" \/>\n<link rel=\"canonical\" href=\"http:\/\/zim-llc.com\/es\/about\/who-we-are\/\" \/>\n<meta property=\"og:locale\" content=\"es_ES\" \/>\n<meta property=\"og:type\" content=\"article\" \/>\n<meta property=\"og:title\" content=\"Who We Are - Zigong International Marketing, LLC\" \/>\n<meta property=\"og:description\" content=\"Zigong International Marketing is a subsidiary of Zignong Cemented Carbide Co., Ltd. Core member of China Minmentals Group.\" \/>\n<meta property=\"og:url\" content=\"http:\/\/zim-llc.com\/es\/about\/who-we-are\/\" \/>\n<meta property=\"og:site_name\" content=\"Zigong International Marketing, LLC\" \/>\n<meta property=\"article:modified_time\" content=\"2024-04-12T02:57:15+00:00\" \/>\n<meta name=\"twitter:card\" content=\"summary_large_image\" \/>\n<meta name=\"twitter:label1\" content=\"Tiempo de lectura\" \/>\n\t<meta name=\"twitter:data1\" content=\"4 minutos\" \/>\n<script type=\"application\/ld+json\" class=\"yoast-schema-graph\">{\"@context\":\"https:\\\/\\\/schema.org\",\"@graph\":[{\"@type\":\"WebPage\",\"@id\":\"http:\\\/\\\/zim-llc.com\\\/hi\\\/about\\\/who-we-are\\\/\",\"url\":\"http:\\\/\\\/zim-llc.com\\\/hi\\\/about\\\/who-we-are\\\/\",\"name\":\"Who We Are - Zigong International Marketing, LLC\",\"isPartOf\":{\"@id\":\"http:\\\/\\\/zim-llc.com\\\/hi\\\/#website\"},\"datePublished\":\"2017-04-17T05:44:39+00:00\",\"dateModified\":\"2024-04-12T02:57:15+00:00\",\"description\":\"Zigong International Marketing is a subsidiary of Zignong Cemented Carbide Co., Ltd. Core member of China Minmentals Group.\",\"breadcrumb\":{\"@id\":\"http:\\\/\\\/zim-llc.com\\\/hi\\\/about\\\/who-we-are\\\/#breadcrumb\"},\"inLanguage\":\"es\",\"potentialAction\":[{\"@type\":\"ReadAction\",\"target\":[\"http:\\\/\\\/zim-llc.com\\\/hi\\\/about\\\/who-we-are\\\/\"]}]},{\"@type\":\"BreadcrumbList\",\"@id\":\"http:\\\/\\\/zim-llc.com\\\/hi\\\/about\\\/who-we-are\\\/#breadcrumb\",\"itemListElement\":[{\"@type\":\"ListItem\",\"position\":1,\"name\":\"Home\",\"item\":\"https:\\\/\\\/zim-llc.com\\\/et\\\/\"},{\"@type\":\"ListItem\",\"position\":2,\"name\":\"About\",\"item\":\"http:\\\/\\\/zim-llc.com\\\/hi\\\/about\\\/\"},{\"@type\":\"ListItem\",\"position\":3,\"name\":\"Who We Are\"}]},{\"@type\":\"WebSite\",\"@id\":\"http:\\\/\\\/zim-llc.com\\\/hi\\\/#website\",\"url\":\"http:\\\/\\\/zim-llc.com\\\/hi\\\/\",\"name\":\"Zigong International Marketing, LLC\",\"description\":\"\",\"publisher\":{\"@id\":\"http:\\\/\\\/zim-llc.com\\\/hi\\\/#organization\"},\"potentialAction\":[{\"@type\":\"SearchAction\",\"target\":{\"@type\":\"EntryPoint\",\"urlTemplate\":\"http:\\\/\\\/zim-llc.com\\\/hi\\\/?s={search_term_string}\"},\"query-input\":{\"@type\":\"PropertyValueSpecification\",\"valueRequired\":true,\"valueName\":\"search_term_string\"}}],\"inLanguage\":\"es\"},{\"@type\":\"Organization\",\"@id\":\"http:\\\/\\\/zim-llc.com\\\/hi\\\/#organization\",\"name\":\"Zigong International Marketing LLC\",\"url\":\"http:\\\/\\\/zim-llc.com\\\/hi\\\/\",\"logo\":{\"@type\":\"ImageObject\",\"inLanguage\":\"es\",\"@id\":\"http:\\\/\\\/zim-llc.com\\\/hi\\\/#\\\/schema\\\/logo\\\/image\\\/\",\"url\":\"https:\\\/\\\/zim-llc.com\\\/wp-content\\\/uploads\\\/2020\\\/06\\\/6-23-logo-c.jpg\",\"contentUrl\":\"https:\\\/\\\/zim-llc.com\\\/wp-content\\\/uploads\\\/2020\\\/06\\\/6-23-logo-c.jpg\",\"width\":201,\"height\":90,\"caption\":\"Zigong International Marketing LLC\"},\"image\":{\"@id\":\"http:\\\/\\\/zim-llc.com\\\/hi\\\/#\\\/schema\\\/logo\\\/image\\\/\"}}]}<\/script>\n<!-- \/ Yoast SEO plugin. -->","yoast_head_json":{"title":"Who We Are - Zigong International Marketing, LLC","description":"Zigong International Marketing is a subsidiary of Zignong Cemented Carbide Co., Ltd. Core member of China Minmentals Group.","robots":{"index":"index","follow":"follow","max-snippet":"max-snippet:-1","max-image-preview":"max-image-preview:large","max-video-preview":"max-video-preview:-1"},"canonical":"http:\/\/zim-llc.com\/es\/about\/who-we-are\/","og_locale":"es_ES","og_type":"article","og_title":"Who We Are - Zigong International Marketing, LLC","og_description":"Zigong International Marketing is a subsidiary of Zignong Cemented Carbide Co., Ltd. Core member of China Minmentals Group.","og_url":"http:\/\/zim-llc.com\/es\/about\/who-we-are\/","og_site_name":"Zigong International Marketing, LLC","article_modified_time":"2024-04-12T02:57:15+00:00","twitter_card":"summary_large_image","twitter_misc":{"Tiempo de lectura":"4 minutos"},"schema":{"@context":"https:\/\/schema.org","@graph":[{"@type":"WebPage","@id":"http:\/\/zim-llc.com\/hi\/about\/who-we-are\/","url":"http:\/\/zim-llc.com\/hi\/about\/who-we-are\/","name":"Who We Are - Zigong International Marketing, LLC","isPartOf":{"@id":"http:\/\/zim-llc.com\/hi\/#website"},"datePublished":"2017-04-17T05:44:39+00:00","dateModified":"2024-04-12T02:57:15+00:00","description":"Zigong International Marketing is a subsidiary of Zignong Cemented Carbide Co., Ltd. Core member of China Minmentals Group.","breadcrumb":{"@id":"http:\/\/zim-llc.com\/hi\/about\/who-we-are\/#breadcrumb"},"inLanguage":"es","potentialAction":[{"@type":"ReadAction","target":["http:\/\/zim-llc.com\/hi\/about\/who-we-are\/"]}]},{"@type":"BreadcrumbList","@id":"http:\/\/zim-llc.com\/hi\/about\/who-we-are\/#breadcrumb","itemListElement":[{"@type":"ListItem","position":1,"name":"Home","item":"https:\/\/zim-llc.com\/et\/"},{"@type":"ListItem","position":2,"name":"About","item":"http:\/\/zim-llc.com\/hi\/about\/"},{"@type":"ListItem","position":3,"name":"Who We Are"}]},{"@type":"WebSite","@id":"http:\/\/zim-llc.com\/hi\/#website","url":"http:\/\/zim-llc.com\/hi\/","name":"Zigong International Marketing, LLC","description":"","publisher":{"@id":"http:\/\/zim-llc.com\/hi\/#organization"},"potentialAction":[{"@type":"SearchAction","target":{"@type":"EntryPoint","urlTemplate":"http:\/\/zim-llc.com\/hi\/?s={search_term_string}"},"query-input":{"@type":"PropertyValueSpecification","valueRequired":true,"valueName":"search_term_string"}}],"inLanguage":"es"},{"@type":"Organization","@id":"http:\/\/zim-llc.com\/hi\/#organization","name":"Zigong International Marketing LLC","url":"http:\/\/zim-llc.com\/hi\/","logo":{"@type":"ImageObject","inLanguage":"es","@id":"http:\/\/zim-llc.com\/hi\/#\/schema\/logo\/image\/","url":"https:\/\/zim-llc.com\/wp-content\/uploads\/2020\/06\/6-23-logo-c.jpg","contentUrl":"https:\/\/zim-llc.com\/wp-content\/uploads\/2020\/06\/6-23-logo-c.jpg","width":201,"height":90,"caption":"Zigong International Marketing LLC"},"image":{"@id":"http:\/\/zim-llc.com\/hi\/#\/schema\/logo\/image\/"}}]}},"_links":{"self":[{"href":"http:\/\/zim-llc.com\/es\/wp-json\/wp\/v2\/pages\/861","targetHints":{"allow":["GET"]}}],"collection":[{"href":"http:\/\/zim-llc.com\/es\/wp-json\/wp\/v2\/pages"}],"about":[{"href":"http:\/\/zim-llc.com\/es\/wp-json\/wp\/v2\/types\/page"}],"author":[{"embeddable":true,"href":"http:\/\/zim-llc.com\/es\/wp-json\/wp\/v2\/users\/4"}],"replies":[{"embeddable":true,"href":"http:\/\/zim-llc.com\/es\/wp-json\/wp\/v2\/comments?post=861"}],"version-history":[{"count":0,"href":"http:\/\/zim-llc.com\/es\/wp-json\/wp\/v2\/pages\/861\/revisions"}],"up":[{"embeddable":true,"href":"http:\/\/zim-llc.com\/es\/wp-json\/wp\/v2\/pages\/815"}],"wp:attachment":[{"href":"http:\/\/zim-llc.com\/es\/wp-json\/wp\/v2\/media?parent=861"}],"curies":[{"name":"wp","href":"https:\/\/api.w.org\/{rel}","templated":true}]}}